{"id":140,"date":"2014-03-05T19:12:33","date_gmt":"2014-03-05T17:12:33","guid":{"rendered":"http:\/\/whm14.louhi.net\/~kivennap\/?page_id=140"},"modified":"2022-05-11T13:13:17","modified_gmt":"2022-05-11T10:13:17","slug":"kivennapa","status":"publish","type":"page","link":"https:\/\/kivennapaseura.fi\/?page_id=140","title":{"rendered":"Kivennapa"},"content":{"rendered":"<p>Mist\u00e4 nimi Kivennapa on per\u00e4isin? Paavo Kiurun Kivennavan pit\u00e4j\u00e4nj\u00e4nhistoriassa Kivennapa vuodelta 1952 (uusintapainos 1961) on selvitetty nimen taustoja. Alkuper\u00e4st\u00e4 on esitetty eri tulkintoja. Viimeisimpien k\u00e4sitysten mukaan omituinen paikannimi Kivennapa on suomalaisten suussa v\u00e4\u00e4ntynyt skandinaavista alkuper\u00e4\u00e4 olevasta rajalinnoituksen etuvarustusta kuvaavasta \u201dkifvanebbet\u201d-sanasta. Keskiajalla oli tavallista, ett\u00e4 linnoitusten eteen rakennettiin puinen etuvarustus, jollainen todenn\u00e4k\u00f6isesti on ollut my\u00f6s Kivennavalla keskiajalla sijainneen vanhan linnoituksen edustalla.<\/p>\n<p>Kivennapa on luovutetulla Karjalankannaksella sijainnut Suomen kaakkoisin rajapit\u00e4j\u00e4, josta Viipuriin oli matkaa noin 80 km ja Pietariin noin 50 km. Sijaintinsa johdosta Kivennapa on ollut riitamaata, jossa valtiot ja uskonnot ovat iskeneet rajusti yhteen vuosisatojen ajan. Sotahistoriasta tunnetaan Joutsel\u00e4n, Polvisel\u00e4n ja Siiranm\u00e4en taistelut.<\/p>\n<figure id=\"attachment_301\" aria-describedby=\"caption-attachment-301\" style=\"width: 400px\" class=\"wp-caption aligncenter\"><img loading=\"lazy\" class=\"wp-image-301\" src=\"http:\/\/whm14.louhi.net\/~kivennap\/wp-content\/uploads\/2014\/03\/kivennapa_vaakuna_pieni.jpg\" alt=\"Kivennavan vaakuna\" width=\"400\" height=\"491\" srcset=\"https:\/\/kivennapaseura.fi\/wp-content\/uploads\/2014\/03\/kivennapa_vaakuna_pieni.jpg 482w, https:\/\/kivennapaseura.fi\/wp-content\/uploads\/2014\/03\/kivennapa_vaakuna_pieni-244x300.jpg 244w\" sizes=\"(max-width: 400px) 100vw, 400px\" \/><figcaption id=\"caption-attachment-301\" class=\"wp-caption-text\">Martti Paavolaisen suunnittelema Kivennavan perinnevaakuna<\/figcaption><\/figure>\n<p>Kivennavan perinnevaakuna kuvaa Kivennavan asemaa Karjalankannaksella id\u00e4n ja l\u00e4nnen saumassa. Vaakunan punaisessa, valkoisin muurisaumoin palkkisesti muuratussa pinnassa on hopeainen palkki, jossa punainen kaksihaittainen avain. Karjalan kannas oli Suomen lukko. Kivennapa oli avain t\u00e4h\u00e4n lukkoon. Kuka hallitsi Kivennapaa, hallitsi koko Karjalan kannasta, ja kuka hallitsi Karjalan kannasta, hallitsi koko Suomea. Kivennapa oli avain Suomeen. Hopeainen palkki vaakunassa on Novgorodin (Ven\u00e4j\u00e4n) ja Sigtunan (Ruotsin) v\u00e4linen ikivanha kauppa- ja sotatie, jossa Kivennapa oli avainasemassa. Vaakuna on aluperin rekister\u00f6ity Kivennavan pit\u00e4j\u00e4seuran vaakunaksi (Suomen Heraldinen seura nro 280) ja sen suunnitteli Martti Paavolainen 1953 ja vaakunan teema tuli tunnetuksi viiriss\u00e4 ja p\u00f6yt\u00e4standaarissa. Vuonna 1990 kyseinen vaakuna otettiin k\u00e4ytt\u00f6\u00f6n Kivennavan vaakunana ja se luovutettiin 1991 juhlatilaisuudessa Suomen Kunnallisliitolle 11 muun Luovutetun alueen kunnan vaakunan kanssa.<\/p>\n<figure id=\"attachment_2726\" aria-describedby=\"caption-attachment-2726\" style=\"width: 720px\" class=\"wp-caption aligncenter\"><img loading=\"lazy\" class=\"wp-image-2726\" src=\"http:\/\/whm14.louhi.net\/~kivennap\/wp-content\/uploads\/2014\/03\/Kivennavan_kk2.jpg\" width=\"720\" height=\"476\" srcset=\"https:\/\/kivennapaseura.fi\/wp-content\/uploads\/2014\/03\/Kivennavan_kk2.jpg 640w, https:\/\/kivennapaseura.fi\/wp-content\/uploads\/2014\/03\/Kivennavan_kk2-300x198.jpg 300w, https:\/\/kivennapaseura.fi\/wp-content\/uploads\/2014\/03\/Kivennavan_kk2-510x337.jpg 510w, https:\/\/kivennapaseura.fi\/wp-content\/uploads\/2014\/03\/Kivennavan_kk2-136x90.jpg 136w\" sizes=\"(max-width: 720px) 100vw, 720px\" \/><figcaption id=\"caption-attachment-2726\" class=\"wp-caption-text\">Kivennavan kirkonkyl\u00e4, taustalla vasemmalla Linnam\u00e4ki ja pappila 1920-30-luvulla (Kuva: Museovirasto, Historian kuvakokoelma)<\/figcaption><\/figure>\n<p>Kivennapa oli, kuten p\u00e4\u00e4osa Karjalankannaksesta, maatalousvaltaista aluetta. Pietarin l\u00e4heisyys Ven\u00e4j\u00e4n vallan aikana kuitenkin tarjosi yritteli\u00e4ille kannakselaisille uusia elinmahdollisuuksia silloisen Ven\u00e4j\u00e4n p\u00e4\u00e4kaupungin tarvitessa suuria m\u00e4\u00e4ri\u00e4 elintarvikkeita, polttopuita ja rakennusaineita. Varakkaiden pietarilaisten kyyditseminen ja majoitus Kannaksella ja sen upeilla hiekkarannoilla toi osaltaan lis\u00e4tuloa pikkutilallisille. Itsen\u00e4isyyden aikana tulli ja rajavartiolaitos sek\u00e4 1930-luvun linnoitusty\u00f6t antoivat my\u00f6s tuntuvan tulonlis\u00e4n. Ennen viimeisimpi\u00e4 sotia vuonna 1938 Kivennavalla oli noin 10 000 asukasta.<\/p>\n<figure id=\"attachment_306\" aria-describedby=\"caption-attachment-306\" style=\"width: 720px\" class=\"wp-caption aligncenter\"><a href=\"http:\/\/whm14.louhi.net\/~kivennap\/wp-content\/uploads\/2014\/03\/Kivennavan-kirkonm\u00e4ki_keski.jpg\"><img loading=\"lazy\" class=\"wp-image-306\" src=\"http:\/\/whm14.louhi.net\/~kivennap\/wp-content\/uploads\/2014\/03\/Kivennavan-kirkonm\u00e4ki_keski.jpg\" alt=\"Kivennavan kirkonm\u00e4ki vanhassa postikortissa\" width=\"720\" height=\"432\" srcset=\"https:\/\/kivennapaseura.fi\/wp-content\/uploads\/2014\/03\/Kivennavan-kirkonm\u00e4ki_keski.jpg 1024w, https:\/\/kivennapaseura.fi\/wp-content\/uploads\/2014\/03\/Kivennavan-kirkonm\u00e4ki_keski-300x179.jpg 300w\" sizes=\"(max-width: 720px) 100vw, 720px\" \/><\/a><figcaption id=\"caption-attachment-306\" class=\"wp-caption-text\">Kivennavan Kirkonm\u00e4ki vanhassa postikortissa<\/figcaption><\/figure>\n<p>Kivennavan merkitt\u00e4vimm\u00e4t kulttuuripaikat olivat Lintulan luostari, Raivolan lehtikuusimets\u00e4 sek\u00e4 Kirkonm\u00e4ki, Linnam\u00e4ki ja koko kyl\u00e4n raitti kuuluine Kivennavan kihuineen. Kivennapalaisista kulttuurihenkil\u00f6ist\u00e4 tunnetuimmat ovat kirjailijat Olavi Paavolainen ja Ilmari Pimi\u00e4 sek\u00e4 Raivolassa vaikuttanut ruotsinkielinen runoilija Edith S\u00f6dergran.<\/p>\n<p>Viime sotien seurauksena Suomi joutui luovuttamaan Neuvostoliitolle mm. koko Karjalankannaksen, jolloin yli 400.000 karjalaista menetti kotinsa. Vuosisataiset rajankirot p\u00e4\u00e4ttyiv\u00e4t n\u00e4in lopulliseen evakkotiehen Suomen sis\u00e4osiin.<\/p>\n<p>Kivennapa on nyt Pervomaiskoje. Nimi tarkoittaa suomeksi Vappua, toukokuun ensimm\u00e4ist\u00e4. Neuvostoliiton kaaduttua omaan mahdottomuuteensa sen periferiakin on saanut mahdollisuuden kehitty\u00e4. Osa Kivennavasta on nyt Pietarin esikaupunkia ja huvila-asutus ja turismi alkavat siell\u00e4 jo l\u00e4hennell\u00e4 1800-1900 lukujen vaihteen mittasuhteita. N\u00e4m\u00e4 ja suuret investoinnit mm. Kannaksen satamiin ja \u00f6ljyputkiin ovat tuoneet vaurautta ja vilkkautta Pervomaiskojeenkin. Paikallisen kulttuuriv\u00e4en ja hallinnon kiinnostus t\u00e4m\u00e4n alueen historiaan, entisen Kivennavan oloihin, on selv\u00e4sti lis\u00e4\u00e4ntynyt.<\/p>\n<p>Milt\u00e4 entinen Kivennavan kirkonkyl\u00e4 n\u00e4ytt\u00e4\u00e4 t\u00e4ll\u00e4 hetkell\u00e4, on n\u00e4ht\u00e4viss\u00e4 Google Maps sovelluksessa karttana ja katun\u00e4kymin sek\u00e4 valokuvin hakemalla paikanimell\u00e4 <strong>Pervomayskoye<\/strong>.<\/p>\n","protected":false},"excerpt":{"rendered":"<p>Mist\u00e4 nimi Kivennapa on per\u00e4isin? Paavo Kiurun Kivennavan pit\u00e4j\u00e4nj\u00e4nhistoriassa Kivennapa vuodelta 1952 (uusintapainos 1961) on selvitetty nimen taustoja. Alkuper\u00e4st\u00e4 on esitetty eri tulkintoja. Viimeisimpien k\u00e4sitysten mukaan omituinen paikannimi Kivennapa on suomalaisten suussa v\u00e4\u00e4ntynyt skandinaavista alkuper\u00e4\u00e4 olevasta rajalinnoituksen etuvarustusta kuvaavasta \u201dkifvanebbet\u201d-sanasta. Keskiajalla oli tavallista, ett\u00e4 linnoitusten eteen rakennettiin puinen etuvarustus, jollainen todenn\u00e4k\u00f6isesti on ollut my\u00f6s Kivennavalla &hellip;<\/p>\n<p class=\"read-more\"> <a class=\"\" href=\"https:\/\/kivennapaseura.fi\/?page_id=140\"> <span class=\"screen-reader-text\">Kivennapa<\/span> Lue lis\u00e4\u00e4 &raquo;<\/a><\/p>\n","protected":false},"author":4,"featured_media":0,"parent":0,"menu_order":0,"comment_status":"closed","ping_status":"closed","template":"","meta":{"site-sidebar-layout":"default","site-content-layout":"default","ast-global-header-display":"","ast-main-header-display":"","ast-hfb-above-header-display":"","ast-hfb-below-header-display":"","ast-hfb-mobile-header-display":"","site-post-title":"","ast-breadcrumbs-content":"","ast-featured-img":"","footer-sml-layout":"","theme-transparent-header-meta":"","adv-header-id-meta":"","stick-header-meta":"","header-above-stick-meta":"","header-main-stick-meta":"","header-below-stick-meta":""},"yoast_head":"<!-- This site is optimized with the Yoast SEO plugin v18.8 - https:\/\/yoast.com\/wordpress\/plugins\/seo\/ -->\n<title>Kivennapa - Kivennapaseura<\/title>\n<meta name=\"description\" content=\"Kivennapa on luovutetulla Karjalankannaksella sijainnut Suomen kaakkoisin rajapit\u00e4j\u00e4, josta Viipuriin oli matkaa 80 km ja Pietariin 50 km.\" \/>\n<meta name=\"robots\" content=\"index, follow, max-snippet:-1, max-image-preview:large, max-video-preview:-1\" \/>\n<link rel=\"canonical\" href=\"https:\/\/kivennapaseura.fi\/?page_id=140\" \/>\n<meta property=\"og:locale\" content=\"fi_FI\" \/>\n<meta property=\"og:type\" content=\"article\" \/>\n<meta property=\"og:title\" content=\"Kivennapa - Kivennapaseura\" \/>\n<meta property=\"og:description\" content=\"Kivennapa on luovutetulla Karjalankannaksella sijainnut Suomen kaakkoisin rajapit\u00e4j\u00e4, josta Viipuriin oli matkaa 80 km ja Pietariin 50 km.\" \/>\n<meta property=\"og:url\" content=\"https:\/\/kivennapaseura.fi\/?page_id=140\" \/>\n<meta property=\"og:site_name\" content=\"Kivennapaseura\" \/>\n<meta property=\"article:modified_time\" content=\"2022-05-11T10:13:17+00:00\" \/>\n<meta property=\"og:image\" content=\"http:\/\/kivennapaseura.fi\/wp-content\/uploads\/2014\/03\/Kivennavan_kk2.jpg\" \/>\n\t<meta property=\"og:image:width\" content=\"640\" \/>\n\t<meta property=\"og:image:height\" content=\"423\" \/>\n\t<meta property=\"og:image:type\" content=\"image\/jpeg\" \/>\n<meta name=\"twitter:card\" content=\"summary_large_image\" \/>\n<meta name=\"twitter:image\" content=\"https:\/\/kivennapaseura.fi\/wp-content\/uploads\/2014\/03\/Kivennavan_kk2.jpg\" \/>\n<meta name=\"twitter:label1\" content=\"Arvioitu lukuaika\" \/>\n\t<meta name=\"twitter:data1\" content=\"4 minuuttia\" \/>\n<script type=\"application\/ld+json\" class=\"yoast-schema-graph\">{\"@context\":\"https:\/\/schema.org\",\"@graph\":[{\"@type\":\"WebSite\",\"@id\":\"https:\/\/kivennapaseura.fi\/#website\",\"url\":\"https:\/\/kivennapaseura.fi\/\",\"name\":\"Kivennapaseura\",\"description\":\"Kivennapaseuran kotisivut\",\"potentialAction\":[{\"@type\":\"SearchAction\",\"target\":{\"@type\":\"EntryPoint\",\"urlTemplate\":\"https:\/\/kivennapaseura.fi\/?s={search_term_string}\"},\"query-input\":\"required name=search_term_string\"}],\"inLanguage\":\"fi\"},{\"@type\":\"ImageObject\",\"inLanguage\":\"fi\",\"@id\":\"https:\/\/kivennapaseura.fi\/?page_id=140#primaryimage\",\"url\":\"https:\/\/kivennapaseura.fi\/wp-content\/uploads\/2014\/03\/Kivennavan_kk2.jpg\",\"contentUrl\":\"https:\/\/kivennapaseura.fi\/wp-content\/uploads\/2014\/03\/Kivennavan_kk2.jpg\",\"width\":640,\"height\":423,\"caption\":\"Kivennavan kirkonkyl\u00e4, taustalla vasemmalla Linnam\u00e4ki ja pappila 1920-30-luvulla (Kuva: Museovirasto, Historian kuvakokoelma)\"},{\"@type\":\"WebPage\",\"@id\":\"https:\/\/kivennapaseura.fi\/?page_id=140#webpage\",\"url\":\"https:\/\/kivennapaseura.fi\/?page_id=140\",\"name\":\"Kivennapa - Kivennapaseura\",\"isPartOf\":{\"@id\":\"https:\/\/kivennapaseura.fi\/#website\"},\"primaryImageOfPage\":{\"@id\":\"https:\/\/kivennapaseura.fi\/?page_id=140#primaryimage\"},\"datePublished\":\"2014-03-05T17:12:33+00:00\",\"dateModified\":\"2022-05-11T10:13:17+00:00\",\"description\":\"Kivennapa on luovutetulla Karjalankannaksella sijainnut Suomen kaakkoisin rajapit\u00e4j\u00e4, josta Viipuriin oli matkaa 80 km ja Pietariin 50 km.\",\"breadcrumb\":{\"@id\":\"https:\/\/kivennapaseura.fi\/?page_id=140#breadcrumb\"},\"inLanguage\":\"fi\",\"potentialAction\":[{\"@type\":\"ReadAction\",\"target\":[\"https:\/\/kivennapaseura.fi\/?page_id=140\"]}]},{\"@type\":\"BreadcrumbList\",\"@id\":\"https:\/\/kivennapaseura.fi\/?page_id=140#breadcrumb\",\"itemListElement\":[{\"@type\":\"ListItem\",\"position\":1,\"name\":\"Etusivu\",\"item\":\"https:\/\/kivennapaseura.fi\/\"},{\"@type\":\"ListItem\",\"position\":2,\"name\":\"Kivennapa\"}]}]}<\/script>\n<!-- \/ Yoast SEO plugin. -->","yoast_head_json":{"title":"Kivennapa - Kivennapaseura","description":"Kivennapa on luovutetulla Karjalankannaksella sijainnut Suomen kaakkoisin rajapit\u00e4j\u00e4, josta Viipuriin oli matkaa 80 km ja Pietariin 50 km.","robots":{"index":"index","follow":"follow","max-snippet":"max-snippet:-1","max-image-preview":"max-image-preview:large","max-video-preview":"max-video-preview:-1"},"canonical":"https:\/\/kivennapaseura.fi\/?page_id=140","og_locale":"fi_FI","og_type":"article","og_title":"Kivennapa - Kivennapaseura","og_description":"Kivennapa on luovutetulla Karjalankannaksella sijainnut Suomen kaakkoisin rajapit\u00e4j\u00e4, josta Viipuriin oli matkaa 80 km ja Pietariin 50 km.","og_url":"https:\/\/kivennapaseura.fi\/?page_id=140","og_site_name":"Kivennapaseura","article_modified_time":"2022-05-11T10:13:17+00:00","og_image":[{"width":640,"height":423,"url":"http:\/\/kivennapaseura.fi\/wp-content\/uploads\/2014\/03\/Kivennavan_kk2.jpg","type":"image\/jpeg"}],"twitter_card":"summary_large_image","twitter_image":"https:\/\/kivennapaseura.fi\/wp-content\/uploads\/2014\/03\/Kivennavan_kk2.jpg","twitter_misc":{"Arvioitu lukuaika":"4 minuuttia"},"schema":{"@context":"https:\/\/schema.org","@graph":[{"@type":"WebSite","@id":"https:\/\/kivennapaseura.fi\/#website","url":"https:\/\/kivennapaseura.fi\/","name":"Kivennapaseura","description":"Kivennapaseuran kotisivut","potentialAction":[{"@type":"SearchAction","target":{"@type":"EntryPoint","urlTemplate":"https:\/\/kivennapaseura.fi\/?s={search_term_string}"},"query-input":"required name=search_term_string"}],"inLanguage":"fi"},{"@type":"ImageObject","inLanguage":"fi","@id":"https:\/\/kivennapaseura.fi\/?page_id=140#primaryimage","url":"https:\/\/kivennapaseura.fi\/wp-content\/uploads\/2014\/03\/Kivennavan_kk2.jpg","contentUrl":"https:\/\/kivennapaseura.fi\/wp-content\/uploads\/2014\/03\/Kivennavan_kk2.jpg","width":640,"height":423,"caption":"Kivennavan kirkonkyl\u00e4, taustalla vasemmalla Linnam\u00e4ki ja pappila 1920-30-luvulla (Kuva: Museovirasto, Historian kuvakokoelma)"},{"@type":"WebPage","@id":"https:\/\/kivennapaseura.fi\/?page_id=140#webpage","url":"https:\/\/kivennapaseura.fi\/?page_id=140","name":"Kivennapa - Kivennapaseura","isPartOf":{"@id":"https:\/\/kivennapaseura.fi\/#website"},"primaryImageOfPage":{"@id":"https:\/\/kivennapaseura.fi\/?page_id=140#primaryimage"},"datePublished":"2014-03-05T17:12:33+00:00","dateModified":"2022-05-11T10:13:17+00:00","description":"Kivennapa on luovutetulla Karjalankannaksella sijainnut Suomen kaakkoisin rajapit\u00e4j\u00e4, josta Viipuriin oli matkaa 80 km ja Pietariin 50 km.","breadcrumb":{"@id":"https:\/\/kivennapaseura.fi\/?page_id=140#breadcrumb"},"inLanguage":"fi","potentialAction":[{"@type":"ReadAction","target":["https:\/\/kivennapaseura.fi\/?page_id=140"]}]},{"@type":"BreadcrumbList","@id":"https:\/\/kivennapaseura.fi\/?page_id=140#breadcrumb","itemListElement":[{"@type":"ListItem","position":1,"name":"Etusivu","item":"https:\/\/kivennapaseura.fi\/"},{"@type":"ListItem","position":2,"name":"Kivennapa"}]}]}},"_links":{"self":[{"href":"https:\/\/kivennapaseura.fi\/index.php?rest_route=\/wp\/v2\/pages\/140"}],"collection":[{"href":"https:\/\/kivennapaseura.fi\/index.php?rest_route=\/wp\/v2\/pages"}],"about":[{"href":"https:\/\/kivennapaseura.fi\/index.php?rest_route=\/wp\/v2\/types\/page"}],"author":[{"embeddable":true,"href":"https:\/\/kivennapaseura.fi\/index.php?rest_route=\/wp\/v2\/users\/4"}],"replies":[{"embeddable":true,"href":"https:\/\/kivennapaseura.fi\/index.php?rest_route=%2Fwp%2Fv2%2Fcomments&post=140"}],"version-history":[{"count":2,"href":"https:\/\/kivennapaseura.fi\/index.php?rest_route=\/wp\/v2\/pages\/140\/revisions"}],"predecessor-version":[{"id":5026,"href":"https:\/\/kivennapaseura.fi\/index.php?rest_route=\/wp\/v2\/pages\/140\/revisions\/5026"}],"wp:attachment":[{"href":"https:\/\/kivennapaseura.fi\/index.php?rest_route=%2Fwp%2Fv2%2Fmedia&parent=140"}],"curies":[{"name":"wp","href":"https:\/\/api.w.org\/{rel}","templated":true}]}}