{"id":144,"date":"2014-03-05T19:14:02","date_gmt":"2014-03-05T17:14:02","guid":{"rendered":"http:\/\/whm14.louhi.net\/~kivennap\/?page_id=144"},"modified":"2022-04-27T07:47:54","modified_gmt":"2022-04-27T04:47:54","slug":"lue-lisaa-kivennapaseurasta","status":"publish","type":"page","link":"https:\/\/kivennapaseura.fi\/?page_id=144","title":{"rendered":"Kivennapaseurasta"},"content":{"rendered":"<div class=\"entry-content\">\n<p>Kivennapaseura on er\u00e4s suurimmista Karjalankannaksen pit\u00e4j\u00e4seuroista. Seurassa on noin 500 j\u00e4sent\u00e4.<\/p>\n<p>Kivennapaseura<\/p>\n<ul>\n<li>vaalii kivennapalaisuutta, karjalaista kulttuuria sek\u00e4 kotiseudun muistoa ja perinteit\u00e4<\/li>\n<li>toimii kivennapalaisten keskeisen\u00e4 yhdyssiteen\u00e4<\/li>\n<li>toimii kivennapalaisten ja muiden karjalaisten sosiaalisen ja henkisen aseman tukemiseksi<\/li>\n<li>tekee tunnetuksi Karjalaa ja karjalaisia koskevia kysymyksi\u00e4.<\/li>\n<\/ul>\n<p>Kivennapaseura pit\u00e4\u00e4 yhteytt\u00e4 j\u00e4seniin j\u00e4senkirjein ja \u201dKivennapalainen\u201d-lehden v\u00e4lityksell\u00e4. Seura j\u00e4rjest\u00e4\u00e4 vuosittain kihutapahtuman yleens\u00e4 yhteisty\u00f6ss\u00e4 jonkun paikallisen karjalaseuran kanssa. Lis\u00e4ksi j\u00e4rjestet\u00e4\u00e4n seminaareja, kokoontumisia ja kotiseutumatkoja.<\/p>\n<figure id=\"attachment_310\" aria-describedby=\"caption-attachment-310\" style=\"width: 1024px\" class=\"wp-caption alignnone\"><img loading=\"lazy\" class=\" wp-image-310\" src=\"http:\/\/whm14.louhi.net\/~kivennap\/wp-content\/uploads\/2014\/03\/Kotiseutumatkailua.jpg\" alt=\"Kotiseutumatkailua\" width=\"1024\" height=\"768\"><figcaption id=\"caption-attachment-310\" class=\"wp-caption-text\">Kotiseutumatkalaisia Rajajoen sillan pieless\u00e4 (Kuva Raimo Ranta)<\/figcaption><\/figure>\n<p>Yhteisty\u00f6t\u00e4 entisen Kivennavan alueella sijaitsevan Pervomaiskojen kunnan hallinnon ja asukkaiden kanssa on tehty vuodesta 1991. Kivennavan Kirkonm\u00e4elle pystytettiin 1993 Kauko Ilosen suunnittelema muistomerkki \u201dIkuisuuden Portti\u201d.&nbsp; Kivennavan kuudennen kirkon paikka on merkitty Pervomaiskojessa 1990-luvulla nurkkakivin ja hautausmaa sek\u00e4 sankarihautojen alue on rauhoitettu. Jatkuvasta yhteisty\u00f6st\u00e4 on osoituksena mm. kes\u00e4ll\u00e4 2004 pystytetty Siiranm\u00e4en taistelujen muistomerkki. Kivennavan kihut on j\u00e4rjestetty vuosina 1993, 2005 ja 2012 Pervomaiskojessa.<\/p>\n<p>Syntyper\u00e4isten siirtokarjalaisten k\u00e4ydess\u00e4 yh\u00e4 harvalukuisemmaksi seuraan on yh\u00e4 enemm\u00e4n tullut mukaan kivennapalaisten j\u00e4lkipolvea. J\u00e4seneksi on liittynyt my\u00f6s muita karjalaisesta kulttuurista ja esimerkiksi sukututkimuksesta kiinnostuneita.&nbsp; Kihuperinne on viel\u00e4 vahva, kihut on j\u00e4rjestetty vuosittain yleens\u00e4 yhteisty\u00f6ss\u00e4 kivennapalaisten sijoituspaikkakuntien karjalaseurojen kanssa. Seuralla on osaavaa ja sitoutunutta hallinto- ja talkoov\u00e4ke\u00e4. <a href=\"http:\/\/www.kivennapasaatio.net\/\" target=\"_blank\" rel=\"noopener\">Kivennapa-S\u00e4\u00e4ti\u00f6<\/a> tukee seuran toimintaa.<\/p>\n<p>Kivennapaseuran t\u00e4rkeit\u00e4 taustaorganisaatioita ovat my\u00f6s <a href=\"http:\/\/www.karjalanliitto.fi\/\" target=\"_blank\" rel=\"noopener\">Karjalan Liitto<\/a> ja siin\u00e4 toimiva Karjalaisten pit\u00e4j\u00e4yhdistysten liitto. N\u00e4iden kanssa on luontevaa tehd\u00e4 yhteisty\u00f6t\u00e4 erityisesti luovutetun alueen muistin paikkojen s\u00e4ilytt\u00e4misess\u00e4 ja yll\u00e4pidossa sek\u00e4 yhteydenpidossa ja neuvotteluissa n\u00e4iss\u00e4 asioissa ja muissakin Ven\u00e4j\u00e4n paikallisviranomaisten kanssa.<\/p>\n<p>Perinteisen\u00e4 kivennapalaisten kokoontumis- ja juhlapaikkana toimii Karjalainen kulttuurikeskus \u00c4ij\u00e4l\u00e4 Kangasalla, jossa vaalitaan karjalaisperinnett\u00e4 luonnonkauniin \u201dKes\u00e4p\u00e4iv\u00e4n Pit\u00e4j\u00e4n\u201d vehre\u00e4ss\u00e4 ymp\u00e4rist\u00f6ss\u00e4. \u00c4ij\u00e4l\u00e4 on merkitt\u00e4v\u00e4 karjalaisen ja erityisesti siirtokarjalaisen kulttuurin esittelypaikka, jonka kokoelmat on koottu siirtov\u00e4en lahjoituksina.<\/p>\n<p><b>Seuran historiaa<\/b><\/p>\n<p>Kivennapalaisten pit\u00e4j\u00e4seura perustettiin joulukuussa 1948 samassa tilaisuudessa, jossa Kivennavan kunnan toiminta lakkautettiin. Samalla lopetettiin Kivennavan kunnan hoitokunta, joka sodan aikana oli hoitanut Kivennavan kunnan asioita. Kokouksen puheenjohtajana toimi Tuomo Rautiainen ja sihteerin\u00e4 Mikko Helppolainen. L\u00e4sn\u00e4 oli em. kunnan hoitokunta, entinen kunnanvaltuusto ja entisi\u00e4 luottamushenkil\u00f6it\u00e4. Hyv\u00e4ll\u00e4 syyll\u00e4 voi sanoa, ett\u00e4 entinen Kivennavan kunta jatkaa toimintaansa Kivennapaseurana.<\/p>\n<p>Seura merkittiin rekisteriin 1951. Seuran toiminta-alueeksi m\u00e4\u00e4riteltiin kaikki kivennapalaisten sijoituskunnat. J\u00e4seneksi otettiin halukkaat 15 vuotta t\u00e4ytt\u00e4neet henkil\u00f6t, jotka ovat asuneet Kivennavalla tai joilla on sinne sukulaisuussiteit\u00e4 tai ovat toimineet edist\u00e4\u00e4kseen Kivennavan henkisi\u00e4 tai taloudellisia pyrkimyksi\u00e4.<\/p>\n<p>Kivennapalaisia sijoitettiin jatkosodan j\u00e4lkeen H\u00e4meeseen, mm P\u00e4lk\u00e4neelle, Padasjoelle, Tuulokseen, Sahalahteen, Er\u00e4j\u00e4rvelle, L\u00e4ngelm\u00e4elle, Hauholle, Kangasalle, Lammille, Luopioisiin ja Kuhmalahteen.Sijoituskunnista kivennapalaisia on sittemmin siirtynyt eri puolille Suomea. V\u00e4est\u00f6rekisterikeskuksen tilaston mukaan Kivennavalla syntyneit\u00e4 asui v. 2001 kaikkiaan 240 kunnassa: eniten Helsingiss\u00e4 343 henkil\u00f6\u00e4. Lahdessa asui 214, Tampereella 213, Kangasalla 134, H\u00e4meenlinnassa 102, Valkeakoskella 85, Espoossa 81, P\u00e4lk\u00e4neell\u00e4 67, Lammilla ja Vantaalla 64, Turussa 51, Lappeenrannassa ja Jyv\u00e4skyl\u00e4ss\u00e4 48, J\u00e4rvenp\u00e4\u00e4ss\u00e4 44 ja Hauholla 40. Kaikki Kivennavalla syntyneet eiv\u00e4t toki ole Kivennapaseuran j\u00e4seni\u00e4, eiv\u00e4tk\u00e4 kaikki Kivennapaseuran j\u00e4senet ole syntyneet Kivennavalla.<\/p>\n<p><b>Tulevaisuus ja haasteet<\/b><\/p>\n<p>Uusien sukupolvien kiinnostus karjalaisiin juuriinsa ja karjalaisuuteen ja uuden pit\u00e4j\u00e4kirjan ja lukuista Kivennavan kyli\u00e4 esittelevien kyl\u00e4kirjojen ilmestyminen viimeisen vuosikymmenen aikana ovat lis\u00e4nneet mielenkiintoa seuraa kohtaan. Seuran tulee entist\u00e4 tehokkaammin rekrytoida nuorempaa v\u00e4ke\u00e4 seuraan ja aktiiviseen toimintaan seurassa. Tuoretta voimaa tarvitaan Kivennavalla syntyneiden harmaantuessa ja rivien harventuessa. Uusia mahdollisuuksia yhteydenpitoon ja nuoremman v\u00e4en mukaan saamiseen tuo my\u00f6s muuttunut viestint\u00e4ymp\u00e4rist\u00f6. Se asettaa samalla seuralle my\u00f6s haasteen uudistaa toimintatapoja. Seuran lippulaivana toimivan Kivennapalainen- lehden ja ansiokkaan kirjatuotannon rinnalle on nostettava moderneja viestinn\u00e4n v\u00e4lineit\u00e4.<\/p>\n<\/div>\n","protected":false},"excerpt":{"rendered":"<p>Kivennapaseura on er\u00e4s suurimmista Karjalankannaksen pit\u00e4j\u00e4seuroista. Seurassa on noin 500 j\u00e4sent\u00e4. Kivennapaseura vaalii kivennapalaisuutta, karjalaista kulttuuria sek\u00e4 kotiseudun muistoa ja perinteit\u00e4 toimii kivennapalaisten keskeisen\u00e4 yhdyssiteen\u00e4 toimii kivennapalaisten ja muiden karjalaisten sosiaalisen ja henkisen aseman tukemiseksi tekee tunnetuksi Karjalaa ja karjalaisia koskevia kysymyksi\u00e4. Kivennapaseura pit\u00e4\u00e4 yhteytt\u00e4 j\u00e4seniin j\u00e4senkirjein ja \u201dKivennapalainen\u201d-lehden v\u00e4lityksell\u00e4. Seura j\u00e4rjest\u00e4\u00e4 vuosittain kihutapahtuman yleens\u00e4 &hellip;<\/p>\n<p class=\"read-more\"> <a class=\"\" href=\"https:\/\/kivennapaseura.fi\/?page_id=144\"> <span class=\"screen-reader-text\">Kivennapaseurasta<\/span> Lue lis\u00e4\u00e4 &raquo;<\/a><\/p>\n","protected":false},"author":4,"featured_media":0,"parent":142,"menu_order":0,"comment_status":"closed","ping_status":"closed","template":"","meta":{"site-sidebar-layout":"default","site-content-layout":"default","ast-global-header-display":"","ast-main-header-display":"","ast-hfb-above-header-display":"","ast-hfb-below-header-display":"","ast-hfb-mobile-header-display":"","site-post-title":"","ast-breadcrumbs-content":"","ast-featured-img":"","footer-sml-layout":"","theme-transparent-header-meta":"","adv-header-id-meta":"","stick-header-meta":"","header-above-stick-meta":"","header-main-stick-meta":"","header-below-stick-meta":""},"yoast_head":"<!-- This site is optimized with the Yoast SEO plugin v18.8 - https:\/\/yoast.com\/wordpress\/plugins\/seo\/ -->\n<title>Kivennapaseurasta - Kivennapaseura<\/title>\n<meta name=\"description\" content=\"Kivennapaseura vaalii kivennapalaisuutta, karjalaista kulttuuria ja perinteit\u00e4. Se on yksi suurimmista Karjalankannaksen pit\u00e4j\u00e4seuroista.\" \/>\n<meta name=\"robots\" content=\"index, follow, max-snippet:-1, max-image-preview:large, max-video-preview:-1\" \/>\n<link rel=\"canonical\" href=\"https:\/\/kivennapaseura.fi\/?page_id=144\" \/>\n<meta property=\"og:locale\" content=\"fi_FI\" \/>\n<meta property=\"og:type\" content=\"article\" \/>\n<meta property=\"og:title\" content=\"Kivennapaseurasta - Kivennapaseura\" \/>\n<meta property=\"og:description\" content=\"Kivennapaseura vaalii kivennapalaisuutta, karjalaista kulttuuria ja perinteit\u00e4. Se on yksi suurimmista Karjalankannaksen pit\u00e4j\u00e4seuroista.\" \/>\n<meta property=\"og:url\" content=\"https:\/\/kivennapaseura.fi\/?page_id=144\" \/>\n<meta property=\"og:site_name\" content=\"Kivennapaseura\" \/>\n<meta property=\"article:modified_time\" content=\"2022-04-27T04:47:54+00:00\" \/>\n<meta property=\"og:image\" content=\"http:\/\/kivennapaseura.fi\/wp-content\/uploads\/2016\/09\/Linnama\u0308ki_muok.jpg\" \/>\n\t<meta property=\"og:image:width\" content=\"2431\" \/>\n\t<meta property=\"og:image:height\" content=\"1262\" \/>\n\t<meta property=\"og:image:type\" content=\"image\/jpeg\" \/>\n<meta name=\"twitter:card\" content=\"summary_large_image\" \/>\n<meta name=\"twitter:image\" content=\"https:\/\/kivennapaseura.fi\/wp-content\/uploads\/2016\/09\/Linnama\u0308ki_muok.jpg\" \/>\n<meta name=\"twitter:label1\" content=\"Arvioitu lukuaika\" \/>\n\t<meta name=\"twitter:data1\" content=\"4 minuuttia\" \/>\n<script type=\"application\/ld+json\" class=\"yoast-schema-graph\">{\"@context\":\"https:\/\/schema.org\",\"@graph\":[{\"@type\":\"WebSite\",\"@id\":\"https:\/\/kivennapaseura.fi\/#website\",\"url\":\"https:\/\/kivennapaseura.fi\/\",\"name\":\"Kivennapaseura\",\"description\":\"Kivennapaseuran kotisivut\",\"potentialAction\":[{\"@type\":\"SearchAction\",\"target\":{\"@type\":\"EntryPoint\",\"urlTemplate\":\"https:\/\/kivennapaseura.fi\/?s={search_term_string}\"},\"query-input\":\"required name=search_term_string\"}],\"inLanguage\":\"fi\"},{\"@type\":\"ImageObject\",\"inLanguage\":\"fi\",\"@id\":\"https:\/\/kivennapaseura.fi\/?page_id=144#primaryimage\",\"url\":\"https:\/\/kivennapaseura.fi\/wp-content\/uploads\/2016\/09\/Linnama\u0308ki_muok.jpg\",\"contentUrl\":\"https:\/\/kivennapaseura.fi\/wp-content\/uploads\/2016\/09\/Linnama\u0308ki_muok.jpg\",\"width\":2431,\"height\":1262},{\"@type\":\"WebPage\",\"@id\":\"https:\/\/kivennapaseura.fi\/?page_id=144#webpage\",\"url\":\"https:\/\/kivennapaseura.fi\/?page_id=144\",\"name\":\"Kivennapaseurasta - Kivennapaseura\",\"isPartOf\":{\"@id\":\"https:\/\/kivennapaseura.fi\/#website\"},\"primaryImageOfPage\":{\"@id\":\"https:\/\/kivennapaseura.fi\/?page_id=144#primaryimage\"},\"datePublished\":\"2014-03-05T17:14:02+00:00\",\"dateModified\":\"2022-04-27T04:47:54+00:00\",\"description\":\"Kivennapaseura vaalii kivennapalaisuutta, karjalaista kulttuuria ja perinteit\u00e4. Se on yksi suurimmista Karjalankannaksen pit\u00e4j\u00e4seuroista.\",\"breadcrumb\":{\"@id\":\"https:\/\/kivennapaseura.fi\/?page_id=144#breadcrumb\"},\"inLanguage\":\"fi\",\"potentialAction\":[{\"@type\":\"ReadAction\",\"target\":[\"https:\/\/kivennapaseura.fi\/?page_id=144\"]}]},{\"@type\":\"BreadcrumbList\",\"@id\":\"https:\/\/kivennapaseura.fi\/?page_id=144#breadcrumb\",\"itemListElement\":[{\"@type\":\"ListItem\",\"position\":1,\"name\":\"Etusivu\",\"item\":\"https:\/\/kivennapaseura.fi\/\"},{\"@type\":\"ListItem\",\"position\":2,\"name\":\"Kivennapaseura vaalii kivennapalaisuutta ja karjalaisuutta\",\"item\":\"https:\/\/kivennapaseura.fi\/?page_id=142\"},{\"@type\":\"ListItem\",\"position\":3,\"name\":\"Kivennapaseurasta\"}]}]}<\/script>\n<!-- \/ Yoast SEO plugin. -->","yoast_head_json":{"title":"Kivennapaseurasta - Kivennapaseura","description":"Kivennapaseura vaalii kivennapalaisuutta, karjalaista kulttuuria ja perinteit\u00e4. Se on yksi suurimmista Karjalankannaksen pit\u00e4j\u00e4seuroista.","robots":{"index":"index","follow":"follow","max-snippet":"max-snippet:-1","max-image-preview":"max-image-preview:large","max-video-preview":"max-video-preview:-1"},"canonical":"https:\/\/kivennapaseura.fi\/?page_id=144","og_locale":"fi_FI","og_type":"article","og_title":"Kivennapaseurasta - Kivennapaseura","og_description":"Kivennapaseura vaalii kivennapalaisuutta, karjalaista kulttuuria ja perinteit\u00e4. Se on yksi suurimmista Karjalankannaksen pit\u00e4j\u00e4seuroista.","og_url":"https:\/\/kivennapaseura.fi\/?page_id=144","og_site_name":"Kivennapaseura","article_modified_time":"2022-04-27T04:47:54+00:00","og_image":[{"width":2431,"height":1262,"url":"http:\/\/kivennapaseura.fi\/wp-content\/uploads\/2016\/09\/Linnama\u0308ki_muok.jpg","type":"image\/jpeg"}],"twitter_card":"summary_large_image","twitter_image":"https:\/\/kivennapaseura.fi\/wp-content\/uploads\/2016\/09\/Linnama\u0308ki_muok.jpg","twitter_misc":{"Arvioitu lukuaika":"4 minuuttia"},"schema":{"@context":"https:\/\/schema.org","@graph":[{"@type":"WebSite","@id":"https:\/\/kivennapaseura.fi\/#website","url":"https:\/\/kivennapaseura.fi\/","name":"Kivennapaseura","description":"Kivennapaseuran kotisivut","potentialAction":[{"@type":"SearchAction","target":{"@type":"EntryPoint","urlTemplate":"https:\/\/kivennapaseura.fi\/?s={search_term_string}"},"query-input":"required name=search_term_string"}],"inLanguage":"fi"},{"@type":"ImageObject","inLanguage":"fi","@id":"https:\/\/kivennapaseura.fi\/?page_id=144#primaryimage","url":"https:\/\/kivennapaseura.fi\/wp-content\/uploads\/2016\/09\/Linnama\u0308ki_muok.jpg","contentUrl":"https:\/\/kivennapaseura.fi\/wp-content\/uploads\/2016\/09\/Linnama\u0308ki_muok.jpg","width":2431,"height":1262},{"@type":"WebPage","@id":"https:\/\/kivennapaseura.fi\/?page_id=144#webpage","url":"https:\/\/kivennapaseura.fi\/?page_id=144","name":"Kivennapaseurasta - Kivennapaseura","isPartOf":{"@id":"https:\/\/kivennapaseura.fi\/#website"},"primaryImageOfPage":{"@id":"https:\/\/kivennapaseura.fi\/?page_id=144#primaryimage"},"datePublished":"2014-03-05T17:14:02+00:00","dateModified":"2022-04-27T04:47:54+00:00","description":"Kivennapaseura vaalii kivennapalaisuutta, karjalaista kulttuuria ja perinteit\u00e4. Se on yksi suurimmista Karjalankannaksen pit\u00e4j\u00e4seuroista.","breadcrumb":{"@id":"https:\/\/kivennapaseura.fi\/?page_id=144#breadcrumb"},"inLanguage":"fi","potentialAction":[{"@type":"ReadAction","target":["https:\/\/kivennapaseura.fi\/?page_id=144"]}]},{"@type":"BreadcrumbList","@id":"https:\/\/kivennapaseura.fi\/?page_id=144#breadcrumb","itemListElement":[{"@type":"ListItem","position":1,"name":"Etusivu","item":"https:\/\/kivennapaseura.fi\/"},{"@type":"ListItem","position":2,"name":"Kivennapaseura vaalii kivennapalaisuutta ja karjalaisuutta","item":"https:\/\/kivennapaseura.fi\/?page_id=142"},{"@type":"ListItem","position":3,"name":"Kivennapaseurasta"}]}]}},"_links":{"self":[{"href":"https:\/\/kivennapaseura.fi\/index.php?rest_route=\/wp\/v2\/pages\/144"}],"collection":[{"href":"https:\/\/kivennapaseura.fi\/index.php?rest_route=\/wp\/v2\/pages"}],"about":[{"href":"https:\/\/kivennapaseura.fi\/index.php?rest_route=\/wp\/v2\/types\/page"}],"author":[{"embeddable":true,"href":"https:\/\/kivennapaseura.fi\/index.php?rest_route=\/wp\/v2\/users\/4"}],"replies":[{"embeddable":true,"href":"https:\/\/kivennapaseura.fi\/index.php?rest_route=%2Fwp%2Fv2%2Fcomments&post=144"}],"version-history":[{"count":1,"href":"https:\/\/kivennapaseura.fi\/index.php?rest_route=\/wp\/v2\/pages\/144\/revisions"}],"predecessor-version":[{"id":4697,"href":"https:\/\/kivennapaseura.fi\/index.php?rest_route=\/wp\/v2\/pages\/144\/revisions\/4697"}],"up":[{"embeddable":true,"href":"https:\/\/kivennapaseura.fi\/index.php?rest_route=\/wp\/v2\/pages\/142"}],"wp:attachment":[{"href":"https:\/\/kivennapaseura.fi\/index.php?rest_route=%2Fwp%2Fv2%2Fmedia&parent=144"}],"curies":[{"name":"wp","href":"https:\/\/api.w.org\/{rel}","templated":true}]}}