{"id":146,"date":"2014-03-05T19:14:37","date_gmt":"2014-03-05T17:14:37","guid":{"rendered":"http:\/\/whm14.louhi.net\/~kivennap\/?page_id=146"},"modified":"2025-12-14T14:53:13","modified_gmt":"2025-12-14T12:53:13","slug":"jaseneksi-liittyminen","status":"publish","type":"page","link":"https:\/\/kivennapaseura.fi\/?page_id=146","title":{"rendered":"J\u00e4seneksi liittyminen"},"content":{"rendered":"<div class=\"entry-content\">\n<p><strong>Jokainen kivennapalaisuudesta ja karjalaisesta kulttuurista kiinnostunut on tervetullut seuramme j\u00e4seneksi ja mukaan maineikkaan seuramme toimintaan.<\/strong><\/p>\n<p>J\u00e4seneksi voit liitty\u00e4 helposti <a href=\"https:\/\/liity.karjalanliitto.fi\/\">Karjalan Liiton liittymislomakkeella<\/a>.<\/p>\n<p>Kivennapaseuran j\u00e4senmaksu vuonna 2025 on 39 euroa, mik\u00e4 sis\u00e4lt\u00e4\u00e4 Karjalan Liiton j\u00e4senmaksun 20 euroa.<\/p>\n<p>Karjalan Liitossa siirryttiin vuonna 2021 keskitettyyn j\u00e4senmaksulaskutukseen, jossa liitto laskuttaa kaikkien Karjalan Liittoon kuuluvien seurojen ja yhdistysten henkil\u00f6j\u00e4senten j\u00e4senmaksut ja tilitt\u00e4\u00e4 seuroille kunkin osuuden. Kivennapaseuran j\u00e4senmaksuosuus on 19 \u20ac. Karjalan Liiton osuus laskutetaan vain kerran, vaikka j\u00e4sen kuuluisi useampaan yhdistykseen.<\/p>\n<p>Liiton j\u00e4senet saavat Karjala-kortin, jolla saa alennuksia monista tapahtumista, liiton myyntituotteista ja yhteisty\u00f6kumppaneiden tarjoamista eduista. Lis\u00e4ksi Karjalan Liiton etuihin kuuluu nelj\u00e4sti vuodessa ilmestyv\u00e4 Karjalan kunnaat -lehti.<\/p>\n<p>Ilmoittauduttuasi otamme yhteytt\u00e4 j\u00e4senkirjeell\u00e4.<\/p>\n<p><strong>J\u00e4senrekisteri:<\/strong><br>Kristiina Ruohonen<br>jasen.kivennapaseura(at)gmail.com&nbsp;tai a.kristiina.ruohonen(at)gmail.com<\/p>\n<p><\/p>\n<\/div>\n\n\n<p><\/p>\n","protected":false},"excerpt":{"rendered":"<p>Jokainen kivennapalaisuudesta ja karjalaisesta kulttuurista kiinnostunut on tervetullut seuramme j\u00e4seneksi ja mukaan maineikkaan seuramme toimintaan. J\u00e4seneksi voit liitty\u00e4 helposti Karjalan Liiton liittymislomakkeella. Kivennapaseuran j\u00e4senmaksu vuonna 2025 on 39 euroa, mik\u00e4 sis\u00e4lt\u00e4\u00e4 Karjalan Liiton j\u00e4senmaksun 20 euroa. Karjalan Liitossa siirryttiin vuonna 2021 keskitettyyn j\u00e4senmaksulaskutukseen, jossa liitto laskuttaa kaikkien Karjalan Liittoon kuuluvien seurojen ja yhdistysten henkil\u00f6j\u00e4senten j\u00e4senmaksut &hellip;<\/p>\n<p class=\"read-more\"> <a class=\"\" href=\"https:\/\/kivennapaseura.fi\/?page_id=146\"> <span class=\"screen-reader-text\">J\u00e4seneksi liittyminen<\/span> Lue lis\u00e4\u00e4 &raquo;<\/a><\/p>\n","protected":false},"author":4,"featured_media":0,"parent":142,"menu_order":1,"comment_status":"closed","ping_status":"closed","template":"","meta":{"site-sidebar-layout":"default","site-content-layout":"default","ast-global-header-display":"","ast-main-header-display":"","ast-hfb-above-header-display":"","ast-hfb-below-header-display":"","ast-hfb-mobile-header-display":"","site-post-title":"","ast-breadcrumbs-content":"","ast-featured-img":"","footer-sml-layout":"","theme-transparent-header-meta":"","adv-header-id-meta":"","stick-header-meta":"","header-above-stick-meta":"","header-main-stick-meta":"","header-below-stick-meta":""},"yoast_head":"<!-- This site is optimized with the Yoast SEO plugin v18.8 - https:\/\/yoast.com\/wordpress\/plugins\/seo\/ -->\n<title>J\u00e4seneksi liittyminen - Kivennapaseura<\/title>\n<meta name=\"robots\" content=\"index, follow, max-snippet:-1, max-image-preview:large, max-video-preview:-1\" \/>\n<link rel=\"canonical\" href=\"https:\/\/kivennapaseura.fi\/?page_id=146\" \/>\n<meta property=\"og:locale\" content=\"fi_FI\" \/>\n<meta property=\"og:type\" content=\"article\" \/>\n<meta property=\"og:title\" content=\"J\u00e4seneksi liittyminen - Kivennapaseura\" \/>\n<meta property=\"og:description\" content=\"Jokainen kivennapalaisuudesta ja karjalaisesta kulttuurista kiinnostunut on tervetullut seuramme j\u00e4seneksi ja mukaan maineikkaan seuramme toimintaan. J\u00e4seneksi voit liitty\u00e4 helposti Karjalan Liiton liittymislomakkeella. Kivennapaseuran j\u00e4senmaksu vuonna 2025 on 39 euroa, mik\u00e4 sis\u00e4lt\u00e4\u00e4 Karjalan Liiton j\u00e4senmaksun 20 euroa. Karjalan Liitossa siirryttiin vuonna 2021 keskitettyyn j\u00e4senmaksulaskutukseen, jossa liitto laskuttaa kaikkien Karjalan Liittoon kuuluvien seurojen ja yhdistysten henkil\u00f6j\u00e4senten j\u00e4senmaksut &hellip; J\u00e4seneksi liittyminen Lue lis\u00e4\u00e4 &raquo;\" \/>\n<meta property=\"og:url\" content=\"https:\/\/kivennapaseura.fi\/?page_id=146\" \/>\n<meta property=\"og:site_name\" content=\"Kivennapaseura\" \/>\n<meta property=\"article:modified_time\" content=\"2025-12-14T12:53:13+00:00\" \/>\n<meta name=\"twitter:card\" content=\"summary_large_image\" \/>\n<meta name=\"twitter:label1\" content=\"Arvioitu lukuaika\" \/>\n\t<meta name=\"twitter:data1\" content=\"1 minuutti\" \/>\n<script type=\"application\/ld+json\" class=\"yoast-schema-graph\">{\"@context\":\"https:\/\/schema.org\",\"@graph\":[{\"@type\":\"WebSite\",\"@id\":\"https:\/\/kivennapaseura.fi\/#website\",\"url\":\"https:\/\/kivennapaseura.fi\/\",\"name\":\"Kivennapaseura\",\"description\":\"Kivennapaseuran kotisivut\",\"potentialAction\":[{\"@type\":\"SearchAction\",\"target\":{\"@type\":\"EntryPoint\",\"urlTemplate\":\"https:\/\/kivennapaseura.fi\/?s={search_term_string}\"},\"query-input\":\"required name=search_term_string\"}],\"inLanguage\":\"fi\"},{\"@type\":\"WebPage\",\"@id\":\"https:\/\/kivennapaseura.fi\/?page_id=146#webpage\",\"url\":\"https:\/\/kivennapaseura.fi\/?page_id=146\",\"name\":\"J\u00e4seneksi liittyminen - Kivennapaseura\",\"isPartOf\":{\"@id\":\"https:\/\/kivennapaseura.fi\/#website\"},\"datePublished\":\"2014-03-05T17:14:37+00:00\",\"dateModified\":\"2025-12-14T12:53:13+00:00\",\"breadcrumb\":{\"@id\":\"https:\/\/kivennapaseura.fi\/?page_id=146#breadcrumb\"},\"inLanguage\":\"fi\",\"potentialAction\":[{\"@type\":\"ReadAction\",\"target\":[\"https:\/\/kivennapaseura.fi\/?page_id=146\"]}]},{\"@type\":\"BreadcrumbList\",\"@id\":\"https:\/\/kivennapaseura.fi\/?page_id=146#breadcrumb\",\"itemListElement\":[{\"@type\":\"ListItem\",\"position\":1,\"name\":\"Etusivu\",\"item\":\"https:\/\/kivennapaseura.fi\/\"},{\"@type\":\"ListItem\",\"position\":2,\"name\":\"Kivennapaseura vaalii kivennapalaisuutta ja karjalaisuutta\",\"item\":\"https:\/\/kivennapaseura.fi\/?page_id=142\"},{\"@type\":\"ListItem\",\"position\":3,\"name\":\"J\u00e4seneksi liittyminen\"}]}]}<\/script>\n<!-- \/ Yoast SEO plugin. -->","yoast_head_json":{"title":"J\u00e4seneksi liittyminen - Kivennapaseura","robots":{"index":"index","follow":"follow","max-snippet":"max-snippet:-1","max-image-preview":"max-image-preview:large","max-video-preview":"max-video-preview:-1"},"canonical":"https:\/\/kivennapaseura.fi\/?page_id=146","og_locale":"fi_FI","og_type":"article","og_title":"J\u00e4seneksi liittyminen - Kivennapaseura","og_description":"Jokainen kivennapalaisuudesta ja karjalaisesta kulttuurista kiinnostunut on tervetullut seuramme j\u00e4seneksi ja mukaan maineikkaan seuramme toimintaan. J\u00e4seneksi voit liitty\u00e4 helposti Karjalan Liiton liittymislomakkeella. Kivennapaseuran j\u00e4senmaksu vuonna 2025 on 39 euroa, mik\u00e4 sis\u00e4lt\u00e4\u00e4 Karjalan Liiton j\u00e4senmaksun 20 euroa. Karjalan Liitossa siirryttiin vuonna 2021 keskitettyyn j\u00e4senmaksulaskutukseen, jossa liitto laskuttaa kaikkien Karjalan Liittoon kuuluvien seurojen ja yhdistysten henkil\u00f6j\u00e4senten j\u00e4senmaksut &hellip; J\u00e4seneksi liittyminen Lue lis\u00e4\u00e4 &raquo;","og_url":"https:\/\/kivennapaseura.fi\/?page_id=146","og_site_name":"Kivennapaseura","article_modified_time":"2025-12-14T12:53:13+00:00","twitter_card":"summary_large_image","twitter_misc":{"Arvioitu lukuaika":"1 minuutti"},"schema":{"@context":"https:\/\/schema.org","@graph":[{"@type":"WebSite","@id":"https:\/\/kivennapaseura.fi\/#website","url":"https:\/\/kivennapaseura.fi\/","name":"Kivennapaseura","description":"Kivennapaseuran kotisivut","potentialAction":[{"@type":"SearchAction","target":{"@type":"EntryPoint","urlTemplate":"https:\/\/kivennapaseura.fi\/?s={search_term_string}"},"query-input":"required name=search_term_string"}],"inLanguage":"fi"},{"@type":"WebPage","@id":"https:\/\/kivennapaseura.fi\/?page_id=146#webpage","url":"https:\/\/kivennapaseura.fi\/?page_id=146","name":"J\u00e4seneksi liittyminen - Kivennapaseura","isPartOf":{"@id":"https:\/\/kivennapaseura.fi\/#website"},"datePublished":"2014-03-05T17:14:37+00:00","dateModified":"2025-12-14T12:53:13+00:00","breadcrumb":{"@id":"https:\/\/kivennapaseura.fi\/?page_id=146#breadcrumb"},"inLanguage":"fi","potentialAction":[{"@type":"ReadAction","target":["https:\/\/kivennapaseura.fi\/?page_id=146"]}]},{"@type":"BreadcrumbList","@id":"https:\/\/kivennapaseura.fi\/?page_id=146#breadcrumb","itemListElement":[{"@type":"ListItem","position":1,"name":"Etusivu","item":"https:\/\/kivennapaseura.fi\/"},{"@type":"ListItem","position":2,"name":"Kivennapaseura vaalii kivennapalaisuutta ja karjalaisuutta","item":"https:\/\/kivennapaseura.fi\/?page_id=142"},{"@type":"ListItem","position":3,"name":"J\u00e4seneksi liittyminen"}]}]}},"_links":{"self":[{"href":"https:\/\/kivennapaseura.fi\/index.php?rest_route=\/wp\/v2\/pages\/146"}],"collection":[{"href":"https:\/\/kivennapaseura.fi\/index.php?rest_route=\/wp\/v2\/pages"}],"about":[{"href":"https:\/\/kivennapaseura.fi\/index.php?rest_route=\/wp\/v2\/types\/page"}],"author":[{"embeddable":true,"href":"https:\/\/kivennapaseura.fi\/index.php?rest_route=\/wp\/v2\/users\/4"}],"replies":[{"embeddable":true,"href":"https:\/\/kivennapaseura.fi\/index.php?rest_route=%2Fwp%2Fv2%2Fcomments&post=146"}],"version-history":[{"count":13,"href":"https:\/\/kivennapaseura.fi\/index.php?rest_route=\/wp\/v2\/pages\/146\/revisions"}],"predecessor-version":[{"id":6290,"href":"https:\/\/kivennapaseura.fi\/index.php?rest_route=\/wp\/v2\/pages\/146\/revisions\/6290"}],"up":[{"embeddable":true,"href":"https:\/\/kivennapaseura.fi\/index.php?rest_route=\/wp\/v2\/pages\/142"}],"wp:attachment":[{"href":"https:\/\/kivennapaseura.fi\/index.php?rest_route=%2Fwp%2Fv2%2Fmedia&parent=146"}],"curies":[{"name":"wp","href":"https:\/\/api.w.org\/{rel}","templated":true}]}}