{"id":162,"date":"2014-03-05T19:22:26","date_gmt":"2014-03-05T17:22:26","guid":{"rendered":"http:\/\/whm14.louhi.net\/~kivennap\/?page_id=162"},"modified":"2017-05-30T07:19:43","modified_gmt":"2017-05-30T04:19:43","slug":"kulttuurihenkiloita","status":"publish","type":"page","link":"https:\/\/kivennapaseura.fi\/?page_id=162","title":{"rendered":"Kulttuurihenkil\u00f6it\u00e4"},"content":{"rendered":"<p>Etel\u00e4isen Kannaksen fantastinen luonto, hyv\u00e4t liikenneyhteydet, pitk\u00e4 kulttuuriperinne id\u00e4n ja l\u00e4nnen kohtauspaikkana sek\u00e4 taloudellinen vauraus loivat perustan monipuoliselle kulttuurin kukoistukselle. Kivennapaa ja naapuripit\u00e4j\u00e4\u00e4, Etel\u00e4-Kannaksen kansainv\u00e4list\u00e4 \u201dmetropolia\u201d Terijokea, voidaan hyv\u00e4ll\u00e4 syyll\u00e4 kutsua Kannaksen kulttuurin kehdoksi.<\/p>\n<p>Kulttuurihenkil\u00f6iden kes\u00e4nviettotapaamiset huviloilla, kirjailijapiirit ja muu yhteydenpito olivat osoituksena vire\u00e4st\u00e4 vuorovaikutuksesta ajan hengess\u00e4. Valtakunnan tasolla Kivennavan tunnetuimmat kulttuurihenkil\u00f6t olivat kirjailija <b>Olavi Paavolainen<\/b> sek\u00e4 runoilijat <b>Edith S\u00f6dergran<\/b> ja <b>Ilmari Pimi\u00e4<\/b>. Kirjailijapiireiss\u00e4 t\u00e4\u00e4ll\u00e4 tapasivat mm. <b>Unto Sepp\u00e4nen<\/b>, <b>Yrj\u00f6 Jylh\u00e4<\/b> ja <b>Ilmari Kianto<\/b>. Mainittakoon my\u00f6s 1900-luvun alkupuolella Terijoella syntynyt tulisieluinen puhuja ja runoilija <b>Mikko Uotinen<\/b>.<\/p>\n<p><strong>Olavi Paavolainen (1903\u20131964)<\/strong><\/p>\n<figure id=\"attachment_332\" aria-describedby=\"caption-attachment-332\" style=\"width: 174px\" class=\"wp-caption alignleft\"><img loading=\"lazy\" class=\"wp-image-332\" src=\"http:\/\/whm14.louhi.net\/~kivennap\/wp-content\/uploads\/2014\/03\/Olavi_Paavolainen.png\" alt=\"Olavi Paavolainen\" width=\"174\" height=\"280\" srcset=\"https:\/\/kivennapaseura.fi\/wp-content\/uploads\/2014\/03\/Olavi_Paavolainen.png 250w, https:\/\/kivennapaseura.fi\/wp-content\/uploads\/2014\/03\/Olavi_Paavolainen-186x300.png 186w\" sizes=\"(max-width: 174px) 100vw, 174px\" \/><figcaption id=\"caption-attachment-332\" class=\"wp-caption-text\">Olavi Paavolainen<\/figcaption><\/figure>\n<p>Paavolainen tunnetaan teoksistaan, Tulenkantajat -kirjailijaryhm\u00e4n johtohenkil\u00f6n\u00e4 ja monipuolisena valtakunnan tason kulttuurivaikuttajana. Tulenkantajat oli 1920-luvun t\u00e4rkein \u00e4lymyst\u00f6ryhm\u00e4 Suomessa. Kirjoittajat pyrkiv\u00e4t eroon korpikulttuurista. He ihailivat kaupunkilaisuutta, pyrkiv\u00e4t modernismiin ja seuraamaan ajan virtauksia Euroopassa. Tulenkantajat halusivat olla liikkeell\u00e4 niin fyysisesti kuin henkisestikin. Paavolaisen, Pimi\u00e4n ja Jylh\u00e4n lis\u00e4ksi Tulenkantajiin kuuluivat mm. Mika Waltari, Elina Vaara, Katri Vala, P. Mustap\u00e4\u00e4, Uuno Kailas ja Arvi Kivimaa. Olavi Paavolaisen teoksia ovat mm. \u201dNykyaikaa etsim\u00e4ss\u00e4\u201d, \u201dL\u00e4ht\u00f6 ja loitsu\u201d, \u201dRisti ja hakaristi\u201d ja \u201dSynkk\u00e4 yksinpuhelu\u201d, sek\u00e4 muistojulkaisut \u201dKarjala \u2013 muistojen maa\u201d ja \u201dRakas entinen Karjala\u201d.<\/p>\n<p><strong>Ilmari Pimi\u00e4 (1897\u20131989)<\/strong><\/p>\n<figure id=\"attachment_335\" aria-describedby=\"caption-attachment-335\" style=\"width: 177px\" class=\"wp-caption alignright\"><img loading=\"lazy\" class=\"wp-image-335\" src=\"http:\/\/whm14.louhi.net\/~kivennap\/wp-content\/uploads\/2014\/03\/Pimia1.jpg\" alt=\"\" width=\"177\" height=\"280\" srcset=\"https:\/\/kivennapaseura.fi\/wp-content\/uploads\/2014\/03\/Pimia1.jpg 303w, https:\/\/kivennapaseura.fi\/wp-content\/uploads\/2014\/03\/Pimia1-189x300.jpg 189w\" sizes=\"(max-width: 177px) 100vw, 177px\" \/><figcaption id=\"caption-attachment-335\" class=\"wp-caption-text\">Ilmari Pimi\u00e4<\/figcaption><\/figure>\n<p>Ilmari Pimi\u00e4 oli Olavi Paavolaisen nuoruudenyst\u00e4v\u00e4 ja hengenheimolainen. H\u00e4n eli yhdess\u00e4\u00a0Paavolaisen kanssa Tulenkantajien hurmioituneet vaiheet. Pimi\u00e4 oli etenkin nuoruusvuosinaan tunnelmarunoilija. Sittemmin mukaan tuli uskonnollisia teemoja. Pimi\u00e4n my\u00f6h\u00e4isemp\u00e4\u00e4 tuotantoa leimaa evakoiden tuntojen tulkitseminen. Teoksia ovat mm. \u201dN\u00e4kinkenk\u00e4\u201d, \u201dViimeinen porras\u201d, \u201dHurmioituneet kasvot\u201d, \u201dTaivaan polku\u201d, \u201dUnen maa\u201d ja \u201dJ\u00e4iv\u00e4t seudut rakkahimmat\u201d.<\/p>\n<p><b>Edith S\u00f6dergran (1892\u20131923)<\/b><\/p>\n<p>Runoilija Edith S\u00f6dergrania pidet\u00e4\u00e4n lyriikan uudistajana ja tienn\u00e4ytt\u00e4j\u00e4n\u00e4. Suomenruotsalaista syntyper\u00e4\u00e4 oleva S\u00f6dergran syntyi Pietarissa, mutta eli aikuisvuotensa Kivennavan Raivolan kyl\u00e4ss\u00e4. H\u00e4n ei elinaikanaan saanut arvostusta. Traagisten ja sairauden leimaamien el\u00e4m\u00e4nvaiheiden j\u00e4lkeen h\u00e4n kuoli keuhkotautiin Raivolassa vain 31-vuotiaana.Edith S\u00f6dergranin arvostus runoilijana on jatkuvasti noussut. H\u00e4nen runojaan on k\u00e4\u00e4nnetty 16 kielelle (2002) ja h\u00e4nest\u00e4 on tehty lukuisia kirjailijatutkimuksia. S\u00f6dergrania on kutsuttu mm. Raivolan erakkoneroksi. Teoksia ovat runoteokset \u201dLandet som icke \u00e4r\u201d, \u201dRosenaltaret\u201d, \u201dFramtidens skugga\u201d, ja \u201dSeptemberlyran\u201d sek\u00e4 aforismikokoelma \u201dBrokiga iakttagelser\u201d.<\/p>\n<figure id=\"attachment_327\" aria-describedby=\"caption-attachment-327\" style=\"width: 325px\" class=\"wp-caption alignleft\"><img loading=\"lazy\" class=\"wp-image-327\" src=\"http:\/\/whm14.louhi.net\/~kivennap\/wp-content\/uploads\/2014\/03\/Kuvatkollaasi_vers1_html_bab8074f-300x217.gif\" alt=\"\" width=\"325\" height=\"235\" \/><figcaption id=\"caption-attachment-327\" class=\"wp-caption-text\">Edith S\u00f6dergran postimerkiss\u00e4 1992, jolloin h\u00e4nen syntym\u00e4st\u00e4 oli kulunut 100 vuotta<\/figcaption><\/figure>\n<p>N\u00e4iden kolmen el\u00e4m\u00e4st\u00e4 Kivennavalla on kerrottu Kivennapaseuran ja Kivennapas\u00e4\u00e4ti\u00f6n julkaisemassa kirjassa \u201dKivennapa kest\u00e4\u00e4\u201d. Lis\u00e4ksi Edith S\u00f6dergranista el\u00e4m\u00e4st\u00e4 Raivolassa on kirjoitettu pitk\u00e4 artikkeli Kivennpalainen- lehden 2012 kes\u00e4n numerossa.<\/p>\n<p><a href=\"https:\/\/fi.wikipedia.org\/wiki\/Olavi_Paavolainen\" target=\"_blank\" rel=\"noopener noreferrer\">Olavi Paavolainen Wikipediassa<\/a><br \/>\n<a href=\"https:\/\/fi.wikipedia.org\/wiki\/Ilmari_Pimi%C3%A4\" target=\"_blank\" rel=\"noopener noreferrer\">Ilmari Pimi\u00e4 Wikipediassa<\/a><br \/>\n<a href=\"https:\/\/fi.wikipedia.org\/wiki\/Edith_S%C3%B6dergran\" target=\"_blank\" rel=\"noopener noreferrer\">Edith S\u00f6dergran Wikipediassa<\/a><br \/>\n<a href=\"http:\/\/yle.fi\/aihe\/artikkeli\/2016\/10\/21\/edith-sodergran-runoilija-edella-aikaansa\" target=\"_blank\" rel=\"noopener noreferrer\">Edith S\u00f6dergran Ylen sivuilla<\/a><\/p>\n","protected":false},"excerpt":{"rendered":"<p>Etel\u00e4isen Kannaksen fantastinen luonto, hyv\u00e4t liikenneyhteydet, pitk\u00e4 kulttuuriperinne id\u00e4n ja l\u00e4nnen kohtauspaikkana sek\u00e4 taloudellinen vauraus loivat perustan monipuoliselle kulttuurin kukoistukselle. Kivennapaa ja naapuripit\u00e4j\u00e4\u00e4, Etel\u00e4-Kannaksen kansainv\u00e4list\u00e4 \u201dmetropolia\u201d Terijokea, voidaan hyv\u00e4ll\u00e4 syyll\u00e4 kutsua Kannaksen kulttuurin kehdoksi. Kulttuurihenkil\u00f6iden kes\u00e4nviettotapaamiset huviloilla, kirjailijapiirit ja muu yhteydenpito olivat osoituksena vire\u00e4st\u00e4 vuorovaikutuksesta ajan hengess\u00e4. Valtakunnan tasolla Kivennavan tunnetuimmat kulttuurihenkil\u00f6t olivat kirjailija Olavi &hellip;<\/p>\n<p class=\"read-more\"> <a class=\"\" href=\"https:\/\/kivennapaseura.fi\/?page_id=162\"> <span class=\"screen-reader-text\">Kulttuurihenkil\u00f6it\u00e4<\/span> Lue lis\u00e4\u00e4 &raquo;<\/a><\/p>\n","protected":false},"author":4,"featured_media":0,"parent":0,"menu_order":4,"comment_status":"closed","ping_status":"closed","template":"","meta":{"site-sidebar-layout":"default","site-content-layout":"default","ast-global-header-display":"","ast-main-header-display":"","ast-hfb-above-header-display":"","ast-hfb-below-header-display":"","ast-hfb-mobile-header-display":"","site-post-title":"","ast-breadcrumbs-content":"","ast-featured-img":"","footer-sml-layout":"","theme-transparent-header-meta":"","adv-header-id-meta":"","stick-header-meta":"","header-above-stick-meta":"","header-main-stick-meta":"","header-below-stick-meta":""},"yoast_head":"<!-- This site is optimized with the Yoast SEO plugin v18.8 - https:\/\/yoast.com\/wordpress\/plugins\/seo\/ -->\n<title>Kulttuurihenkil\u00f6it\u00e4 - Kivennapaseura<\/title>\n<meta name=\"robots\" content=\"index, follow, max-snippet:-1, max-image-preview:large, max-video-preview:-1\" \/>\n<link rel=\"canonical\" href=\"https:\/\/kivennapaseura.fi\/?page_id=162\" \/>\n<meta property=\"og:locale\" content=\"fi_FI\" \/>\n<meta property=\"og:type\" content=\"article\" \/>\n<meta property=\"og:title\" content=\"Kulttuurihenkil\u00f6it\u00e4 - Kivennapaseura\" \/>\n<meta property=\"og:description\" content=\"Etel\u00e4isen Kannaksen fantastinen luonto, hyv\u00e4t liikenneyhteydet, pitk\u00e4 kulttuuriperinne id\u00e4n ja l\u00e4nnen kohtauspaikkana sek\u00e4 taloudellinen vauraus loivat perustan monipuoliselle kulttuurin kukoistukselle. Kivennapaa ja naapuripit\u00e4j\u00e4\u00e4, Etel\u00e4-Kannaksen kansainv\u00e4list\u00e4 \u201dmetropolia\u201d Terijokea, voidaan hyv\u00e4ll\u00e4 syyll\u00e4 kutsua Kannaksen kulttuurin kehdoksi. Kulttuurihenkil\u00f6iden kes\u00e4nviettotapaamiset huviloilla, kirjailijapiirit ja muu yhteydenpito olivat osoituksena vire\u00e4st\u00e4 vuorovaikutuksesta ajan hengess\u00e4. Valtakunnan tasolla Kivennavan tunnetuimmat kulttuurihenkil\u00f6t olivat kirjailija Olavi &hellip; Kulttuurihenkil\u00f6it\u00e4 Lue lis\u00e4\u00e4 &raquo;\" \/>\n<meta property=\"og:url\" content=\"https:\/\/kivennapaseura.fi\/?page_id=162\" \/>\n<meta property=\"og:site_name\" content=\"Kivennapaseura\" \/>\n<meta property=\"article:modified_time\" content=\"2017-05-30T04:19:43+00:00\" \/>\n<meta property=\"og:image\" content=\"http:\/\/whm14.louhi.net\/~kivennap\/wp-content\/uploads\/2014\/03\/Olavi_Paavolainen.png\" \/>\n<meta name=\"twitter:card\" content=\"summary_large_image\" \/>\n<meta name=\"twitter:label1\" content=\"Arvioitu lukuaika\" \/>\n\t<meta name=\"twitter:data1\" content=\"2 minuuttia\" \/>\n<script type=\"application\/ld+json\" class=\"yoast-schema-graph\">{\"@context\":\"https:\/\/schema.org\",\"@graph\":[{\"@type\":\"WebSite\",\"@id\":\"https:\/\/kivennapaseura.fi\/#website\",\"url\":\"https:\/\/kivennapaseura.fi\/\",\"name\":\"Kivennapaseura\",\"description\":\"Kivennapaseuran kotisivut\",\"potentialAction\":[{\"@type\":\"SearchAction\",\"target\":{\"@type\":\"EntryPoint\",\"urlTemplate\":\"https:\/\/kivennapaseura.fi\/?s={search_term_string}\"},\"query-input\":\"required name=search_term_string\"}],\"inLanguage\":\"fi\"},{\"@type\":\"ImageObject\",\"inLanguage\":\"fi\",\"@id\":\"https:\/\/kivennapaseura.fi\/?page_id=162#primaryimage\",\"url\":\"http:\/\/whm14.louhi.net\/~kivennap\/wp-content\/uploads\/2014\/03\/Olavi_Paavolainen.png\",\"contentUrl\":\"http:\/\/whm14.louhi.net\/~kivennap\/wp-content\/uploads\/2014\/03\/Olavi_Paavolainen.png\"},{\"@type\":\"WebPage\",\"@id\":\"https:\/\/kivennapaseura.fi\/?page_id=162#webpage\",\"url\":\"https:\/\/kivennapaseura.fi\/?page_id=162\",\"name\":\"Kulttuurihenkil\u00f6it\u00e4 - Kivennapaseura\",\"isPartOf\":{\"@id\":\"https:\/\/kivennapaseura.fi\/#website\"},\"primaryImageOfPage\":{\"@id\":\"https:\/\/kivennapaseura.fi\/?page_id=162#primaryimage\"},\"datePublished\":\"2014-03-05T17:22:26+00:00\",\"dateModified\":\"2017-05-30T04:19:43+00:00\",\"breadcrumb\":{\"@id\":\"https:\/\/kivennapaseura.fi\/?page_id=162#breadcrumb\"},\"inLanguage\":\"fi\",\"potentialAction\":[{\"@type\":\"ReadAction\",\"target\":[\"https:\/\/kivennapaseura.fi\/?page_id=162\"]}]},{\"@type\":\"BreadcrumbList\",\"@id\":\"https:\/\/kivennapaseura.fi\/?page_id=162#breadcrumb\",\"itemListElement\":[{\"@type\":\"ListItem\",\"position\":1,\"name\":\"Etusivu\",\"item\":\"https:\/\/kivennapaseura.fi\/\"},{\"@type\":\"ListItem\",\"position\":2,\"name\":\"Kulttuurihenkil\u00f6it\u00e4\"}]}]}<\/script>\n<!-- \/ Yoast SEO plugin. -->","yoast_head_json":{"title":"Kulttuurihenkil\u00f6it\u00e4 - Kivennapaseura","robots":{"index":"index","follow":"follow","max-snippet":"max-snippet:-1","max-image-preview":"max-image-preview:large","max-video-preview":"max-video-preview:-1"},"canonical":"https:\/\/kivennapaseura.fi\/?page_id=162","og_locale":"fi_FI","og_type":"article","og_title":"Kulttuurihenkil\u00f6it\u00e4 - Kivennapaseura","og_description":"Etel\u00e4isen Kannaksen fantastinen luonto, hyv\u00e4t liikenneyhteydet, pitk\u00e4 kulttuuriperinne id\u00e4n ja l\u00e4nnen kohtauspaikkana sek\u00e4 taloudellinen vauraus loivat perustan monipuoliselle kulttuurin kukoistukselle. Kivennapaa ja naapuripit\u00e4j\u00e4\u00e4, Etel\u00e4-Kannaksen kansainv\u00e4list\u00e4 \u201dmetropolia\u201d Terijokea, voidaan hyv\u00e4ll\u00e4 syyll\u00e4 kutsua Kannaksen kulttuurin kehdoksi. Kulttuurihenkil\u00f6iden kes\u00e4nviettotapaamiset huviloilla, kirjailijapiirit ja muu yhteydenpito olivat osoituksena vire\u00e4st\u00e4 vuorovaikutuksesta ajan hengess\u00e4. Valtakunnan tasolla Kivennavan tunnetuimmat kulttuurihenkil\u00f6t olivat kirjailija Olavi &hellip; Kulttuurihenkil\u00f6it\u00e4 Lue lis\u00e4\u00e4 &raquo;","og_url":"https:\/\/kivennapaseura.fi\/?page_id=162","og_site_name":"Kivennapaseura","article_modified_time":"2017-05-30T04:19:43+00:00","og_image":[{"url":"http:\/\/whm14.louhi.net\/~kivennap\/wp-content\/uploads\/2014\/03\/Olavi_Paavolainen.png"}],"twitter_card":"summary_large_image","twitter_misc":{"Arvioitu lukuaika":"2 minuuttia"},"schema":{"@context":"https:\/\/schema.org","@graph":[{"@type":"WebSite","@id":"https:\/\/kivennapaseura.fi\/#website","url":"https:\/\/kivennapaseura.fi\/","name":"Kivennapaseura","description":"Kivennapaseuran kotisivut","potentialAction":[{"@type":"SearchAction","target":{"@type":"EntryPoint","urlTemplate":"https:\/\/kivennapaseura.fi\/?s={search_term_string}"},"query-input":"required name=search_term_string"}],"inLanguage":"fi"},{"@type":"ImageObject","inLanguage":"fi","@id":"https:\/\/kivennapaseura.fi\/?page_id=162#primaryimage","url":"http:\/\/whm14.louhi.net\/~kivennap\/wp-content\/uploads\/2014\/03\/Olavi_Paavolainen.png","contentUrl":"http:\/\/whm14.louhi.net\/~kivennap\/wp-content\/uploads\/2014\/03\/Olavi_Paavolainen.png"},{"@type":"WebPage","@id":"https:\/\/kivennapaseura.fi\/?page_id=162#webpage","url":"https:\/\/kivennapaseura.fi\/?page_id=162","name":"Kulttuurihenkil\u00f6it\u00e4 - Kivennapaseura","isPartOf":{"@id":"https:\/\/kivennapaseura.fi\/#website"},"primaryImageOfPage":{"@id":"https:\/\/kivennapaseura.fi\/?page_id=162#primaryimage"},"datePublished":"2014-03-05T17:22:26+00:00","dateModified":"2017-05-30T04:19:43+00:00","breadcrumb":{"@id":"https:\/\/kivennapaseura.fi\/?page_id=162#breadcrumb"},"inLanguage":"fi","potentialAction":[{"@type":"ReadAction","target":["https:\/\/kivennapaseura.fi\/?page_id=162"]}]},{"@type":"BreadcrumbList","@id":"https:\/\/kivennapaseura.fi\/?page_id=162#breadcrumb","itemListElement":[{"@type":"ListItem","position":1,"name":"Etusivu","item":"https:\/\/kivennapaseura.fi\/"},{"@type":"ListItem","position":2,"name":"Kulttuurihenkil\u00f6it\u00e4"}]}]}},"_links":{"self":[{"href":"https:\/\/kivennapaseura.fi\/index.php?rest_route=\/wp\/v2\/pages\/162"}],"collection":[{"href":"https:\/\/kivennapaseura.fi\/index.php?rest_route=\/wp\/v2\/pages"}],"about":[{"href":"https:\/\/kivennapaseura.fi\/index.php?rest_route=\/wp\/v2\/types\/page"}],"author":[{"embeddable":true,"href":"https:\/\/kivennapaseura.fi\/index.php?rest_route=\/wp\/v2\/users\/4"}],"replies":[{"embeddable":true,"href":"https:\/\/kivennapaseura.fi\/index.php?rest_route=%2Fwp%2Fv2%2Fcomments&post=162"}],"version-history":[{"count":0,"href":"https:\/\/kivennapaseura.fi\/index.php?rest_route=\/wp\/v2\/pages\/162\/revisions"}],"wp:attachment":[{"href":"https:\/\/kivennapaseura.fi\/index.php?rest_route=%2Fwp%2Fv2%2Fmedia&parent=162"}],"curies":[{"name":"wp","href":"https:\/\/api.w.org\/{rel}","templated":true}]}}