{"id":165,"date":"2014-03-05T19:23:03","date_gmt":"2014-03-05T17:23:03","guid":{"rendered":"http:\/\/whm14.louhi.net\/~kivennap\/?page_id=165"},"modified":"2025-08-11T17:39:58","modified_gmt":"2025-08-11T14:39:58","slug":"kihut","status":"publish","type":"page","link":"https:\/\/kivennapaseura.fi\/?page_id=165","title":{"rendered":"Kuuluisat Kivennavan kihut"},"content":{"rendered":"<p><span class=\"x193iq5w xeuugli x13faqbe x1vvkbs xlh3980 xvmahel x1n0sxbx x1lliihq x1s928wv xhkezso x1gmr53x x1cpjm7i x1fgarty x1943h6x xudqn12 x3x7a5m x6prxxf xvq8zen xo1l8bm xzsf02u\" dir=\"auto\" lang=\"fi-FI\"><b>Viime vuosien kihut<\/b><\/span><\/p>\n<ul>\n<li><span class=\"x193iq5w xeuugli x13faqbe x1vvkbs xlh3980 xvmahel x1n0sxbx x1lliihq x1s928wv xhkezso x1gmr53x x1cpjm7i x1fgarty x1943h6x xudqn12 x3x7a5m x6prxxf xvq8zen xo1l8bm xzsf02u\" dir=\"auto\" lang=\"fi-FI\"><span style=\"font-size: revert;\">Kivennavan 77. kihut j\u00e4rjestettiin<\/span><span style=\"font-size: revert;\"> 10.8.2025 Kangasalla.<br \/><\/span><a href=\"https:\/\/kivennapaseura.fi\/?p=6229\">Katso kuvia kihuilta<\/a><br \/><br \/><\/span><\/li>\n<li><span class=\"x193iq5w xeuugli x13faqbe x1vvkbs xlh3980 xvmahel x1n0sxbx x1lliihq x1s928wv xhkezso x1gmr53x x1cpjm7i x1fgarty x1943h6x xudqn12 x3x7a5m x6prxxf xvq8zen xo1l8bm xzsf02u\" dir=\"auto\" lang=\"fi-FI\"><span class=\"x193iq5w xeuugli x13faqbe x1vvkbs xlh3980 xvmahel x1n0sxbx x1lliihq x1s928wv xhkezso x1gmr53x x1cpjm7i x1fgarty x1943h6x xudqn12 x3x7a5m x6prxxf xvq8zen xo1l8bm xzsf02u\" dir=\"auto\" lang=\"fi-FI\"><span style=\"font-size: revert;\">Kivennavan 76. kihut j\u00e4rjestettiin<\/span><span style=\"font-size: revert;\"> 11.8.2024 Lammilla.<br \/><\/span><a href=\"https:\/\/kivennapaseura.fi\/?p=6123\">Lue lis\u00e4\u00e4 kihujen tunnelmista kootusta tiedotteesta<\/a><br \/><br \/><\/span><\/span><\/li>\n<li><span class=\"x193iq5w xeuugli x13faqbe x1vvkbs xlh3980 xvmahel x1n0sxbx x1lliihq x1s928wv xhkezso x1gmr53x x1cpjm7i x1fgarty x1943h6x xudqn12 x3x7a5m x6prxxf xvq8zen xo1l8bm xzsf02u\" dir=\"auto\" lang=\"fi-FI\"><span class=\"x193iq5w xeuugli x13faqbe x1vvkbs xlh3980 xvmahel x1n0sxbx x1lliihq x1s928wv xhkezso x1gmr53x x1cpjm7i x1fgarty x1943h6x xudqn12 x3x7a5m x6prxxf xvq8zen xo1l8bm xzsf02u\" dir=\"auto\" lang=\"fi-FI\"><span style=\"font-size: revert; color: #050000;\">Kivennavan 75. kihut j\u00e4rjestettiin 6.8.2023 H\u00e4meenlinnassa.<br \/><\/span><a style=\"font-size: revert;\" href=\"https:\/\/kivennapaseura.fi\/?p=5839\">Lue lis\u00e4\u00e4 kihujen tunnelmista kootusta tiedotteesta<\/a><br \/><br \/><\/span><\/span><\/li>\n<li><span style=\"font-size: revert;\">Kivennavan 74. kihut j\u00e4rjestettiin 14.8.2022 P\u00e4lk\u00e4neell\u00e4.<br \/><\/span><a style=\"font-size: revert;\" href=\"https:\/\/kivennapaseura.fi\/?p=5267\">Lue lis\u00e4\u00e4 kihujen tunnelmista kootusta tiedotteesta<\/a><\/li>\n<\/ul>\n<p><strong>Miss\u00e4 muualla Kihuja on j\u00e4rjestetty?<\/strong><br \/><a href=\"https:\/\/kivennapaseura.fi\/?page_id=4938\">Tutki luetteloa kihupaikkakunnista<\/a><\/p>\n<p><strong>Kihujen taustasta<\/strong><\/p>\n<p>Kihuilla on satojen vuosien\u00a0 tausta pit\u00e4j\u00e4n v\u00e4en kokoontumisessa. Nykymuodossaan kihut eliv\u00e4t Kannaksella kukoistuskauttaan 1920- ja 1930-luvuilla. Kerran kes\u00e4ss\u00e4 pit\u00e4j\u00e4n v\u00e4ki kokoontui sankoin joukoin Kirkkom\u00e4elle. Ennen viime sotia Kivennavan asukasluku oli noin kymmenentuhatta.<\/p>\n<figure id=\"attachment_122\" aria-describedby=\"caption-attachment-122\" style=\"width: 640px\" class=\"wp-caption aligncenter\"><img loading=\"lazy\" class=\"wp-image-122 size-full\" src=\"http:\/\/whm14.louhi.net\/~kivennap\/wp-content\/uploads\/2014\/03\/kivennavan_kihut_1922.jpg\" alt=\"Kihuv\u00e4ke\u00e4 Kivennavan kirkonkyl\u00e4n raitilla 1922\" width=\"640\" height=\"454\" srcset=\"https:\/\/kivennapaseura.fi\/wp-content\/uploads\/2014\/03\/kivennavan_kihut_1922.jpg 640w, https:\/\/kivennapaseura.fi\/wp-content\/uploads\/2014\/03\/kivennavan_kihut_1922-300x212.jpg 300w\" sizes=\"(max-width: 640px) 100vw, 640px\" \/><figcaption id=\"caption-attachment-122\" class=\"wp-caption-text\">Kihuv\u00e4ke\u00e4 Kivennavan kirkonkyl\u00e4n raitilla 1922 (Kuva: Museovirasto)<\/figcaption><\/figure>\n<div class=\"entry-content\">\n<p>Kihu-sana tarkoittaa suurehkon v\u00e4kijoukon tiivist\u00e4 liikehdint\u00e4\u00e4. Juhlaseminaari, esitelm\u00e4t, musiikki, runot ja n\u00e4ytt\u00e4v\u00e4 kyl\u00e4kulkue ovat nykyp\u00e4iv\u00e4n kihuohjelmaa. Kirkkoon on menty kautta vuosien. Tuotemyyntip\u00f6ydill\u00e4 on nykyisin kyl\u00e4kirjoja, karttoja ja muuta kulttuuritarjontaa. Tuttujen tapaaminen ja menneiden muistelu on t\u00e4rke\u00e4\u00e4 etenkin vanhemmalle v\u00e4elle.<\/p>\n<p>Kivennavan kihut on nykymuodossaan pit\u00e4j\u00e4juhla. Kivennavasta ja kivennapalaisuudesta kiinnostuneet kokoontuvat kerran vuodessa kaksip\u00e4iv\u00e4iseen tapahtumaan. Sodan j\u00e4lkeen on pidetty jo 67 Kivennavan kihut per\u00e4tt\u00e4isin\u00e4 vuosina, yksik\u00e4\u00e4n vuosi ei ole viel\u00e4 j\u00e4\u00e4nyt kihuitta. Kihut kokoavat vuodesta vuoteen nykyisinkin 300-500 henkil\u00f6n osanottajajoukon. Kihut pidet\u00e4\u00e4n yleens\u00e4 paikkakunnilla, joihin suurempi m\u00e4\u00e4r\u00e4 kivennapalaisia siirtokarjalaisia muutti toisen maailmansodan j\u00e4lkeen.<\/p>\n<p>Kihujen tarkoitus on koota entisi\u00e4 kivennapalaisia ja heid\u00e4n j\u00e4lkipolviaan yhteiseen tapaamiseen. Toinen t\u00e4rke\u00e4 perusteht\u00e4v\u00e4 on yll\u00e4pit\u00e4\u00e4, vaalia ja esitell\u00e4 kivennapalaista ja karjalaista kulttuuria ja v\u00e4litt\u00e4\u00e4 sit\u00e4 kivennapalaisten j\u00e4lkipolville ja muille kiinnostuneille.<\/p>\n<p><b>Kihujen historiaa<\/b><\/p>\n<p>Kaikissa kulttuureissa ihminen on juhlia viett\u00e4m\u00e4ll\u00e4 halunnut nousta arjen yl\u00e4puolelle. Monet juhlista ovat tulleet merkitykselt\u00e4\u00e4n el\u00e4m\u00e4n merkkipaaluiksi. Ne rytmitt\u00e4v\u00e4t el\u00e4m\u00e4nkulkua ja antavat omalta osaltaan el\u00e4m\u00e4lle mielekkyytt\u00e4 ja tarkoitusta. Juhlien merkitt\u00e4vyytt\u00e4 osoittaa, ett\u00e4 niit\u00e4 kovin odotetaan, niihin valmistaudutaan huolella ja juhlia muistellaan pitk\u00e4n aikaa j\u00e4lkeenkin p\u00e4in. \u201dNe olivat ne ja ne kihut silloin ja silloin\u201d. N\u00e4ill\u00e4 kriteereill\u00e4 arvioituna Kivennavan kihut on hyvinkin merkkipaalun arvoinen karjalaisen kulttuurin juhlatapahtuma.<\/p>\n<p>Karjalan Kannakselta periytyvien kihujuhlien vuosisatainen perinne on s\u00e4ilynyt el\u00e4v\u00e4n\u00e4 nykyp\u00e4iviin asti. Kivennapaseura on tehnyt vuosikymmenien ajan arvokasta perinnety\u00f6t\u00e4. T\u00e4m\u00e4n ty\u00f6n arvo ja merkitys korostuu, kun muistetaan, ett\u00e4 ty\u00f6t\u00e4 on jo yli 70 vuoden ajan tehty muualla kuin kulttuurin varsinaisilla syntysijoilla.<\/p>\n<p>Kihuilla on uskonnollinen tausta. Juhlien kaukaista alkuvaihetta on etsitty jopa suomalaisten muinaisuskonnosta. Silloisessa maatalousyhteiskunnassa v\u00e4ki kokoontui yhteisiin tapaamisiin rukoilemaan rankkoja ukkossateita viljan kasvun edist\u00e4miseksi. Menestyst\u00e4 ja hedelm\u00e4llisyytt\u00e4 pyydettiin sek\u00e4 ihmisille ett\u00e4 karjalle.<\/p>\n<p>Uskonnollinen sis\u00e4lt\u00f6 tuli selke\u00e4sti esille vasta kristilliselle ajalle tultaessa. Katolisella ajalla kihuja vastasivat kirkolliset pyhimysjuhlat. Luterilaisessa kirkossa n\u00e4iden vietto loppui 1700-luvulla.<\/p>\n<p>Luterilaisten kihujuhlinta painottui t\u00e4m\u00e4n j\u00e4lkeen kirkkovuoden suuriin muistop\u00e4iviin, kuten p\u00e4\u00e4si\u00e4inen, helluntai, pyh\u00e4inmiestenp\u00e4iv\u00e4 ja erityisesti tietysti joulu. Yksitt\u00e4isten kirkollisten juhlapyhien merkitys kuitenkin v\u00e4heni, kun kirkkolailla vakiinnutettiin kansan s\u00e4\u00e4nn\u00f6llinen ja jatkuva kirkossak\u00e4ynti.<\/p>\n<p>Karjalan Kannaksella luterilaisten perinteiset pit\u00e4j\u00e4npyh\u00e4t muuttuivat sittemmin kihupyhiksi. Kirkkopyhimysten muistop\u00e4ivien kalenterin tilalle tuli kihupyh\u00e4kalenteri. Ortodoksit vastaavasti viettiv\u00e4t praasniekkoja.<\/p>\n<p>Kihupyh\u00e4kalenteriin merkityt juhlat aloitettiin Kolminaisuudenp\u00e4iv\u00e4st\u00e4 (Is\u00e4, Poika ja Pyh\u00e4 Henki). T\u00e4m\u00e4 p\u00e4iv\u00e4 oli ensimm\u00e4inen sunnuntai helluntain j\u00e4lkeen. Kihupyh\u00e4kalenterissa oli kullekin pit\u00e4j\u00e4lle oma kihujuhlap\u00e4iv\u00e4ns\u00e4. Kivennavan kihupyh\u00e4 oli 10. sunnuntaina Kolminaisuuden j\u00e4lkeen.<\/p>\n<p>Kihujen kirkollinen luonne alkoi sittemmin maallistua, kuten on k\u00e4ynyt monelle muullekin alkujaan uskonnolliselle tapahtumalle. Mukaan tuli markkinahumua ja kaupustelu aloitettiin jo heti juhlap\u00e4iv\u00e4n aamuna. Myyjill\u00e4 oli kirkonm\u00e4ell\u00e4 tarjolla esimerkiksi limonadia, tupakkaa, tulitikkuja, jojopalloja ja paperikukkia. Myynniss\u00e4 oli my\u00f6s katajaolutta ja omenia k\u00e4\u00e4reiss\u00e4\u00e4n. Hevosiakin kaupattiin ja vaihdettiin samoin kuin satuloita ja kulkusia.<\/p>\n<figure id=\"attachment_2645\" aria-describedby=\"caption-attachment-2645\" style=\"width: 640px\" class=\"wp-caption aligncenter\"><img loading=\"lazy\" class=\"size-full wp-image-2645\" src=\"http:\/\/whm14.louhi.net\/~kivennap\/wp-content\/uploads\/2014\/03\/Kihut.jpg\" alt=\"\" width=\"640\" height=\"416\" srcset=\"https:\/\/kivennapaseura.fi\/wp-content\/uploads\/2014\/03\/Kihut.jpg 640w, https:\/\/kivennapaseura.fi\/wp-content\/uploads\/2014\/03\/Kihut-300x195.jpg 300w, https:\/\/kivennapaseura.fi\/wp-content\/uploads\/2014\/03\/Kihut-510x332.jpg 510w, https:\/\/kivennapaseura.fi\/wp-content\/uploads\/2014\/03\/Kihut-138x90.jpg 138w\" sizes=\"(max-width: 640px) 100vw, 640px\" \/><figcaption id=\"caption-attachment-2645\" class=\"wp-caption-text\">Kihut Kivennavan kirkonkyl\u00e4ss\u00e4 1920 &#8211; 30-luvulla (Kuva: Museovirasto, Historian kuvakokoelma)<\/figcaption><\/figure>\n<p>Juhlaohjelmaan sis\u00e4ltyi torvisoittoa, puheita, lauluja, kilpailuja, piirileikki\u00e4 ja jopa tanssia. Kirkonmenot olivat toki edelleenkin keskeisell\u00e4 sijalla. Osa papeista paheksui markkinameiningin vuoksi kihuja. Kansaa kuitenkin juhlissa riitti ja perinne jatkui.<\/p>\n<p>Kihuihin ker\u00e4\u00e4ntyi paljon nuorisoa kuljeskelemaan kirkonraitille. Sek\u00e4 luterilaisten kihuissa ett\u00e4 ortodoksien praasniekoissa nuoret haeskelivat my\u00f6s sit\u00e4 \u201doikeaa\u201d ja kosintojakin tehtiin. Kihut eliv\u00e4t kukoistusaikaansa 1800-luvun lopulla ja 1900-luvun alkupuolella. Perinne jatkui etel\u00e4isell\u00e4 Kannaksella aina 1930-luvun loppuvuosille ja sotien alkuun asti.<\/p>\n<p><b>\u201dTaasha my\u00f6s tavattii\u201d \u2013 pit\u00e4j\u00e4juhlat sotien j\u00e4lkeen<\/b><\/p>\n<p>Muutamien Kannaksella sijainneiden pit\u00e4jien pit\u00e4j\u00e4seurat ovat vaalineet kihuperinnett\u00e4 koko sotien j\u00e4lkeisen ajan. Juhlien ulkoinen muoto kirkonmenoineen, musiikkiohjelmineen ja pienimuotoisine myyntitapahtumineen muistuttaa ennen sotia pidettyjen kihujen ohjelmaa. Kihujen henkinen sis\u00e4lt\u00f6 on kuitenkin sota-ajan tapahtumista ja evakkovuosista johtuen muodostunut toisenlaiseksi.<\/p>\n<p>Heti sodanj\u00e4lkeisin\u00e4 vuosina t\u00e4rkein asia oli luonnollisesti pit\u00e4j\u00e4n entisten asukkaiden tapaaminen. Kihuissa oli vihdoin mahdollisuus n\u00e4hd\u00e4 sota-ajan melskeiss\u00e4 erilleen joutuneita yst\u00e4vi\u00e4 ja tuttavia sek\u00e4 kertoa heille uuden el\u00e4m\u00e4n kulusta. Kihujuhlat toimivat siten my\u00f6s foorumina purkaa tuttujen kesken vaikean ajan synnytt\u00e4mi\u00e4 traumoja.<\/p>\n<figure id=\"attachment_116\" aria-describedby=\"caption-attachment-116\" style=\"width: 519px\" class=\"wp-caption aligncenter\"><img loading=\"lazy\" class=\"wp-image-116 size-full\" src=\"http:\/\/whm14.louhi.net\/~kivennap\/wp-content\/uploads\/2014\/03\/Kihuohjelma-Hauholla-1948.jpg\" alt=\"Kihuohjelma Hauholla 1948\" width=\"519\" height=\"768\" srcset=\"https:\/\/kivennapaseura.fi\/wp-content\/uploads\/2014\/03\/Kihuohjelma-Hauholla-1948.jpg 519w, https:\/\/kivennapaseura.fi\/wp-content\/uploads\/2014\/03\/Kihuohjelma-Hauholla-1948-202x300.jpg 202w\" sizes=\"(max-width: 519px) 100vw, 519px\" \/><figcaption id=\"caption-attachment-116\" class=\"wp-caption-text\">Kihuohjelma Hauholla 1948<\/figcaption><\/figure>\n<p>Tuttujen tapaaminen kihuissa on nykyp\u00e4iv\u00e4n\u00e4kin varsinkin ik\u00e4\u00e4ntyneemm\u00e4lle v\u00e4est\u00f6lle t\u00e4rke\u00e4\u00e4. Kihut ovat kuitenkin yh\u00e4 enemm\u00e4n muuttumassa siirtokarjalaisten j\u00e4lkipolvien ja my\u00f6s muiden karjalaisesta kulttuurista kiinnostuneiden yhteiseksi merkitt\u00e4v\u00e4ksi kulttuuripainotteiseksi tapaamiseksi.<\/p>\n<p>Vuosien varrella on kihujen osallistujajoukko laajentunut k\u00e4sitt\u00e4m\u00e4\u00e4n useilta seuduilta kotoisin olevia ihmisi\u00e4. Aviopuolisoiden, perillisten ja muiden kiinnostuneiden osallistuessa tulee jatkumaan kehitys, jossa my\u00f6s muiden kuin karjalaista sukujuurta olevien osuus tulee kasvamaan. Vaikkakin karjalaisia juuria omaavat ihmiset tulevat varmasti tulevaisuudessakin olemaan keskeinen osallistujajoukko, niin kihujen on tarjottava monipuolisesti juhlien sis\u00e4lt\u00f6\u00e4 my\u00f6s muunlaiselle v\u00e4est\u00f6lle.<\/p>\n<p>Teksti: Ky\u00f6sti Pulliainen<\/p>\n<\/div>\n\n\n<h6>Asiasanat<\/h6>\n\n\n","protected":false},"excerpt":{"rendered":"<p>Viime vuosien kihut Kivennavan 77. kihut j\u00e4rjestettiin 10.8.2025 Kangasalla.Katso kuvia kihuilta Kivennavan 76. kihut j\u00e4rjestettiin 11.8.2024 Lammilla.Lue lis\u00e4\u00e4 kihujen tunnelmista kootusta tiedotteesta Kivennavan 75. kihut j\u00e4rjestettiin 6.8.2023 H\u00e4meenlinnassa.Lue lis\u00e4\u00e4 kihujen tunnelmista kootusta tiedotteesta Kivennavan 74. kihut j\u00e4rjestettiin 14.8.2022 P\u00e4lk\u00e4neell\u00e4.Lue lis\u00e4\u00e4 kihujen tunnelmista kootusta tiedotteesta Miss\u00e4 muualla Kihuja on j\u00e4rjestetty?Tutki luetteloa kihupaikkakunnista Kihujen taustasta Kihuilla on &hellip;<\/p>\n<p class=\"read-more\"> <a class=\"\" href=\"https:\/\/kivennapaseura.fi\/?page_id=165\"> <span class=\"screen-reader-text\">Kuuluisat Kivennavan kihut<\/span> Lue lis\u00e4\u00e4 &raquo;<\/a><\/p>\n","protected":false},"author":4,"featured_media":0,"parent":0,"menu_order":3,"comment_status":"closed","ping_status":"closed","template":"","meta":{"site-sidebar-layout":"default","site-content-layout":"default","ast-global-header-display":"","ast-main-header-display":"","ast-hfb-above-header-display":"","ast-hfb-below-header-display":"","ast-hfb-mobile-header-display":"","site-post-title":"","ast-breadcrumbs-content":"","ast-featured-img":"","footer-sml-layout":"","theme-transparent-header-meta":"","adv-header-id-meta":"","stick-header-meta":"","header-above-stick-meta":"","header-main-stick-meta":"","header-below-stick-meta":""},"yoast_head":"<!-- This site is optimized with the Yoast SEO plugin v18.8 - https:\/\/yoast.com\/wordpress\/plugins\/seo\/ -->\n<title>Kuuluisat Kivennavan kihut - Kivennapaseura<\/title>\n<meta name=\"description\" content=\"Kihuilla on satojen vuosien tausta pit\u00e4j\u00e4n v\u00e4en kokoontumisessa. Kihu-sana tarkoittaa suurehkon v\u00e4kijoukon tiivist\u00e4 liikehdint\u00e4\u00e4.\" \/>\n<meta name=\"robots\" content=\"index, follow, max-snippet:-1, max-image-preview:large, max-video-preview:-1\" \/>\n<link rel=\"canonical\" href=\"https:\/\/kivennapaseura.fi\/?page_id=165\" \/>\n<meta property=\"og:locale\" content=\"fi_FI\" \/>\n<meta property=\"og:type\" content=\"article\" \/>\n<meta property=\"og:title\" content=\"Kuuluisat Kivennavan kihut - Kivennapaseura\" \/>\n<meta property=\"og:description\" content=\"Kihuilla on satojen vuosien tausta pit\u00e4j\u00e4n v\u00e4en kokoontumisessa. Kihu-sana tarkoittaa suurehkon v\u00e4kijoukon tiivist\u00e4 liikehdint\u00e4\u00e4.\" \/>\n<meta property=\"og:url\" content=\"https:\/\/kivennapaseura.fi\/?page_id=165\" \/>\n<meta property=\"og:site_name\" content=\"Kivennapaseura\" \/>\n<meta property=\"article:modified_time\" content=\"2025-08-11T14:39:58+00:00\" \/>\n<meta property=\"og:image\" content=\"http:\/\/kivennapaseura.fi\/wp-content\/uploads\/2014\/03\/kivennavan_kihut_1922.jpg\" \/>\n\t<meta property=\"og:image:width\" content=\"640\" \/>\n\t<meta property=\"og:image:height\" content=\"454\" \/>\n\t<meta property=\"og:image:type\" content=\"image\/jpeg\" \/>\n<meta name=\"twitter:card\" content=\"summary_large_image\" \/>\n<meta name=\"twitter:image\" content=\"https:\/\/kivennapaseura.fi\/wp-content\/uploads\/2014\/03\/kivennavan_kihut_19221.jpg\" \/>\n<meta name=\"twitter:label1\" content=\"Arvioitu lukuaika\" \/>\n\t<meta name=\"twitter:data1\" content=\"6 minuuttia\" \/>\n<script type=\"application\/ld+json\" class=\"yoast-schema-graph\">{\"@context\":\"https:\/\/schema.org\",\"@graph\":[{\"@type\":\"WebSite\",\"@id\":\"https:\/\/kivennapaseura.fi\/#website\",\"url\":\"https:\/\/kivennapaseura.fi\/\",\"name\":\"Kivennapaseura\",\"description\":\"Kivennapaseuran kotisivut\",\"potentialAction\":[{\"@type\":\"SearchAction\",\"target\":{\"@type\":\"EntryPoint\",\"urlTemplate\":\"https:\/\/kivennapaseura.fi\/?s={search_term_string}\"},\"query-input\":\"required name=search_term_string\"}],\"inLanguage\":\"fi\"},{\"@type\":\"ImageObject\",\"inLanguage\":\"fi\",\"@id\":\"https:\/\/kivennapaseura.fi\/?page_id=165#primaryimage\",\"url\":\"https:\/\/kivennapaseura.fi\/wp-content\/uploads\/2014\/03\/kivennavan_kihut_1922.jpg\",\"contentUrl\":\"https:\/\/kivennapaseura.fi\/wp-content\/uploads\/2014\/03\/kivennavan_kihut_1922.jpg\",\"width\":640,\"height\":454,\"caption\":\"Kihuv\u00e4ke\u00e4 Kivennavan kirkonkyl\u00e4n raitilla 1922\"},{\"@type\":\"WebPage\",\"@id\":\"https:\/\/kivennapaseura.fi\/?page_id=165#webpage\",\"url\":\"https:\/\/kivennapaseura.fi\/?page_id=165\",\"name\":\"Kuuluisat Kivennavan kihut - Kivennapaseura\",\"isPartOf\":{\"@id\":\"https:\/\/kivennapaseura.fi\/#website\"},\"primaryImageOfPage\":{\"@id\":\"https:\/\/kivennapaseura.fi\/?page_id=165#primaryimage\"},\"datePublished\":\"2014-03-05T17:23:03+00:00\",\"dateModified\":\"2025-08-11T14:39:58+00:00\",\"description\":\"Kihuilla on satojen vuosien tausta pit\u00e4j\u00e4n v\u00e4en kokoontumisessa. Kihu-sana tarkoittaa suurehkon v\u00e4kijoukon tiivist\u00e4 liikehdint\u00e4\u00e4.\",\"breadcrumb\":{\"@id\":\"https:\/\/kivennapaseura.fi\/?page_id=165#breadcrumb\"},\"inLanguage\":\"fi\",\"potentialAction\":[{\"@type\":\"ReadAction\",\"target\":[\"https:\/\/kivennapaseura.fi\/?page_id=165\"]}]},{\"@type\":\"BreadcrumbList\",\"@id\":\"https:\/\/kivennapaseura.fi\/?page_id=165#breadcrumb\",\"itemListElement\":[{\"@type\":\"ListItem\",\"position\":1,\"name\":\"Etusivu\",\"item\":\"https:\/\/kivennapaseura.fi\/\"},{\"@type\":\"ListItem\",\"position\":2,\"name\":\"Kuuluisat Kivennavan kihut\"}]}]}<\/script>\n<!-- \/ Yoast SEO plugin. -->","yoast_head_json":{"title":"Kuuluisat Kivennavan kihut - Kivennapaseura","description":"Kihuilla on satojen vuosien tausta pit\u00e4j\u00e4n v\u00e4en kokoontumisessa. Kihu-sana tarkoittaa suurehkon v\u00e4kijoukon tiivist\u00e4 liikehdint\u00e4\u00e4.","robots":{"index":"index","follow":"follow","max-snippet":"max-snippet:-1","max-image-preview":"max-image-preview:large","max-video-preview":"max-video-preview:-1"},"canonical":"https:\/\/kivennapaseura.fi\/?page_id=165","og_locale":"fi_FI","og_type":"article","og_title":"Kuuluisat Kivennavan kihut - Kivennapaseura","og_description":"Kihuilla on satojen vuosien tausta pit\u00e4j\u00e4n v\u00e4en kokoontumisessa. Kihu-sana tarkoittaa suurehkon v\u00e4kijoukon tiivist\u00e4 liikehdint\u00e4\u00e4.","og_url":"https:\/\/kivennapaseura.fi\/?page_id=165","og_site_name":"Kivennapaseura","article_modified_time":"2025-08-11T14:39:58+00:00","og_image":[{"width":640,"height":454,"url":"http:\/\/kivennapaseura.fi\/wp-content\/uploads\/2014\/03\/kivennavan_kihut_1922.jpg","type":"image\/jpeg"}],"twitter_card":"summary_large_image","twitter_image":"https:\/\/kivennapaseura.fi\/wp-content\/uploads\/2014\/03\/kivennavan_kihut_19221.jpg","twitter_misc":{"Arvioitu lukuaika":"6 minuuttia"},"schema":{"@context":"https:\/\/schema.org","@graph":[{"@type":"WebSite","@id":"https:\/\/kivennapaseura.fi\/#website","url":"https:\/\/kivennapaseura.fi\/","name":"Kivennapaseura","description":"Kivennapaseuran kotisivut","potentialAction":[{"@type":"SearchAction","target":{"@type":"EntryPoint","urlTemplate":"https:\/\/kivennapaseura.fi\/?s={search_term_string}"},"query-input":"required name=search_term_string"}],"inLanguage":"fi"},{"@type":"ImageObject","inLanguage":"fi","@id":"https:\/\/kivennapaseura.fi\/?page_id=165#primaryimage","url":"https:\/\/kivennapaseura.fi\/wp-content\/uploads\/2014\/03\/kivennavan_kihut_1922.jpg","contentUrl":"https:\/\/kivennapaseura.fi\/wp-content\/uploads\/2014\/03\/kivennavan_kihut_1922.jpg","width":640,"height":454,"caption":"Kihuv\u00e4ke\u00e4 Kivennavan kirkonkyl\u00e4n raitilla 1922"},{"@type":"WebPage","@id":"https:\/\/kivennapaseura.fi\/?page_id=165#webpage","url":"https:\/\/kivennapaseura.fi\/?page_id=165","name":"Kuuluisat Kivennavan kihut - Kivennapaseura","isPartOf":{"@id":"https:\/\/kivennapaseura.fi\/#website"},"primaryImageOfPage":{"@id":"https:\/\/kivennapaseura.fi\/?page_id=165#primaryimage"},"datePublished":"2014-03-05T17:23:03+00:00","dateModified":"2025-08-11T14:39:58+00:00","description":"Kihuilla on satojen vuosien tausta pit\u00e4j\u00e4n v\u00e4en kokoontumisessa. Kihu-sana tarkoittaa suurehkon v\u00e4kijoukon tiivist\u00e4 liikehdint\u00e4\u00e4.","breadcrumb":{"@id":"https:\/\/kivennapaseura.fi\/?page_id=165#breadcrumb"},"inLanguage":"fi","potentialAction":[{"@type":"ReadAction","target":["https:\/\/kivennapaseura.fi\/?page_id=165"]}]},{"@type":"BreadcrumbList","@id":"https:\/\/kivennapaseura.fi\/?page_id=165#breadcrumb","itemListElement":[{"@type":"ListItem","position":1,"name":"Etusivu","item":"https:\/\/kivennapaseura.fi\/"},{"@type":"ListItem","position":2,"name":"Kuuluisat Kivennavan kihut"}]}]}},"_links":{"self":[{"href":"https:\/\/kivennapaseura.fi\/index.php?rest_route=\/wp\/v2\/pages\/165"}],"collection":[{"href":"https:\/\/kivennapaseura.fi\/index.php?rest_route=\/wp\/v2\/pages"}],"about":[{"href":"https:\/\/kivennapaseura.fi\/index.php?rest_route=\/wp\/v2\/types\/page"}],"author":[{"embeddable":true,"href":"https:\/\/kivennapaseura.fi\/index.php?rest_route=\/wp\/v2\/users\/4"}],"replies":[{"embeddable":true,"href":"https:\/\/kivennapaseura.fi\/index.php?rest_route=%2Fwp%2Fv2%2Fcomments&post=165"}],"version-history":[{"count":19,"href":"https:\/\/kivennapaseura.fi\/index.php?rest_route=\/wp\/v2\/pages\/165\/revisions"}],"predecessor-version":[{"id":6245,"href":"https:\/\/kivennapaseura.fi\/index.php?rest_route=\/wp\/v2\/pages\/165\/revisions\/6245"}],"wp:attachment":[{"href":"https:\/\/kivennapaseura.fi\/index.php?rest_route=%2Fwp%2Fv2%2Fmedia&parent=165"}],"curies":[{"name":"wp","href":"https:\/\/api.w.org\/{rel}","templated":true}]}}