{"id":168,"date":"2014-03-05T19:23:47","date_gmt":"2014-03-05T17:23:47","guid":{"rendered":"http:\/\/whm14.louhi.net\/~kivennap\/?page_id=168"},"modified":"2023-05-28T19:29:58","modified_gmt":"2023-05-28T16:29:58","slug":"kivennavan-kylat","status":"publish","type":"page","link":"https:\/\/kivennapaseura.fi\/?page_id=168","title":{"rendered":"Kivennavan kyl\u00e4t ja kyl\u00e4kirjat"},"content":{"rendered":"<p>Kivennavalla oli 52 kyl\u00e4\u00e4. Nykyisin monista n\u00e4iss\u00e4 on varsin v\u00e4h\u00e4n pysyv\u00e4\u00e4 asutusta ja el\u00e4m\u00e4\u00e4. Joitain peltoja viljell\u00e4\u00e4n, huonoja teit\u00e4 kuljetaan, j\u00e4ttiukonputket valtaavat tilaa. Vauras pietarilainen v\u00e4est\u00f6nosa on my\u00f6s l\u00f6yt\u00e4nyt monesti huvilalleen rauhaisan paikan n\u00e4ist\u00e4 osin autioituneilta seuduilta. Kotiseutumatkailijat liikkuvat kes\u00e4isin n\u00e4iss\u00e4 maisemissa juuriaan etsien ja menneit\u00e4 muistellen.<\/p>\n<figure id=\"attachment_337\" aria-describedby=\"caption-attachment-337\" style=\"width: 300px\" class=\"wp-caption aligncenter\"><a href=\"http:\/\/kivennapaseura.fi\/wp-content\/uploads\/2014\/03\/Ronnunkyla.gif\"><img loading=\"lazy\" class=\"wp-image-337 size-medium\" src=\"http:\/\/kivennapaseura.fi\/wp-content\/uploads\/2014\/03\/Ronnunkyla-300x160.gif\" alt=\"\" width=\"300\" height=\"160\" \/><\/a><figcaption id=\"caption-attachment-337\" class=\"wp-caption-text\"><em>Ronnunkyl\u00e4\u00e4 nyky\u00e4\u00e4n. Kuva: Raija Levo<\/em><\/figcaption><\/figure>\n<p>Kivennavan kylist\u00e4 monet tuhoutuivat talvisodan ja varsinkin jatkosodan jaloissa. N\u00e4it\u00e4 olivat ainakin Kanala, Korpikyl\u00e4, Multala, R\u00e4ikyl\u00e4, Saarenmaa, Siiranm\u00e4ki, Soppikyl\u00e4, Suurselk\u00e4l\u00e4, Tirttula ja Vanhakyl\u00e4. Osa sotatoimien sivuun j\u00e4\u00e4neist\u00e4 kylist\u00e4 s\u00e4ilyi kuitenkin koskemattomina. Vasta sodanj\u00e4lkeinen alueen asuttaminen tuhosi ne. Vanhan kannakselaisen kyl\u00e4maiseman h\u00e4vitti toisenlainen ideologia ja yhteiskuntaj\u00e4rjestys ja erilaiset k\u00e4sitykset maanviljelyst\u00e4, maank\u00e4yt\u00f6st\u00e4 ja asumisesta.<\/p>\n<p>Samaan aikaan kun kivennapalaisia talvisodan j\u00e4lkeen asutettiin sijoituskuntiinsa, Kannasta asutettiin my\u00f6s. Suunnitelmat eiv\u00e4t kuitenkaan toteutuneet, sill\u00e4 halukkaita muuttoon ei tahtonut l\u00f6yty\u00e4, my\u00f6s neuvostoliittolaiset perheet halusivat asua juurillaan.<\/p>\n<p>T\u00e4rke\u00e4 syy oli my\u00f6s se, ett\u00e4 talot olivat v\u00e4\u00e4riss\u00e4 paikoissa. Erilliset talot viljelysten keskell\u00e4 eiv\u00e4t olleet sopusoinnussa sen kanssa mit\u00e4 neuvostoliittolaiset ajattelivat maataloudesta. Sellainen maatalouden harjoittaminen toisi suuria vaikeuksia kolhoosien tuotannon johtamiseen. Olisi ollut vaikeata my\u00f6s yll\u00e4pit\u00e4\u00e4 kolhoosien yhteiskunnallista teht\u00e4v\u00e4\u00e4 ja kulttuuriel\u00e4m\u00e4\u00e4. (Tikka ym. 2002, s. 23 \u2013 24, 31.)<\/p>\n<p>T\u00e4m\u00e4n vuoksi m\u00e4\u00e4r\u00e4ttiin, ett\u00e4 rakennukset oli siirrett\u00e4v\u00e4 kolhoosien ja sovhoosien keskustoihin. Joskus vain purkaminen ja siirt\u00e4minen onnistui, sill\u00e4 pula ammattitaitoisesta ty\u00f6voimasta esti ja hillitsi rakennusten pystytt\u00e4mist\u00e4 ja k\u00e4ytt\u00f6\u00f6nottoa uusilla paikoilla. Sota vei Kivennavan uudisasukkaat taas evakkoon, ja me palasimme.<\/p>\n<p>Kivennavankin kyli\u00e4 alettiin asuttaa taas sodan j\u00e4lkeen vuonna 1945. Se sujui hitaasti, mit\u00e4\u00e4n kiirett\u00e4 ei ollut. Joillain alueilla rakennuskanta ja muu infrastruktuuri olivat hyv\u00e4ss\u00e4 kunnossa. Tulokkaiden joukossa oli my\u00f6s paluumuuttajia, heit\u00e4 jotka olivat asuneet alueella jo vuosina 1940\u201341. Heit\u00e4 \u00e4llistytti se, ett\u00e4 suomalaiset olivat siirt\u00e4neet heid\u00e4n kyl\u00e4n keskelle siirt\u00e4m\u00e4ns\u00e4 talot takaisin alkuper\u00e4isille paikoilleen. (Hakamies 2005, s. 104.) Vaikka talot olivat hyvi\u00e4 ja niit\u00e4 kiiteltiin, ne eiv\u00e4t kaikkialla nytk\u00e4\u00e4n sopineet suunnitelmiin eiv\u00e4tk\u00e4 tulijoiden tarpeisiin.<\/p>\n<p>Monissa kyliss\u00e4 aloitettiin asuminen heti vuodesta 1945 alkaen. Suuri osa n\u00e4ist\u00e4 kylist\u00e4 autioitui kuitenkin 1950-luvulla, osa kylist\u00e4 tyhjennettiin ja osa tuhottiin \u2013 erityisen paljon niit\u00e4 kerrotaan tuhotun vuonna 1950. Kyli\u00e4 my\u00f6s yhdistettiin, esimerkiksi J\u00e4ppinen Joutselk\u00e4\u00e4n, Lavola Jalkalaan, ja asukkaita siirrettiin tuhotuista kylist\u00e4 naapurikyliin, esimerkiksi Ikolasta Kirkonkyl\u00e4\u00e4n.<\/p>\n<p>Osa kylist\u00e4 on edelleen asuttuja. Kirkonkyl\u00e4 ja Raivola ovat suuria hyvin varustettuja asutuskeskuksia. Jalkala, Joutselk\u00e4, Kaukolempi\u00e4l\u00e4, Rantakyl\u00e4 ja Sepp\u00e4l\u00e4 ovat my\u00f6s vilkkaita kyli\u00e4. V\u00e4hempien l\u00e4hipalvelujen varassa asutaan Ahj\u00e4rvell\u00e4, Lintulassa, Patrikissa, Polvisel\u00e4ll\u00e4, Rasalassa, Riihisyrj\u00e4ll\u00e4 ja Vuottaalla. Pietarin ja muun Ven\u00e4j\u00e4n uusrikkaiden datsat kohoavat my\u00f6s tuhottujen kylien liepeille omiin tiukasti aidattuihin ja nykyisen tekniikan parhaimmin v\u00e4linein vartioituihin eri\u00f6ihins\u00e4.<\/p>\n<p>Muistojen tuhoaminen on vaikeata, vaikka sit\u00e4kin on yritetty. Erityisen paljon sit\u00e4 on yritetty Kannaksella ja muualla luovutetulla alueella. Muistojen paikkoja, muistojen maisemia ja muistomerkkej\u00e4 voidaan tuhota ja on tuhottu. On my\u00f6s luotu uusia muistomerkkej\u00e4, vahvistamaan ja jopa luomaan toisenlaisia muistoja samoille paikoille samoihin maisemiin. Muistomerkki on t\u00e4rke\u00e4 asia ja hyvin valittu sana sille asialle. Muistin paikat ja muistomerkit ovat niin t\u00e4rkeit\u00e4 kollektiivisten muistojen yll\u00e4pit\u00e4jin\u00e4 ja her\u00e4tt\u00e4jin\u00e4, ett\u00e4 niit\u00e4 tuhottiin systemaattisesti. Kirkot ja hautausmaat ja historialliset muistomerkit kokivat kovan kohtalon. Niiden tilalle luotiin uusia muistin paikkoja, jotka kertoivat alueen ven\u00e4l\u00e4isest\u00e4 historiasta ja pyyhkiv\u00e4t muistoista alueen suomalaisen historian j\u00e4\u00e4nteetkin.<\/p>\n<p>Kannaksen historian ven\u00e4l\u00e4ist\u00e4minen aloitettiin maantieteellisen muistin tyhjent\u00e4misell\u00e4. Ensin kylien ja paikkojen nimet kirjoitettiin kyrillisin kirjaimin. Sitten suomalaiset paikannimet h\u00e4vitettiin vuosina 1948 \u2013 49 Neuvostoliiton korkeimman neuvoston asetuksella \u201dtarpeettomina, ep\u00e4k\u00e4yt\u00e4nn\u00f6llisin\u00e4 ja vahingollisina\u201d. Muualla luovutetulla alueella nimet s\u00e4ilyiv\u00e4t kyrillisin kirjaimin alkuper\u00e4isin\u00e4 tai vain v\u00e4h\u00e4n ven\u00e4j\u00e4ksi v\u00e4\u00e4nnettyin\u00e4. Uudet Kannaksen paikannimet kuvasivat luonnonoloja ja sijaintia tai muistuttivat sosialismin ja voittoisan puna-armeijan sankareista. Paikannimet muokkaavat muistoja kuin huomaamatta, ne arkip\u00e4iv\u00e4istyv\u00e4t helposti ja alinomaa toistettuina muuttuvat itsest\u00e4\u00e4nselvyyksiksi.<\/p>\n<p>Toinen vaihe oli Suuren Is\u00e4nmaallisen Sodan tapahtumien, uhrien ja sankareiden muistomerkkien pystytt\u00e4minen luomaan kuvaa alueen historiasta. Hyvin nopeasti syntyi vuosien 1941 \u2013 1945 taistelupaikoille muistomerkkej\u00e4, jotka aluksi pystytettiin suomalaisten muistomerkkien kivist\u00e4 ja hautakivist\u00e4. Talvisota n\u00e4kyy yh\u00e4kin olevan tyystin unohdettu. Nykykannas on t\u00e4ynn\u00e4 muitakin unohdusmerkkej\u00e4.<\/p>\n<p>Meille kivennappoisille on muutamien aktiivisten toimijoiden ansiosta avautunut mahdollisuus rakentaa omaan pit\u00e4j\u00e4\u00e4mme omia muistomerkkej\u00e4mme, kirkonm\u00e4elle merkit\u00e4 kirkon paikka ja pystytt\u00e4\u00e4 Ikuisuuden Portti, ja Siiranm\u00e4en taistelupaikalle muistokivet. Ja olemme voineet pit\u00e4\u00e4 kihujakin Kivennavalla. N\u00e4iss\u00e4 muistomerkeiss\u00e4 ovat tekstit sek\u00e4 suomeksi ett\u00e4 ven\u00e4j\u00e4ksi, Siiranm\u00e4ell\u00e4 \u201dKunnia sankareille \u2013 Slava geroii\u201d. N\u00e4m\u00e4 kiveen hakatut sanat kertovat maailman muuttumisesta, ymm\u00e4rr\u00e4mme kummallakin puolella entist\u00e4 paremmin kumpaakin osapuolta, sek\u00e4 uhreja ett\u00e4 sankareita. Kun vuoden 2009 toukokuussa k\u00e4vimme siivousmatkalla Kivennavalla, jossa juuri oli vietetty Voiton P\u00e4iv\u00e4n juhlallisuuksia, huomasimme nykykivennapalaisten tuoneen muistokukkia my\u00f6s Ikuisuuden portille ja Siiranm\u00e4en muistomerkille.<\/p>\n<p>Tilanne Kannaksella my\u00f6s muuttuu hyvin nopeasti, taloja ja huviloita rakennetaan ja asutus levi\u00e4\u00e4 ennen asumattomille alueille.<\/p>\n<figure id=\"attachment_456\" aria-describedby=\"caption-attachment-456\" style=\"width: 700px\" class=\"wp-caption aligncenter\"><img loading=\"lazy\" class=\" wp-image-456\" src=\"http:\/\/whm14.louhi.net\/~kivennap\/wp-content\/uploads\/2014\/03\/Tirttula4_sp-1024x768.jpg\" alt=\"Tirttulaan rakennetaan uutta asuinaluetta.\" width=\"700\" height=\"525\" srcset=\"https:\/\/kivennapaseura.fi\/wp-content\/uploads\/2014\/03\/Tirttula4_sp-1024x768.jpg 1024w, https:\/\/kivennapaseura.fi\/wp-content\/uploads\/2014\/03\/Tirttula4_sp-300x225.jpg 300w, https:\/\/kivennapaseura.fi\/wp-content\/uploads\/2014\/03\/Tirttula4_sp.jpg 1280w\" sizes=\"(max-width: 700px) 100vw, 700px\" \/><figcaption id=\"caption-attachment-456\" class=\"wp-caption-text\">Tirttulaan rakennetaan uutta asuinaluetta. (Kuva: Ilkka Puhalainen)<\/figcaption><\/figure>\n<p>Jo pitk\u00e4\u00e4n loppuunmyyty kirja Kivennapa kyl\u00e4st\u00e4 kyl\u00e4\u00e4n, miss\u00e4 kaikkia kyli\u00e4mme kuvattiin, ilmestyi vuonna 1987, seuraavana vuonna ilmestyi kirja kolmesta kyl\u00e4st\u00e4, Kolmikyl\u00e4st\u00e4. Viime vuosisadalla ilmestyi lis\u00e4ksi kuusi kyl\u00e4kirjaa.<\/p>\n<p>2000-luvulla tahti kiihtyi, 19 kirjaa, eniten vuonna 2008 \u2013 nelj\u00e4 kirjaa, joissa kuvattiin 13 kyl\u00e4\u00e4. Samana vuonna ilmestyi my\u00f6s koko pit\u00e4j\u00e4\u00e4 kokoavasti nykylukijoille kuvaileva Kivennapa kest\u00e4\u00e4.<\/p>\n<p>Nyt on valmiina kyl\u00e4kirjat melkein kaikista Kivennavan kylist\u00e4. Ne kertovat sivullaan l\u00e4hes 50 kyl\u00e4n tiloista, taloista, ihmisist\u00e4 ja tapahtumista. Kirkonkyl\u00e4st\u00e4, Raivolasta ja Polviselk\u00e4-Tirttulasta on jo kaksi kirjaa ja Kekrolasta jopa kolme. Tekeill\u00e4 on t\u00e4ll\u00e4 hetkell\u00e4 viel\u00e4 Siiranm\u00e4en ja Ylentel\u00e4n kirjat, jotka ovat aineistojen ker\u00e4ysvaiheessa. Ep\u00e4virallisista pienist\u00e4 kylist\u00e4 Lainoja sis\u00e4ltyy Hartosen kirjaan ja Tiilimaa Kirkonkyl\u00e4n kirjaan. En\u00e4\u00e4 puuttuu Tonterin kyl\u00e4kirja.<\/p>\n<h3><a href=\"http:\/\/kivennapaseura.fi\/wp-content\/uploads\/2023\/05\/Kivennavan_kylakirjataulukko_2023.pdf\">Kivennavan kyl\u00e4t ja kyl\u00e4kirjat -taulukko<\/a> (.pdf)<\/h3>\n<p>Saat yll\u00e4 olevasta linkist\u00e4 auki taulukon, johon kyl\u00e4kohtaiset tiedot on koonnut<span style=\"font-size: revert; color: #050000; background-color: var(--ast-global-color-5);\">\u00a0Ky\u00f6sti Pulliainen. Kyl\u00e4kirjatilanteen ovat koostaneet Helli Taponen, Ky\u00f6sti Pulliainen ja Kauko \u00c4ik\u00e4s. <\/span><span style=\"font-size: revert; background-color: var(--ast-global-color-5);\">Raija Levo on p\u00e4ivitt\u00e4nyt tiedot niin kylien nykytilanteesta, kuin kyl\u00e4kirjojen tiedoistakin vuonna 2023.<\/span><\/p>\n<p><span style=\"font-size: revert; background-color: var(--ast-global-color-5);\">Monilla teist\u00e4 on varmasti lis\u00e4tietoja omien kylienne, ja muidenkin nykytilasta. Te olette k\u00e4yneet kotikyliss\u00e4nne jo vuosien ajan ja tehneet havaintoja kyl\u00e4n muuttumisesta. Voitte ilmoittaa tiedoistanne levoraija(at)gmail.com<\/span><\/p>\n<p><span style=\"font-size: revert; background-color: var(--ast-global-color-5);\">Googlen karttapalvelu toimii my\u00f6s Ven\u00e4j\u00e4ll\u00e4 ja yleisten teiden ja isompien taajamien osalta on n\u00e4ht\u00e4viss\u00e4 jo katu- ja tien\u00e4kym\u00e4. N\u00e4in ollen joidenkin kylien, kuten esimerkiksi Kirkonkyl\u00e4, nykyist\u00e4 kyl\u00e4raittia voi tarkastella internetiss\u00e4 googlemapsin kautta.<\/span><\/p>\n<p><span style=\"font-size: revert; background-color: var(--ast-global-color-5);\">Loppuunmyytyj\u00e4 kirjoja voi etsi\u00e4 esim. Antivariaateista ja kirjastoista. Entiset Kivennapalaiset ry puheenjohtaja Seppo Henttinen yll\u00e4pit\u00e4\u00e4 my\u00f6s Kivennapalaisten kirjojen myynti\u00e4. H\u00e4nelt\u00e4 voi tiedustella kirjoja p. 0400856643.<\/span><\/p>\n<p><span style=\"font-size: revert; background-color: var(--ast-global-color-5);\">Kannattaa tiedustella my\u00f6s sosiaalisessa mediassa, esim. Facebook Kivennaparyhm\u00e4ss\u00e4<\/span><\/p>\n","protected":false},"excerpt":{"rendered":"<p>Kivennavalla oli 52 kyl\u00e4\u00e4. Nykyisin monista n\u00e4iss\u00e4 on varsin v\u00e4h\u00e4n pysyv\u00e4\u00e4 asutusta ja el\u00e4m\u00e4\u00e4. Joitain peltoja viljell\u00e4\u00e4n, huonoja teit\u00e4 kuljetaan, j\u00e4ttiukonputket valtaavat tilaa. Vauras pietarilainen v\u00e4est\u00f6nosa on my\u00f6s l\u00f6yt\u00e4nyt monesti huvilalleen rauhaisan paikan n\u00e4ist\u00e4 osin autioituneilta seuduilta. Kotiseutumatkailijat liikkuvat kes\u00e4isin n\u00e4iss\u00e4 maisemissa juuriaan etsien ja menneit\u00e4 muistellen. Kivennavan kylist\u00e4 monet tuhoutuivat talvisodan ja varsinkin jatkosodan &hellip;<\/p>\n<p class=\"read-more\"> <a class=\"\" href=\"https:\/\/kivennapaseura.fi\/?page_id=168\"> <span class=\"screen-reader-text\">Kivennavan kyl\u00e4t ja kyl\u00e4kirjat<\/span> Lue lis\u00e4\u00e4 &raquo;<\/a><\/p>\n","protected":false},"author":4,"featured_media":0,"parent":0,"menu_order":5,"comment_status":"closed","ping_status":"closed","template":"","meta":{"site-sidebar-layout":"default","site-content-layout":"default","ast-global-header-display":"","ast-main-header-display":"","ast-hfb-above-header-display":"","ast-hfb-below-header-display":"","ast-hfb-mobile-header-display":"","site-post-title":"","ast-breadcrumbs-content":"","ast-featured-img":"","footer-sml-layout":"","theme-transparent-header-meta":"","adv-header-id-meta":"","stick-header-meta":"","header-above-stick-meta":"","header-main-stick-meta":"","header-below-stick-meta":""},"yoast_head":"<!-- This site is optimized with the Yoast SEO plugin v18.8 - https:\/\/yoast.com\/wordpress\/plugins\/seo\/ -->\n<title>Kivennavan kyl\u00e4t ja kyl\u00e4kirjat - Kivennapaseura<\/title>\n<meta name=\"robots\" content=\"index, follow, max-snippet:-1, max-image-preview:large, max-video-preview:-1\" \/>\n<link rel=\"canonical\" href=\"https:\/\/kivennapaseura.fi\/?page_id=168\" \/>\n<meta property=\"og:locale\" content=\"fi_FI\" \/>\n<meta property=\"og:type\" content=\"article\" \/>\n<meta property=\"og:title\" content=\"Kivennavan kyl\u00e4t ja kyl\u00e4kirjat - Kivennapaseura\" \/>\n<meta property=\"og:description\" content=\"Kivennavalla oli 52 kyl\u00e4\u00e4. Nykyisin monista n\u00e4iss\u00e4 on varsin v\u00e4h\u00e4n pysyv\u00e4\u00e4 asutusta ja el\u00e4m\u00e4\u00e4. Joitain peltoja viljell\u00e4\u00e4n, huonoja teit\u00e4 kuljetaan, j\u00e4ttiukonputket valtaavat tilaa. Vauras pietarilainen v\u00e4est\u00f6nosa on my\u00f6s l\u00f6yt\u00e4nyt monesti huvilalleen rauhaisan paikan n\u00e4ist\u00e4 osin autioituneilta seuduilta. Kotiseutumatkailijat liikkuvat kes\u00e4isin n\u00e4iss\u00e4 maisemissa juuriaan etsien ja menneit\u00e4 muistellen. Kivennavan kylist\u00e4 monet tuhoutuivat talvisodan ja varsinkin jatkosodan &hellip; Kivennavan kyl\u00e4t ja kyl\u00e4kirjat Lue lis\u00e4\u00e4 &raquo;\" \/>\n<meta property=\"og:url\" content=\"https:\/\/kivennapaseura.fi\/?page_id=168\" \/>\n<meta property=\"og:site_name\" content=\"Kivennapaseura\" \/>\n<meta property=\"article:modified_time\" content=\"2023-05-28T16:29:58+00:00\" \/>\n<meta property=\"og:image\" content=\"http:\/\/kivennapaseura.fi\/wp-content\/uploads\/2014\/03\/Ronnunkyla-300x160.gif\" \/>\n<meta name=\"twitter:card\" content=\"summary_large_image\" \/>\n<meta name=\"twitter:label1\" content=\"Arvioitu lukuaika\" \/>\n\t<meta name=\"twitter:data1\" content=\"7 minuuttia\" \/>\n<script type=\"application\/ld+json\" class=\"yoast-schema-graph\">{\"@context\":\"https:\/\/schema.org\",\"@graph\":[{\"@type\":\"WebSite\",\"@id\":\"https:\/\/kivennapaseura.fi\/#website\",\"url\":\"https:\/\/kivennapaseura.fi\/\",\"name\":\"Kivennapaseura\",\"description\":\"Kivennapaseuran kotisivut\",\"potentialAction\":[{\"@type\":\"SearchAction\",\"target\":{\"@type\":\"EntryPoint\",\"urlTemplate\":\"https:\/\/kivennapaseura.fi\/?s={search_term_string}\"},\"query-input\":\"required name=search_term_string\"}],\"inLanguage\":\"fi\"},{\"@type\":\"ImageObject\",\"inLanguage\":\"fi\",\"@id\":\"https:\/\/kivennapaseura.fi\/?page_id=168#primaryimage\",\"url\":\"https:\/\/kivennapaseura.fi\/wp-content\/uploads\/2014\/03\/Ronnunkyla.gif\",\"contentUrl\":\"https:\/\/kivennapaseura.fi\/wp-content\/uploads\/2014\/03\/Ronnunkyla.gif\",\"width\":500,\"height\":267,\"caption\":\"Ronnunkyl\u00e4\u00e4 nyky\u00e4\u00e4n (Kuva: Raija Levo)\"},{\"@type\":\"WebPage\",\"@id\":\"https:\/\/kivennapaseura.fi\/?page_id=168#webpage\",\"url\":\"https:\/\/kivennapaseura.fi\/?page_id=168\",\"name\":\"Kivennavan kyl\u00e4t ja kyl\u00e4kirjat - Kivennapaseura\",\"isPartOf\":{\"@id\":\"https:\/\/kivennapaseura.fi\/#website\"},\"primaryImageOfPage\":{\"@id\":\"https:\/\/kivennapaseura.fi\/?page_id=168#primaryimage\"},\"datePublished\":\"2014-03-05T17:23:47+00:00\",\"dateModified\":\"2023-05-28T16:29:58+00:00\",\"breadcrumb\":{\"@id\":\"https:\/\/kivennapaseura.fi\/?page_id=168#breadcrumb\"},\"inLanguage\":\"fi\",\"potentialAction\":[{\"@type\":\"ReadAction\",\"target\":[\"https:\/\/kivennapaseura.fi\/?page_id=168\"]}]},{\"@type\":\"BreadcrumbList\",\"@id\":\"https:\/\/kivennapaseura.fi\/?page_id=168#breadcrumb\",\"itemListElement\":[{\"@type\":\"ListItem\",\"position\":1,\"name\":\"Etusivu\",\"item\":\"https:\/\/kivennapaseura.fi\/\"},{\"@type\":\"ListItem\",\"position\":2,\"name\":\"Kivennavan kyl\u00e4t ja kyl\u00e4kirjat\"}]}]}<\/script>\n<!-- \/ Yoast SEO plugin. -->","yoast_head_json":{"title":"Kivennavan kyl\u00e4t ja kyl\u00e4kirjat - Kivennapaseura","robots":{"index":"index","follow":"follow","max-snippet":"max-snippet:-1","max-image-preview":"max-image-preview:large","max-video-preview":"max-video-preview:-1"},"canonical":"https:\/\/kivennapaseura.fi\/?page_id=168","og_locale":"fi_FI","og_type":"article","og_title":"Kivennavan kyl\u00e4t ja kyl\u00e4kirjat - Kivennapaseura","og_description":"Kivennavalla oli 52 kyl\u00e4\u00e4. Nykyisin monista n\u00e4iss\u00e4 on varsin v\u00e4h\u00e4n pysyv\u00e4\u00e4 asutusta ja el\u00e4m\u00e4\u00e4. Joitain peltoja viljell\u00e4\u00e4n, huonoja teit\u00e4 kuljetaan, j\u00e4ttiukonputket valtaavat tilaa. Vauras pietarilainen v\u00e4est\u00f6nosa on my\u00f6s l\u00f6yt\u00e4nyt monesti huvilalleen rauhaisan paikan n\u00e4ist\u00e4 osin autioituneilta seuduilta. Kotiseutumatkailijat liikkuvat kes\u00e4isin n\u00e4iss\u00e4 maisemissa juuriaan etsien ja menneit\u00e4 muistellen. Kivennavan kylist\u00e4 monet tuhoutuivat talvisodan ja varsinkin jatkosodan &hellip; Kivennavan kyl\u00e4t ja kyl\u00e4kirjat Lue lis\u00e4\u00e4 &raquo;","og_url":"https:\/\/kivennapaseura.fi\/?page_id=168","og_site_name":"Kivennapaseura","article_modified_time":"2023-05-28T16:29:58+00:00","og_image":[{"url":"http:\/\/kivennapaseura.fi\/wp-content\/uploads\/2014\/03\/Ronnunkyla-300x160.gif"}],"twitter_card":"summary_large_image","twitter_misc":{"Arvioitu lukuaika":"7 minuuttia"},"schema":{"@context":"https:\/\/schema.org","@graph":[{"@type":"WebSite","@id":"https:\/\/kivennapaseura.fi\/#website","url":"https:\/\/kivennapaseura.fi\/","name":"Kivennapaseura","description":"Kivennapaseuran kotisivut","potentialAction":[{"@type":"SearchAction","target":{"@type":"EntryPoint","urlTemplate":"https:\/\/kivennapaseura.fi\/?s={search_term_string}"},"query-input":"required name=search_term_string"}],"inLanguage":"fi"},{"@type":"ImageObject","inLanguage":"fi","@id":"https:\/\/kivennapaseura.fi\/?page_id=168#primaryimage","url":"https:\/\/kivennapaseura.fi\/wp-content\/uploads\/2014\/03\/Ronnunkyla.gif","contentUrl":"https:\/\/kivennapaseura.fi\/wp-content\/uploads\/2014\/03\/Ronnunkyla.gif","width":500,"height":267,"caption":"Ronnunkyl\u00e4\u00e4 nyky\u00e4\u00e4n (Kuva: Raija Levo)"},{"@type":"WebPage","@id":"https:\/\/kivennapaseura.fi\/?page_id=168#webpage","url":"https:\/\/kivennapaseura.fi\/?page_id=168","name":"Kivennavan kyl\u00e4t ja kyl\u00e4kirjat - Kivennapaseura","isPartOf":{"@id":"https:\/\/kivennapaseura.fi\/#website"},"primaryImageOfPage":{"@id":"https:\/\/kivennapaseura.fi\/?page_id=168#primaryimage"},"datePublished":"2014-03-05T17:23:47+00:00","dateModified":"2023-05-28T16:29:58+00:00","breadcrumb":{"@id":"https:\/\/kivennapaseura.fi\/?page_id=168#breadcrumb"},"inLanguage":"fi","potentialAction":[{"@type":"ReadAction","target":["https:\/\/kivennapaseura.fi\/?page_id=168"]}]},{"@type":"BreadcrumbList","@id":"https:\/\/kivennapaseura.fi\/?page_id=168#breadcrumb","itemListElement":[{"@type":"ListItem","position":1,"name":"Etusivu","item":"https:\/\/kivennapaseura.fi\/"},{"@type":"ListItem","position":2,"name":"Kivennavan kyl\u00e4t ja kyl\u00e4kirjat"}]}]}},"_links":{"self":[{"href":"https:\/\/kivennapaseura.fi\/index.php?rest_route=\/wp\/v2\/pages\/168"}],"collection":[{"href":"https:\/\/kivennapaseura.fi\/index.php?rest_route=\/wp\/v2\/pages"}],"about":[{"href":"https:\/\/kivennapaseura.fi\/index.php?rest_route=\/wp\/v2\/types\/page"}],"author":[{"embeddable":true,"href":"https:\/\/kivennapaseura.fi\/index.php?rest_route=\/wp\/v2\/users\/4"}],"replies":[{"embeddable":true,"href":"https:\/\/kivennapaseura.fi\/index.php?rest_route=%2Fwp%2Fv2%2Fcomments&post=168"}],"version-history":[{"count":6,"href":"https:\/\/kivennapaseura.fi\/index.php?rest_route=\/wp\/v2\/pages\/168\/revisions"}],"predecessor-version":[{"id":5718,"href":"https:\/\/kivennapaseura.fi\/index.php?rest_route=\/wp\/v2\/pages\/168\/revisions\/5718"}],"wp:attachment":[{"href":"https:\/\/kivennapaseura.fi\/index.php?rest_route=%2Fwp%2Fv2%2Fmedia&parent=168"}],"curies":[{"name":"wp","href":"https:\/\/api.w.org\/{rel}","templated":true}]}}