{"id":229,"date":"2014-03-06T10:52:44","date_gmt":"2014-03-06T08:52:44","guid":{"rendered":"http:\/\/whm14.louhi.net\/~kivennap\/?page_id=229"},"modified":"2022-11-15T14:24:12","modified_gmt":"2022-11-15T12:24:12","slug":"tuotteita","status":"publish","type":"page","link":"https:\/\/kivennapaseura.fi\/?page_id=229","title":{"rendered":"Kivennapaseuran myynniss\u00e4 olevat tuotteet"},"content":{"rendered":"\n<p><strong>Kivennapaseuran myynniss\u00e4 olevia tuotteita voi tiedustella Raija Levolta (levoraija@gmail.com tai gsm. 0500 515022). Tuotteita on my\u00f6s myynniss\u00e4 kihuissa ja eri tapahtumissa, joihin seura osallistuu.<\/strong><\/p>\n\n\n\n<h3><a href=\"http:\/\/whm14.louhi.net\/~kivennap\/wp-content\/uploads\/2015\/07\/Kirjamainos2_sp.jpg\"><img loading=\"lazy\" class=\"wp-image-1289 size-large\" src=\"http:\/\/kivennapaseura.fi\/wp-content\/uploads\/2015\/07\/Kirjamainos2_sp-1024x608.jpg\" alt=\"Kirjamainos2_sp\" width=\"510\" height=\"303\" srcset=\"https:\/\/kivennapaseura.fi\/wp-content\/uploads\/2015\/07\/Kirjamainos2_sp-1024x608.jpg 1024w, https:\/\/kivennapaseura.fi\/wp-content\/uploads\/2015\/07\/Kirjamainos2_sp-300x178.jpg 300w, https:\/\/kivennapaseura.fi\/wp-content\/uploads\/2015\/07\/Kirjamainos2_sp.jpg 1280w\" sizes=\"(max-width: 510px) 100vw, 510px\" \/><\/a><\/h3>\n\n\n\n<p><\/p>\n\n\n\n<h3><strong>Kivennapa kest\u00e4\u00e4 -pit\u00e4j\u00e4kirja<\/strong><\/h3>\n\n\n\n<p><strong>Hinta: nyt 10 eurolla (+ postituskulut)<br><\/strong>Karjalan Liitolta 2008 kunniamaininnan saanutta kirjaa on viel\u00e4 saatavilla. Kirja tehtiin, kun aiemmat pit\u00e4j\u00e4historiat olivat en\u00e4\u00e4 saatavissa vain antikvariaateista ja Kivennapaa haluttiin tarkastella uudemman polven n\u00e4k\u00f6kulmasta. Kirjoittajina on 27 asiantuntijaa useilta el\u00e4m\u00e4n alueilta. Kirja on erinomainen tietol\u00e4hde Kivennavan pit\u00e4j\u00e4st\u00e4 kivennapalaisten j\u00e4lkikasvulle.<\/p>\n\n\n\n<h3><strong>Kaiken keskell\u00e4 yksin<br>J. A. Maunu koulumiehen\u00e4, tutkijana ja Kivennavan kirkkoherrana<\/strong><\/h3>\n\n\n\n<p><strong>Hinta: nyt 10 eurolla (+ postituskulut)<br><\/strong>Kivennapaseura julkaisi vuonna 2012 el\u00e4m\u00e4kerran Kivennavan viimeisest\u00e4 kirkkoherra J. A. Maunusta: \u201dKaiken keskell\u00e4 yksin\u201d. Kirjoittaja on piispa (emeritus) teologian tohtori Kalevi Toiviainen. Kirja kertoo Kivennavan viimeisen vakinaisen kirkkoherran urasta koulumiehen\u00e4, tutkijana ja Kivennavan kirkkoherrana samalla se kuvaa mielenkiintoisesti ajan aatteellista kuohuntaa suurlakkoineen, vallankumouksineen ja sotineen linkittyen Kivennapaan. Maunu tuli Kivennavan seurakuntaan vuonna 1907.<\/p>\n\n\n\n<h3><br><strong>Airi Hoffrenin tarinoita Kivennavan Lainojalta &#8211; muistoja pienen tyt\u00f6n silmin<\/strong><\/h3>\n\n\n\n<p><b>Hinta: <strong>10 euroa (+ postituskulut)<\/strong><br><\/b>Teos sis\u00e4lt\u00e4\u00e4 Airi Hoffrenin, o.s. Taponen, ihastuttavia lapsuudenmuistoja 1930-luvun alkuvuosilta Kivennavan Lainojalta. Airin (1928-2020) tarinat on kirjoitettu kivennavan murteella. Pieni kirja sis\u00e4lt\u00e4\u00e4 my\u00f6s kuvia, murresanojen selitysliitteen sek\u00e4 tietoja lapsuusmustojen kirjoittajasta. Kirjan ovat toimittaneet Airi Hoffrenin serkun tytt\u00e4ret Mari Meril\u00e4inen ja Riitta Taarasti. Kirja on julkaistu my\u00f6s pdf-versiona vapaasti verkosta luettavaksi.<br>&#8211; <a href=\"http:\/\/kivennapaseura.fi\/wp-content\/uploads\/2022\/11\/Airi_Hoffren_tarinoita_webversio.pdf\">Kirjan pdf-versio<\/a><br>&#8211; <a href=\"https:\/\/kivennapaseura.fi\/?p=5385\">Lue lis\u00e4\u00e4 kirjasta Kivennapaseuran blogissa julkaistusta artikkelista<\/a><\/p>\n\n\n\n<figure class=\"wp-block-image\"><a href=\"http:\/\/kivennapaseura.fi\/wp-content\/uploads\/2022\/08\/hoffren-etukansi_seuran_tuotteet.jpg\"><img loading=\"lazy\" width=\"212\" height=\"300\" src=\"http:\/\/kivennapaseura.fi\/wp-content\/uploads\/2022\/08\/hoffren-etukansi_seuran_tuotteet-212x300.jpg\" alt=\"\" class=\"wp-image-5228\" srcset=\"https:\/\/kivennapaseura.fi\/wp-content\/uploads\/2022\/08\/hoffren-etukansi_seuran_tuotteet-212x300.jpg 212w, https:\/\/kivennapaseura.fi\/wp-content\/uploads\/2022\/08\/hoffren-etukansi_seuran_tuotteet.jpg 300w\" sizes=\"(max-width: 212px) 100vw, 212px\" \/><\/a><\/figure>\n\n\n\n<h3><br><strong>Kivennavan is\u00e4nn\u00e4nviiri<\/strong><\/h3>\n\n\n\n<p><strong>Hinta: 70 euroa<br><\/strong><span style=\"font-size: revert; background-color: var(--ast-global-color-5);\">Kivennavan is\u00e4nn\u00e4nviiri viestii juurista. Viirin yl\u00e4osassa on Kivennavan perinnevaakuna. Vaakunan punainen sulautuu viiriss\u00e4 karjalaiseen puna-musta- yhdistelm\u00e4\u00e4n. Kooltaan viiri on 50 x 400 cm ja se soveltuu parhaiten 8 &#8211; 10 metrin salkoihin. Sen materiaalina on kudottu mattapintainen polyesterikangas. Viiri on valmistettu P\u00e4lk\u00e4neen Aitoossa.<\/span><\/p>\n\n\n\n<figure class=\"wp-block-image\"><img loading=\"lazy\" width=\"510\" height=\"510\" src=\"http:\/\/kivennapaseura.fi\/wp-content\/uploads\/2014\/03\/Kivennavan_viiri_web-510x510.jpg\" alt=\"\" class=\"wp-image-3508\" srcset=\"https:\/\/kivennapaseura.fi\/wp-content\/uploads\/2014\/03\/Kivennavan_viiri_web-510x510.jpg 510w, https:\/\/kivennapaseura.fi\/wp-content\/uploads\/2014\/03\/Kivennavan_viiri_web-150x150.jpg 150w, https:\/\/kivennapaseura.fi\/wp-content\/uploads\/2014\/03\/Kivennavan_viiri_web-300x300.jpg 300w, https:\/\/kivennapaseura.fi\/wp-content\/uploads\/2014\/03\/Kivennavan_viiri_web-768x768.jpg 768w, https:\/\/kivennapaseura.fi\/wp-content\/uploads\/2014\/03\/Kivennavan_viiri_web-90x90.jpg 90w, https:\/\/kivennapaseura.fi\/wp-content\/uploads\/2014\/03\/Kivennavan_viiri_web.jpg 1060w\" sizes=\"(max-width: 510px) 100vw, 510px\" \/><\/figure>\n\n\n\n<h3><br><strong>P\u00f6yt\u00e4standaari<\/strong><\/h3>\n\n\n\n<p><strong>Hinta: 45 euroa<\/strong><\/p>\n\n\n\n<figure class=\"wp-block-image\"><a href=\"http:\/\/kivennapaseura.fi\/wp-content\/uploads\/2015\/07\/IMG_9304_sp-e1652262571561.jpg\"><img loading=\"lazy\" width=\"197\" height=\"300\" src=\"http:\/\/kivennapaseura.fi\/wp-content\/uploads\/2015\/07\/IMG_9304_sp-197x300.jpg\" alt=\"\" class=\"wp-image-1319\"\/><\/a><\/figure>\n\n\n\n<h3><br><strong>Surunvalitteluadressi<\/strong><\/h3>\n\n\n\n<p><strong>Hinta: 10 euroa<\/strong>&nbsp;&nbsp;<strong>&nbsp; &nbsp; <\/strong><\/p>\n\n\n\n<h3><a href=\"http:\/\/kivennapaseura.fi\/wp-content\/uploads\/2015\/07\/Adressi3.jpg\"><img loading=\"lazy\" class=\"alignnone wp-image-1332 size-medium\" src=\"http:\/\/kivennapaseura.fi\/wp-content\/uploads\/2015\/07\/Adressi3-201x300.jpg\" alt=\"\" width=\"201\" height=\"300\" srcset=\"https:\/\/kivennapaseura.fi\/wp-content\/uploads\/2015\/07\/Adressi3-201x300.jpg 201w, https:\/\/kivennapaseura.fi\/wp-content\/uploads\/2015\/07\/Adressi3-685x1024.jpg 685w\" sizes=\"(max-width: 201px) 100vw, 201px\" \/><\/a><\/h3>\n\n\n\n<figure class=\"wp-block-image\"><a href=\"http:\/\/kivennapaseura.fi\/wp-content\/uploads\/2015\/07\/Adressin-teksti.jpg\"><img loading=\"lazy\" width=\"300\" height=\"196\" src=\"http:\/\/kivennapaseura.fi\/wp-content\/uploads\/2015\/07\/Adressin-teksti-300x196.jpg\" alt=\"\" class=\"wp-image-1325\" srcset=\"https:\/\/kivennapaseura.fi\/wp-content\/uploads\/2015\/07\/Adressin-teksti-300x196.jpg 300w, https:\/\/kivennapaseura.fi\/wp-content\/uploads\/2015\/07\/Adressin-teksti-1024x670.jpg 1024w\" sizes=\"(max-width: 300px) 100vw, 300px\" \/><\/a><\/figure>\n\n\n\n<p><strong>Myynniss\u00e4 on lis\u00e4ksi Kivennavan pit\u00e4j\u00e4kartta vuodelta 1939 hintaan 10 euroa sek\u00e4 vuosittain julkaistava Kivennapa-kalenteri.<\/strong><\/p>\n\n\n\n<p><\/p>\n\n\n\n<p><strong>KYL\u00c4KIRJOISTA<br><\/strong><span style=\"font-size: revert; background-color: var(--ast-global-color-5);\">Monet kyl\u00e4kirjat ovat myyty loppuun ja p\u00e4\u00e4osasta on j\u00e4ljell\u00e4 en\u00e4\u00e4 yksitt\u00e4isi\u00e4 kappaleita.<\/span><\/p>\n\n\n\n<p><\/p>\n","protected":false},"excerpt":{"rendered":"<p>Kivennapaseuran myynniss\u00e4 olevia tuotteita voi tiedustella Raija Levolta (levoraija@gmail.com tai gsm. 0500 515022). Tuotteita on my\u00f6s myynniss\u00e4 kihuissa ja eri tapahtumissa, joihin seura osallistuu. Kivennapa kest\u00e4\u00e4 -pit\u00e4j\u00e4kirja Hinta: nyt 10 eurolla (+ postituskulut)Karjalan Liitolta 2008 kunniamaininnan saanutta kirjaa on viel\u00e4 saatavilla. Kirja tehtiin, kun aiemmat pit\u00e4j\u00e4historiat olivat en\u00e4\u00e4 saatavissa vain antikvariaateista ja Kivennapaa haluttiin tarkastella &hellip;<\/p>\n<p class=\"read-more\"> <a class=\"\" href=\"https:\/\/kivennapaseura.fi\/?page_id=229\"> <span class=\"screen-reader-text\">Kivennapaseuran myynniss\u00e4 olevat tuotteet<\/span> Lue lis\u00e4\u00e4 &raquo;<\/a><\/p>\n","protected":false},"author":4,"featured_media":0,"parent":0,"menu_order":7,"comment_status":"closed","ping_status":"closed","template":"","meta":{"site-sidebar-layout":"default","site-content-layout":"default","ast-global-header-display":"","ast-main-header-display":"","ast-hfb-above-header-display":"","ast-hfb-below-header-display":"","ast-hfb-mobile-header-display":"","site-post-title":"","ast-breadcrumbs-content":"","ast-featured-img":"","footer-sml-layout":"","theme-transparent-header-meta":"","adv-header-id-meta":"","stick-header-meta":"","header-above-stick-meta":"","header-main-stick-meta":"","header-below-stick-meta":""},"yoast_head":"<!-- This site is optimized with the Yoast SEO plugin v18.8 - https:\/\/yoast.com\/wordpress\/plugins\/seo\/ -->\n<title>Kivennapaseuran myynniss\u00e4 olevat tuotteet - Kivennapaseura<\/title>\n<meta name=\"description\" content=\"L\u00f6yd\u00e4t Kivennapaseuran sivuilta tietoa myynniss\u00e4 olevista tuotteista kuten kirjoista, vuosikalenterista ja pit\u00e4j\u00e4kartasta vuodelta 1939.\" \/>\n<meta name=\"robots\" content=\"index, follow, max-snippet:-1, max-image-preview:large, max-video-preview:-1\" \/>\n<link rel=\"canonical\" href=\"https:\/\/kivennapaseura.fi\/?page_id=229\" \/>\n<meta property=\"og:locale\" content=\"fi_FI\" \/>\n<meta property=\"og:type\" content=\"article\" \/>\n<meta property=\"og:title\" content=\"Kivennapaseuran myynniss\u00e4 olevat tuotteet - Kivennapaseura\" \/>\n<meta property=\"og:description\" content=\"L\u00f6yd\u00e4t Kivennapaseuran sivuilta tietoa myynniss\u00e4 olevista tuotteista kuten kirjoista, vuosikalenterista ja pit\u00e4j\u00e4kartasta vuodelta 1939.\" \/>\n<meta property=\"og:url\" content=\"https:\/\/kivennapaseura.fi\/?page_id=229\" \/>\n<meta property=\"og:site_name\" content=\"Kivennapaseura\" \/>\n<meta property=\"article:modified_time\" content=\"2022-11-15T12:24:12+00:00\" \/>\n<meta property=\"og:image\" content=\"http:\/\/kivennapaseura.fi\/wp-content\/uploads\/2014\/03\/Kivennavan_viiri_web.jpg\" \/>\n\t<meta property=\"og:image:width\" content=\"1060\" \/>\n\t<meta property=\"og:image:height\" content=\"1060\" \/>\n\t<meta property=\"og:image:type\" content=\"image\/jpeg\" \/>\n<meta name=\"twitter:card\" content=\"summary_large_image\" \/>\n<meta name=\"twitter:image\" content=\"https:\/\/kivennapaseura.fi\/wp-content\/uploads\/2014\/03\/Kivennavan_viiri_web.jpg\" \/>\n<meta name=\"twitter:label1\" content=\"Arvioitu lukuaika\" \/>\n\t<meta name=\"twitter:data1\" content=\"4 minuuttia\" \/>\n<script type=\"application\/ld+json\" class=\"yoast-schema-graph\">{\"@context\":\"https:\/\/schema.org\",\"@graph\":[{\"@type\":\"WebSite\",\"@id\":\"https:\/\/kivennapaseura.fi\/#website\",\"url\":\"https:\/\/kivennapaseura.fi\/\",\"name\":\"Kivennapaseura\",\"description\":\"Kivennapaseuran kotisivut\",\"potentialAction\":[{\"@type\":\"SearchAction\",\"target\":{\"@type\":\"EntryPoint\",\"urlTemplate\":\"https:\/\/kivennapaseura.fi\/?s={search_term_string}\"},\"query-input\":\"required name=search_term_string\"}],\"inLanguage\":\"fi\"},{\"@type\":\"ImageObject\",\"inLanguage\":\"fi\",\"@id\":\"https:\/\/kivennapaseura.fi\/?page_id=229#primaryimage\",\"url\":\"https:\/\/kivennapaseura.fi\/wp-content\/uploads\/2014\/03\/Kivennavan_viiri_web.jpg\",\"contentUrl\":\"https:\/\/kivennapaseura.fi\/wp-content\/uploads\/2014\/03\/Kivennavan_viiri_web.jpg\",\"width\":1060,\"height\":1060},{\"@type\":\"WebPage\",\"@id\":\"https:\/\/kivennapaseura.fi\/?page_id=229#webpage\",\"url\":\"https:\/\/kivennapaseura.fi\/?page_id=229\",\"name\":\"Kivennapaseuran myynniss\u00e4 olevat tuotteet - Kivennapaseura\",\"isPartOf\":{\"@id\":\"https:\/\/kivennapaseura.fi\/#website\"},\"primaryImageOfPage\":{\"@id\":\"https:\/\/kivennapaseura.fi\/?page_id=229#primaryimage\"},\"datePublished\":\"2014-03-06T08:52:44+00:00\",\"dateModified\":\"2022-11-15T12:24:12+00:00\",\"description\":\"L\u00f6yd\u00e4t Kivennapaseuran sivuilta tietoa myynniss\u00e4 olevista tuotteista kuten kirjoista, vuosikalenterista ja pit\u00e4j\u00e4kartasta vuodelta 1939.\",\"breadcrumb\":{\"@id\":\"https:\/\/kivennapaseura.fi\/?page_id=229#breadcrumb\"},\"inLanguage\":\"fi\",\"potentialAction\":[{\"@type\":\"ReadAction\",\"target\":[\"https:\/\/kivennapaseura.fi\/?page_id=229\"]}]},{\"@type\":\"BreadcrumbList\",\"@id\":\"https:\/\/kivennapaseura.fi\/?page_id=229#breadcrumb\",\"itemListElement\":[{\"@type\":\"ListItem\",\"position\":1,\"name\":\"Etusivu\",\"item\":\"https:\/\/kivennapaseura.fi\/\"},{\"@type\":\"ListItem\",\"position\":2,\"name\":\"Kivennapaseuran myynniss\u00e4 olevat tuotteet\"}]}]}<\/script>\n<!-- \/ Yoast SEO plugin. -->","yoast_head_json":{"title":"Kivennapaseuran myynniss\u00e4 olevat tuotteet - Kivennapaseura","description":"L\u00f6yd\u00e4t Kivennapaseuran sivuilta tietoa myynniss\u00e4 olevista tuotteista kuten kirjoista, vuosikalenterista ja pit\u00e4j\u00e4kartasta vuodelta 1939.","robots":{"index":"index","follow":"follow","max-snippet":"max-snippet:-1","max-image-preview":"max-image-preview:large","max-video-preview":"max-video-preview:-1"},"canonical":"https:\/\/kivennapaseura.fi\/?page_id=229","og_locale":"fi_FI","og_type":"article","og_title":"Kivennapaseuran myynniss\u00e4 olevat tuotteet - Kivennapaseura","og_description":"L\u00f6yd\u00e4t Kivennapaseuran sivuilta tietoa myynniss\u00e4 olevista tuotteista kuten kirjoista, vuosikalenterista ja pit\u00e4j\u00e4kartasta vuodelta 1939.","og_url":"https:\/\/kivennapaseura.fi\/?page_id=229","og_site_name":"Kivennapaseura","article_modified_time":"2022-11-15T12:24:12+00:00","og_image":[{"width":1060,"height":1060,"url":"http:\/\/kivennapaseura.fi\/wp-content\/uploads\/2014\/03\/Kivennavan_viiri_web.jpg","type":"image\/jpeg"}],"twitter_card":"summary_large_image","twitter_image":"https:\/\/kivennapaseura.fi\/wp-content\/uploads\/2014\/03\/Kivennavan_viiri_web.jpg","twitter_misc":{"Arvioitu lukuaika":"4 minuuttia"},"schema":{"@context":"https:\/\/schema.org","@graph":[{"@type":"WebSite","@id":"https:\/\/kivennapaseura.fi\/#website","url":"https:\/\/kivennapaseura.fi\/","name":"Kivennapaseura","description":"Kivennapaseuran kotisivut","potentialAction":[{"@type":"SearchAction","target":{"@type":"EntryPoint","urlTemplate":"https:\/\/kivennapaseura.fi\/?s={search_term_string}"},"query-input":"required name=search_term_string"}],"inLanguage":"fi"},{"@type":"ImageObject","inLanguage":"fi","@id":"https:\/\/kivennapaseura.fi\/?page_id=229#primaryimage","url":"https:\/\/kivennapaseura.fi\/wp-content\/uploads\/2014\/03\/Kivennavan_viiri_web.jpg","contentUrl":"https:\/\/kivennapaseura.fi\/wp-content\/uploads\/2014\/03\/Kivennavan_viiri_web.jpg","width":1060,"height":1060},{"@type":"WebPage","@id":"https:\/\/kivennapaseura.fi\/?page_id=229#webpage","url":"https:\/\/kivennapaseura.fi\/?page_id=229","name":"Kivennapaseuran myynniss\u00e4 olevat tuotteet - Kivennapaseura","isPartOf":{"@id":"https:\/\/kivennapaseura.fi\/#website"},"primaryImageOfPage":{"@id":"https:\/\/kivennapaseura.fi\/?page_id=229#primaryimage"},"datePublished":"2014-03-06T08:52:44+00:00","dateModified":"2022-11-15T12:24:12+00:00","description":"L\u00f6yd\u00e4t Kivennapaseuran sivuilta tietoa myynniss\u00e4 olevista tuotteista kuten kirjoista, vuosikalenterista ja pit\u00e4j\u00e4kartasta vuodelta 1939.","breadcrumb":{"@id":"https:\/\/kivennapaseura.fi\/?page_id=229#breadcrumb"},"inLanguage":"fi","potentialAction":[{"@type":"ReadAction","target":["https:\/\/kivennapaseura.fi\/?page_id=229"]}]},{"@type":"BreadcrumbList","@id":"https:\/\/kivennapaseura.fi\/?page_id=229#breadcrumb","itemListElement":[{"@type":"ListItem","position":1,"name":"Etusivu","item":"https:\/\/kivennapaseura.fi\/"},{"@type":"ListItem","position":2,"name":"Kivennapaseuran myynniss\u00e4 olevat tuotteet"}]}]}},"_links":{"self":[{"href":"https:\/\/kivennapaseura.fi\/index.php?rest_route=\/wp\/v2\/pages\/229"}],"collection":[{"href":"https:\/\/kivennapaseura.fi\/index.php?rest_route=\/wp\/v2\/pages"}],"about":[{"href":"https:\/\/kivennapaseura.fi\/index.php?rest_route=\/wp\/v2\/types\/page"}],"author":[{"embeddable":true,"href":"https:\/\/kivennapaseura.fi\/index.php?rest_route=\/wp\/v2\/users\/4"}],"replies":[{"embeddable":true,"href":"https:\/\/kivennapaseura.fi\/index.php?rest_route=%2Fwp%2Fv2%2Fcomments&post=229"}],"version-history":[{"count":20,"href":"https:\/\/kivennapaseura.fi\/index.php?rest_route=\/wp\/v2\/pages\/229\/revisions"}],"predecessor-version":[{"id":5446,"href":"https:\/\/kivennapaseura.fi\/index.php?rest_route=\/wp\/v2\/pages\/229\/revisions\/5446"}],"wp:attachment":[{"href":"https:\/\/kivennapaseura.fi\/index.php?rest_route=%2Fwp%2Fv2%2Fmedia&parent=229"}],"curies":[{"name":"wp","href":"https:\/\/api.w.org\/{rel}","templated":true}]}}