{"id":2564,"date":"2017-01-28T11:45:39","date_gmt":"2017-01-28T09:45:39","guid":{"rendered":"http:\/\/whm14.louhi.net\/~kivennap\/?page_id=2564"},"modified":"2017-01-28T12:14:58","modified_gmt":"2017-01-28T10:14:58","slug":"historian-tilkkutakki","status":"publish","type":"page","link":"https:\/\/kivennapaseura.fi\/?page_id=2564","title":{"rendered":"Historian tilkkut\u00e4kki"},"content":{"rendered":"<p><img loading=\"lazy\" class=\"aligncenter size-full wp-image-2568\" src=\"http:\/\/whm14.louhi.net\/~kivennap\/wp-content\/uploads\/2017\/01\/Kirjat_kannet_web.jpg\" alt=\"\" width=\"3421\" height=\"1965\" srcset=\"https:\/\/kivennapaseura.fi\/wp-content\/uploads\/2017\/01\/Kirjat_kannet_web.jpg 3421w, https:\/\/kivennapaseura.fi\/wp-content\/uploads\/2017\/01\/Kirjat_kannet_web-300x172.jpg 300w, https:\/\/kivennapaseura.fi\/wp-content\/uploads\/2017\/01\/Kirjat_kannet_web-768x441.jpg 768w, https:\/\/kivennapaseura.fi\/wp-content\/uploads\/2017\/01\/Kirjat_kannet_web-510x293.jpg 510w, https:\/\/kivennapaseura.fi\/wp-content\/uploads\/2017\/01\/Kirjat_kannet_web-157x90.jpg 157w\" sizes=\"(max-width: 3421px) 100vw, 3421px\" \/><\/p>\n<h3>Historian tilkkut\u00e4kki- sivusto sis\u00e4lt\u00e4\u00e4 Kivennavan paikallishistoriaan liittyvi\u00e4 artikkeleita, jotka on aiemmin julkaistu ajankohtaista osiossa. Yksitt\u00e4iset artikkelisivut avautuvat alivalikosta.<\/h3>\n","protected":false},"excerpt":{"rendered":"<p>Historian tilkkut\u00e4kki- sivusto sis\u00e4lt\u00e4\u00e4 Kivennavan paikallishistoriaan liittyvi\u00e4 artikkeleita, jotka on aiemmin julkaistu ajankohtaista osiossa. Yksitt\u00e4iset artikkelisivut avautuvat alivalikosta.<\/p>\n","protected":false},"author":4,"featured_media":0,"parent":153,"menu_order":4,"comment_status":"closed","ping_status":"closed","template":"","meta":{"site-sidebar-layout":"default","site-content-layout":"default","ast-global-header-display":"","ast-main-header-display":"","ast-hfb-above-header-display":"","ast-hfb-below-header-display":"","ast-hfb-mobile-header-display":"","site-post-title":"","ast-breadcrumbs-content":"","ast-featured-img":"","footer-sml-layout":"","theme-transparent-header-meta":"","adv-header-id-meta":"","stick-header-meta":"","header-above-stick-meta":"","header-main-stick-meta":"","header-below-stick-meta":""},"yoast_head":"<!-- This site is optimized with the Yoast SEO plugin v18.8 - https:\/\/yoast.com\/wordpress\/plugins\/seo\/ -->\n<title>Historian tilkkut\u00e4kki - Kivennapaseura<\/title>\n<meta name=\"robots\" content=\"index, follow, max-snippet:-1, max-image-preview:large, max-video-preview:-1\" \/>\n<link rel=\"canonical\" href=\"https:\/\/kivennapaseura.fi\/?page_id=2564\" \/>\n<meta property=\"og:locale\" content=\"fi_FI\" \/>\n<meta property=\"og:type\" content=\"article\" \/>\n<meta property=\"og:title\" content=\"Historian tilkkut\u00e4kki - Kivennapaseura\" \/>\n<meta property=\"og:description\" content=\"Historian tilkkut\u00e4kki- sivusto sis\u00e4lt\u00e4\u00e4 Kivennavan paikallishistoriaan liittyvi\u00e4 artikkeleita, jotka on aiemmin julkaistu ajankohtaista osiossa. Yksitt\u00e4iset artikkelisivut avautuvat alivalikosta.\" \/>\n<meta property=\"og:url\" content=\"https:\/\/kivennapaseura.fi\/?page_id=2564\" \/>\n<meta property=\"og:site_name\" content=\"Kivennapaseura\" \/>\n<meta property=\"article:modified_time\" content=\"2017-01-28T10:14:58+00:00\" \/>\n<meta property=\"og:image\" content=\"http:\/\/whm14.louhi.net\/~kivennap\/wp-content\/uploads\/2017\/01\/Kirjat_kannet_web.jpg\" \/>\n<meta name=\"twitter:card\" content=\"summary_large_image\" \/>\n<script type=\"application\/ld+json\" class=\"yoast-schema-graph\">{\"@context\":\"https:\/\/schema.org\",\"@graph\":[{\"@type\":\"WebSite\",\"@id\":\"https:\/\/kivennapaseura.fi\/#website\",\"url\":\"https:\/\/kivennapaseura.fi\/\",\"name\":\"Kivennapaseura\",\"description\":\"Kivennapaseuran kotisivut\",\"potentialAction\":[{\"@type\":\"SearchAction\",\"target\":{\"@type\":\"EntryPoint\",\"urlTemplate\":\"https:\/\/kivennapaseura.fi\/?s={search_term_string}\"},\"query-input\":\"required name=search_term_string\"}],\"inLanguage\":\"fi\"},{\"@type\":\"ImageObject\",\"inLanguage\":\"fi\",\"@id\":\"https:\/\/kivennapaseura.fi\/?page_id=2564#primaryimage\",\"url\":\"http:\/\/whm14.louhi.net\/~kivennap\/wp-content\/uploads\/2017\/01\/Kirjat_kannet_web.jpg\",\"contentUrl\":\"http:\/\/whm14.louhi.net\/~kivennap\/wp-content\/uploads\/2017\/01\/Kirjat_kannet_web.jpg\"},{\"@type\":\"WebPage\",\"@id\":\"https:\/\/kivennapaseura.fi\/?page_id=2564#webpage\",\"url\":\"https:\/\/kivennapaseura.fi\/?page_id=2564\",\"name\":\"Historian tilkkut\u00e4kki - Kivennapaseura\",\"isPartOf\":{\"@id\":\"https:\/\/kivennapaseura.fi\/#website\"},\"primaryImageOfPage\":{\"@id\":\"https:\/\/kivennapaseura.fi\/?page_id=2564#primaryimage\"},\"datePublished\":\"2017-01-28T09:45:39+00:00\",\"dateModified\":\"2017-01-28T10:14:58+00:00\",\"breadcrumb\":{\"@id\":\"https:\/\/kivennapaseura.fi\/?page_id=2564#breadcrumb\"},\"inLanguage\":\"fi\",\"potentialAction\":[{\"@type\":\"ReadAction\",\"target\":[\"https:\/\/kivennapaseura.fi\/?page_id=2564\"]}]},{\"@type\":\"BreadcrumbList\",\"@id\":\"https:\/\/kivennapaseura.fi\/?page_id=2564#breadcrumb\",\"itemListElement\":[{\"@type\":\"ListItem\",\"position\":1,\"name\":\"Etusivu\",\"item\":\"https:\/\/kivennapaseura.fi\/\"},{\"@type\":\"ListItem\",\"position\":2,\"name\":\"Kohtalona raja\",\"item\":\"https:\/\/kivennapaseura.fi\/?page_id=153\"},{\"@type\":\"ListItem\",\"position\":3,\"name\":\"Historian tilkkut\u00e4kki\"}]}]}<\/script>\n<!-- \/ Yoast SEO plugin. -->","yoast_head_json":{"title":"Historian tilkkut\u00e4kki - Kivennapaseura","robots":{"index":"index","follow":"follow","max-snippet":"max-snippet:-1","max-image-preview":"max-image-preview:large","max-video-preview":"max-video-preview:-1"},"canonical":"https:\/\/kivennapaseura.fi\/?page_id=2564","og_locale":"fi_FI","og_type":"article","og_title":"Historian tilkkut\u00e4kki - Kivennapaseura","og_description":"Historian tilkkut\u00e4kki- sivusto sis\u00e4lt\u00e4\u00e4 Kivennavan paikallishistoriaan liittyvi\u00e4 artikkeleita, jotka on aiemmin julkaistu ajankohtaista osiossa. Yksitt\u00e4iset artikkelisivut avautuvat alivalikosta.","og_url":"https:\/\/kivennapaseura.fi\/?page_id=2564","og_site_name":"Kivennapaseura","article_modified_time":"2017-01-28T10:14:58+00:00","og_image":[{"url":"http:\/\/whm14.louhi.net\/~kivennap\/wp-content\/uploads\/2017\/01\/Kirjat_kannet_web.jpg"}],"twitter_card":"summary_large_image","schema":{"@context":"https:\/\/schema.org","@graph":[{"@type":"WebSite","@id":"https:\/\/kivennapaseura.fi\/#website","url":"https:\/\/kivennapaseura.fi\/","name":"Kivennapaseura","description":"Kivennapaseuran kotisivut","potentialAction":[{"@type":"SearchAction","target":{"@type":"EntryPoint","urlTemplate":"https:\/\/kivennapaseura.fi\/?s={search_term_string}"},"query-input":"required name=search_term_string"}],"inLanguage":"fi"},{"@type":"ImageObject","inLanguage":"fi","@id":"https:\/\/kivennapaseura.fi\/?page_id=2564#primaryimage","url":"http:\/\/whm14.louhi.net\/~kivennap\/wp-content\/uploads\/2017\/01\/Kirjat_kannet_web.jpg","contentUrl":"http:\/\/whm14.louhi.net\/~kivennap\/wp-content\/uploads\/2017\/01\/Kirjat_kannet_web.jpg"},{"@type":"WebPage","@id":"https:\/\/kivennapaseura.fi\/?page_id=2564#webpage","url":"https:\/\/kivennapaseura.fi\/?page_id=2564","name":"Historian tilkkut\u00e4kki - Kivennapaseura","isPartOf":{"@id":"https:\/\/kivennapaseura.fi\/#website"},"primaryImageOfPage":{"@id":"https:\/\/kivennapaseura.fi\/?page_id=2564#primaryimage"},"datePublished":"2017-01-28T09:45:39+00:00","dateModified":"2017-01-28T10:14:58+00:00","breadcrumb":{"@id":"https:\/\/kivennapaseura.fi\/?page_id=2564#breadcrumb"},"inLanguage":"fi","potentialAction":[{"@type":"ReadAction","target":["https:\/\/kivennapaseura.fi\/?page_id=2564"]}]},{"@type":"BreadcrumbList","@id":"https:\/\/kivennapaseura.fi\/?page_id=2564#breadcrumb","itemListElement":[{"@type":"ListItem","position":1,"name":"Etusivu","item":"https:\/\/kivennapaseura.fi\/"},{"@type":"ListItem","position":2,"name":"Kohtalona raja","item":"https:\/\/kivennapaseura.fi\/?page_id=153"},{"@type":"ListItem","position":3,"name":"Historian tilkkut\u00e4kki"}]}]}},"_links":{"self":[{"href":"https:\/\/kivennapaseura.fi\/index.php?rest_route=\/wp\/v2\/pages\/2564"}],"collection":[{"href":"https:\/\/kivennapaseura.fi\/index.php?rest_route=\/wp\/v2\/pages"}],"about":[{"href":"https:\/\/kivennapaseura.fi\/index.php?rest_route=\/wp\/v2\/types\/page"}],"author":[{"embeddable":true,"href":"https:\/\/kivennapaseura.fi\/index.php?rest_route=\/wp\/v2\/users\/4"}],"replies":[{"embeddable":true,"href":"https:\/\/kivennapaseura.fi\/index.php?rest_route=%2Fwp%2Fv2%2Fcomments&post=2564"}],"version-history":[{"count":0,"href":"https:\/\/kivennapaseura.fi\/index.php?rest_route=\/wp\/v2\/pages\/2564\/revisions"}],"up":[{"embeddable":true,"href":"https:\/\/kivennapaseura.fi\/index.php?rest_route=\/wp\/v2\/pages\/153"}],"wp:attachment":[{"href":"https:\/\/kivennapaseura.fi\/index.php?rest_route=%2Fwp%2Fv2%2Fmedia&parent=2564"}],"curies":[{"name":"wp","href":"https:\/\/api.w.org\/{rel}","templated":true}]}}