{"id":2573,"date":"2017-01-28T12:28:56","date_gmt":"2017-01-28T10:28:56","guid":{"rendered":"http:\/\/whm14.louhi.net\/~kivennap\/?page_id=2573"},"modified":"2017-11-13T23:13:26","modified_gmt":"2017-11-13T21:13:26","slug":"mika-oli-riitamaa","status":"publish","type":"page","link":"https:\/\/kivennapaseura.fi\/?page_id=2573","title":{"rendered":"Mik\u00e4 oli Riitamaa?"},"content":{"rendered":"<p>P\u00e4hkin\u00e4saaren rauhansopimuksessa vuonna 1323 Ruotsin valtakunta sai ensimm\u00e4isen virallisella asiakirjalla vahvistetun it\u00e4rajansa. Raja jakoi Karjalan ja koko nykyisen Suomen alueen kahtia kolmeksisadaksi vuodeksi. Raja l\u00e4hti Siestarjoen suulta Ristkiven harjun vedenjakajan yli sen soilta alkavaa Saijanjokea pitkin Vuokseen. Kivennavan seutu tuli t\u00e4ll\u00f6in osaksi Ruotsin kuningaskuntaa ja sen \u00e4\u00e4rimm\u00e4iseksi raja-alueeksi Novgorodia vastaan.<\/p>\n<p>Rajasopimuksen m\u00e4\u00e4ritelm\u00e4 rajasta oli ep\u00e4tarkka. Rajana oleva Siestarjoki eli Rajajoki kulki yl\u00e4juoksulla kahtena haarana. Ven\u00e4l\u00e4isten ja inkeril\u00e4isten tulkinta rajasta oli, ett\u00e4 se erosi Tonterin kohdalta Rajajoesta Siesjokea pitkin Siesj\u00e4rven ja Pet\u00e4j\u00e4rven kautta joen l\u00e4ntist\u00e4 haaraa Ronnunjokea pitkin. Suomalaiset ja ruotsalaiset tulkitsivat, ett\u00e4 joen it\u00e4inen haara oli maiden v\u00e4linen raja. Jokihaarojen v\u00e4liin j\u00e4i noin 60 kilometri\u00e4 pitk\u00e4 ja 30 kilometri\u00e4 leve\u00e4 kaista, jota ryhdyttiin nimitt\u00e4m\u00e4\u00e4n Riitamaaksi.<\/p>\n<p>Riitamaa oli viljavaa seutua, se oli my\u00f6s yksi syy molempien puolten kiinnostukseen, joka purkautui h\u00e4vitysretkin\u00e4 ja rajakahakoina ja paljon vakavampina sotaretkin\u00e4. Taisteluja k\u00e4ytiin jokaisen sukupolven aikana. P\u00e4hkin\u00e4saaren rauhan ja T\u00e4yssin\u00e4n rauhan (1595) v\u00e4liss\u00e4 Ruotsin ja Ven\u00e4j\u00e4n v\u00e4lill\u00e4 k\u00e4ytiin ainakin 40 rauhanneuvottelua. Vuonna 1553 Kustaa Vaasa lupasi m\u00e4\u00e4r\u00e4aikaisen verovapauden niille, jotka muuttaisivat Riitamaalle, tarkoitus oli osoittaa alueen kuuluvan Ruotsille. Ven\u00e4l\u00e4iset pitiv\u00e4t t\u00e4t\u00e4 provokaationa.<\/p>\n<p>Kun diplomaattiset neuvottelut eiv\u00e4t johtaneet tulokseen, niin toistuvat kahakat ja molemminpuoliset rajarikkomukset lopulta eskaloituivat, ja tsaari Iivana IV antoi vuonna 1555 m\u00e4\u00e4r\u00e4yksen hy\u00f6k\u00e4t\u00e4 Viipuriin kostoksi ruotsien rajaloukkauksista. Yritys kariutui karulla tavalla jo Kivennavalla, Joutsel\u00e4n taistelussa, miss\u00e4 Kivennavan linnan parinsadan ammattisotilaan ja nelj\u00e4nsadan talonpojan joukko p\u00e4ihitti ainakin kymmenkertaisen vihollisen ja ajoi heid\u00e4t takaisin rajan taakse.<\/p>\n<p>Seuraavan vuoden alussa ven\u00e4l\u00e4iset hy\u00f6kk\u00e4siv\u00e4t v\u00e4ell\u00e4 ja voimalla. \u201dKivennavan talot savusivat taas. Asukkaat yrittiv\u00e4t piilopirtteihins\u00e4 ja pakomatkalle. Vihollisen kynsiin joutuneet tapasivat kohtalonsa. Heikommat, kuten lapset, murhattiin, vauraammat otettiin vangeiksi ja myytiin Ven\u00e4j\u00e4lle mahtaville pajareille orjuuteen. Miehest\u00e4 maksettiin kymmenen kopeekkaa, naisesta viisitoista\u201d. (Paavo Kiuru: Kivennapa. 1952, s.25).<\/p>\n<p>Kannaksen rajariidat johtivat lopulta Pitk\u00e4\u00e4n Vihaan, pohjoismaiseen 25 vuoden sotaan. Kannaksen rajaseuduilla k\u00e4ytiin verist\u00e4 sissisotaa, Kivennapa ja sen siviiliv\u00e4est\u00f6 k\u00e4rsiv\u00e4t suunnattomasti. Puolet sen taloista h\u00e4vitettiin tai ne autioituivat. Kokonaiset kyl\u00e4t h\u00e4vitettiin ja tyhjennettiin, mm. Ahj\u00e4rvi, Ikola, Joutselk\u00e4, Lipola, Patrikki, Pihlainen, Polviselk\u00e4, Sepp\u00e4l\u00e4, Vehmainen ja Ylentel\u00e4. Sota p\u00e4\u00e4ttyi T\u00e4yssin\u00e4n kyl\u00e4ss\u00e4 Inkerinmaalla vuonna 1595 allekirjoitettuun rauhansopimukseen. Siin\u00e4 vahvistettiin P\u00e4hkin\u00e4saaren rauhan raja ruotsalaisten k\u00e4sityskannan mukaisesti. Riitamaan nimi j\u00e4i el\u00e4m\u00e4\u00e4n, eiv\u00e4tk\u00e4 rajariidat ja rajaloukkaukset t\u00e4h\u00e4n p\u00e4\u00e4ttyneet.<\/p>\n<p>Teksti: Ky\u00f6sti Pulliainen (Artikkeli on julkaistu kes\u00e4kuun 2015 Kivennapalaisessa)<\/p>\n<p>L\u00e4hteet:<br \/>\n<span style=\"line-height: 1.5;\">Heikki Kirkinen: Karjala taistelukentt\u00e4n\u00e4, Karjala id\u00e4n ja l\u00e4nnen v\u00e4liss\u00e4 II, 1976<\/span><br \/>\nPaavo Kiuru: Kivennapa, 1952<\/p>\n","protected":false},"excerpt":{"rendered":"<p>P\u00e4hkin\u00e4saaren rauhansopimuksessa vuonna 1323 Ruotsin valtakunta sai ensimm\u00e4isen virallisella asiakirjalla vahvistetun it\u00e4rajansa. Raja jakoi Karjalan ja koko nykyisen Suomen alueen kahtia kolmeksisadaksi vuodeksi. Raja l\u00e4hti Siestarjoen suulta Ristkiven harjun vedenjakajan yli sen soilta alkavaa Saijanjokea pitkin Vuokseen. Kivennavan seutu tuli t\u00e4ll\u00f6in osaksi Ruotsin kuningaskuntaa ja sen \u00e4\u00e4rimm\u00e4iseksi raja-alueeksi Novgorodia vastaan. Rajasopimuksen m\u00e4\u00e4ritelm\u00e4 rajasta oli ep\u00e4tarkka. &hellip;<\/p>\n<p class=\"read-more\"> <a class=\"\" href=\"https:\/\/kivennapaseura.fi\/?page_id=2573\"> <span class=\"screen-reader-text\">Mik\u00e4 oli Riitamaa?<\/span> Lue lis\u00e4\u00e4 &raquo;<\/a><\/p>\n","protected":false},"author":4,"featured_media":0,"parent":2564,"menu_order":1,"comment_status":"closed","ping_status":"closed","template":"","meta":{"site-sidebar-layout":"default","site-content-layout":"default","ast-global-header-display":"","ast-main-header-display":"","ast-hfb-above-header-display":"","ast-hfb-below-header-display":"","ast-hfb-mobile-header-display":"","site-post-title":"","ast-breadcrumbs-content":"","ast-featured-img":"","footer-sml-layout":"","theme-transparent-header-meta":"","adv-header-id-meta":"","stick-header-meta":"","header-above-stick-meta":"","header-main-stick-meta":"","header-below-stick-meta":""},"yoast_head":"<!-- This site is optimized with the Yoast SEO plugin v18.8 - https:\/\/yoast.com\/wordpress\/plugins\/seo\/ -->\n<title>Mik\u00e4 oli Riitamaa? - Kivennapaseura<\/title>\n<meta name=\"robots\" content=\"index, follow, max-snippet:-1, max-image-preview:large, max-video-preview:-1\" \/>\n<link rel=\"canonical\" href=\"https:\/\/kivennapaseura.fi\/?page_id=2573\" \/>\n<meta property=\"og:locale\" content=\"fi_FI\" \/>\n<meta property=\"og:type\" content=\"article\" \/>\n<meta property=\"og:title\" content=\"Mik\u00e4 oli Riitamaa? - Kivennapaseura\" \/>\n<meta property=\"og:description\" content=\"P\u00e4hkin\u00e4saaren rauhansopimuksessa vuonna 1323 Ruotsin valtakunta sai ensimm\u00e4isen virallisella asiakirjalla vahvistetun it\u00e4rajansa. Raja jakoi Karjalan ja koko nykyisen Suomen alueen kahtia kolmeksisadaksi vuodeksi. Raja l\u00e4hti Siestarjoen suulta Ristkiven harjun vedenjakajan yli sen soilta alkavaa Saijanjokea pitkin Vuokseen. Kivennavan seutu tuli t\u00e4ll\u00f6in osaksi Ruotsin kuningaskuntaa ja sen \u00e4\u00e4rimm\u00e4iseksi raja-alueeksi Novgorodia vastaan. Rajasopimuksen m\u00e4\u00e4ritelm\u00e4 rajasta oli ep\u00e4tarkka. &hellip; Mik\u00e4 oli Riitamaa? Lue lis\u00e4\u00e4 &raquo;\" \/>\n<meta property=\"og:url\" content=\"https:\/\/kivennapaseura.fi\/?page_id=2573\" \/>\n<meta property=\"og:site_name\" content=\"Kivennapaseura\" \/>\n<meta property=\"article:modified_time\" content=\"2017-11-13T21:13:26+00:00\" \/>\n<meta name=\"twitter:card\" content=\"summary_large_image\" \/>\n<meta name=\"twitter:label1\" content=\"Arvioitu lukuaika\" \/>\n\t<meta name=\"twitter:data1\" content=\"2 minuuttia\" \/>\n<script type=\"application\/ld+json\" class=\"yoast-schema-graph\">{\"@context\":\"https:\/\/schema.org\",\"@graph\":[{\"@type\":\"WebSite\",\"@id\":\"https:\/\/kivennapaseura.fi\/#website\",\"url\":\"https:\/\/kivennapaseura.fi\/\",\"name\":\"Kivennapaseura\",\"description\":\"Kivennapaseuran kotisivut\",\"potentialAction\":[{\"@type\":\"SearchAction\",\"target\":{\"@type\":\"EntryPoint\",\"urlTemplate\":\"https:\/\/kivennapaseura.fi\/?s={search_term_string}\"},\"query-input\":\"required name=search_term_string\"}],\"inLanguage\":\"fi\"},{\"@type\":\"WebPage\",\"@id\":\"https:\/\/kivennapaseura.fi\/?page_id=2573#webpage\",\"url\":\"https:\/\/kivennapaseura.fi\/?page_id=2573\",\"name\":\"Mik\u00e4 oli Riitamaa? - Kivennapaseura\",\"isPartOf\":{\"@id\":\"https:\/\/kivennapaseura.fi\/#website\"},\"datePublished\":\"2017-01-28T10:28:56+00:00\",\"dateModified\":\"2017-11-13T21:13:26+00:00\",\"breadcrumb\":{\"@id\":\"https:\/\/kivennapaseura.fi\/?page_id=2573#breadcrumb\"},\"inLanguage\":\"fi\",\"potentialAction\":[{\"@type\":\"ReadAction\",\"target\":[\"https:\/\/kivennapaseura.fi\/?page_id=2573\"]}]},{\"@type\":\"BreadcrumbList\",\"@id\":\"https:\/\/kivennapaseura.fi\/?page_id=2573#breadcrumb\",\"itemListElement\":[{\"@type\":\"ListItem\",\"position\":1,\"name\":\"Etusivu\",\"item\":\"https:\/\/kivennapaseura.fi\/\"},{\"@type\":\"ListItem\",\"position\":2,\"name\":\"Kohtalona raja\",\"item\":\"https:\/\/kivennapaseura.fi\/?page_id=153\"},{\"@type\":\"ListItem\",\"position\":3,\"name\":\"Historian tilkkut\u00e4kki\",\"item\":\"https:\/\/kivennapaseura.fi\/?page_id=2564\"},{\"@type\":\"ListItem\",\"position\":4,\"name\":\"Mik\u00e4 oli Riitamaa?\"}]}]}<\/script>\n<!-- \/ Yoast SEO plugin. -->","yoast_head_json":{"title":"Mik\u00e4 oli Riitamaa? - Kivennapaseura","robots":{"index":"index","follow":"follow","max-snippet":"max-snippet:-1","max-image-preview":"max-image-preview:large","max-video-preview":"max-video-preview:-1"},"canonical":"https:\/\/kivennapaseura.fi\/?page_id=2573","og_locale":"fi_FI","og_type":"article","og_title":"Mik\u00e4 oli Riitamaa? - Kivennapaseura","og_description":"P\u00e4hkin\u00e4saaren rauhansopimuksessa vuonna 1323 Ruotsin valtakunta sai ensimm\u00e4isen virallisella asiakirjalla vahvistetun it\u00e4rajansa. Raja jakoi Karjalan ja koko nykyisen Suomen alueen kahtia kolmeksisadaksi vuodeksi. Raja l\u00e4hti Siestarjoen suulta Ristkiven harjun vedenjakajan yli sen soilta alkavaa Saijanjokea pitkin Vuokseen. Kivennavan seutu tuli t\u00e4ll\u00f6in osaksi Ruotsin kuningaskuntaa ja sen \u00e4\u00e4rimm\u00e4iseksi raja-alueeksi Novgorodia vastaan. Rajasopimuksen m\u00e4\u00e4ritelm\u00e4 rajasta oli ep\u00e4tarkka. &hellip; Mik\u00e4 oli Riitamaa? Lue lis\u00e4\u00e4 &raquo;","og_url":"https:\/\/kivennapaseura.fi\/?page_id=2573","og_site_name":"Kivennapaseura","article_modified_time":"2017-11-13T21:13:26+00:00","twitter_card":"summary_large_image","twitter_misc":{"Arvioitu lukuaika":"2 minuuttia"},"schema":{"@context":"https:\/\/schema.org","@graph":[{"@type":"WebSite","@id":"https:\/\/kivennapaseura.fi\/#website","url":"https:\/\/kivennapaseura.fi\/","name":"Kivennapaseura","description":"Kivennapaseuran kotisivut","potentialAction":[{"@type":"SearchAction","target":{"@type":"EntryPoint","urlTemplate":"https:\/\/kivennapaseura.fi\/?s={search_term_string}"},"query-input":"required name=search_term_string"}],"inLanguage":"fi"},{"@type":"WebPage","@id":"https:\/\/kivennapaseura.fi\/?page_id=2573#webpage","url":"https:\/\/kivennapaseura.fi\/?page_id=2573","name":"Mik\u00e4 oli Riitamaa? - Kivennapaseura","isPartOf":{"@id":"https:\/\/kivennapaseura.fi\/#website"},"datePublished":"2017-01-28T10:28:56+00:00","dateModified":"2017-11-13T21:13:26+00:00","breadcrumb":{"@id":"https:\/\/kivennapaseura.fi\/?page_id=2573#breadcrumb"},"inLanguage":"fi","potentialAction":[{"@type":"ReadAction","target":["https:\/\/kivennapaseura.fi\/?page_id=2573"]}]},{"@type":"BreadcrumbList","@id":"https:\/\/kivennapaseura.fi\/?page_id=2573#breadcrumb","itemListElement":[{"@type":"ListItem","position":1,"name":"Etusivu","item":"https:\/\/kivennapaseura.fi\/"},{"@type":"ListItem","position":2,"name":"Kohtalona raja","item":"https:\/\/kivennapaseura.fi\/?page_id=153"},{"@type":"ListItem","position":3,"name":"Historian tilkkut\u00e4kki","item":"https:\/\/kivennapaseura.fi\/?page_id=2564"},{"@type":"ListItem","position":4,"name":"Mik\u00e4 oli Riitamaa?"}]}]}},"_links":{"self":[{"href":"https:\/\/kivennapaseura.fi\/index.php?rest_route=\/wp\/v2\/pages\/2573"}],"collection":[{"href":"https:\/\/kivennapaseura.fi\/index.php?rest_route=\/wp\/v2\/pages"}],"about":[{"href":"https:\/\/kivennapaseura.fi\/index.php?rest_route=\/wp\/v2\/types\/page"}],"author":[{"embeddable":true,"href":"https:\/\/kivennapaseura.fi\/index.php?rest_route=\/wp\/v2\/users\/4"}],"replies":[{"embeddable":true,"href":"https:\/\/kivennapaseura.fi\/index.php?rest_route=%2Fwp%2Fv2%2Fcomments&post=2573"}],"version-history":[{"count":0,"href":"https:\/\/kivennapaseura.fi\/index.php?rest_route=\/wp\/v2\/pages\/2573\/revisions"}],"up":[{"embeddable":true,"href":"https:\/\/kivennapaseura.fi\/index.php?rest_route=\/wp\/v2\/pages\/2564"}],"wp:attachment":[{"href":"https:\/\/kivennapaseura.fi\/index.php?rest_route=%2Fwp%2Fv2%2Fmedia&parent=2573"}],"curies":[{"name":"wp","href":"https:\/\/api.w.org\/{rel}","templated":true}]}}