{"id":2578,"date":"2017-01-28T12:37:18","date_gmt":"2017-01-28T10:37:18","guid":{"rendered":"http:\/\/whm14.louhi.net\/~kivennap\/?page_id=2578"},"modified":"2017-11-13T23:11:27","modified_gmt":"2017-11-13T21:11:27","slug":"pajarin-kirkko","status":"publish","type":"page","link":"https:\/\/kivennapaseura.fi\/?page_id=2578","title":{"rendered":"Pajarin kirkko"},"content":{"rendered":"<p style=\"text-align: left;\">Edellisen\u00e4 y\u00f6n\u00e4 oli tuiskuttanut, mutta aamuun menness\u00e4 pyry oli asettunut. Sotap\u00e4iv\u00e4kirjojen mukaan joulun 1943 s\u00e4\u00e4 oli lauha ja jouluinen. Vihollinenkin oli harvinaisen hiljainen. Kevyt lumisade rauhoitti aamuh\u00e4m\u00e4r\u00e4ss\u00e4 joulukirkkoon kulkijoita. Sodan pimeyteen oli totuttu, sit\u00e4kin ihmeellisemm\u00e4lt\u00e4 tuntui kirkon oven takaa avautuva valo. Suuret kattokruunut kylviv\u00e4t valoa kirkkosaliin. Joulun tunnelmaa hehkuivat kirkon sivusein\u00e4n kynttil\u00e4m\u00e4iset lampettivalaisimet. Sotajoulun 1943 jumalanpalveluksesta tuli valon ja toivon juhla. Selke\u00e4linjainen uusi kirkko antoi uskoa tulevaan. Kirkon seinien ulkopuolelle j\u00e4\u00e4v\u00e4 pimeys ja sodan synkkyys unohtuivat, kun tutut virret kutsuivat kohtaamaan joulun. Loppumusiikin j\u00e4lkeen ei olisi mill\u00e4\u00e4n tohtinut nousta ja j\u00e4tt\u00e4\u00e4 kirkon tunnelmaa. Mieli oli oudon kevyt viel\u00e4 silloinkin, kun kirkkovieras laskeutui Linnam\u00e4ke\u00e4 sodan ajan todellisuuteen. Ei k\u00e4ynyt silloin mieless\u00e4 ajatus, ettei toista joulua t\u00e4ss\u00e4 kirkossa tule. (Joulujumalanpalvelus Pajarin kirkossa 1943, muistelija Alli Sepp\u00e4nen\/Uljas Kiuru, Matka eiliseen)<\/p>\n<figure id=\"attachment_1826\" aria-describedby=\"caption-attachment-1826\" style=\"width: 924px\" class=\"wp-caption aligncenter\"><a href=\"http:\/\/whm14.louhi.net\/~kivennap\/?attachment_id=1826\" rel=\"attachment wp-att-1826\"><img loading=\"lazy\" class=\"wp-image-1826 size-full\" src=\"http:\/\/whm14.louhi.net\/~kivennap\/wp-content\/uploads\/2016\/02\/Kivennavan-kirkon-vihki\u00e4iset-1943-_2.jpg\" alt=\"Kivennavan kirkon vihki\u00e4iset 1943 _2\" width=\"924\" height=\"692\" srcset=\"https:\/\/kivennapaseura.fi\/wp-content\/uploads\/2016\/02\/Kivennavan-kirkon-vihki\u00e4iset-1943-_2.jpg 924w, https:\/\/kivennapaseura.fi\/wp-content\/uploads\/2016\/02\/Kivennavan-kirkon-vihki\u00e4iset-1943-_2-300x225.jpg 300w, https:\/\/kivennapaseura.fi\/wp-content\/uploads\/2016\/02\/Kivennavan-kirkon-vihki\u00e4iset-1943-_2-768x575.jpg 768w, https:\/\/kivennapaseura.fi\/wp-content\/uploads\/2016\/02\/Kivennavan-kirkon-vihki\u00e4iset-1943-_2-510x382.jpg 510w, https:\/\/kivennapaseura.fi\/wp-content\/uploads\/2016\/02\/Kivennavan-kirkon-vihki\u00e4iset-1943-_2-120x90.jpg 120w\" sizes=\"(max-width: 924px) 100vw, 924px\" \/><\/a><figcaption id=\"caption-attachment-1826\" class=\"wp-caption-text\">Kivennavan uuden kirkon vihki\u00e4istilaisuus (Kuvakaappaus Finlandia katsauksesta nro 17)<\/figcaption><\/figure>\n<p style=\"text-align: left;\">Kivennavan v\u00e4liaikainen kirkko, seitsem\u00e4s kirkko, oli pystyss\u00e4 231 p\u00e4iv\u00e4\u00e4. Noiden p\u00e4ivien aikana kirkko tuli l\u00e4heiseksi kivennapalaisille, jotka nimesiv\u00e4t kirkon \u201dPajarin kirkoksi\u201d kiitoksena kirkon rakentamista sinnikk\u00e4\u00e4sti ajaneelle ja tukeneelle 18.D:n komentajalle kenraalimajuri Aaro Pajarille. Kivennavan Linnam\u00e4en kirkko oli ainoa Karjalan sodanaikainen kirkkohanke, joka tuli valmiiksi, ennen kuin Karjalasta jouduttiin uudelleen luopumaan. Kaikkea mahdollista tukea ja ymm\u00e4rryst\u00e4 \u201dKirkkoja Karjalaan\u201d-liikkeen ideasta innostunut Aaro Pajari ei suunnitelmilleen saanut. Siit\u00e4 huolimatta, joidenkin tulkintojen mukaan tuliasemaksikin tarkoitettu, kirkon rakentaminen toteutettiin nopeasti ja salaisesti. Kirkkojen ja seurakuntatalojen rakennus- ja korjaushankkeita oli 1944 meneill\u00e4\u00e4n Karjalassa monia. Kivennavalle rakennettavaa kirkkoa ei esitelty julkisuudessa. \u201dKivennavalle puolustusvoimat rakensivat v\u00e4liaikaista kirkkoa ja pappilaa, mutta siit\u00e4 ja Viipurin maaseurakunnan kirkon rakennuspiirustuksista ei saanut kertoa julkisuuteen sotatilaa koskevien m\u00e4\u00e4r\u00e4ysten vuoksi.\u201d (TT Jaakko Ripatti, Paluu Karjalaan ja kirkollinen j\u00e4lleenrakennusty\u00f6 1941\u20141944)<\/p>\n<p style=\"text-align: left;\">Kirkon suunnittelija arkkitehti Matti Lamp\u00e9n julkaisi Arkkitehti- lehdess\u00e4 alkuvuodesta 1944 artikkelin Kivennavan v\u00e4liaikaisen kirkon ja pappilan rakentamisesta pohjapiirroksin kuvitettuna. Rakennust\u00f6iden alusta Lamp\u00e9n mainitsee, ett\u00e4 \u201dtoukokuulla aloitettiin vanhalla historiallisella Kivennavan linnam\u00e4ell\u00e4, joka oli valittu uutisrakennuksen paikaksi, entisen palaneen pappilan j\u00e4\u00e4nn\u00f6sten raivaus- ja purkausty\u00f6t sek\u00e4 perustusten kaivamisty\u00f6t. Melkein samanaikaisesti aloitettiin viereisell\u00e4 peltoaukealla rakentaa hirsikehikkoa, joka perustusten ja sokkelin valmistuttua siirrettiin paikoilleen.\u201d Kirkon rakentamisen toteutti asevelity\u00f6n\u00e4 18. D:n rakennuskomppania, jonka komentajaksi 13.2.1943 m\u00e4\u00e4r\u00e4ttiin v\u00e4nrikki Tuure Lehtonen. Rakennuskomppanialla oli samanaikaisesti kirkon kanssa meneill\u00e4\u00e4n useita muitakin kohteita p\u00e4\u00e4asiassa asevelitaloja, korjaus- ja purkut\u00f6it\u00e4, Kivennavan \u00e4itiysneuvola. Komppaniasta n. 25 miest\u00e4 osallistui t\u00f6ihin Linnam\u00e4ell\u00e4, jossa paikallisena ty\u00f6njohtajana toimi rakennusmestari, kersantti Karjanlahti. Rakennustarvikkeiden hankkijana ja rakennust\u00f6iden johtajana toimi rakennusmestari, sotilasvirkailija Anero, jonka toimipaikka oli pioneeritoimisto.<\/p>\n<p style=\"text-align: left;\">Kivennavan kirkon rakennusty\u00f6t on sotap\u00e4iv\u00e4kirjassa kirjattu aloitetun 17. toukokuuta. Betonivaluty\u00f6t ty\u00f6maalla aloitettiin 5. kes\u00e4kuuta. Tukkien ajoa, hirsien, lautojen ja soran ajoa sek\u00e4 kirkolle ett\u00e4 \u00e4itiysneuvolaan on tehty hein\u00e4kuussa, jolloin p\u00e4iv\u00e4kirjaan on 24. ja 26.7. merkitty viholliskoneitten ylilennot. Pappilan tasakatosta on maininta elokuun 6:ntena. Elokuun 16. nostettiin 36-metrinen risti paikoilleen ja 27.8. pidettiin kirkon harjannostajaiset. Kirkon rakentamisen aikana vain kerran (2.8.) on merkint\u00e4 siit\u00e4, ett\u00e4 kirkon suunnittelija arkkitehti Lamp\u00e9n k\u00e4vi tarkastamassa rakennust\u00f6it\u00e4. Viikko 19.-25.9. on k\u00e4ytetty Kivennavan kirkon viimeistelyt\u00f6ihin sek\u00e4 sen ymp\u00e4rist\u00f6n puhdistukseen ja kukkapenkkien kunnostamiseen. 26.9. klo 12 pidettiin kirkon vihki\u00e4iset ja heti vihki\u00e4isten j\u00e4lkeen ensimm\u00e4inen jumalanpalvelus.<\/p>\n<figure id=\"attachment_1827\" aria-describedby=\"caption-attachment-1827\" style=\"width: 924px\" class=\"wp-caption aligncenter\"><a href=\"http:\/\/whm14.louhi.net\/~kivennap\/?attachment_id=1827\" rel=\"attachment wp-att-1827\"><img loading=\"lazy\" class=\"wp-image-1827 size-full\" src=\"http:\/\/whm14.louhi.net\/~kivennap\/wp-content\/uploads\/2016\/02\/Kivennavan-kirkon-vihki\u00e4iset-1943_1.jpg\" alt=\"Kivennavan kirkon vihki\u00e4iset 1943_1\" width=\"924\" height=\"692\" srcset=\"https:\/\/kivennapaseura.fi\/wp-content\/uploads\/2016\/02\/Kivennavan-kirkon-vihki\u00e4iset-1943_1.jpg 924w, https:\/\/kivennapaseura.fi\/wp-content\/uploads\/2016\/02\/Kivennavan-kirkon-vihki\u00e4iset-1943_1-300x225.jpg 300w, https:\/\/kivennapaseura.fi\/wp-content\/uploads\/2016\/02\/Kivennavan-kirkon-vihki\u00e4iset-1943_1-768x575.jpg 768w, https:\/\/kivennapaseura.fi\/wp-content\/uploads\/2016\/02\/Kivennavan-kirkon-vihki\u00e4iset-1943_1-510x382.jpg 510w, https:\/\/kivennapaseura.fi\/wp-content\/uploads\/2016\/02\/Kivennavan-kirkon-vihki\u00e4iset-1943_1-120x90.jpg 120w\" sizes=\"(max-width: 924px) 100vw, 924px\" \/><\/a><figcaption id=\"caption-attachment-1827\" class=\"wp-caption-text\">Kivennavan uuden kirkon vihki\u00e4istilaisuus (Kuvakaappaus Finlandia katsauksesta nro 17)<\/figcaption><\/figure>\n<p style=\"text-align: left;\">Vihkimistilaisuus oli juhlava. Paikalla oli mm. opetusministeri, piispa, kentt\u00e4piispa ja nelj\u00e4 kenraalia. Kirkko oli t\u00e4ynn\u00e4 v\u00e4ke\u00e4. Valtaosa vieraista ei mahtunut sis\u00e4lle kirkkoon, vaan kuunteli ulkosalla kova\u00e4\u00e4nisten v\u00e4lityksell\u00e4 juhlaa, jonka aloitti komeasti luutnantti Visap\u00e4\u00e4n johtama asemiesorkesteri. Kirkon vihkimistoimituksen p\u00e4\u00e4tytty\u00e4 kokoonnuttiin v\u00e4litt\u00f6m\u00e4sti jumalanpalvelukseen, jossa esiintyi musiikkitireht\u00f6\u00f6ri Tihver\u00e4n johdolla Kivennavan kirkkokuoro.\u201dLinnam\u00e4en uutisrakennus on mielest\u00e4ni rakennus-taiteellisesti onnistunut ja kaunis ty\u00f6saavutus\u201d, totesi kenraalimajuri Pajari omassa puheessaan. Inkerinmaan ikihirsist\u00e4 rakennetusta Pajarin kirkosta tuli kivennapalaisille t\u00e4rke\u00e4, yhdist\u00e4v\u00e4 kokoontumispaikka. Sodasta huolimatta kokoonnuttiin jumalanpalveluksiin, h\u00e4ihin ja hautajaisiin sek\u00e4 rippilasten konfirmaatioon. Alkukev\u00e4\u00e4ll\u00e4 huhtikuussa 1944 kirkossa pidettiin seurat, joka kokosi v\u00e4ke\u00e4 kauempaakin. Yhteiset kokemukset antoivat toivoa paremmista ajoista. Ei ollut v\u00e4h\u00e4inen senk\u00e4\u00e4n vaikutus, ett\u00e4 historialliselle Linnam\u00e4elle oli pystytetty rakennus, jonka ajateltiin olevan siell\u00e4 \u201daina\u201d.<\/p>\n<figure id=\"attachment_1828\" aria-describedby=\"caption-attachment-1828\" style=\"width: 924px\" class=\"wp-caption aligncenter\"><img loading=\"lazy\" class=\"wp-image-1828 size-full\" src=\"http:\/\/whm14.louhi.net\/~kivennap\/wp-content\/uploads\/2016\/02\/Kivennavan-kirkon-vihki\u00e4iset-1943_3.jpg\" alt=\"Kivennavan kirkon vihki\u00e4iset 1943_3\" width=\"924\" height=\"692\" srcset=\"https:\/\/kivennapaseura.fi\/wp-content\/uploads\/2016\/02\/Kivennavan-kirkon-vihki\u00e4iset-1943_3.jpg 924w, https:\/\/kivennapaseura.fi\/wp-content\/uploads\/2016\/02\/Kivennavan-kirkon-vihki\u00e4iset-1943_3-300x225.jpg 300w, https:\/\/kivennapaseura.fi\/wp-content\/uploads\/2016\/02\/Kivennavan-kirkon-vihki\u00e4iset-1943_3-768x575.jpg 768w, https:\/\/kivennapaseura.fi\/wp-content\/uploads\/2016\/02\/Kivennavan-kirkon-vihki\u00e4iset-1943_3-510x382.jpg 510w, https:\/\/kivennapaseura.fi\/wp-content\/uploads\/2016\/02\/Kivennavan-kirkon-vihki\u00e4iset-1943_3-120x90.jpg 120w\" sizes=\"(max-width: 924px) 100vw, 924px\" \/><figcaption id=\"caption-attachment-1828\" class=\"wp-caption-text\">Kivennavan uuden kirkon vihki\u00e4istilaisuus (Kuvakaappaus Finlandia katsauksesta nro 17)<\/figcaption><\/figure>\n<p style=\"text-align: left;\">Pajarin kirkon loppu on h\u00e4mment\u00e4v\u00e4. Jos kirkon osalle oli valmisteltu toimia, joissa kirkko toimisi tuliasemana osana VT-linjaa tai varmistaisi Linnam\u00e4en puolustuksen, suunnitelmat murenivat suurhy\u00f6kk\u00e4yksen alettua nopeasti. Uhtualta siirrettiin kes\u00e4kuun alkup\u00e4ivin\u00e4 Kivennavalle JR11. Sen 1. komppania sai 10.6.1944 k\u00e4skyn miehitt\u00e4\u00e4 taistelu- ja etuvartioasemat Kirkkom\u00e4ell\u00e4 ja Linnam\u00e4ell\u00e4. Komppanian p\u00e4\u00e4llikk\u00f6 Mauri Valkonen m\u00e4en puolustusta valmistellessaan tapasi kirkon pihassa kirkkoherra Autereen, joka lastasi seurakunnan viimeisi\u00e4 papereita polkupy\u00f6r\u00e4\u00e4ns\u00e4. Joutsel\u00e4n suunnasta kummunneen tykist\u00f6tulen ja taistelun melussa Autere ja Valkonen k\u00e4veliv\u00e4t sis\u00e4\u00e4n kirkkoon. Kirkkoherra pyysi, ett\u00e4 kirkosta pelastettaisiin taiteilija Savikurjen tekem\u00e4 Kristus-veistos. Ennen l\u00e4ht\u00f6\u00e4\u00e4n kirkkoherra antoi sakastista Valkoselle laatikollisen ehtoollisviinipulloja ja pyysi toimittamaan ne haavoittuneille sotilaille. Illalla Mauri Valkonen sai viel\u00e4 Aaro Pajarilta puhelinviestin, jossa pyydettiin irrottamaan kirkon ulkosein\u00e4ss\u00e4 oleva marmorilaatta. (Kansa taisteli 6\/1977)<\/p>\n<p style=\"text-align: left;\">Taistelu Linnam\u00e4est\u00e4 k\u00e4ytiin 11.6.1944. Puolen y\u00f6n aikaan vihollinen keskitti jatkuvasti eritt\u00e4in kiivasta tykkitulta Linnam\u00e4ke\u00e4 vastaan. Vihollisen etenemist\u00e4 suojasivat palavista taloista nouseva savu ja kes\u00e4y\u00f6h\u00f6n laskeutuva sumu. Linnam\u00e4en puolustus murtui vihollisen p\u00e4\u00e4stess\u00e4 kirkon ja pappilan kohdalla asemiin. Oma jalkav\u00e4ki siirtyi n. 100 metri\u00e4 kirkosta taaksep\u00e4in Ahj\u00e4rven suuntaan. Kirkko sai useita osumia ja komppanian kirkon kellarissa olevasta komentopaikasta oli luovuttava. Linnam\u00e4elle j\u00e4iv\u00e4t pst-tykit.(Sotap\u00e4iv\u00e4kirja JR11\/1 kranaatinheitinjoukkue) Taistelua k\u00e4ytiin koko y\u00f6. Seuraavana p\u00e4iv\u00e4n\u00e4 Linnam\u00e4en puolustajat vet\u00e4ytyiv\u00e4t kauemmas omiensa suojaan. Mauri Valkonen kertoo per\u00e4\u00e4ntymismatkasta: \u201dLinnam\u00e4elt\u00e4 p\u00e4in nousi sankka savu. Otin siihen kompassisuunnan ja verrattuani sit\u00e4 karttaan totesin, ett\u00e4 Kivennavan kirkko oli tulessa.\u201dPajarin kirkon aika oli lyhyt. Liittyip\u00e4 kirkon rakentamiseen millaisia sota-ajan pyrkimyksi\u00e4 tahansa, sen muisto el\u00e4\u00e4 pitk\u00e4\u00e4n. Se on yksi lenkki Linnam\u00e4en monivaiheisen historian ketjussa.<\/p>\n<p>Teksti: Raili M\u00e4kel\u00e4 (artikkeli on julkaistu Kivennapalainen- lehdess\u00e4 2\/2015)<\/p>\n<p>Suomen kansallisfilmografian ELONET- palvelussa on n\u00e4ht\u00e4viss\u00e4 Finlandia katsaus nro 17. Katsauksen lopussa (alkaen kohdasta 08.00) on puolentoista minuutin pituinen v\u00e4l\u00e4hdys kirkon vihki\u00e4istilaisuudesta 26.9.1943.<\/p>\n<p>&nbsp;<\/p>\n<p>&nbsp;<\/p>\n","protected":false},"excerpt":{"rendered":"<p>Edellisen\u00e4 y\u00f6n\u00e4 oli tuiskuttanut, mutta aamuun menness\u00e4 pyry oli asettunut. Sotap\u00e4iv\u00e4kirjojen mukaan joulun 1943 s\u00e4\u00e4 oli lauha ja jouluinen. Vihollinenkin oli harvinaisen hiljainen. Kevyt lumisade rauhoitti aamuh\u00e4m\u00e4r\u00e4ss\u00e4 joulukirkkoon kulkijoita. Sodan pimeyteen oli totuttu, sit\u00e4kin ihmeellisemm\u00e4lt\u00e4 tuntui kirkon oven takaa avautuva valo. Suuret kattokruunut kylviv\u00e4t valoa kirkkosaliin. Joulun tunnelmaa hehkuivat kirkon sivusein\u00e4n kynttil\u00e4m\u00e4iset lampettivalaisimet. Sotajoulun 1943 &hellip;<\/p>\n<p class=\"read-more\"> <a class=\"\" href=\"https:\/\/kivennapaseura.fi\/?page_id=2578\"> <span class=\"screen-reader-text\">Pajarin kirkko<\/span> Lue lis\u00e4\u00e4 &raquo;<\/a><\/p>\n","protected":false},"author":4,"featured_media":0,"parent":2564,"menu_order":2,"comment_status":"closed","ping_status":"closed","template":"","meta":{"site-sidebar-layout":"default","site-content-layout":"default","ast-global-header-display":"","ast-main-header-display":"","ast-hfb-above-header-display":"","ast-hfb-below-header-display":"","ast-hfb-mobile-header-display":"","site-post-title":"","ast-breadcrumbs-content":"","ast-featured-img":"","footer-sml-layout":"","theme-transparent-header-meta":"","adv-header-id-meta":"","stick-header-meta":"","header-above-stick-meta":"","header-main-stick-meta":"","header-below-stick-meta":""},"yoast_head":"<!-- This site is optimized with the Yoast SEO plugin v18.8 - https:\/\/yoast.com\/wordpress\/plugins\/seo\/ -->\n<title>Pajarin kirkko - Kivennapaseura<\/title>\n<meta name=\"robots\" content=\"index, follow, max-snippet:-1, max-image-preview:large, max-video-preview:-1\" \/>\n<link rel=\"canonical\" href=\"https:\/\/kivennapaseura.fi\/?page_id=2578\" \/>\n<meta property=\"og:locale\" content=\"fi_FI\" \/>\n<meta property=\"og:type\" content=\"article\" \/>\n<meta property=\"og:title\" content=\"Pajarin kirkko - Kivennapaseura\" \/>\n<meta property=\"og:description\" content=\"Edellisen\u00e4 y\u00f6n\u00e4 oli tuiskuttanut, mutta aamuun menness\u00e4 pyry oli asettunut. Sotap\u00e4iv\u00e4kirjojen mukaan joulun 1943 s\u00e4\u00e4 oli lauha ja jouluinen. Vihollinenkin oli harvinaisen hiljainen. Kevyt lumisade rauhoitti aamuh\u00e4m\u00e4r\u00e4ss\u00e4 joulukirkkoon kulkijoita. Sodan pimeyteen oli totuttu, sit\u00e4kin ihmeellisemm\u00e4lt\u00e4 tuntui kirkon oven takaa avautuva valo. Suuret kattokruunut kylviv\u00e4t valoa kirkkosaliin. Joulun tunnelmaa hehkuivat kirkon sivusein\u00e4n kynttil\u00e4m\u00e4iset lampettivalaisimet. Sotajoulun 1943 &hellip; Pajarin kirkko Lue lis\u00e4\u00e4 &raquo;\" \/>\n<meta property=\"og:url\" content=\"https:\/\/kivennapaseura.fi\/?page_id=2578\" \/>\n<meta property=\"og:site_name\" content=\"Kivennapaseura\" \/>\n<meta property=\"article:modified_time\" content=\"2017-11-13T21:11:27+00:00\" \/>\n<meta name=\"twitter:card\" content=\"summary_large_image\" \/>\n<meta name=\"twitter:label1\" content=\"Arvioitu lukuaika\" \/>\n\t<meta name=\"twitter:data1\" content=\"5 minuuttia\" \/>\n<script type=\"application\/ld+json\" class=\"yoast-schema-graph\">{\"@context\":\"https:\/\/schema.org\",\"@graph\":[{\"@type\":\"WebSite\",\"@id\":\"https:\/\/kivennapaseura.fi\/#website\",\"url\":\"https:\/\/kivennapaseura.fi\/\",\"name\":\"Kivennapaseura\",\"description\":\"Kivennapaseuran kotisivut\",\"potentialAction\":[{\"@type\":\"SearchAction\",\"target\":{\"@type\":\"EntryPoint\",\"urlTemplate\":\"https:\/\/kivennapaseura.fi\/?s={search_term_string}\"},\"query-input\":\"required name=search_term_string\"}],\"inLanguage\":\"fi\"},{\"@type\":\"WebPage\",\"@id\":\"https:\/\/kivennapaseura.fi\/?page_id=2578#webpage\",\"url\":\"https:\/\/kivennapaseura.fi\/?page_id=2578\",\"name\":\"Pajarin kirkko - Kivennapaseura\",\"isPartOf\":{\"@id\":\"https:\/\/kivennapaseura.fi\/#website\"},\"datePublished\":\"2017-01-28T10:37:18+00:00\",\"dateModified\":\"2017-11-13T21:11:27+00:00\",\"breadcrumb\":{\"@id\":\"https:\/\/kivennapaseura.fi\/?page_id=2578#breadcrumb\"},\"inLanguage\":\"fi\",\"potentialAction\":[{\"@type\":\"ReadAction\",\"target\":[\"https:\/\/kivennapaseura.fi\/?page_id=2578\"]}]},{\"@type\":\"BreadcrumbList\",\"@id\":\"https:\/\/kivennapaseura.fi\/?page_id=2578#breadcrumb\",\"itemListElement\":[{\"@type\":\"ListItem\",\"position\":1,\"name\":\"Etusivu\",\"item\":\"https:\/\/kivennapaseura.fi\/\"},{\"@type\":\"ListItem\",\"position\":2,\"name\":\"Kohtalona raja\",\"item\":\"https:\/\/kivennapaseura.fi\/?page_id=153\"},{\"@type\":\"ListItem\",\"position\":3,\"name\":\"Historian tilkkut\u00e4kki\",\"item\":\"https:\/\/kivennapaseura.fi\/?page_id=2564\"},{\"@type\":\"ListItem\",\"position\":4,\"name\":\"Pajarin kirkko\"}]}]}<\/script>\n<!-- \/ Yoast SEO plugin. -->","yoast_head_json":{"title":"Pajarin kirkko - Kivennapaseura","robots":{"index":"index","follow":"follow","max-snippet":"max-snippet:-1","max-image-preview":"max-image-preview:large","max-video-preview":"max-video-preview:-1"},"canonical":"https:\/\/kivennapaseura.fi\/?page_id=2578","og_locale":"fi_FI","og_type":"article","og_title":"Pajarin kirkko - Kivennapaseura","og_description":"Edellisen\u00e4 y\u00f6n\u00e4 oli tuiskuttanut, mutta aamuun menness\u00e4 pyry oli asettunut. Sotap\u00e4iv\u00e4kirjojen mukaan joulun 1943 s\u00e4\u00e4 oli lauha ja jouluinen. Vihollinenkin oli harvinaisen hiljainen. Kevyt lumisade rauhoitti aamuh\u00e4m\u00e4r\u00e4ss\u00e4 joulukirkkoon kulkijoita. Sodan pimeyteen oli totuttu, sit\u00e4kin ihmeellisemm\u00e4lt\u00e4 tuntui kirkon oven takaa avautuva valo. Suuret kattokruunut kylviv\u00e4t valoa kirkkosaliin. Joulun tunnelmaa hehkuivat kirkon sivusein\u00e4n kynttil\u00e4m\u00e4iset lampettivalaisimet. Sotajoulun 1943 &hellip; Pajarin kirkko Lue lis\u00e4\u00e4 &raquo;","og_url":"https:\/\/kivennapaseura.fi\/?page_id=2578","og_site_name":"Kivennapaseura","article_modified_time":"2017-11-13T21:11:27+00:00","twitter_card":"summary_large_image","twitter_misc":{"Arvioitu lukuaika":"5 minuuttia"},"schema":{"@context":"https:\/\/schema.org","@graph":[{"@type":"WebSite","@id":"https:\/\/kivennapaseura.fi\/#website","url":"https:\/\/kivennapaseura.fi\/","name":"Kivennapaseura","description":"Kivennapaseuran kotisivut","potentialAction":[{"@type":"SearchAction","target":{"@type":"EntryPoint","urlTemplate":"https:\/\/kivennapaseura.fi\/?s={search_term_string}"},"query-input":"required name=search_term_string"}],"inLanguage":"fi"},{"@type":"WebPage","@id":"https:\/\/kivennapaseura.fi\/?page_id=2578#webpage","url":"https:\/\/kivennapaseura.fi\/?page_id=2578","name":"Pajarin kirkko - Kivennapaseura","isPartOf":{"@id":"https:\/\/kivennapaseura.fi\/#website"},"datePublished":"2017-01-28T10:37:18+00:00","dateModified":"2017-11-13T21:11:27+00:00","breadcrumb":{"@id":"https:\/\/kivennapaseura.fi\/?page_id=2578#breadcrumb"},"inLanguage":"fi","potentialAction":[{"@type":"ReadAction","target":["https:\/\/kivennapaseura.fi\/?page_id=2578"]}]},{"@type":"BreadcrumbList","@id":"https:\/\/kivennapaseura.fi\/?page_id=2578#breadcrumb","itemListElement":[{"@type":"ListItem","position":1,"name":"Etusivu","item":"https:\/\/kivennapaseura.fi\/"},{"@type":"ListItem","position":2,"name":"Kohtalona raja","item":"https:\/\/kivennapaseura.fi\/?page_id=153"},{"@type":"ListItem","position":3,"name":"Historian tilkkut\u00e4kki","item":"https:\/\/kivennapaseura.fi\/?page_id=2564"},{"@type":"ListItem","position":4,"name":"Pajarin kirkko"}]}]}},"_links":{"self":[{"href":"https:\/\/kivennapaseura.fi\/index.php?rest_route=\/wp\/v2\/pages\/2578"}],"collection":[{"href":"https:\/\/kivennapaseura.fi\/index.php?rest_route=\/wp\/v2\/pages"}],"about":[{"href":"https:\/\/kivennapaseura.fi\/index.php?rest_route=\/wp\/v2\/types\/page"}],"author":[{"embeddable":true,"href":"https:\/\/kivennapaseura.fi\/index.php?rest_route=\/wp\/v2\/users\/4"}],"replies":[{"embeddable":true,"href":"https:\/\/kivennapaseura.fi\/index.php?rest_route=%2Fwp%2Fv2%2Fcomments&post=2578"}],"version-history":[{"count":0,"href":"https:\/\/kivennapaseura.fi\/index.php?rest_route=\/wp\/v2\/pages\/2578\/revisions"}],"up":[{"embeddable":true,"href":"https:\/\/kivennapaseura.fi\/index.php?rest_route=\/wp\/v2\/pages\/2564"}],"wp:attachment":[{"href":"https:\/\/kivennapaseura.fi\/index.php?rest_route=%2Fwp%2Fv2%2Fmedia&parent=2578"}],"curies":[{"name":"wp","href":"https:\/\/api.w.org\/{rel}","templated":true}]}}