{"id":2827,"date":"2017-02-26T17:07:48","date_gmt":"2017-02-26T15:07:48","guid":{"rendered":"http:\/\/whm14.louhi.net\/~kivennap\/?page_id=2827"},"modified":"2017-02-26T17:07:48","modified_gmt":"2017-02-26T15:07:48","slug":"talvisota-puhkeaa","status":"publish","type":"page","link":"https:\/\/kivennapaseura.fi\/?page_id=2827","title":{"rendered":"Talvisota puhkeaa"},"content":{"rendered":"<p>Talvisodan syttyess\u00e4 30.11.1939 Joutsel\u00e4n suojeluskunta koki l\u00e4helt\u00e4, miten raja repesi ja kotikyl\u00e4 jouduttiin j\u00e4tt\u00e4m\u00e4\u00e4n. Joutsel\u00e4n suojeluskunnan talvisotap\u00e4iv\u00e4kirjaan (6.10.1939 \u2013 30.4.1940) paikallisp\u00e4\u00e4llikk\u00f6 Viljam Veijalainen ja esikunnan j\u00e4sen Tatu T\u00e4hk\u00e4p\u00e4\u00e4 ovat tallentaneet p\u00e4iv\u00e4 p\u00e4iv\u00e4lt\u00e4 rajan el\u00e4m\u00e4\u00e4 sodan uhan alla, talvisodan ensimm\u00e4iset minuutit ja oman kotikyl\u00e4n tuhon.<\/p>\n<p>Sotap\u00e4iv\u00e4kirjamerkinn\u00e4n mukaan Joutsel\u00e4n suojeluskunta h\u00e4lytettiin 6. lokakuuta kello 18, jolloin kaikille suojeluskunnan alueella asuville suojeluskuntalaisille vietiin kuorma-autolla aseet ja varusteet. Toiminnan keskuksena oli rajan tuntumassa ollut suojeluskuntatalo, josta ohjattiin puhelin-, vartiointi-, evakuointi- ja havainnointiteht\u00e4vi\u00e4.<\/p>\n<p>P\u00f6yt\u00e4kirjaan on kirjattu ensimm\u00e4inen rajaloukkaus 9.10. Kolme nopeata lentokonetta havaittiin Joutsel\u00e4n ja kolme Hartosen kohdalla. Seuraavalla viikolla havaittiin yhdeks\u00e4n ven\u00e4l\u00e4isen koneen laivueen lent\u00e4v\u00e4n suojeluskuntatalon yli Raivolan suuntaan. Seuraavat merkinn\u00e4t lentotoiminnasta kertovat ven\u00e4l\u00e4isten lentokoneiden lentelev\u00e4n pitkin rajan pintaa, mutta rajaa ei ylitetty. Lokakuun 13. p\u00e4iv\u00e4n merkint\u00e4 kertoo: \u201d Kello 7. S\u00e4\u00e4 kirkas. Kello 11. Ryssien t\u00e4hystyspallo nousi t\u00e4hyst\u00e4m\u00e4\u00e4n Mainilan kyl\u00e4n takaa, mutta painui nopeasti alas kun puutykki, jonka 3\/J.P.3 pojat olivat tehneet, vietiin asemiin ja suunnattiin sit\u00e4 kohti.\u201d<\/p>\n<figure id=\"attachment_982\" aria-describedby=\"caption-attachment-982\" style=\"width: 873px\" class=\"wp-caption aligncenter\"><a href=\"http:\/\/whm14.louhi.net\/~kivennap\/wp-content\/uploads\/2014\/12\/JOUTSEL\u00c4N-SUOJELUSKUNTA-2.jpg\"><img loading=\"lazy\" class=\"wp-image-982 size-full\" src=\"http:\/\/whm14.louhi.net\/~kivennap\/wp-content\/uploads\/2014\/12\/JOUTSEL\u00c4N-SUOJELUSKUNTA-2.jpg\" alt=\"JOUTSEL\u00c4N SUOJELUSKUNTA (2)\" width=\"873\" height=\"1024\" srcset=\"https:\/\/kivennapaseura.fi\/wp-content\/uploads\/2014\/12\/JOUTSEL\u00c4N-SUOJELUSKUNTA-2.jpg 873w, https:\/\/kivennapaseura.fi\/wp-content\/uploads\/2014\/12\/JOUTSEL\u00c4N-SUOJELUSKUNTA-2-255x300.jpg 255w\" sizes=\"(max-width: 873px) 100vw, 873px\" \/><\/a><figcaption id=\"caption-attachment-982\" class=\"wp-caption-text\">Joutsel\u00e4n suojeluskunnan sotap\u00e4iv\u00e4kirjan sivu 27.-30.11.1939 (http:\/\/digi.narc.fi\/digi\/view.ka?kuid=1672581)<\/figcaption><\/figure>\n<p>Marraskuun 26. p\u00e4iv\u00e4n\u00e4 kello 9-11 suojeluskuntalaisille pidettiin oppitunti propagandasta, mutta p\u00e4iv\u00e4kirjamerkint\u00e4 keskittyi iltap\u00e4iv\u00e4n havaintoon. Mainilasta p\u00e4in kuului ammuksien r\u00e4j\u00e4hdyksi\u00e4 6-7 kpl. Seuraavan p\u00e4iv\u00e4n merkinn\u00e4t keskittyv\u00e4t puutykkiin: \u201dSaatiin tiet\u00e4\u00e4, ett\u00e4 ryss\u00e4 v\u00e4itt\u00e4\u00e4 Joutsel\u00e4st\u00e4 ammutun tykeill\u00e4 Mainilaan 7 laukausta, vaikka meill\u00e4 ei ollut kuin puutykki.\u201d<\/p>\n<p>Ilmassa oli s\u00e4hk\u00f6\u00e4. Joutsel\u00e4n suojeluskuntatalolla tiedettiin, ett\u00e4 Neuvostoliitto oli esitt\u00e4nyt Suomen hallitukselle uhkavaatimuksen. Marraskuun 29. p\u00e4iv\u00e4n\u00e4 alettiin jo aamusta pakata tavaroita, polttaa arkistoa ja papereita. Seuraavan p\u00e4iv\u00e4n, marraskuun 30:nnen, paikallisp\u00e4\u00e4llikk\u00f6 Veijalainen on kirjannut p\u00e4iv\u00e4kirjaan yksityiskohtaisesti: \u201dKello 6. Her\u00e4tys ja aamutee. Kello 7. Alkoi ryss\u00e4 ampua tykeill\u00e4 ja krh:lla Joutsel\u00e4n kyl\u00e4\u00e4. Ulkoa kuului yht\u00e4mittaisia r\u00e4j\u00e4hdyksi\u00e4. Kello 7.05. Sain tilaamani h\u00e4t\u00e4puhelun Viipurin skp:hen ja ilmoitin ryssien ammunnasta ja tilasin 2 linja-autoa hakemaan lottia ja sk III nostomiehi\u00e4. Kello 7.10. Annoin k\u00e4skyn puh.keskuksen tuhoamisesta ja sk. siirtymisest\u00e4 Kivennavalle. Kello 7.20. L\u00e4htiv\u00e4t lotat ja sk.laiset sk.taloltaan viimeist\u00e4 kertaa ja 3\/J.P.3 pojat pistiv\u00e4t talon tuleen. Matka tapahtui kuorma-autolla, 3 hevosella ja py\u00f6rill\u00e4. Matkan teko oli hengen vaarallista syyst\u00e4, ett\u00e4 ryss\u00e4 pommitti tiet\u00e4 Kivennavalle saakka. Kello 12. Olivat kaikki toiset onnellisesti perill\u00e4, paitsi v\u00e4\u00e4p. Hoppania, joka meni kotiansa polttamaan\u2026\u201d<\/p>\n<p>Sota oli syttynyt. Vihollinen pommitti taukoamatta kirkonkyl\u00e4\u00e4. Lotat ja III lk. nostomiehet vietiin kahdella linja-autolla Viipuriin. Kuormasto ja Joutsel\u00e4n suojeluskunta, yhdess\u00e4 Kivennavan suojeluskunnan kanssa, siirtyiv\u00e4t Pamppalaan. V\u00e4\u00e4peli Hoppania palasi raskaalta matkaltaan seuraavana p\u00e4iv\u00e4n\u00e4 ja tiesi kertoa ankarasta tulitaistelusta Lintulassa. Joulukuun 2. p\u00e4iv\u00e4n\u00e4 Joutsel\u00e4n suojeluskunta j\u00e4tti palavan kotipit\u00e4j\u00e4n, siirtyi Kyyr\u00f6l\u00e4\u00e4n sielt\u00e4 Kuusaaseen, Heinjoelle, P\u00f6ll\u00e4kk\u00e4l\u00e4\u00e4n ja S\u00e4ini\u00f6lle sek\u00e4 sodan loppuajaksi Kavantsaareen.<\/p>\n<p>Teksti: Raili M\u00e4kel\u00e4<\/p>\n<p>L\u00e4hde: Joutsel\u00e4n suojeluskunnan talvisodan sotap\u00e4iv\u00e4kirja (http:\/\/digi.narc.fi\/digi\/view.ka?kuid=1672581)<\/p>\n","protected":false},"excerpt":{"rendered":"<p>Talvisodan syttyess\u00e4 30.11.1939 Joutsel\u00e4n suojeluskunta koki l\u00e4helt\u00e4, miten raja repesi ja kotikyl\u00e4 jouduttiin j\u00e4tt\u00e4m\u00e4\u00e4n. Joutsel\u00e4n suojeluskunnan talvisotap\u00e4iv\u00e4kirjaan (6.10.1939 \u2013 30.4.1940) paikallisp\u00e4\u00e4llikk\u00f6 Viljam Veijalainen ja esikunnan j\u00e4sen Tatu T\u00e4hk\u00e4p\u00e4\u00e4 ovat tallentaneet p\u00e4iv\u00e4 p\u00e4iv\u00e4lt\u00e4 rajan el\u00e4m\u00e4\u00e4 sodan uhan alla, talvisodan ensimm\u00e4iset minuutit ja oman kotikyl\u00e4n tuhon. Sotap\u00e4iv\u00e4kirjamerkinn\u00e4n mukaan Joutsel\u00e4n suojeluskunta h\u00e4lytettiin 6. lokakuuta kello 18, jolloin kaikille &hellip;<\/p>\n<p class=\"read-more\"> <a class=\"\" href=\"https:\/\/kivennapaseura.fi\/?page_id=2827\"> <span class=\"screen-reader-text\">Talvisota puhkeaa<\/span> Lue lis\u00e4\u00e4 &raquo;<\/a><\/p>\n","protected":false},"author":4,"featured_media":0,"parent":2564,"menu_order":8,"comment_status":"closed","ping_status":"closed","template":"","meta":{"site-sidebar-layout":"default","site-content-layout":"default","ast-global-header-display":"","ast-main-header-display":"","ast-hfb-above-header-display":"","ast-hfb-below-header-display":"","ast-hfb-mobile-header-display":"","site-post-title":"","ast-breadcrumbs-content":"","ast-featured-img":"","footer-sml-layout":"","theme-transparent-header-meta":"","adv-header-id-meta":"","stick-header-meta":"","header-above-stick-meta":"","header-main-stick-meta":"","header-below-stick-meta":""},"yoast_head":"<!-- This site is optimized with the Yoast SEO plugin v18.8 - https:\/\/yoast.com\/wordpress\/plugins\/seo\/ -->\n<title>Talvisota puhkeaa - Kivennapaseura<\/title>\n<meta name=\"robots\" content=\"index, follow, max-snippet:-1, max-image-preview:large, max-video-preview:-1\" \/>\n<link rel=\"canonical\" href=\"https:\/\/kivennapaseura.fi\/?page_id=2827\" \/>\n<meta property=\"og:locale\" content=\"fi_FI\" \/>\n<meta property=\"og:type\" content=\"article\" \/>\n<meta property=\"og:title\" content=\"Talvisota puhkeaa - Kivennapaseura\" \/>\n<meta property=\"og:description\" content=\"Talvisodan syttyess\u00e4 30.11.1939 Joutsel\u00e4n suojeluskunta koki l\u00e4helt\u00e4, miten raja repesi ja kotikyl\u00e4 jouduttiin j\u00e4tt\u00e4m\u00e4\u00e4n. Joutsel\u00e4n suojeluskunnan talvisotap\u00e4iv\u00e4kirjaan (6.10.1939 \u2013 30.4.1940) paikallisp\u00e4\u00e4llikk\u00f6 Viljam Veijalainen ja esikunnan j\u00e4sen Tatu T\u00e4hk\u00e4p\u00e4\u00e4 ovat tallentaneet p\u00e4iv\u00e4 p\u00e4iv\u00e4lt\u00e4 rajan el\u00e4m\u00e4\u00e4 sodan uhan alla, talvisodan ensimm\u00e4iset minuutit ja oman kotikyl\u00e4n tuhon. Sotap\u00e4iv\u00e4kirjamerkinn\u00e4n mukaan Joutsel\u00e4n suojeluskunta h\u00e4lytettiin 6. lokakuuta kello 18, jolloin kaikille &hellip; Talvisota puhkeaa Lue lis\u00e4\u00e4 &raquo;\" \/>\n<meta property=\"og:url\" content=\"https:\/\/kivennapaseura.fi\/?page_id=2827\" \/>\n<meta property=\"og:site_name\" content=\"Kivennapaseura\" \/>\n<meta name=\"twitter:card\" content=\"summary_large_image\" \/>\n<meta name=\"twitter:label1\" content=\"Arvioitu lukuaika\" \/>\n\t<meta name=\"twitter:data1\" content=\"3 minuuttia\" \/>\n<script type=\"application\/ld+json\" class=\"yoast-schema-graph\">{\"@context\":\"https:\/\/schema.org\",\"@graph\":[{\"@type\":\"WebSite\",\"@id\":\"https:\/\/kivennapaseura.fi\/#website\",\"url\":\"https:\/\/kivennapaseura.fi\/\",\"name\":\"Kivennapaseura\",\"description\":\"Kivennapaseuran kotisivut\",\"potentialAction\":[{\"@type\":\"SearchAction\",\"target\":{\"@type\":\"EntryPoint\",\"urlTemplate\":\"https:\/\/kivennapaseura.fi\/?s={search_term_string}\"},\"query-input\":\"required name=search_term_string\"}],\"inLanguage\":\"fi\"},{\"@type\":\"WebPage\",\"@id\":\"https:\/\/kivennapaseura.fi\/?page_id=2827#webpage\",\"url\":\"https:\/\/kivennapaseura.fi\/?page_id=2827\",\"name\":\"Talvisota puhkeaa - Kivennapaseura\",\"isPartOf\":{\"@id\":\"https:\/\/kivennapaseura.fi\/#website\"},\"datePublished\":\"2017-02-26T15:07:48+00:00\",\"dateModified\":\"2017-02-26T15:07:48+00:00\",\"breadcrumb\":{\"@id\":\"https:\/\/kivennapaseura.fi\/?page_id=2827#breadcrumb\"},\"inLanguage\":\"fi\",\"potentialAction\":[{\"@type\":\"ReadAction\",\"target\":[\"https:\/\/kivennapaseura.fi\/?page_id=2827\"]}]},{\"@type\":\"BreadcrumbList\",\"@id\":\"https:\/\/kivennapaseura.fi\/?page_id=2827#breadcrumb\",\"itemListElement\":[{\"@type\":\"ListItem\",\"position\":1,\"name\":\"Etusivu\",\"item\":\"https:\/\/kivennapaseura.fi\/\"},{\"@type\":\"ListItem\",\"position\":2,\"name\":\"Kohtalona raja\",\"item\":\"https:\/\/kivennapaseura.fi\/?page_id=153\"},{\"@type\":\"ListItem\",\"position\":3,\"name\":\"Historian tilkkut\u00e4kki\",\"item\":\"https:\/\/kivennapaseura.fi\/?page_id=2564\"},{\"@type\":\"ListItem\",\"position\":4,\"name\":\"Talvisota puhkeaa\"}]}]}<\/script>\n<!-- \/ Yoast SEO plugin. -->","yoast_head_json":{"title":"Talvisota puhkeaa - Kivennapaseura","robots":{"index":"index","follow":"follow","max-snippet":"max-snippet:-1","max-image-preview":"max-image-preview:large","max-video-preview":"max-video-preview:-1"},"canonical":"https:\/\/kivennapaseura.fi\/?page_id=2827","og_locale":"fi_FI","og_type":"article","og_title":"Talvisota puhkeaa - Kivennapaseura","og_description":"Talvisodan syttyess\u00e4 30.11.1939 Joutsel\u00e4n suojeluskunta koki l\u00e4helt\u00e4, miten raja repesi ja kotikyl\u00e4 jouduttiin j\u00e4tt\u00e4m\u00e4\u00e4n. Joutsel\u00e4n suojeluskunnan talvisotap\u00e4iv\u00e4kirjaan (6.10.1939 \u2013 30.4.1940) paikallisp\u00e4\u00e4llikk\u00f6 Viljam Veijalainen ja esikunnan j\u00e4sen Tatu T\u00e4hk\u00e4p\u00e4\u00e4 ovat tallentaneet p\u00e4iv\u00e4 p\u00e4iv\u00e4lt\u00e4 rajan el\u00e4m\u00e4\u00e4 sodan uhan alla, talvisodan ensimm\u00e4iset minuutit ja oman kotikyl\u00e4n tuhon. Sotap\u00e4iv\u00e4kirjamerkinn\u00e4n mukaan Joutsel\u00e4n suojeluskunta h\u00e4lytettiin 6. lokakuuta kello 18, jolloin kaikille &hellip; Talvisota puhkeaa Lue lis\u00e4\u00e4 &raquo;","og_url":"https:\/\/kivennapaseura.fi\/?page_id=2827","og_site_name":"Kivennapaseura","twitter_card":"summary_large_image","twitter_misc":{"Arvioitu lukuaika":"3 minuuttia"},"schema":{"@context":"https:\/\/schema.org","@graph":[{"@type":"WebSite","@id":"https:\/\/kivennapaseura.fi\/#website","url":"https:\/\/kivennapaseura.fi\/","name":"Kivennapaseura","description":"Kivennapaseuran kotisivut","potentialAction":[{"@type":"SearchAction","target":{"@type":"EntryPoint","urlTemplate":"https:\/\/kivennapaseura.fi\/?s={search_term_string}"},"query-input":"required name=search_term_string"}],"inLanguage":"fi"},{"@type":"WebPage","@id":"https:\/\/kivennapaseura.fi\/?page_id=2827#webpage","url":"https:\/\/kivennapaseura.fi\/?page_id=2827","name":"Talvisota puhkeaa - Kivennapaseura","isPartOf":{"@id":"https:\/\/kivennapaseura.fi\/#website"},"datePublished":"2017-02-26T15:07:48+00:00","dateModified":"2017-02-26T15:07:48+00:00","breadcrumb":{"@id":"https:\/\/kivennapaseura.fi\/?page_id=2827#breadcrumb"},"inLanguage":"fi","potentialAction":[{"@type":"ReadAction","target":["https:\/\/kivennapaseura.fi\/?page_id=2827"]}]},{"@type":"BreadcrumbList","@id":"https:\/\/kivennapaseura.fi\/?page_id=2827#breadcrumb","itemListElement":[{"@type":"ListItem","position":1,"name":"Etusivu","item":"https:\/\/kivennapaseura.fi\/"},{"@type":"ListItem","position":2,"name":"Kohtalona raja","item":"https:\/\/kivennapaseura.fi\/?page_id=153"},{"@type":"ListItem","position":3,"name":"Historian tilkkut\u00e4kki","item":"https:\/\/kivennapaseura.fi\/?page_id=2564"},{"@type":"ListItem","position":4,"name":"Talvisota puhkeaa"}]}]}},"_links":{"self":[{"href":"https:\/\/kivennapaseura.fi\/index.php?rest_route=\/wp\/v2\/pages\/2827"}],"collection":[{"href":"https:\/\/kivennapaseura.fi\/index.php?rest_route=\/wp\/v2\/pages"}],"about":[{"href":"https:\/\/kivennapaseura.fi\/index.php?rest_route=\/wp\/v2\/types\/page"}],"author":[{"embeddable":true,"href":"https:\/\/kivennapaseura.fi\/index.php?rest_route=\/wp\/v2\/users\/4"}],"replies":[{"embeddable":true,"href":"https:\/\/kivennapaseura.fi\/index.php?rest_route=%2Fwp%2Fv2%2Fcomments&post=2827"}],"version-history":[{"count":0,"href":"https:\/\/kivennapaseura.fi\/index.php?rest_route=\/wp\/v2\/pages\/2827\/revisions"}],"up":[{"embeddable":true,"href":"https:\/\/kivennapaseura.fi\/index.php?rest_route=\/wp\/v2\/pages\/2564"}],"wp:attachment":[{"href":"https:\/\/kivennapaseura.fi\/index.php?rest_route=%2Fwp%2Fv2%2Fmedia&parent=2827"}],"curies":[{"name":"wp","href":"https:\/\/api.w.org\/{rel}","templated":true}]}}