{"id":2831,"date":"2017-02-26T17:20:57","date_gmt":"2017-02-26T15:20:57","guid":{"rendered":"http:\/\/whm14.louhi.net\/~kivennap\/?page_id=2831"},"modified":"2020-07-18T12:07:22","modified_gmt":"2020-07-18T09:07:22","slug":"takseeraus-ja-aantoluettelo","status":"publish","type":"page","link":"https:\/\/kivennapaseura.fi\/?page_id=2831","title":{"rendered":"Takseeraus- eli \u00e4\u00e4nt\u00f6luettelo vuodelta 1896"},"content":{"rendered":"<p>Takseeraus &#8211; eli \u00e4\u00e4nt\u00f6luettelo on tarkka luettelo kaikista Kivennavan tiloista is\u00e4ntineen. Luettelo on tehty vuoden 1896 kuntakokousta varten. Se oli verotuksen perustana ja m\u00e4\u00e4ritti samalla tilan k\u00e4ytett\u00e4viss\u00e4 olevan \u00e4\u00e4nim\u00e4\u00e4r\u00e4n kuntakokouksessa. Allekirjoittajana on ollut pitk\u00e4aikaisin kuntakokouksen esimies kiertokoulunopettaja Mikko Pimi\u00e4, joka toimi teht\u00e4v\u00e4ss\u00e4\u00e4n l\u00e4hes kolmenkymmenen vuoden ajan.<\/p>\n<p>Ennen kunnanvaltuustoja kunnan asioista p\u00e4\u00e4tti kuntakokous ja varsinaisena hallintoelimen\u00e4 toimi kunnallislautakunta.\u00a0Vuoden 1872 alussa valittiin Kivennavalle uuden kunnallislain edellytt\u00e4m\u00e4 kuntakokous ja kunnallishallitus. Ensimm\u00e4isen kuntakokouksen esimieheksi valittiin kirkkoherra Johannes Hertz ja varalle maakauppias Uolo Kukkonen. Asialle oli jo haettu kymmenen vuoden lykk\u00e4yst\u00e4 kun ei katsottu l\u00f6ytyv\u00e4n riitt\u00e4v\u00e4n p\u00e4tev\u00e4\u00e4 esimiest\u00e4. Paavo Kiuru kirjassaan Kivennapa kertoo asiasta seuraavasti: \u201dVaaditaan aikaa ja kokemusta, liiatenkin kunnallislautakunnan esimiehell\u00e4 pit\u00e4\u00e4 olla hyv\u00e4 ymm\u00e4rrys ja hyv\u00e4 syd\u00e4n, ja t\u00e4ss\u00e4 kirkkokunnassa ei l\u00f6ydy soveliasta ja p\u00e4\u00e4lleen luotettavaa t\u00e4ydellist\u00e4 taitavaa persoonaa.\u201d<\/p>\n<p>Kun uutta lykk\u00e4yst\u00e4 ei saatu, katsottiin kirkkoherra Hertz riitt\u00e4v\u00e4n hyv\u00e4syd\u00e4miseksi esimieheksi.\u00a0Kuntakokoukseen saivat osallistua kaikki kunnan verovelvolliset. Koko kunnasta laadittiin \u00e4\u00e4nt\u00f6luettelo, jossa tilan \u00e4\u00e4nim\u00e4\u00e4r\u00e4 koostui manttaaliluvusta, \u00e4\u00e4nestysik\u00e4isten henkil\u00f6iden lukum\u00e4\u00e4r\u00e4st\u00e4 ja muusta omaisuudesta. N\u00e4in usein suurtilallinen voitti monta muuta \u00e4\u00e4nest\u00e4j\u00e4\u00e4, jolla ei ollut maaomaisuutta, vain ehk\u00e4 puoliso oman \u00e4\u00e4nen lis\u00e4ksi.<\/p>\n<p>Takseeraus- ja \u00e4\u00e4nt\u00f6luettelo t\u00e4ydent\u00e4\u00e4 aiempaa tunnettua materiaalia Kivennavan v\u00e4est\u00f6st\u00e4: Kivennavan seurakunnan arkiston asiakirjat sek\u00e4 henkikirjat sek\u00e4 maakirjat.<\/p>\n<p>Teksti: Raija Levo<\/p>\n<p><strong><a href=\"http:\/\/kivennapaseura.fi\/wp-content\/uploads\/2020\/07\/Kivennavan-takseeraus-eli-\u00e4\u00e4nt\u00f6luettelo-vuodelta-1896.pdf\" target=\"_blank\" rel=\"noopener noreferrer\">Kivennavan takseeraus- eli \u00e4\u00e4nt\u00f6luettelo vuodelta 1896<\/a><\/strong><\/p>\n\n\n<p><\/p>\n","protected":false},"excerpt":{"rendered":"<p>Takseeraus &#8211; eli \u00e4\u00e4nt\u00f6luettelo on tarkka luettelo kaikista Kivennavan tiloista is\u00e4ntineen. Luettelo on tehty vuoden 1896 kuntakokousta varten. Se oli verotuksen perustana ja m\u00e4\u00e4ritti samalla tilan k\u00e4ytett\u00e4viss\u00e4 olevan \u00e4\u00e4nim\u00e4\u00e4r\u00e4n kuntakokouksessa. Allekirjoittajana on ollut pitk\u00e4aikaisin kuntakokouksen esimies kiertokoulunopettaja Mikko Pimi\u00e4, joka toimi teht\u00e4v\u00e4ss\u00e4\u00e4n l\u00e4hes kolmenkymmenen vuoden ajan. Ennen kunnanvaltuustoja kunnan asioista p\u00e4\u00e4tti kuntakokous ja varsinaisena hallintoelimen\u00e4 &hellip;<\/p>\n<p class=\"read-more\"> <a class=\"\" href=\"https:\/\/kivennapaseura.fi\/?page_id=2831\"> <span class=\"screen-reader-text\">Takseeraus- eli \u00e4\u00e4nt\u00f6luettelo vuodelta 1896<\/span> Lue lis\u00e4\u00e4 &raquo;<\/a><\/p>\n","protected":false},"author":4,"featured_media":2264,"parent":2564,"menu_order":9,"comment_status":"closed","ping_status":"closed","template":"","meta":{"site-sidebar-layout":"default","site-content-layout":"default","ast-global-header-display":"","ast-main-header-display":"","ast-hfb-above-header-display":"","ast-hfb-below-header-display":"","ast-hfb-mobile-header-display":"","site-post-title":"","ast-breadcrumbs-content":"","ast-featured-img":"","footer-sml-layout":"","theme-transparent-header-meta":"","adv-header-id-meta":"","stick-header-meta":"","header-above-stick-meta":"","header-main-stick-meta":"","header-below-stick-meta":""},"yoast_head":"<!-- This site is optimized with the Yoast SEO plugin v18.8 - https:\/\/yoast.com\/wordpress\/plugins\/seo\/ -->\n<title>Takseeraus- eli \u00e4\u00e4nt\u00f6luettelo vuodelta 1896 - Kivennapaseura<\/title>\n<meta name=\"robots\" content=\"index, follow, max-snippet:-1, max-image-preview:large, max-video-preview:-1\" \/>\n<link rel=\"canonical\" href=\"https:\/\/kivennapaseura.fi\/?page_id=2831\" \/>\n<meta property=\"og:locale\" content=\"fi_FI\" \/>\n<meta property=\"og:type\" content=\"article\" \/>\n<meta property=\"og:title\" content=\"Takseeraus- eli \u00e4\u00e4nt\u00f6luettelo vuodelta 1896 - Kivennapaseura\" \/>\n<meta property=\"og:description\" content=\"Takseeraus &#8211; eli \u00e4\u00e4nt\u00f6luettelo on tarkka luettelo kaikista Kivennavan tiloista is\u00e4ntineen. Luettelo on tehty vuoden 1896 kuntakokousta varten. Se oli verotuksen perustana ja m\u00e4\u00e4ritti samalla tilan k\u00e4ytett\u00e4viss\u00e4 olevan \u00e4\u00e4nim\u00e4\u00e4r\u00e4n kuntakokouksessa. Allekirjoittajana on ollut pitk\u00e4aikaisin kuntakokouksen esimies kiertokoulunopettaja Mikko Pimi\u00e4, joka toimi teht\u00e4v\u00e4ss\u00e4\u00e4n l\u00e4hes kolmenkymmenen vuoden ajan. Ennen kunnanvaltuustoja kunnan asioista p\u00e4\u00e4tti kuntakokous ja varsinaisena hallintoelimen\u00e4 &hellip; Takseeraus- eli \u00e4\u00e4nt\u00f6luettelo vuodelta 1896 Lue lis\u00e4\u00e4 &raquo;\" \/>\n<meta property=\"og:url\" content=\"https:\/\/kivennapaseura.fi\/?page_id=2831\" \/>\n<meta property=\"og:site_name\" content=\"Kivennapaseura\" \/>\n<meta property=\"article:modified_time\" content=\"2020-07-18T09:07:22+00:00\" \/>\n<meta property=\"og:image\" content=\"https:\/\/kivennapaseura.fi\/wp-content\/uploads\/2016\/10\/Aanto_luettelo_1896.jpg\" \/>\n\t<meta property=\"og:image:width\" content=\"1887\" \/>\n\t<meta property=\"og:image:height\" content=\"830\" \/>\n\t<meta property=\"og:image:type\" content=\"image\/jpeg\" \/>\n<meta name=\"twitter:card\" content=\"summary_large_image\" \/>\n<meta name=\"twitter:label1\" content=\"Arvioitu lukuaika\" \/>\n\t<meta name=\"twitter:data1\" content=\"1 minuutti\" \/>\n<script type=\"application\/ld+json\" class=\"yoast-schema-graph\">{\"@context\":\"https:\/\/schema.org\",\"@graph\":[{\"@type\":\"WebSite\",\"@id\":\"https:\/\/kivennapaseura.fi\/#website\",\"url\":\"https:\/\/kivennapaseura.fi\/\",\"name\":\"Kivennapaseura\",\"description\":\"Kivennapaseuran kotisivut\",\"potentialAction\":[{\"@type\":\"SearchAction\",\"target\":{\"@type\":\"EntryPoint\",\"urlTemplate\":\"https:\/\/kivennapaseura.fi\/?s={search_term_string}\"},\"query-input\":\"required name=search_term_string\"}],\"inLanguage\":\"fi\"},{\"@type\":\"ImageObject\",\"inLanguage\":\"fi\",\"@id\":\"https:\/\/kivennapaseura.fi\/?page_id=2831#primaryimage\",\"url\":\"https:\/\/kivennapaseura.fi\/wp-content\/uploads\/2016\/10\/Aanto_luettelo_1896.jpg\",\"contentUrl\":\"https:\/\/kivennapaseura.fi\/wp-content\/uploads\/2016\/10\/Aanto_luettelo_1896.jpg\",\"width\":1887,\"height\":830},{\"@type\":\"WebPage\",\"@id\":\"https:\/\/kivennapaseura.fi\/?page_id=2831#webpage\",\"url\":\"https:\/\/kivennapaseura.fi\/?page_id=2831\",\"name\":\"Takseeraus- eli \u00e4\u00e4nt\u00f6luettelo vuodelta 1896 - Kivennapaseura\",\"isPartOf\":{\"@id\":\"https:\/\/kivennapaseura.fi\/#website\"},\"primaryImageOfPage\":{\"@id\":\"https:\/\/kivennapaseura.fi\/?page_id=2831#primaryimage\"},\"datePublished\":\"2017-02-26T15:20:57+00:00\",\"dateModified\":\"2020-07-18T09:07:22+00:00\",\"breadcrumb\":{\"@id\":\"https:\/\/kivennapaseura.fi\/?page_id=2831#breadcrumb\"},\"inLanguage\":\"fi\",\"potentialAction\":[{\"@type\":\"ReadAction\",\"target\":[\"https:\/\/kivennapaseura.fi\/?page_id=2831\"]}]},{\"@type\":\"BreadcrumbList\",\"@id\":\"https:\/\/kivennapaseura.fi\/?page_id=2831#breadcrumb\",\"itemListElement\":[{\"@type\":\"ListItem\",\"position\":1,\"name\":\"Etusivu\",\"item\":\"https:\/\/kivennapaseura.fi\/\"},{\"@type\":\"ListItem\",\"position\":2,\"name\":\"Kohtalona raja\",\"item\":\"https:\/\/kivennapaseura.fi\/?page_id=153\"},{\"@type\":\"ListItem\",\"position\":3,\"name\":\"Historian tilkkut\u00e4kki\",\"item\":\"https:\/\/kivennapaseura.fi\/?page_id=2564\"},{\"@type\":\"ListItem\",\"position\":4,\"name\":\"Takseeraus- eli \u00e4\u00e4nt\u00f6luettelo vuodelta 1896\"}]}]}<\/script>\n<!-- \/ Yoast SEO plugin. -->","yoast_head_json":{"title":"Takseeraus- eli \u00e4\u00e4nt\u00f6luettelo vuodelta 1896 - Kivennapaseura","robots":{"index":"index","follow":"follow","max-snippet":"max-snippet:-1","max-image-preview":"max-image-preview:large","max-video-preview":"max-video-preview:-1"},"canonical":"https:\/\/kivennapaseura.fi\/?page_id=2831","og_locale":"fi_FI","og_type":"article","og_title":"Takseeraus- eli \u00e4\u00e4nt\u00f6luettelo vuodelta 1896 - Kivennapaseura","og_description":"Takseeraus &#8211; eli \u00e4\u00e4nt\u00f6luettelo on tarkka luettelo kaikista Kivennavan tiloista is\u00e4ntineen. Luettelo on tehty vuoden 1896 kuntakokousta varten. Se oli verotuksen perustana ja m\u00e4\u00e4ritti samalla tilan k\u00e4ytett\u00e4viss\u00e4 olevan \u00e4\u00e4nim\u00e4\u00e4r\u00e4n kuntakokouksessa. Allekirjoittajana on ollut pitk\u00e4aikaisin kuntakokouksen esimies kiertokoulunopettaja Mikko Pimi\u00e4, joka toimi teht\u00e4v\u00e4ss\u00e4\u00e4n l\u00e4hes kolmenkymmenen vuoden ajan. Ennen kunnanvaltuustoja kunnan asioista p\u00e4\u00e4tti kuntakokous ja varsinaisena hallintoelimen\u00e4 &hellip; Takseeraus- eli \u00e4\u00e4nt\u00f6luettelo vuodelta 1896 Lue lis\u00e4\u00e4 &raquo;","og_url":"https:\/\/kivennapaseura.fi\/?page_id=2831","og_site_name":"Kivennapaseura","article_modified_time":"2020-07-18T09:07:22+00:00","og_image":[{"width":1887,"height":830,"url":"https:\/\/kivennapaseura.fi\/wp-content\/uploads\/2016\/10\/Aanto_luettelo_1896.jpg","type":"image\/jpeg"}],"twitter_card":"summary_large_image","twitter_misc":{"Arvioitu lukuaika":"1 minuutti"},"schema":{"@context":"https:\/\/schema.org","@graph":[{"@type":"WebSite","@id":"https:\/\/kivennapaseura.fi\/#website","url":"https:\/\/kivennapaseura.fi\/","name":"Kivennapaseura","description":"Kivennapaseuran kotisivut","potentialAction":[{"@type":"SearchAction","target":{"@type":"EntryPoint","urlTemplate":"https:\/\/kivennapaseura.fi\/?s={search_term_string}"},"query-input":"required name=search_term_string"}],"inLanguage":"fi"},{"@type":"ImageObject","inLanguage":"fi","@id":"https:\/\/kivennapaseura.fi\/?page_id=2831#primaryimage","url":"https:\/\/kivennapaseura.fi\/wp-content\/uploads\/2016\/10\/Aanto_luettelo_1896.jpg","contentUrl":"https:\/\/kivennapaseura.fi\/wp-content\/uploads\/2016\/10\/Aanto_luettelo_1896.jpg","width":1887,"height":830},{"@type":"WebPage","@id":"https:\/\/kivennapaseura.fi\/?page_id=2831#webpage","url":"https:\/\/kivennapaseura.fi\/?page_id=2831","name":"Takseeraus- eli \u00e4\u00e4nt\u00f6luettelo vuodelta 1896 - Kivennapaseura","isPartOf":{"@id":"https:\/\/kivennapaseura.fi\/#website"},"primaryImageOfPage":{"@id":"https:\/\/kivennapaseura.fi\/?page_id=2831#primaryimage"},"datePublished":"2017-02-26T15:20:57+00:00","dateModified":"2020-07-18T09:07:22+00:00","breadcrumb":{"@id":"https:\/\/kivennapaseura.fi\/?page_id=2831#breadcrumb"},"inLanguage":"fi","potentialAction":[{"@type":"ReadAction","target":["https:\/\/kivennapaseura.fi\/?page_id=2831"]}]},{"@type":"BreadcrumbList","@id":"https:\/\/kivennapaseura.fi\/?page_id=2831#breadcrumb","itemListElement":[{"@type":"ListItem","position":1,"name":"Etusivu","item":"https:\/\/kivennapaseura.fi\/"},{"@type":"ListItem","position":2,"name":"Kohtalona raja","item":"https:\/\/kivennapaseura.fi\/?page_id=153"},{"@type":"ListItem","position":3,"name":"Historian tilkkut\u00e4kki","item":"https:\/\/kivennapaseura.fi\/?page_id=2564"},{"@type":"ListItem","position":4,"name":"Takseeraus- eli \u00e4\u00e4nt\u00f6luettelo vuodelta 1896"}]}]}},"_links":{"self":[{"href":"https:\/\/kivennapaseura.fi\/index.php?rest_route=\/wp\/v2\/pages\/2831"}],"collection":[{"href":"https:\/\/kivennapaseura.fi\/index.php?rest_route=\/wp\/v2\/pages"}],"about":[{"href":"https:\/\/kivennapaseura.fi\/index.php?rest_route=\/wp\/v2\/types\/page"}],"author":[{"embeddable":true,"href":"https:\/\/kivennapaseura.fi\/index.php?rest_route=\/wp\/v2\/users\/4"}],"replies":[{"embeddable":true,"href":"https:\/\/kivennapaseura.fi\/index.php?rest_route=%2Fwp%2Fv2%2Fcomments&post=2831"}],"version-history":[{"count":2,"href":"https:\/\/kivennapaseura.fi\/index.php?rest_route=\/wp\/v2\/pages\/2831\/revisions"}],"predecessor-version":[{"id":3978,"href":"https:\/\/kivennapaseura.fi\/index.php?rest_route=\/wp\/v2\/pages\/2831\/revisions\/3978"}],"up":[{"embeddable":true,"href":"https:\/\/kivennapaseura.fi\/index.php?rest_route=\/wp\/v2\/pages\/2564"}],"wp:featuredmedia":[{"embeddable":true,"href":"https:\/\/kivennapaseura.fi\/index.php?rest_route=\/wp\/v2\/media\/2264"}],"wp:attachment":[{"href":"https:\/\/kivennapaseura.fi\/index.php?rest_route=%2Fwp%2Fv2%2Fmedia&parent=2831"}],"curies":[{"name":"wp","href":"https:\/\/api.w.org\/{rel}","templated":true}]}}