{"id":2835,"date":"2017-02-26T17:31:03","date_gmt":"2017-02-26T15:31:03","guid":{"rendered":"http:\/\/whm14.louhi.net\/~kivennap\/?page_id=2835"},"modified":"2017-02-26T17:33:34","modified_gmt":"2017-02-26T15:33:34","slug":"kirkkoherra-autere","status":"publish","type":"page","link":"https:\/\/kivennapaseura.fi\/?page_id=2835","title":{"rendered":"Kivennavan viimeinen kirkkoherra Otto Autere"},"content":{"rendered":"<p>Ky\u00f6sti Pulliainen muistelee Kivennavan viimeist\u00e4 kirkkoherraa Otto Auteretta.<\/p>\n<figure id=\"attachment_2439\" aria-describedby=\"caption-attachment-2439\" style=\"width: 1121px\" class=\"wp-caption aligncenter\"><img loading=\"lazy\" class=\"wp-image-2439 size-full\" src=\"http:\/\/whm14.louhi.net\/~kivennap\/wp-content\/uploads\/2016\/12\/AUTERE_hauta_web.jpg\" width=\"1121\" height=\"1235\" srcset=\"https:\/\/kivennapaseura.fi\/wp-content\/uploads\/2016\/12\/AUTERE_hauta_web.jpg 1121w, https:\/\/kivennapaseura.fi\/wp-content\/uploads\/2016\/12\/AUTERE_hauta_web-272x300.jpg 272w, https:\/\/kivennapaseura.fi\/wp-content\/uploads\/2016\/12\/AUTERE_hauta_web-768x846.jpg 768w, https:\/\/kivennapaseura.fi\/wp-content\/uploads\/2016\/12\/AUTERE_hauta_web-510x562.jpg 510w, https:\/\/kivennapaseura.fi\/wp-content\/uploads\/2016\/12\/AUTERE_hauta_web-82x90.jpg 82w\" sizes=\"(max-width: 1121px) 100vw, 1121px\" \/><figcaption id=\"caption-attachment-2439\" class=\"wp-caption-text\">Otto Autereen hauta Helsingin Malmin hautausmaalla korttelissa 26 riviss\u00e4 4 paikalla nro 126.<\/figcaption><\/figure>\n<p>Otto Viktor Appelgren, my\u00f6hemmin Autere syntyi Pietarissa 31.12.1890, h\u00e4n suoritti Tveriss\u00e4 kaksivuotisen ratsuv\u00e4en opiston, palveli kornettina Puolassa, haavoittui I maailmansodassa, palkittiin Tsaarin armeijassa monin kunniamerkein ja viimeisin sotilasarvo Ven\u00e4j\u00e4n armeijassa oli aliratsumestari. Vallankumouksen kurimuksista Autere selvisi Suomeen 1919 ja jatkoi palvelusta Suomen armeijan leiviss\u00e4. \u00a0H\u00e4nell\u00e4 oli takanaan pitk\u00e4 sotilasura, h\u00e4n erosi ratsuv\u00e4en everstiluutnanttina Suomen armeijasta v. 1924 ja alkoi opiskella papiksi. H\u00e4n kertoi miksi: \u201dOlin ensimm\u00e4isen maailmansodan aikana juoksuhaudassa. Kranaatti iski l\u00e4helle ja surmasi vieress\u00e4ni olevan sotilaan. Sill\u00e4 hetkell\u00e4 minulle valkeni, ett\u00e4 \u00e4itien rakkaus ja rukoukset meit\u00e4 seuraavat jos Jumala niin sallii. P\u00e4\u00e4tin, ett\u00e4 minun on l\u00e4hdett\u00e4v\u00e4 julistamaan ihmisille Jumalan rakkauden sanomaa.\u201d H\u00e4net vihittiin papiksi 1931 Viipurissa. H\u00e4nest\u00e4 tuli Kivennavan kirkkoherran Johan Abraham Maunun (1907 &#8211; 39) apulainen vuodesta 1934 ja vt. kirkkoherra (1939 &#8211; 49).<\/p>\n<p>\u00c4itini oli opettajana Kanalan koulussa, h\u00e4n kertoi ett\u00e4 papit k\u00e4viv\u00e4t kouluissa pit\u00e4m\u00e4ss\u00e4 hartaushetki\u00e4. Autere lauloi niin nopeasti, ettei opettaja ehtinyt soittaa samaan tahtiin. Kekrolan koulussa oli vanha savolainen opettaja. Kun Autere tuli ja kysyi \u201dSoittaaks opettaja\u201d t\u00e4m\u00e4 vastasi \u201dKyl mie soitan kun ette vaan h\u00e4ttyyt\u00e4 mua\u201d<\/p>\n<p>Autere oli meid\u00e4n evakkojen kirkkoherra kuolemaansa saakka. Talvisodan p\u00e4\u00e4tytty\u00e4 kaikki seurakuntien virat, pappeja lukuun ottamatta lakkautettiin, mutta seurakuntia ei lakkautettu. Niinp\u00e4 Kivennavan seurakuntakin jatkoi v\u00e4lirauhan ja jatkosodan aikana ja sen j\u00e4lkeenkin. Kirkkoherranvirasto sijaitsi milloin miss\u00e4kin, kirkonkirjoihin merkittiin syntyneet, vihityt ja kuolleet. Kirkkoherra Autere etsi hajanaista laumaansa, h\u00e4n kulki polkupy\u00f6r\u00e4ll\u00e4 sijoituskunnasta toiseen, saarnasi jumalanpalveluksissa, piti kyl\u00e4nlukusia ja rippikoulua ja seuroja lohdutti sairaita, kulki h\u00e4\u00e4t ja hautajaiset, antoi monen monet viimeiset ehtoolliset. H\u00e4n muuten toi Kivennavan seurakunnan kirkkoesineet mukanaan, kerrotaan ett\u00e4 h\u00e4n olisi tuonut ne polkupy\u00f6r\u00e4ll\u00e4\u00e4n, mutta en ole onnistunut varmistamaan t\u00e4t\u00e4 tietoa. Ne lahjoitettiin P\u00e4lk\u00e4neen, Tuuloksen ja Hollolan seurakunnille k\u00e4ytt\u00f6\u00f6n.<\/p>\n<p>Rovasti Autere kuoli 27.9.1958. H\u00e4net siunattiin Helsingin Meilahden kirkossa 2.10.1958, h\u00e4n oli 68 vuotias, h\u00e4nen veljens\u00e4 kirkkoherra Hjalmar Appelgren siunasi, j\u00e4\u00e4hyv\u00e4isi\u00e4 j\u00e4ttiv\u00e4t mm. Entisten kivennapalaisten l\u00e4hetyst\u00f6 Paavo Kiurun johdolla, ja Meilahden Raamattupiirin j\u00e4\u00e4hyv\u00e4iset pastori Veikko Vanha &#8211; Perttula. Is\u00e4ni kanssa olimme mukana, asuimme kahden minuutin k\u00e4velymatkan p\u00e4\u00e4ss\u00e4 Meilahden kirkosta ja olimme kumpikin aktiivisesti mukana seurakunnan toiminnoissa, is\u00e4 pyh\u00e4koulun opettajana, seurakunnan talousasioita ja lomakotia hoitavana, ja min\u00e4 Meilahden Seurakuntapoikien koripallojoukkueen valmentajana. Autere haudattiin Malmin hautausmaalle.<\/p>\n<p>Kuusi viikkoa aikaisemmin, Kivennavan kihujen 10-vuotisjuhlassa Hauholla 10.8.1958 ohjelmassa oli \u201dKivennapa kautta aikojen\u201d kulkue Kivennavan pit\u00e4j\u00e4seuran puheenjohtaja Viljo Sepp\u00e4sen aloitteesta. Kivennapa-S\u00e4\u00e4ti\u00f6n hallintoneuvoston kokouksen 23.3.1958 pyk\u00e4l\u00e4ss\u00e4 17: \u201d Viljo Sepp\u00e4nen esitti, ett\u00e4 olisi k\u00e4yt\u00e4v\u00e4 toimenpiteisiin \u201dKivennapa kautta aikojen\u201d kuvaelmakulkueen aikaansaamiseksi ja esitt\u00e4miseksi jossakin kivennapalaisten juhlassa.\u201dVilkkaan keskustelun j\u00e4lkeen valittiin toimikunta: Pekka K\u00e4\u00e4p\u00e4, Viljo Sepp\u00e4nen, Tuomas Paavolainen, Erkki Paavolainen ja Liina Pulliainen. 11.6. hallintoneuvosto yksimielisesti hyv\u00e4ksyi toimikunnan ehdotuksen ja my\u00f6nsi Toimi Pyyk\u00f6lle 50\u00a0000 markkaa hankkeen toteuttamiseksi, hanke sai viel\u00e4 25\u00a0000 markkaa Kivennavan Pit\u00e4j\u00e4seuralta ja Pihlaisten raittiusseuralta ja se p\u00e4\u00e4tettiin toteuttaa Hauhon kihuissa.<\/p>\n<p>Juhlakulkueessa oli 22 yksikk\u00f6\u00e4: kivikauden mies ja nainen, uudisasukas, er\u00e4miesjoukko, Kivennavan linnanvouti joukkoineen, Joutsel\u00e4n partiomiehet, Lipolan karoliinit, peltomiehet, Julma vouti ja ankara piiskuri, ropottimiehi\u00e4 ja -naisia, kasakka keih\u00e4ineen, maitok\u00e4rrit Pietariin, ajuri vallasv\u00e4kineen, Lintulan nunnat, perint\u00f6kirjojaan hakevat talonpojat, kihukansaa, tullimies, Talvisodan taistelijat, Jatkosodan miehet, evakot ja leikkuupuimurit sek\u00e4 Otto Autere, joka nostettiin kuorma-auton lavalle \u201dper\u00e4lautanosturilla\u201d. Per\u00e4lauta irrotettiin ja laskettiin maahan, Autere astui laudalle ja nelj\u00e4 sotilasta nosti sen lavan korkeudelle, kaksi sotilasta oli ottamassa vastaan. Tuolikin oli varustettu lavalle, mutta kirkkoherra seisoi kaatosateessa hyttiin nojaten ryhdikk\u00e4\u00e4n\u00e4 kuin tsaarin armeijan eversti aikanaan. V\u00e4lill\u00e4 h\u00e4n sotilaiden pyynn\u00f6st\u00e4 istui tuolilla, mutta nousi taas. Rankkasateesta huolimatta kulkuetta seurasi reitin varrella, H\u00e4meen Sanomien mukaan \u201dtuhansiin nouseva joukko karjalaisia\u201d.<\/p>\n<p><img loading=\"lazy\" class=\"aligncenter size-full wp-image-2441\" src=\"http:\/\/whm14.louhi.net\/~kivennap\/wp-content\/uploads\/2016\/12\/AURTERE_LAVALLA_web.jpg\" alt=\"\" width=\"1697\" height=\"2739\" srcset=\"https:\/\/kivennapaseura.fi\/wp-content\/uploads\/2016\/12\/AURTERE_LAVALLA_web.jpg 1697w, https:\/\/kivennapaseura.fi\/wp-content\/uploads\/2016\/12\/AURTERE_LAVALLA_web-186x300.jpg 186w, https:\/\/kivennapaseura.fi\/wp-content\/uploads\/2016\/12\/AURTERE_LAVALLA_web-768x1240.jpg 768w, https:\/\/kivennapaseura.fi\/wp-content\/uploads\/2016\/12\/AURTERE_LAVALLA_web-510x823.jpg 510w, https:\/\/kivennapaseura.fi\/wp-content\/uploads\/2016\/12\/AURTERE_LAVALLA_web-56x90.jpg 56w\" sizes=\"(max-width: 1697px) 100vw, 1697px\" \/><\/p>\n<p>Kuvassa rovasti Autere perinnekulkueessa, k\u00e4dess\u00e4 sateenvarjo. Auton lavalla n\u00e4kyv\u00e4t rankkasateen j\u00e4ljet. Kuvan kirjasta \u201dMatka eiliseen, Kivennapa Kannaksen lukko\u201d koonnut Uljas Kiuru, s. 120, skannannut Mikko Kaipainen. Kuvan ottajasta ei ole tietoa. Seuraavalla viikolla kulkueen j\u00e4rjestelyss\u00e4 sotilaiden osuuksista vastannut H\u00e4meen J\u00e4\u00e4k\u00e4ripataljoonan kersantti Martti Sipponen kutsuttiin majuri Paimelan puhutteluun. Siell\u00e4 oli my\u00f6s pataljoonan komentaja everstiluutnantti Honkanen. Martti Sipponen muisteli kes\u00e4n 2014 Kivennapalainen lehdess\u00e4: \u201dMajuri Paimela: \u201dKersantti Sipponen, hoiditte loistavasti teht\u00e4v\u00e4nne Hauholla. Rikoitte kuitenkin kuljetusohjes\u00e4\u00e4nt\u00f6\u00e4. Sotav\u00e4en autossa ei saa kuljettaa siviilej\u00e4. Miksi auton lavalla seisotettiin vanhaa miest\u00e4?\u201d Sipponen: \u201dPerustelin asiaa sill\u00e4, ett\u00e4 kysymys oli historiallisesta kulkueesta. Tsaarin armeijan everstin\/Kivennavan kirkkoherran kuljetus oli kunnianosoitus (voidaan verrata tykin lavetilla olevan arkun kuljetukseen). Kaikki kivennapalaiset tunsivat h\u00e4net. Kirkkoherra halusi seist\u00e4, h\u00e4nen turvallisuudestaan huolehtivat sotilaat. Tein p\u00e4\u00e4t\u00f6kseni tilanteessa itse ja otan siit\u00e4 vastuun.\u201d Everstiluutnantti Honkanen: \u201dKersantti Sipponen, toimitte oikein saamassanne teht\u00e4v\u00e4ss\u00e4.\u201d<\/p>\n<p>K\u00e4vin 50-luvun lopulla 60-luvun alussa ahkerasti kihuissa. Is\u00e4 oli ostanut auton kilpa-autoilija ym. S.P.J. Kein\u00e4selt\u00e4, joka toi maahan amerikkalaisia k\u00e4ytettyj\u00e4 autoja. Se oli valtavan iso auto ja kihumatkoilla se oli t\u00e4ynn\u00e4 kihuv\u00e4ke\u00e4. 1958 kyydiss\u00e4 oli Otto Autere. Auton etupenkill\u00e4 oli tilaa kolmelle, mutta me istuimme kirkkoherran kanssa kahdestaan, min\u00e4 ajoin. Takaistuimet olivat t\u00e4ynn\u00e4. Paluumatkalla Helsinkiin Autere puhui tauotta, h\u00e4n kertoi lapsuudestaan ja erityisesti vuosistaan tsaarin armeijassa. Kadutti, etten ollut ottanut nauhuria mukaan, mutta p\u00e4\u00e4tin, ett\u00e4 k\u00e4yn h\u00e4nt\u00e4 haastattelemassa my\u00f6hemmin. En ehtinyt.<\/p>\n<p>Teksti: Ky\u00f6sti Pulliainen<\/p>\n","protected":false},"excerpt":{"rendered":"<p>Ky\u00f6sti Pulliainen muistelee Kivennavan viimeist\u00e4 kirkkoherraa Otto Auteretta. Otto Viktor Appelgren, my\u00f6hemmin Autere syntyi Pietarissa 31.12.1890, h\u00e4n suoritti Tveriss\u00e4 kaksivuotisen ratsuv\u00e4en opiston, palveli kornettina Puolassa, haavoittui I maailmansodassa, palkittiin Tsaarin armeijassa monin kunniamerkein ja viimeisin sotilasarvo Ven\u00e4j\u00e4n armeijassa oli aliratsumestari. Vallankumouksen kurimuksista Autere selvisi Suomeen 1919 ja jatkoi palvelusta Suomen armeijan leiviss\u00e4. \u00a0H\u00e4nell\u00e4 oli takanaan &hellip;<\/p>\n<p class=\"read-more\"> <a class=\"\" href=\"https:\/\/kivennapaseura.fi\/?page_id=2835\"> <span class=\"screen-reader-text\">Kivennavan viimeinen kirkkoherra Otto Autere<\/span> Lue lis\u00e4\u00e4 &raquo;<\/a><\/p>\n","protected":false},"author":4,"featured_media":0,"parent":2564,"menu_order":11,"comment_status":"closed","ping_status":"closed","template":"","meta":{"site-sidebar-layout":"default","site-content-layout":"default","ast-global-header-display":"","ast-main-header-display":"","ast-hfb-above-header-display":"","ast-hfb-below-header-display":"","ast-hfb-mobile-header-display":"","site-post-title":"","ast-breadcrumbs-content":"","ast-featured-img":"","footer-sml-layout":"","theme-transparent-header-meta":"","adv-header-id-meta":"","stick-header-meta":"","header-above-stick-meta":"","header-main-stick-meta":"","header-below-stick-meta":""},"yoast_head":"<!-- This site is optimized with the Yoast SEO plugin v18.8 - https:\/\/yoast.com\/wordpress\/plugins\/seo\/ -->\n<title>Kivennavan viimeinen kirkkoherra Otto Autere - Kivennapaseura<\/title>\n<meta name=\"robots\" content=\"index, follow, max-snippet:-1, max-image-preview:large, max-video-preview:-1\" \/>\n<link rel=\"canonical\" href=\"https:\/\/kivennapaseura.fi\/?page_id=2835\" \/>\n<meta property=\"og:locale\" content=\"fi_FI\" \/>\n<meta property=\"og:type\" content=\"article\" \/>\n<meta property=\"og:title\" content=\"Kivennavan viimeinen kirkkoherra Otto Autere - Kivennapaseura\" \/>\n<meta property=\"og:description\" content=\"Ky\u00f6sti Pulliainen muistelee Kivennavan viimeist\u00e4 kirkkoherraa Otto Auteretta. Otto Viktor Appelgren, my\u00f6hemmin Autere syntyi Pietarissa 31.12.1890, h\u00e4n suoritti Tveriss\u00e4 kaksivuotisen ratsuv\u00e4en opiston, palveli kornettina Puolassa, haavoittui I maailmansodassa, palkittiin Tsaarin armeijassa monin kunniamerkein ja viimeisin sotilasarvo Ven\u00e4j\u00e4n armeijassa oli aliratsumestari. Vallankumouksen kurimuksista Autere selvisi Suomeen 1919 ja jatkoi palvelusta Suomen armeijan leiviss\u00e4. \u00a0H\u00e4nell\u00e4 oli takanaan &hellip; Kivennavan viimeinen kirkkoherra Otto Autere Lue lis\u00e4\u00e4 &raquo;\" \/>\n<meta property=\"og:url\" content=\"https:\/\/kivennapaseura.fi\/?page_id=2835\" \/>\n<meta property=\"og:site_name\" content=\"Kivennapaseura\" \/>\n<meta property=\"article:modified_time\" content=\"2017-02-26T15:33:34+00:00\" \/>\n<meta property=\"og:image\" content=\"http:\/\/whm14.louhi.net\/~kivennap\/wp-content\/uploads\/2016\/12\/AUTERE_hauta_web.jpg\" \/>\n<meta name=\"twitter:card\" content=\"summary_large_image\" \/>\n<meta name=\"twitter:label1\" content=\"Arvioitu lukuaika\" \/>\n\t<meta name=\"twitter:data1\" content=\"4 minuuttia\" \/>\n<script type=\"application\/ld+json\" class=\"yoast-schema-graph\">{\"@context\":\"https:\/\/schema.org\",\"@graph\":[{\"@type\":\"WebSite\",\"@id\":\"https:\/\/kivennapaseura.fi\/#website\",\"url\":\"https:\/\/kivennapaseura.fi\/\",\"name\":\"Kivennapaseura\",\"description\":\"Kivennapaseuran kotisivut\",\"potentialAction\":[{\"@type\":\"SearchAction\",\"target\":{\"@type\":\"EntryPoint\",\"urlTemplate\":\"https:\/\/kivennapaseura.fi\/?s={search_term_string}\"},\"query-input\":\"required name=search_term_string\"}],\"inLanguage\":\"fi\"},{\"@type\":\"ImageObject\",\"inLanguage\":\"fi\",\"@id\":\"https:\/\/kivennapaseura.fi\/?page_id=2835#primaryimage\",\"url\":\"http:\/\/whm14.louhi.net\/~kivennap\/wp-content\/uploads\/2016\/12\/AUTERE_hauta_web.jpg\",\"contentUrl\":\"http:\/\/whm14.louhi.net\/~kivennap\/wp-content\/uploads\/2016\/12\/AUTERE_hauta_web.jpg\"},{\"@type\":\"WebPage\",\"@id\":\"https:\/\/kivennapaseura.fi\/?page_id=2835#webpage\",\"url\":\"https:\/\/kivennapaseura.fi\/?page_id=2835\",\"name\":\"Kivennavan viimeinen kirkkoherra Otto Autere - Kivennapaseura\",\"isPartOf\":{\"@id\":\"https:\/\/kivennapaseura.fi\/#website\"},\"primaryImageOfPage\":{\"@id\":\"https:\/\/kivennapaseura.fi\/?page_id=2835#primaryimage\"},\"datePublished\":\"2017-02-26T15:31:03+00:00\",\"dateModified\":\"2017-02-26T15:33:34+00:00\",\"breadcrumb\":{\"@id\":\"https:\/\/kivennapaseura.fi\/?page_id=2835#breadcrumb\"},\"inLanguage\":\"fi\",\"potentialAction\":[{\"@type\":\"ReadAction\",\"target\":[\"https:\/\/kivennapaseura.fi\/?page_id=2835\"]}]},{\"@type\":\"BreadcrumbList\",\"@id\":\"https:\/\/kivennapaseura.fi\/?page_id=2835#breadcrumb\",\"itemListElement\":[{\"@type\":\"ListItem\",\"position\":1,\"name\":\"Etusivu\",\"item\":\"https:\/\/kivennapaseura.fi\/\"},{\"@type\":\"ListItem\",\"position\":2,\"name\":\"Kohtalona raja\",\"item\":\"https:\/\/kivennapaseura.fi\/?page_id=153\"},{\"@type\":\"ListItem\",\"position\":3,\"name\":\"Historian tilkkut\u00e4kki\",\"item\":\"https:\/\/kivennapaseura.fi\/?page_id=2564\"},{\"@type\":\"ListItem\",\"position\":4,\"name\":\"Kivennavan viimeinen kirkkoherra Otto Autere\"}]}]}<\/script>\n<!-- \/ Yoast SEO plugin. -->","yoast_head_json":{"title":"Kivennavan viimeinen kirkkoherra Otto Autere - Kivennapaseura","robots":{"index":"index","follow":"follow","max-snippet":"max-snippet:-1","max-image-preview":"max-image-preview:large","max-video-preview":"max-video-preview:-1"},"canonical":"https:\/\/kivennapaseura.fi\/?page_id=2835","og_locale":"fi_FI","og_type":"article","og_title":"Kivennavan viimeinen kirkkoherra Otto Autere - Kivennapaseura","og_description":"Ky\u00f6sti Pulliainen muistelee Kivennavan viimeist\u00e4 kirkkoherraa Otto Auteretta. Otto Viktor Appelgren, my\u00f6hemmin Autere syntyi Pietarissa 31.12.1890, h\u00e4n suoritti Tveriss\u00e4 kaksivuotisen ratsuv\u00e4en opiston, palveli kornettina Puolassa, haavoittui I maailmansodassa, palkittiin Tsaarin armeijassa monin kunniamerkein ja viimeisin sotilasarvo Ven\u00e4j\u00e4n armeijassa oli aliratsumestari. Vallankumouksen kurimuksista Autere selvisi Suomeen 1919 ja jatkoi palvelusta Suomen armeijan leiviss\u00e4. \u00a0H\u00e4nell\u00e4 oli takanaan &hellip; Kivennavan viimeinen kirkkoherra Otto Autere Lue lis\u00e4\u00e4 &raquo;","og_url":"https:\/\/kivennapaseura.fi\/?page_id=2835","og_site_name":"Kivennapaseura","article_modified_time":"2017-02-26T15:33:34+00:00","og_image":[{"url":"http:\/\/whm14.louhi.net\/~kivennap\/wp-content\/uploads\/2016\/12\/AUTERE_hauta_web.jpg"}],"twitter_card":"summary_large_image","twitter_misc":{"Arvioitu lukuaika":"4 minuuttia"},"schema":{"@context":"https:\/\/schema.org","@graph":[{"@type":"WebSite","@id":"https:\/\/kivennapaseura.fi\/#website","url":"https:\/\/kivennapaseura.fi\/","name":"Kivennapaseura","description":"Kivennapaseuran kotisivut","potentialAction":[{"@type":"SearchAction","target":{"@type":"EntryPoint","urlTemplate":"https:\/\/kivennapaseura.fi\/?s={search_term_string}"},"query-input":"required name=search_term_string"}],"inLanguage":"fi"},{"@type":"ImageObject","inLanguage":"fi","@id":"https:\/\/kivennapaseura.fi\/?page_id=2835#primaryimage","url":"http:\/\/whm14.louhi.net\/~kivennap\/wp-content\/uploads\/2016\/12\/AUTERE_hauta_web.jpg","contentUrl":"http:\/\/whm14.louhi.net\/~kivennap\/wp-content\/uploads\/2016\/12\/AUTERE_hauta_web.jpg"},{"@type":"WebPage","@id":"https:\/\/kivennapaseura.fi\/?page_id=2835#webpage","url":"https:\/\/kivennapaseura.fi\/?page_id=2835","name":"Kivennavan viimeinen kirkkoherra Otto Autere - Kivennapaseura","isPartOf":{"@id":"https:\/\/kivennapaseura.fi\/#website"},"primaryImageOfPage":{"@id":"https:\/\/kivennapaseura.fi\/?page_id=2835#primaryimage"},"datePublished":"2017-02-26T15:31:03+00:00","dateModified":"2017-02-26T15:33:34+00:00","breadcrumb":{"@id":"https:\/\/kivennapaseura.fi\/?page_id=2835#breadcrumb"},"inLanguage":"fi","potentialAction":[{"@type":"ReadAction","target":["https:\/\/kivennapaseura.fi\/?page_id=2835"]}]},{"@type":"BreadcrumbList","@id":"https:\/\/kivennapaseura.fi\/?page_id=2835#breadcrumb","itemListElement":[{"@type":"ListItem","position":1,"name":"Etusivu","item":"https:\/\/kivennapaseura.fi\/"},{"@type":"ListItem","position":2,"name":"Kohtalona raja","item":"https:\/\/kivennapaseura.fi\/?page_id=153"},{"@type":"ListItem","position":3,"name":"Historian tilkkut\u00e4kki","item":"https:\/\/kivennapaseura.fi\/?page_id=2564"},{"@type":"ListItem","position":4,"name":"Kivennavan viimeinen kirkkoherra Otto Autere"}]}]}},"_links":{"self":[{"href":"https:\/\/kivennapaseura.fi\/index.php?rest_route=\/wp\/v2\/pages\/2835"}],"collection":[{"href":"https:\/\/kivennapaseura.fi\/index.php?rest_route=\/wp\/v2\/pages"}],"about":[{"href":"https:\/\/kivennapaseura.fi\/index.php?rest_route=\/wp\/v2\/types\/page"}],"author":[{"embeddable":true,"href":"https:\/\/kivennapaseura.fi\/index.php?rest_route=\/wp\/v2\/users\/4"}],"replies":[{"embeddable":true,"href":"https:\/\/kivennapaseura.fi\/index.php?rest_route=%2Fwp%2Fv2%2Fcomments&post=2835"}],"version-history":[{"count":0,"href":"https:\/\/kivennapaseura.fi\/index.php?rest_route=\/wp\/v2\/pages\/2835\/revisions"}],"up":[{"embeddable":true,"href":"https:\/\/kivennapaseura.fi\/index.php?rest_route=\/wp\/v2\/pages\/2564"}],"wp:attachment":[{"href":"https:\/\/kivennapaseura.fi\/index.php?rest_route=%2Fwp%2Fv2%2Fmedia&parent=2835"}],"curies":[{"name":"wp","href":"https:\/\/api.w.org\/{rel}","templated":true}]}}