{"id":3856,"date":"2018-10-05T19:00:38","date_gmt":"2018-10-05T16:00:38","guid":{"rendered":"http:\/\/whm14.louhi.net\/~kivennap\/?page_id=3856"},"modified":"2018-10-05T19:23:47","modified_gmt":"2018-10-05T16:23:47","slug":"kivennapaseura-70v","status":"publish","type":"page","link":"https:\/\/kivennapaseura.fi\/?page_id=3856","title":{"rendered":"Kivennapaseura 70v."},"content":{"rendered":"<p style=\"text-align: center;\"><strong>KUTSU<\/strong><\/p>\n<p style=\"text-align: center;\">Tervetuloa<\/p>\n<p style=\"text-align: center;\"><strong>Kivennapaseuran\u00a0\u00a0<\/strong><strong>70v. juhlaan\u00a0<\/strong><strong>27.10.2018<\/strong><\/p>\n<p style=\"text-align: center;\">Karjalatalon juhlasaliin<\/p>\n<p style=\"text-align: center;\">K\u00e4pyl\u00e4nkuja 1, Helsinki<\/p>\n<p style=\"text-align: center;\">klo 14 alkaen.<\/p>\n<p style=\"text-align: center;\"><strong>Tervetuloa!<\/strong><\/p>\n<p style=\"text-align: center;\">Kivennapaseuran hallitus<\/p>\n<p style=\"text-align: center;\"><strong>Ohjelma<\/strong><strong>\u00a0<\/strong><\/p>\n<p style=\"text-align: center;\">&#8211;<strong>Suomen rukous<\/strong><\/p>\n<p style=\"text-align: center;\">San. Vilho Rantanen, s\u00e4v. Tytti Hakala<\/p>\n<p style=\"text-align: center;\">Esiintyj\u00e4t: Tytti Hakala, Lilja H\u00f6ls\u00e4, Juha Korhonen, kuoro<\/p>\n<p style=\"text-align: center;\"><strong>Tervetuloa<\/strong><\/p>\n<p style=\"text-align: center;\"><strong>Juhlaesitelm\u00e4\/ Veijo Pimi\u00e4<\/strong><\/p>\n<p style=\"text-align: center;\"><em>Kivennapa vuonna 1918<\/em><\/p>\n<p style=\"text-align: center;\"><strong>Runoja\/ Milja Jussila<\/strong><\/p>\n<p style=\"text-align: center;\"><em>Kes\u00e4ll\u00e4 kerran<\/em><\/p>\n<p style=\"text-align: center;\"><em>Useasti aatoksissain, kulkemaan k\u00e4yn kannakselle<\/em><\/p>\n<p style=\"text-align: center;\"><strong>Musiikkihetki<\/strong><\/p>\n<p style=\"text-align: center;\"><strong>Juhlapuhe\/ Pentti M\u00e4kinen<\/strong><\/p>\n<p style=\"text-align: center;\"><strong>Tervehdykset<\/strong><\/p>\n<p style=\"text-align: center;\"><strong>Huomionosoitusten ja merkkien jako<\/strong>.<\/p>\n<p style=\"text-align: center;\"><strong>Karjalaisten laulu<\/strong><\/p>\n<p style=\"text-align: center;\"><strong>KAHVITARJOILU<\/strong><\/p>\n","protected":false},"excerpt":{"rendered":"<p>KUTSU Tervetuloa Kivennapaseuran\u00a0\u00a070v. juhlaan\u00a027.10.2018 Karjalatalon juhlasaliin K\u00e4pyl\u00e4nkuja 1, Helsinki klo 14 alkaen. Tervetuloa! Kivennapaseuran hallitus Ohjelma\u00a0 &#8211;Suomen rukous San. Vilho Rantanen, s\u00e4v. Tytti Hakala Esiintyj\u00e4t: Tytti Hakala, Lilja H\u00f6ls\u00e4, Juha Korhonen, kuoro Tervetuloa Juhlaesitelm\u00e4\/ Veijo Pimi\u00e4 Kivennapa vuonna 1918 Runoja\/ Milja Jussila Kes\u00e4ll\u00e4 kerran Useasti aatoksissain, kulkemaan k\u00e4yn kannakselle Musiikkihetki Juhlapuhe\/ Pentti M\u00e4kinen Tervehdykset Huomionosoitusten &hellip;<\/p>\n<p class=\"read-more\"> <a class=\"\" href=\"https:\/\/kivennapaseura.fi\/?page_id=3856\"> <span class=\"screen-reader-text\">Kivennapaseura 70v.<\/span> Lue lis\u00e4\u00e4 &raquo;<\/a><\/p>\n","protected":false},"author":4,"featured_media":0,"parent":142,"menu_order":1,"comment_status":"closed","ping_status":"closed","template":"","meta":{"site-sidebar-layout":"default","site-content-layout":"default","ast-global-header-display":"","ast-main-header-display":"","ast-hfb-above-header-display":"","ast-hfb-below-header-display":"","ast-hfb-mobile-header-display":"","site-post-title":"","ast-breadcrumbs-content":"","ast-featured-img":"","footer-sml-layout":"","theme-transparent-header-meta":"","adv-header-id-meta":"","stick-header-meta":"","header-above-stick-meta":"","header-main-stick-meta":"","header-below-stick-meta":""},"yoast_head":"<!-- This site is optimized with the Yoast SEO plugin v18.8 - https:\/\/yoast.com\/wordpress\/plugins\/seo\/ -->\n<title>Kivennapaseura 70v. - Kivennapaseura<\/title>\n<meta name=\"robots\" content=\"index, follow, max-snippet:-1, max-image-preview:large, max-video-preview:-1\" \/>\n<link rel=\"canonical\" href=\"https:\/\/kivennapaseura.fi\/?page_id=3856\" \/>\n<meta property=\"og:locale\" content=\"fi_FI\" \/>\n<meta property=\"og:type\" content=\"article\" \/>\n<meta property=\"og:title\" content=\"Kivennapaseura 70v. - Kivennapaseura\" \/>\n<meta property=\"og:description\" content=\"KUTSU Tervetuloa Kivennapaseuran\u00a0\u00a070v. juhlaan\u00a027.10.2018 Karjalatalon juhlasaliin K\u00e4pyl\u00e4nkuja 1, Helsinki klo 14 alkaen. Tervetuloa! Kivennapaseuran hallitus Ohjelma\u00a0 &#8211;Suomen rukous San. Vilho Rantanen, s\u00e4v. Tytti Hakala Esiintyj\u00e4t: Tytti Hakala, Lilja H\u00f6ls\u00e4, Juha Korhonen, kuoro Tervetuloa Juhlaesitelm\u00e4\/ Veijo Pimi\u00e4 Kivennapa vuonna 1918 Runoja\/ Milja Jussila Kes\u00e4ll\u00e4 kerran Useasti aatoksissain, kulkemaan k\u00e4yn kannakselle Musiikkihetki Juhlapuhe\/ Pentti M\u00e4kinen Tervehdykset Huomionosoitusten &hellip; Kivennapaseura 70v. Lue lis\u00e4\u00e4 &raquo;\" \/>\n<meta property=\"og:url\" content=\"https:\/\/kivennapaseura.fi\/?page_id=3856\" \/>\n<meta property=\"og:site_name\" content=\"Kivennapaseura\" \/>\n<meta property=\"article:modified_time\" content=\"2018-10-05T16:23:47+00:00\" \/>\n<meta name=\"twitter:card\" content=\"summary_large_image\" \/>\n<script type=\"application\/ld+json\" class=\"yoast-schema-graph\">{\"@context\":\"https:\/\/schema.org\",\"@graph\":[{\"@type\":\"WebSite\",\"@id\":\"https:\/\/kivennapaseura.fi\/#website\",\"url\":\"https:\/\/kivennapaseura.fi\/\",\"name\":\"Kivennapaseura\",\"description\":\"Kivennapaseuran kotisivut\",\"potentialAction\":[{\"@type\":\"SearchAction\",\"target\":{\"@type\":\"EntryPoint\",\"urlTemplate\":\"https:\/\/kivennapaseura.fi\/?s={search_term_string}\"},\"query-input\":\"required name=search_term_string\"}],\"inLanguage\":\"fi\"},{\"@type\":\"WebPage\",\"@id\":\"https:\/\/kivennapaseura.fi\/?page_id=3856#webpage\",\"url\":\"https:\/\/kivennapaseura.fi\/?page_id=3856\",\"name\":\"Kivennapaseura 70v. - Kivennapaseura\",\"isPartOf\":{\"@id\":\"https:\/\/kivennapaseura.fi\/#website\"},\"datePublished\":\"2018-10-05T16:00:38+00:00\",\"dateModified\":\"2018-10-05T16:23:47+00:00\",\"breadcrumb\":{\"@id\":\"https:\/\/kivennapaseura.fi\/?page_id=3856#breadcrumb\"},\"inLanguage\":\"fi\",\"potentialAction\":[{\"@type\":\"ReadAction\",\"target\":[\"https:\/\/kivennapaseura.fi\/?page_id=3856\"]}]},{\"@type\":\"BreadcrumbList\",\"@id\":\"https:\/\/kivennapaseura.fi\/?page_id=3856#breadcrumb\",\"itemListElement\":[{\"@type\":\"ListItem\",\"position\":1,\"name\":\"Etusivu\",\"item\":\"https:\/\/kivennapaseura.fi\/\"},{\"@type\":\"ListItem\",\"position\":2,\"name\":\"Kivennapaseura vaalii kivennapalaisuutta ja karjalaisuutta\",\"item\":\"https:\/\/kivennapaseura.fi\/?page_id=142\"},{\"@type\":\"ListItem\",\"position\":3,\"name\":\"Kivennapaseura 70v.\"}]}]}<\/script>\n<!-- \/ Yoast SEO plugin. -->","yoast_head_json":{"title":"Kivennapaseura 70v. - Kivennapaseura","robots":{"index":"index","follow":"follow","max-snippet":"max-snippet:-1","max-image-preview":"max-image-preview:large","max-video-preview":"max-video-preview:-1"},"canonical":"https:\/\/kivennapaseura.fi\/?page_id=3856","og_locale":"fi_FI","og_type":"article","og_title":"Kivennapaseura 70v. - Kivennapaseura","og_description":"KUTSU Tervetuloa Kivennapaseuran\u00a0\u00a070v. juhlaan\u00a027.10.2018 Karjalatalon juhlasaliin K\u00e4pyl\u00e4nkuja 1, Helsinki klo 14 alkaen. Tervetuloa! Kivennapaseuran hallitus Ohjelma\u00a0 &#8211;Suomen rukous San. Vilho Rantanen, s\u00e4v. Tytti Hakala Esiintyj\u00e4t: Tytti Hakala, Lilja H\u00f6ls\u00e4, Juha Korhonen, kuoro Tervetuloa Juhlaesitelm\u00e4\/ Veijo Pimi\u00e4 Kivennapa vuonna 1918 Runoja\/ Milja Jussila Kes\u00e4ll\u00e4 kerran Useasti aatoksissain, kulkemaan k\u00e4yn kannakselle Musiikkihetki Juhlapuhe\/ Pentti M\u00e4kinen Tervehdykset Huomionosoitusten &hellip; Kivennapaseura 70v. Lue lis\u00e4\u00e4 &raquo;","og_url":"https:\/\/kivennapaseura.fi\/?page_id=3856","og_site_name":"Kivennapaseura","article_modified_time":"2018-10-05T16:23:47+00:00","twitter_card":"summary_large_image","schema":{"@context":"https:\/\/schema.org","@graph":[{"@type":"WebSite","@id":"https:\/\/kivennapaseura.fi\/#website","url":"https:\/\/kivennapaseura.fi\/","name":"Kivennapaseura","description":"Kivennapaseuran kotisivut","potentialAction":[{"@type":"SearchAction","target":{"@type":"EntryPoint","urlTemplate":"https:\/\/kivennapaseura.fi\/?s={search_term_string}"},"query-input":"required name=search_term_string"}],"inLanguage":"fi"},{"@type":"WebPage","@id":"https:\/\/kivennapaseura.fi\/?page_id=3856#webpage","url":"https:\/\/kivennapaseura.fi\/?page_id=3856","name":"Kivennapaseura 70v. - Kivennapaseura","isPartOf":{"@id":"https:\/\/kivennapaseura.fi\/#website"},"datePublished":"2018-10-05T16:00:38+00:00","dateModified":"2018-10-05T16:23:47+00:00","breadcrumb":{"@id":"https:\/\/kivennapaseura.fi\/?page_id=3856#breadcrumb"},"inLanguage":"fi","potentialAction":[{"@type":"ReadAction","target":["https:\/\/kivennapaseura.fi\/?page_id=3856"]}]},{"@type":"BreadcrumbList","@id":"https:\/\/kivennapaseura.fi\/?page_id=3856#breadcrumb","itemListElement":[{"@type":"ListItem","position":1,"name":"Etusivu","item":"https:\/\/kivennapaseura.fi\/"},{"@type":"ListItem","position":2,"name":"Kivennapaseura vaalii kivennapalaisuutta ja karjalaisuutta","item":"https:\/\/kivennapaseura.fi\/?page_id=142"},{"@type":"ListItem","position":3,"name":"Kivennapaseura 70v."}]}]}},"_links":{"self":[{"href":"https:\/\/kivennapaseura.fi\/index.php?rest_route=\/wp\/v2\/pages\/3856"}],"collection":[{"href":"https:\/\/kivennapaseura.fi\/index.php?rest_route=\/wp\/v2\/pages"}],"about":[{"href":"https:\/\/kivennapaseura.fi\/index.php?rest_route=\/wp\/v2\/types\/page"}],"author":[{"embeddable":true,"href":"https:\/\/kivennapaseura.fi\/index.php?rest_route=\/wp\/v2\/users\/4"}],"replies":[{"embeddable":true,"href":"https:\/\/kivennapaseura.fi\/index.php?rest_route=%2Fwp%2Fv2%2Fcomments&post=3856"}],"version-history":[{"count":2,"href":"https:\/\/kivennapaseura.fi\/index.php?rest_route=\/wp\/v2\/pages\/3856\/revisions"}],"predecessor-version":[{"id":3858,"href":"https:\/\/kivennapaseura.fi\/index.php?rest_route=\/wp\/v2\/pages\/3856\/revisions\/3858"}],"up":[{"embeddable":true,"href":"https:\/\/kivennapaseura.fi\/index.php?rest_route=\/wp\/v2\/pages\/142"}],"wp:attachment":[{"href":"https:\/\/kivennapaseura.fi\/index.php?rest_route=%2Fwp%2Fv2%2Fmedia&parent=3856"}],"curies":[{"name":"wp","href":"https:\/\/api.w.org\/{rel}","templated":true}]}}