{"id":3860,"date":"2018-12-08T19:58:06","date_gmt":"2018-12-08T17:58:06","guid":{"rendered":"http:\/\/kivennapaseura.fi\/?page_id=3860"},"modified":"2018-12-08T20:05:18","modified_gmt":"2018-12-08T18:05:18","slug":"kuvia-kivennapaseuran-70v-juhlasta-karjatalolla-27-10-18","status":"publish","type":"page","link":"https:\/\/kivennapaseura.fi\/?page_id=3860","title":{"rendered":"Kuvia Kivennapaseuran 70v  -juhlasta Karjatalolla 27.10.18!"},"content":{"rendered":"\n<ul class=\"wp-block-gallery columns-2 is-cropped\"><li class=\"blocks-gallery-item\"><figure><img loading=\"lazy\" width=\"510\" height=\"383\" src=\"http:\/\/kivennapaseura.fi\/wp-content\/uploads\/2018\/12\/70v-juhla-510x383.jpg\" alt=\"\" data-id=\"3862\" data-link=\"http:\/\/kivennapaseura.fi\/?attachment_id=3862\" class=\"wp-image-3862\" srcset=\"https:\/\/kivennapaseura.fi\/wp-content\/uploads\/2018\/12\/70v-juhla-510x383.jpg 510w, https:\/\/kivennapaseura.fi\/wp-content\/uploads\/2018\/12\/70v-juhla-300x225.jpg 300w, https:\/\/kivennapaseura.fi\/wp-content\/uploads\/2018\/12\/70v-juhla-768x576.jpg 768w, https:\/\/kivennapaseura.fi\/wp-content\/uploads\/2018\/12\/70v-juhla-120x90.jpg 120w\" sizes=\"(max-width: 510px) 100vw, 510px\" \/><figcaption>Juhlan juontaja Mirja Iivonen<\/figcaption><\/figure><\/li><li class=\"blocks-gallery-item\"><figure><img loading=\"lazy\" width=\"510\" height=\"383\" src=\"http:\/\/kivennapaseura.fi\/wp-content\/uploads\/2018\/12\/juhlaesitelm\u00e4-510x383.jpg\" alt=\"\" data-id=\"3863\" data-link=\"http:\/\/kivennapaseura.fi\/?attachment_id=3863\" class=\"wp-image-3863\" srcset=\"https:\/\/kivennapaseura.fi\/wp-content\/uploads\/2018\/12\/juhlaesitelm\u00e4-510x383.jpg 510w, https:\/\/kivennapaseura.fi\/wp-content\/uploads\/2018\/12\/juhlaesitelm\u00e4-300x225.jpg 300w, https:\/\/kivennapaseura.fi\/wp-content\/uploads\/2018\/12\/juhlaesitelm\u00e4-768x576.jpg 768w, https:\/\/kivennapaseura.fi\/wp-content\/uploads\/2018\/12\/juhlaesitelm\u00e4-120x90.jpg 120w\" sizes=\"(max-width: 510px) 100vw, 510px\" \/><figcaption>Juhlaesitelm\u00e4 Kivennapa 1918 Veijo Pimi\u00e4<\/figcaption><\/figure><\/li><li class=\"blocks-gallery-item\"><figure><img loading=\"lazy\" width=\"510\" height=\"383\" src=\"http:\/\/kivennapaseura.fi\/wp-content\/uploads\/2018\/12\/70v-juhakuvat-1-510x383.jpg\" alt=\"\" data-id=\"3864\" data-link=\"http:\/\/kivennapaseura.fi\/?attachment_id=3864\" class=\"wp-image-3864\" srcset=\"https:\/\/kivennapaseura.fi\/wp-content\/uploads\/2018\/12\/70v-juhakuvat-1-510x383.jpg 510w, https:\/\/kivennapaseura.fi\/wp-content\/uploads\/2018\/12\/70v-juhakuvat-1-300x225.jpg 300w, https:\/\/kivennapaseura.fi\/wp-content\/uploads\/2018\/12\/70v-juhakuvat-1-768x576.jpg 768w, https:\/\/kivennapaseura.fi\/wp-content\/uploads\/2018\/12\/70v-juhakuvat-1-120x90.jpg 120w\" sizes=\"(max-width: 510px) 100vw, 510px\" \/><figcaption>Juhlasomistusta: &#8221;Juuret Kivennavalla&#8221;<\/figcaption><\/figure><\/li><li class=\"blocks-gallery-item\"><figure><img loading=\"lazy\" width=\"510\" height=\"383\" src=\"http:\/\/kivennapaseura.fi\/wp-content\/uploads\/2018\/12\/kivennapajuhla70-510x383.jpg\" alt=\"\" data-id=\"3865\" data-link=\"http:\/\/kivennapaseura.fi\/?attachment_id=3865\" class=\"wp-image-3865\" srcset=\"https:\/\/kivennapaseura.fi\/wp-content\/uploads\/2018\/12\/kivennapajuhla70-510x383.jpg 510w, https:\/\/kivennapaseura.fi\/wp-content\/uploads\/2018\/12\/kivennapajuhla70-300x225.jpg 300w, https:\/\/kivennapaseura.fi\/wp-content\/uploads\/2018\/12\/kivennapajuhla70-120x90.jpg 120w, https:\/\/kivennapaseura.fi\/wp-content\/uploads\/2018\/12\/kivennapajuhla70.jpg 640w\" sizes=\"(max-width: 510px) 100vw, 510px\" \/><figcaption>Marja Halme kiitt\u00e4\u00e4 ansiomerkkien saajien puolesta<\/figcaption><\/figure><\/li><li class=\"blocks-gallery-item\"><figure><img loading=\"lazy\" width=\"510\" height=\"383\" src=\"http:\/\/kivennapaseura.fi\/wp-content\/uploads\/2018\/12\/kivennapajuhla701-510x383.jpg\" alt=\"\" data-id=\"3866\" data-link=\"http:\/\/kivennapaseura.fi\/?attachment_id=3866\" class=\"wp-image-3866\" srcset=\"https:\/\/kivennapaseura.fi\/wp-content\/uploads\/2018\/12\/kivennapajuhla701-510x383.jpg 510w, https:\/\/kivennapaseura.fi\/wp-content\/uploads\/2018\/12\/kivennapajuhla701-300x225.jpg 300w, https:\/\/kivennapaseura.fi\/wp-content\/uploads\/2018\/12\/kivennapajuhla701-120x90.jpg 120w, https:\/\/kivennapaseura.fi\/wp-content\/uploads\/2018\/12\/kivennapajuhla701.jpg 640w\" sizes=\"(max-width: 510px) 100vw, 510px\" \/><figcaption>Vasemmalla Karjalanliitosta Eeva-Liisa Kurki<\/figcaption><\/figure><\/li><li class=\"blocks-gallery-item\"><figure><img loading=\"lazy\" width=\"510\" height=\"383\" src=\"http:\/\/kivennapaseura.fi\/wp-content\/uploads\/2018\/12\/kivennapajuhla702-510x383.jpg\" alt=\"\" data-id=\"3867\" data-link=\"http:\/\/kivennapaseura.fi\/?attachment_id=3867\" class=\"wp-image-3867\" srcset=\"https:\/\/kivennapaseura.fi\/wp-content\/uploads\/2018\/12\/kivennapajuhla702-510x383.jpg 510w, https:\/\/kivennapaseura.fi\/wp-content\/uploads\/2018\/12\/kivennapajuhla702-300x225.jpg 300w, https:\/\/kivennapaseura.fi\/wp-content\/uploads\/2018\/12\/kivennapajuhla702-120x90.jpg 120w, https:\/\/kivennapaseura.fi\/wp-content\/uploads\/2018\/12\/kivennapajuhla702.jpg 640w\" sizes=\"(max-width: 510px) 100vw, 510px\" \/><figcaption>Raivolaa edusti Terhi Laukkanen<\/figcaption><\/figure><\/li><li class=\"blocks-gallery-item\"><figure><img loading=\"lazy\" width=\"510\" height=\"383\" src=\"http:\/\/kivennapaseura.fi\/wp-content\/uploads\/2018\/12\/kivennapajuhla705-510x383.jpg\" alt=\"\" data-id=\"3870\" data-link=\"http:\/\/kivennapaseura.fi\/?attachment_id=3870\" class=\"wp-image-3870\" srcset=\"https:\/\/kivennapaseura.fi\/wp-content\/uploads\/2018\/12\/kivennapajuhla705-510x383.jpg 510w, https:\/\/kivennapaseura.fi\/wp-content\/uploads\/2018\/12\/kivennapajuhla705-300x225.jpg 300w, https:\/\/kivennapaseura.fi\/wp-content\/uploads\/2018\/12\/kivennapajuhla705-120x90.jpg 120w, https:\/\/kivennapaseura.fi\/wp-content\/uploads\/2018\/12\/kivennapajuhla705.jpg 640w\" sizes=\"(max-width: 510px) 100vw, 510px\" \/><figcaption>S\u00e4\u00e4ti\u00f6n edustajana Ky\u00f6sti Pulliainen<\/figcaption><\/figure><\/li><li class=\"blocks-gallery-item\"><figure><img loading=\"lazy\" width=\"510\" height=\"383\" src=\"http:\/\/kivennapaseura.fi\/wp-content\/uploads\/2018\/12\/kivennapajuhla706-510x383.jpg\" alt=\"\" data-id=\"3871\" data-link=\"http:\/\/kivennapaseura.fi\/?attachment_id=3871\" class=\"wp-image-3871\" srcset=\"https:\/\/kivennapaseura.fi\/wp-content\/uploads\/2018\/12\/kivennapajuhla706-510x383.jpg 510w, https:\/\/kivennapaseura.fi\/wp-content\/uploads\/2018\/12\/kivennapajuhla706-300x225.jpg 300w, https:\/\/kivennapaseura.fi\/wp-content\/uploads\/2018\/12\/kivennapajuhla706-120x90.jpg 120w, https:\/\/kivennapaseura.fi\/wp-content\/uploads\/2018\/12\/kivennapajuhla706.jpg 640w\" sizes=\"(max-width: 510px) 100vw, 510px\" \/><figcaption>Veijo Pimi\u00e4<\/figcaption><\/figure><\/li><\/ul>\n\n\n\n<p><\/p>\n","protected":false},"excerpt":{"rendered":"","protected":false},"author":4,"featured_media":3862,"parent":142,"menu_order":3,"comment_status":"closed","ping_status":"closed","template":"","meta":{"site-sidebar-layout":"default","site-content-layout":"default","ast-global-header-display":"","ast-main-header-display":"","ast-hfb-above-header-display":"","ast-hfb-below-header-display":"","ast-hfb-mobile-header-display":"","site-post-title":"","ast-breadcrumbs-content":"","ast-featured-img":"","footer-sml-layout":"","theme-transparent-header-meta":"","adv-header-id-meta":"","stick-header-meta":"","header-above-stick-meta":"","header-main-stick-meta":"","header-below-stick-meta":""},"yoast_head":"<!-- This site is optimized with the Yoast SEO plugin v18.8 - https:\/\/yoast.com\/wordpress\/plugins\/seo\/ -->\n<title>Kuvia Kivennapaseuran 70v -juhlasta Karjatalolla 27.10.18! - Kivennapaseura<\/title>\n<meta name=\"robots\" content=\"index, follow, max-snippet:-1, max-image-preview:large, max-video-preview:-1\" \/>\n<link rel=\"canonical\" href=\"https:\/\/kivennapaseura.fi\/?page_id=3860\" \/>\n<meta property=\"og:locale\" content=\"fi_FI\" \/>\n<meta property=\"og:type\" content=\"article\" \/>\n<meta property=\"og:title\" content=\"Kuvia Kivennapaseuran 70v -juhlasta Karjatalolla 27.10.18! - Kivennapaseura\" \/>\n<meta property=\"og:url\" content=\"https:\/\/kivennapaseura.fi\/?page_id=3860\" \/>\n<meta property=\"og:site_name\" content=\"Kivennapaseura\" \/>\n<meta property=\"article:modified_time\" content=\"2018-12-08T18:05:18+00:00\" \/>\n<meta property=\"og:image\" content=\"http:\/\/kivennapaseura.fi\/wp-content\/uploads\/2018\/12\/70v-juhla-510x383.jpg\" \/>\n\t<meta property=\"og:image:width\" content=\"510\" \/>\n\t<meta property=\"og:image:height\" content=\"383\" \/>\n\t<meta property=\"og:image:type\" content=\"image\/jpeg\" \/>\n<meta name=\"twitter:card\" content=\"summary_large_image\" \/>\n<script type=\"application\/ld+json\" class=\"yoast-schema-graph\">{\"@context\":\"https:\/\/schema.org\",\"@graph\":[{\"@type\":\"WebSite\",\"@id\":\"https:\/\/kivennapaseura.fi\/#website\",\"url\":\"https:\/\/kivennapaseura.fi\/\",\"name\":\"Kivennapaseura\",\"description\":\"Kivennapaseuran kotisivut\",\"potentialAction\":[{\"@type\":\"SearchAction\",\"target\":{\"@type\":\"EntryPoint\",\"urlTemplate\":\"https:\/\/kivennapaseura.fi\/?s={search_term_string}\"},\"query-input\":\"required name=search_term_string\"}],\"inLanguage\":\"fi\"},{\"@type\":\"ImageObject\",\"inLanguage\":\"fi\",\"@id\":\"https:\/\/kivennapaseura.fi\/?page_id=3860#primaryimage\",\"url\":\"https:\/\/kivennapaseura.fi\/wp-content\/uploads\/2018\/12\/70v-juhla.jpg\",\"contentUrl\":\"https:\/\/kivennapaseura.fi\/wp-content\/uploads\/2018\/12\/70v-juhla.jpg\",\"width\":4000,\"height\":3000},{\"@type\":\"WebPage\",\"@id\":\"https:\/\/kivennapaseura.fi\/?page_id=3860#webpage\",\"url\":\"https:\/\/kivennapaseura.fi\/?page_id=3860\",\"name\":\"Kuvia Kivennapaseuran 70v -juhlasta Karjatalolla 27.10.18! - Kivennapaseura\",\"isPartOf\":{\"@id\":\"https:\/\/kivennapaseura.fi\/#website\"},\"primaryImageOfPage\":{\"@id\":\"https:\/\/kivennapaseura.fi\/?page_id=3860#primaryimage\"},\"datePublished\":\"2018-12-08T17:58:06+00:00\",\"dateModified\":\"2018-12-08T18:05:18+00:00\",\"breadcrumb\":{\"@id\":\"https:\/\/kivennapaseura.fi\/?page_id=3860#breadcrumb\"},\"inLanguage\":\"fi\",\"potentialAction\":[{\"@type\":\"ReadAction\",\"target\":[\"https:\/\/kivennapaseura.fi\/?page_id=3860\"]}]},{\"@type\":\"BreadcrumbList\",\"@id\":\"https:\/\/kivennapaseura.fi\/?page_id=3860#breadcrumb\",\"itemListElement\":[{\"@type\":\"ListItem\",\"position\":1,\"name\":\"Etusivu\",\"item\":\"https:\/\/kivennapaseura.fi\/\"},{\"@type\":\"ListItem\",\"position\":2,\"name\":\"Kivennapaseura vaalii kivennapalaisuutta ja karjalaisuutta\",\"item\":\"https:\/\/kivennapaseura.fi\/?page_id=142\"},{\"@type\":\"ListItem\",\"position\":3,\"name\":\"Kuvia Kivennapaseuran 70v -juhlasta Karjatalolla 27.10.18!\"}]}]}<\/script>\n<!-- \/ Yoast SEO plugin. -->","yoast_head_json":{"title":"Kuvia Kivennapaseuran 70v -juhlasta Karjatalolla 27.10.18! - Kivennapaseura","robots":{"index":"index","follow":"follow","max-snippet":"max-snippet:-1","max-image-preview":"max-image-preview:large","max-video-preview":"max-video-preview:-1"},"canonical":"https:\/\/kivennapaseura.fi\/?page_id=3860","og_locale":"fi_FI","og_type":"article","og_title":"Kuvia Kivennapaseuran 70v -juhlasta Karjatalolla 27.10.18! - Kivennapaseura","og_url":"https:\/\/kivennapaseura.fi\/?page_id=3860","og_site_name":"Kivennapaseura","article_modified_time":"2018-12-08T18:05:18+00:00","og_image":[{"width":510,"height":383,"url":"http:\/\/kivennapaseura.fi\/wp-content\/uploads\/2018\/12\/70v-juhla-510x383.jpg","type":"image\/jpeg"}],"twitter_card":"summary_large_image","schema":{"@context":"https:\/\/schema.org","@graph":[{"@type":"WebSite","@id":"https:\/\/kivennapaseura.fi\/#website","url":"https:\/\/kivennapaseura.fi\/","name":"Kivennapaseura","description":"Kivennapaseuran kotisivut","potentialAction":[{"@type":"SearchAction","target":{"@type":"EntryPoint","urlTemplate":"https:\/\/kivennapaseura.fi\/?s={search_term_string}"},"query-input":"required name=search_term_string"}],"inLanguage":"fi"},{"@type":"ImageObject","inLanguage":"fi","@id":"https:\/\/kivennapaseura.fi\/?page_id=3860#primaryimage","url":"https:\/\/kivennapaseura.fi\/wp-content\/uploads\/2018\/12\/70v-juhla.jpg","contentUrl":"https:\/\/kivennapaseura.fi\/wp-content\/uploads\/2018\/12\/70v-juhla.jpg","width":4000,"height":3000},{"@type":"WebPage","@id":"https:\/\/kivennapaseura.fi\/?page_id=3860#webpage","url":"https:\/\/kivennapaseura.fi\/?page_id=3860","name":"Kuvia Kivennapaseuran 70v -juhlasta Karjatalolla 27.10.18! - Kivennapaseura","isPartOf":{"@id":"https:\/\/kivennapaseura.fi\/#website"},"primaryImageOfPage":{"@id":"https:\/\/kivennapaseura.fi\/?page_id=3860#primaryimage"},"datePublished":"2018-12-08T17:58:06+00:00","dateModified":"2018-12-08T18:05:18+00:00","breadcrumb":{"@id":"https:\/\/kivennapaseura.fi\/?page_id=3860#breadcrumb"},"inLanguage":"fi","potentialAction":[{"@type":"ReadAction","target":["https:\/\/kivennapaseura.fi\/?page_id=3860"]}]},{"@type":"BreadcrumbList","@id":"https:\/\/kivennapaseura.fi\/?page_id=3860#breadcrumb","itemListElement":[{"@type":"ListItem","position":1,"name":"Etusivu","item":"https:\/\/kivennapaseura.fi\/"},{"@type":"ListItem","position":2,"name":"Kivennapaseura vaalii kivennapalaisuutta ja karjalaisuutta","item":"https:\/\/kivennapaseura.fi\/?page_id=142"},{"@type":"ListItem","position":3,"name":"Kuvia Kivennapaseuran 70v -juhlasta Karjatalolla 27.10.18!"}]}]}},"_links":{"self":[{"href":"https:\/\/kivennapaseura.fi\/index.php?rest_route=\/wp\/v2\/pages\/3860"}],"collection":[{"href":"https:\/\/kivennapaseura.fi\/index.php?rest_route=\/wp\/v2\/pages"}],"about":[{"href":"https:\/\/kivennapaseura.fi\/index.php?rest_route=\/wp\/v2\/types\/page"}],"author":[{"embeddable":true,"href":"https:\/\/kivennapaseura.fi\/index.php?rest_route=\/wp\/v2\/users\/4"}],"replies":[{"embeddable":true,"href":"https:\/\/kivennapaseura.fi\/index.php?rest_route=%2Fwp%2Fv2%2Fcomments&post=3860"}],"version-history":[{"count":1,"href":"https:\/\/kivennapaseura.fi\/index.php?rest_route=\/wp\/v2\/pages\/3860\/revisions"}],"predecessor-version":[{"id":3872,"href":"https:\/\/kivennapaseura.fi\/index.php?rest_route=\/wp\/v2\/pages\/3860\/revisions\/3872"}],"up":[{"embeddable":true,"href":"https:\/\/kivennapaseura.fi\/index.php?rest_route=\/wp\/v2\/pages\/142"}],"wp:featuredmedia":[{"embeddable":true,"href":"https:\/\/kivennapaseura.fi\/index.php?rest_route=\/wp\/v2\/media\/3862"}],"wp:attachment":[{"href":"https:\/\/kivennapaseura.fi\/index.php?rest_route=%2Fwp%2Fv2%2Fmedia&parent=3860"}],"curies":[{"name":"wp","href":"https:\/\/api.w.org\/{rel}","templated":true}]}}