{"id":4213,"date":"2022-02-10T11:45:00","date_gmt":"2022-02-10T09:45:00","guid":{"rendered":"https:\/\/kividt.webbisampo.fi\/blog\/?page_id=4105"},"modified":"2025-12-14T14:51:51","modified_gmt":"2025-12-14T12:51:51","slug":"kivennapaseura-2","status":"publish","type":"page","link":"https:\/\/kivennapaseura.fi\/","title":{"rendered":""},"content":{"rendered":"\n<div class=\"wp-block-columns alignwide\">\n<div class=\"wp-block-column is-vertically-aligned-top\">\n<h3>Uutiset ja tiedotteet<\/h3>\n\n\n\n<p><a href=\"https:\/\/kivennapaseura.fi\/?p=6283\">Liity Kivennapaseuraan \u2013 saat my\u00f6s Kivennapalainen-lehden kerran vuodessa<\/a><\/p>\n\n\n\n<p><a href=\"https:\/\/kivennapaseura.fi\/?p=6277\">Kivennapa-S\u00e4\u00e4ti\u00f6n apurahat haettavissa 1.1.\u201328.2.2026<\/a><\/p>\n\n\n\n<p><a href=\"https:\/\/kivennapaseura.fi\/?p=6252\">Raimo T. Rannan kuvateos valottaa Tonterin kyl\u00e4n vaiheita<\/a><\/p>\n\n\n\n<p><a href=\"https:\/\/kivennapaseura.fi\/?p=6248\">Kivennapaseuran vuosikokous 21.9.2025<\/a><\/p>\n\n\n\n<p><a href=\"https:\/\/kivennapaseura.fi\/?p=6229\">Kuvia Kivennavan kihuilta 10.8.2025<\/a><\/p>\n\n\n\n<p><a href=\"https:\/\/kivennapaseura.fi\/?cat=130\">Lue lis\u00e4\u00e4<\/a> &gt;&gt;<\/p>\n\n\n\n<h3>Poimintoja aiemmin julkaistuista artikkeleista<\/h3>\n\n\n\n<p><a href=\"https:\/\/kivennapaseura.fi\/?p=5736\">Kivennavan kyl\u00e4kirjoja lainattavissa Vanamo-kirjastoista<\/a><\/p>\n\n\n\n<p><a href=\"https:\/\/kivennapaseura.fi\/?p=5248\">Mit\u00e4 ihmett\u00e4? Kivennapa keskell\u00e4 Pohjois-Savoa!<\/a><\/p>\n\n\n\n<p><a href=\"https:\/\/kivennapaseura.fi\/?p=4114\">Karjalaiset kansallispuvut kuvattiin Karjalatalolla<\/a><\/p>\n\n\n\n<p><a href=\"https:\/\/kivennapaseura.fi\/?p=4763\">Kuusi vinkki\u00e4 kirjastosta paikallishistorian aineistoihin verkossa<\/a><\/p>\n<\/div>\n\n\n\n<div class=\"wp-block-column\">\n<div class=\"alignfull\"><div id=\"metaslider-id-4206\" style=\"width: 100%; margin: 0 auto;\" class=\"ml-slider-3-27-3 metaslider metaslider-flex metaslider-4206 ml-slider\">\n    <div id=\"metaslider_container_4206\">\n        <div id=\"metaslider_4206\">\n            <ul aria-live=\"polite\" class=\"slides\">\n                <li style=\"display: block; width: 100%;\" class=\"slide-4710 ms-image\"><img src=\"https:\/\/kivennapaseura.fi\/wp-content\/uploads\/2022\/08\/Kihut2022_juhlakulkue_kylittain.jpg\" height=\"300\" width=\"300\" alt=\"\" class=\"slider-4206 slide-4710\" title=\"Kihut2022_juhlakulkue_kylittain\" \/><div class=\"caption-wrap\"><div class=\"caption\">Juhlav\u00e4ke\u00e4 kylitt\u00e4in kihuilla 2022<\/div><\/div><\/li>\n                <li style=\"display: none; width: 100%;\" class=\"slide-4711 ms-image\"><img src=\"https:\/\/kivennapaseura.fi\/wp-content\/uploads\/2022\/08\/Kihut2022_kartta.jpg\" height=\"300\" width=\"300\" alt=\"Kansallispukuinen nainen kartan \u00e4\u00e4rell\u00e4.\" class=\"slider-4206 slide-4711\" title=\"Kihut2022_kartta\" \/><div class=\"caption-wrap\"><div class=\"caption\">Kivennavan kartta kihuilla 2022<\/div><\/div><\/li>\n                <li style=\"display: none; width: 100%;\" class=\"slide-4712 ms-image\"><img src=\"https:\/\/kivennapaseura.fi\/wp-content\/uploads\/2022\/08\/Kihut2022_seppelelasku.jpg\" height=\"300\" width=\"300\" alt=\"Muistomerkki, jonka juurella seppele ja kaksi ihmist\u00e4 selin.\" class=\"slider-4206 slide-4712\" title=\"Kihut2022_seppelelasku\" \/><div class=\"caption-wrap\"><div class=\"caption\">Kihut 2022. Seppeleenlasku.<\/div><\/div><\/li>\n                <li style=\"display: none; width: 100%;\" class=\"slide-4713 ms-image\"><img src=\"https:\/\/kivennapaseura.fi\/wp-content\/uploads\/2022\/04\/IMG_0079-scaled-300x300.jpg\" height=\"300\" width=\"300\" alt=\"\" class=\"slider-4206 slide-4713\" title=\"Siiranm\u00e4en muistomerkki\" \/><div class=\"caption-wrap\"><div class=\"caption\">Siiranm\u00e4en muistomerkki<\/div><\/div><\/li>\n                <li style=\"display: none; width: 100%;\" class=\"slide-4714 ms-image\"><img src=\"https:\/\/kivennapaseura.fi\/wp-content\/uploads\/2022\/04\/Keskustan-tienviitta-scaled-300x300.jpg\" height=\"300\" width=\"300\" alt=\"\" class=\"slider-4206 slide-4714\" title=\"Kivennavan keskusta\" \/><div class=\"caption-wrap\"><div class=\"caption\">Kivennavan keskusta 2018<\/div><\/div><\/li>\n                <li style=\"display: none; width: 100%;\" class=\"slide-4715 ms-image\"><img src=\"https:\/\/kivennapaseura.fi\/wp-content\/uploads\/2022\/04\/Kirkonmaelta-Linnamaelle-2018-300x300.jpg\" height=\"300\" width=\"300\" alt=\"\" class=\"slider-4206 slide-4715\" title=\"Linnanm\u00e4ke\u00e4\" \/><div class=\"caption-wrap\"><div class=\"caption\">Linnanm\u00e4ke\u00e4<\/div><\/div><\/li>\n                <li style=\"display: none; width: 100%;\" class=\"slide-4716 ms-image\"><img src=\"https:\/\/kivennapaseura.fi\/wp-content\/uploads\/2022\/04\/kirkonmaen-siivousta-Terhin-kanssa-300x300.jpg\" height=\"300\" width=\"300\" alt=\"\" class=\"slider-4206 slide-4716\" title=\"Vanhoja hautakivi\u00e4\" \/><div class=\"caption-wrap\"><div class=\"caption\">Vanhoja hautakivi\u00e4<\/div><\/div><\/li>\n                <li style=\"display: none; width: 100%;\" class=\"slide-4717 ms-image\"><img src=\"https:\/\/kivennapaseura.fi\/wp-content\/uploads\/2022\/08\/Kihut2022_Palkaneen_kirjjo.jpg\" height=\"300\" width=\"300\" alt=\"Kynttil\u00f6it\u00e4 kirkossa.\" class=\"slider-4206 slide-4717\" title=\"Kihut2022_Palkaneen_kirjjo\" \/><div class=\"caption-wrap\"><div class=\"caption\">Kihut 2022. P\u00e4lk\u00e4neen kirkko.<\/div><\/div><\/li>\n            <\/ul>\n        <\/div>\n        \n    <\/div>\n<\/div><\/div>\n\n\n\n<h3>Dokumenttielokuva Syd\u00e4men arkeologia<\/h3>\n\n\n\n<figure class=\"wp-block-image size-full\"><a href=\"https:\/\/kivennapaseura.fi\/?page_id=6019\"><img loading=\"lazy\" width=\"300\" height=\"300\" src=\"http:\/\/kivennapaseura.fi\/wp-content\/uploads\/2023\/05\/Opiskelijateatteri.jpg\" alt=\"Opiskelijateatterin elokuvajuliste.\" class=\"wp-image-5695\" srcset=\"https:\/\/kivennapaseura.fi\/wp-content\/uploads\/2023\/05\/Opiskelijateatteri.jpg 300w, https:\/\/kivennapaseura.fi\/wp-content\/uploads\/2023\/05\/Opiskelijateatteri-150x150.jpg 150w\" sizes=\"(max-width: 300px) 100vw, 300px\" \/><\/a><\/figure>\n\n\n\n<p><a href=\"https:\/\/kivennapaseura.fi\/?page_id=6019\">Mik\u00e4 elokuva, mist\u00e4 sen voi katsoa ja mit\u00e4 dokumenttielokuvasta on kirjoitettu? Kaikki l\u00f6ytyy Syd\u00e4men arkeologia -dokumenttielokuvan koostesivulta!<\/a><\/p>\n<\/div>\n\n\n\n<div class=\"wp-block-column\"><form role=\"search\" method=\"get\" action=\"https:\/\/kivennapaseura.fi\/\" class=\"wp-block-search__button-outside wp-block-search__icon-button wp-block-search\"><label for=\"wp-block-search__input-1\" class=\"wp-block-search__label screen-reader-text\">Search<\/label><div class=\"wp-block-search__inside-wrapper \" ><input type=\"search\" id=\"wp-block-search__input-1\" class=\"wp-block-search__input \" name=\"s\" value=\"\" placeholder=\"\"  required \/><button type=\"submit\" class=\"wp-block-search__button   has-icon\"  aria-label=\"Search\"><svg id=\"search-icon\" class=\"search-icon\" viewBox=\"0 0 24 24\" width=\"24\" height=\"24\">\n\t\t\t\t\t<path d=\"M13.5 6C10.5 6 8 8.5 8 11.5c0 1.1.3 2.1.9 3l-3.4 3 1 1.1 3.4-2.9c1 .9 2.2 1.4 3.6 1.4 3 0 5.5-2.5 5.5-5.5C19 8.5 16.5 6 13.5 6zm0 9.5c-2.2 0-4-1.8-4-4s1.8-4 4-4 4 1.8 4 4-1.8 4-4 4z\"><\/path>\n\t\t\t\t<\/svg><\/button><\/div><\/form>\n\n\n<h3>Haastattelussa-sarja<\/h3>\n\n\n\n<p><a href=\"https:\/\/kivennapaseura.fi\/?p=5946\">Haastattelussa Eino Laakkonen<\/a><\/p>\n\n\n\n<p><a href=\"https:\/\/kivennapaseura.fi\/?p=5809\">Haastattelussa Helmi Saarikivi<\/a><\/p>\n\n\n\n<p><a href=\"https:\/\/kivennapaseura.fi\/?p=5761\">Haastattelussa Eeva Korjula<\/a><\/p>\n\n\n\n<p><a href=\"https:\/\/kivennapaseura.fi\/?p=5606\">Haastattelussa Helli Taponen<\/a><\/p>\n\n\n\n<p><a href=\"https:\/\/kivennapaseura.fi\/?cat=128\">Lue lis\u00e4\u00e4<\/a> &gt;&gt;<\/p>\n\n\n\n<h3>Kivennapaseuran blogi<\/h3>\n\n\n\n<p><a href=\"https:\/\/kivennapaseura.fi\/?p=6264\">Talvisodan syttymisest\u00e4 86 vuotta<\/a><\/p>\n\n\n\n<p><a href=\"https:\/\/kivennapaseura.fi\/?p=6041\">Talvisodan p\u00e4\u00e4ttymisest\u00e4 84 vuotta<\/a><\/p>\n\n\n\n<p><a href=\"https:\/\/kivennapaseura.fi\/?p=5448\">Kertun keralla Kivennavalla<\/a><\/p>\n\n\n\n<p><a href=\"https:\/\/kivennapaseura.fi\/?cat=129\">Lue lis\u00e4\u00e4<\/a> &gt;&gt;<\/p>\n\n\n\n<h3>Poimintoja sivustolta<\/h3>\n\n\n\n<p><a href=\"https:\/\/kivennapaseura.fi\/?page_id=165\">Lue Kivennavan kihujen historiasta ja tapaamisten tunnelmista<\/a><\/p>\n\n\n\n<p><a href=\"https:\/\/kivennapaseura.fi\/?page_id=140\">Tutustu Kivennavan pit\u00e4j\u00e4n historiaan<\/a><\/p>\n\n\n\n<p><\/p>\n<\/div>\n<\/div>\n","protected":false},"excerpt":{"rendered":"<p>Uutiset ja tiedotteet Liity Kivennapaseuraan \u2013 saat my\u00f6s Kivennapalainen-lehden kerran vuodessa Kivennapa-S\u00e4\u00e4ti\u00f6n apurahat haettavissa 1.1.\u201328.2.2026 Raimo T. Rannan kuvateos valottaa Tonterin kyl\u00e4n vaiheita Kivennapaseuran vuosikokous 21.9.2025 Kuvia Kivennavan kihuilta 10.8.2025 Lue lis\u00e4\u00e4 &gt;&gt; Poimintoja aiemmin julkaistuista artikkeleista Kivennavan kyl\u00e4kirjoja lainattavissa Vanamo-kirjastoista Mit\u00e4 ihmett\u00e4? Kivennapa keskell\u00e4 Pohjois-Savoa! Karjalaiset kansallispuvut kuvattiin Karjalatalolla Kuusi vinkki\u00e4 kirjastosta paikallishistorian aineistoihin &hellip;<\/p>\n<p class=\"read-more\"> <a class=\"\" href=\"https:\/\/kivennapaseura.fi\/\">  Lue lis\u00e4\u00e4 &raquo;<\/a><\/p>\n","protected":false},"author":7,"featured_media":0,"parent":0,"menu_order":0,"comment_status":"closed","ping_status":"closed","template":"","meta":{"site-sidebar-layout":"default","site-content-layout":"default","ast-global-header-display":"","ast-main-header-display":"","ast-hfb-above-header-display":"","ast-hfb-below-header-display":"","ast-hfb-mobile-header-display":"","site-post-title":"","ast-breadcrumbs-content":"","ast-featured-img":"","footer-sml-layout":"","theme-transparent-header-meta":"","adv-header-id-meta":"","stick-header-meta":"","header-above-stick-meta":"","header-main-stick-meta":"","header-below-stick-meta":""},"yoast_head":"<!-- This site is optimized with the Yoast SEO plugin v18.8 - https:\/\/yoast.com\/wordpress\/plugins\/seo\/ -->\n<title>- Kivennapaseura<\/title>\n<meta name=\"description\" content=\"Kivennapaseura vaalii kivennapalaisuutta ja karjalaista kulttuuria. L\u00f6yd\u00e4t Kivennapaseuran kotisivuilta tietoa ja tarinoita. Tervetuloa!\" \/>\n<meta name=\"robots\" content=\"index, follow, max-snippet:-1, max-image-preview:large, max-video-preview:-1\" \/>\n<link rel=\"canonical\" href=\"https:\/\/kivennapaseura.fi\/\" \/>\n<meta property=\"og:locale\" content=\"fi_FI\" \/>\n<meta property=\"og:type\" content=\"article\" \/>\n<meta property=\"og:title\" content=\"- Kivennapaseura\" \/>\n<meta property=\"og:description\" content=\"Kivennapaseura vaalii kivennapalaisuutta ja karjalaista kulttuuria. L\u00f6yd\u00e4t Kivennapaseuran kotisivuilta tietoa ja tarinoita. Tervetuloa!\" \/>\n<meta property=\"og:url\" content=\"https:\/\/kivennapaseura.fi\/\" \/>\n<meta property=\"og:site_name\" content=\"Kivennapaseura\" \/>\n<meta property=\"article:modified_time\" content=\"2025-12-14T12:51:51+00:00\" \/>\n<meta property=\"og:image\" content=\"http:\/\/kivennapaseura.fi\/wp-content\/uploads\/2022\/05\/Kivennavan_kuudes_kirkko_ja_pitajatupa.jpg\" \/>\n\t<meta property=\"og:image:width\" content=\"1000\" \/>\n\t<meta property=\"og:image:height\" content=\"586\" \/>\n\t<meta property=\"og:image:type\" content=\"image\/jpeg\" \/>\n<meta name=\"twitter:card\" content=\"summary_large_image\" \/>\n<meta name=\"twitter:image\" content=\"https:\/\/kivennapaseura.fi\/wp-content\/uploads\/2022\/05\/Kivennavan_kuudes_kirkko_ja_pitajatupa.jpg\" \/>\n<meta name=\"twitter:label1\" content=\"Arvioitu lukuaika\" \/>\n\t<meta name=\"twitter:data1\" content=\"1 minuutti\" \/>\n<script type=\"application\/ld+json\" class=\"yoast-schema-graph\">{\"@context\":\"https:\/\/schema.org\",\"@graph\":[{\"@type\":\"WebSite\",\"@id\":\"https:\/\/kivennapaseura.fi\/#website\",\"url\":\"https:\/\/kivennapaseura.fi\/\",\"name\":\"Kivennapaseura\",\"description\":\"Kivennapaseuran kotisivut\",\"potentialAction\":[{\"@type\":\"SearchAction\",\"target\":{\"@type\":\"EntryPoint\",\"urlTemplate\":\"https:\/\/kivennapaseura.fi\/?s={search_term_string}\"},\"query-input\":\"required name=search_term_string\"}],\"inLanguage\":\"fi\"},{\"@type\":\"ImageObject\",\"inLanguage\":\"fi\",\"@id\":\"https:\/\/kivennapaseura.fi\/#primaryimage\",\"url\":\"https:\/\/kivennapaseura.fi\/wp-content\/uploads\/2022\/05\/Kivennavan_kuudes_kirkko_ja_pitajatupa.jpg\",\"contentUrl\":\"https:\/\/kivennapaseura.fi\/wp-content\/uploads\/2022\/05\/Kivennavan_kuudes_kirkko_ja_pitajatupa.jpg\",\"width\":1000,\"height\":586,\"caption\":\"Vanha kuva pellosta ja kirkosta sen takana m\u00e4ell\u00e4.\"},{\"@type\":\"WebPage\",\"@id\":\"https:\/\/kivennapaseura.fi\/#webpage\",\"url\":\"https:\/\/kivennapaseura.fi\/\",\"name\":\"- Kivennapaseura\",\"isPartOf\":{\"@id\":\"https:\/\/kivennapaseura.fi\/#website\"},\"primaryImageOfPage\":{\"@id\":\"https:\/\/kivennapaseura.fi\/#primaryimage\"},\"datePublished\":\"2022-02-10T09:45:00+00:00\",\"dateModified\":\"2025-12-14T12:51:51+00:00\",\"description\":\"Kivennapaseura vaalii kivennapalaisuutta ja karjalaista kulttuuria. L\u00f6yd\u00e4t Kivennapaseuran kotisivuilta tietoa ja tarinoita. Tervetuloa!\",\"breadcrumb\":{\"@id\":\"https:\/\/kivennapaseura.fi\/#breadcrumb\"},\"inLanguage\":\"fi\",\"potentialAction\":[{\"@type\":\"ReadAction\",\"target\":[\"https:\/\/kivennapaseura.fi\/\"]}]},{\"@type\":\"BreadcrumbList\",\"@id\":\"https:\/\/kivennapaseura.fi\/#breadcrumb\",\"itemListElement\":[{\"@type\":\"ListItem\",\"position\":1,\"name\":\"Etusivu\",\"item\":\"https:\/\/kivennapaseura.fi\/\"},{\"@type\":\"ListItem\",\"position\":2,\"name\":\"\"}]}]}<\/script>\n<!-- \/ Yoast SEO plugin. -->","yoast_head_json":{"title":"- Kivennapaseura","description":"Kivennapaseura vaalii kivennapalaisuutta ja karjalaista kulttuuria. L\u00f6yd\u00e4t Kivennapaseuran kotisivuilta tietoa ja tarinoita. Tervetuloa!","robots":{"index":"index","follow":"follow","max-snippet":"max-snippet:-1","max-image-preview":"max-image-preview:large","max-video-preview":"max-video-preview:-1"},"canonical":"https:\/\/kivennapaseura.fi\/","og_locale":"fi_FI","og_type":"article","og_title":"- Kivennapaseura","og_description":"Kivennapaseura vaalii kivennapalaisuutta ja karjalaista kulttuuria. L\u00f6yd\u00e4t Kivennapaseuran kotisivuilta tietoa ja tarinoita. Tervetuloa!","og_url":"https:\/\/kivennapaseura.fi\/","og_site_name":"Kivennapaseura","article_modified_time":"2025-12-14T12:51:51+00:00","og_image":[{"width":1000,"height":586,"url":"http:\/\/kivennapaseura.fi\/wp-content\/uploads\/2022\/05\/Kivennavan_kuudes_kirkko_ja_pitajatupa.jpg","type":"image\/jpeg"}],"twitter_card":"summary_large_image","twitter_image":"https:\/\/kivennapaseura.fi\/wp-content\/uploads\/2022\/05\/Kivennavan_kuudes_kirkko_ja_pitajatupa.jpg","twitter_misc":{"Arvioitu lukuaika":"1 minuutti"},"schema":{"@context":"https:\/\/schema.org","@graph":[{"@type":"WebSite","@id":"https:\/\/kivennapaseura.fi\/#website","url":"https:\/\/kivennapaseura.fi\/","name":"Kivennapaseura","description":"Kivennapaseuran kotisivut","potentialAction":[{"@type":"SearchAction","target":{"@type":"EntryPoint","urlTemplate":"https:\/\/kivennapaseura.fi\/?s={search_term_string}"},"query-input":"required name=search_term_string"}],"inLanguage":"fi"},{"@type":"ImageObject","inLanguage":"fi","@id":"https:\/\/kivennapaseura.fi\/#primaryimage","url":"https:\/\/kivennapaseura.fi\/wp-content\/uploads\/2022\/05\/Kivennavan_kuudes_kirkko_ja_pitajatupa.jpg","contentUrl":"https:\/\/kivennapaseura.fi\/wp-content\/uploads\/2022\/05\/Kivennavan_kuudes_kirkko_ja_pitajatupa.jpg","width":1000,"height":586,"caption":"Vanha kuva pellosta ja kirkosta sen takana m\u00e4ell\u00e4."},{"@type":"WebPage","@id":"https:\/\/kivennapaseura.fi\/#webpage","url":"https:\/\/kivennapaseura.fi\/","name":"- Kivennapaseura","isPartOf":{"@id":"https:\/\/kivennapaseura.fi\/#website"},"primaryImageOfPage":{"@id":"https:\/\/kivennapaseura.fi\/#primaryimage"},"datePublished":"2022-02-10T09:45:00+00:00","dateModified":"2025-12-14T12:51:51+00:00","description":"Kivennapaseura vaalii kivennapalaisuutta ja karjalaista kulttuuria. L\u00f6yd\u00e4t Kivennapaseuran kotisivuilta tietoa ja tarinoita. Tervetuloa!","breadcrumb":{"@id":"https:\/\/kivennapaseura.fi\/#breadcrumb"},"inLanguage":"fi","potentialAction":[{"@type":"ReadAction","target":["https:\/\/kivennapaseura.fi\/"]}]},{"@type":"BreadcrumbList","@id":"https:\/\/kivennapaseura.fi\/#breadcrumb","itemListElement":[{"@type":"ListItem","position":1,"name":"Etusivu","item":"https:\/\/kivennapaseura.fi\/"},{"@type":"ListItem","position":2,"name":""}]}]}},"_links":{"self":[{"href":"https:\/\/kivennapaseura.fi\/index.php?rest_route=\/wp\/v2\/pages\/4213"}],"collection":[{"href":"https:\/\/kivennapaseura.fi\/index.php?rest_route=\/wp\/v2\/pages"}],"about":[{"href":"https:\/\/kivennapaseura.fi\/index.php?rest_route=\/wp\/v2\/types\/page"}],"author":[{"embeddable":true,"href":"https:\/\/kivennapaseura.fi\/index.php?rest_route=\/wp\/v2\/users\/7"}],"replies":[{"embeddable":true,"href":"https:\/\/kivennapaseura.fi\/index.php?rest_route=%2Fwp%2Fv2%2Fcomments&post=4213"}],"version-history":[{"count":91,"href":"https:\/\/kivennapaseura.fi\/index.php?rest_route=\/wp\/v2\/pages\/4213\/revisions"}],"predecessor-version":[{"id":6289,"href":"https:\/\/kivennapaseura.fi\/index.php?rest_route=\/wp\/v2\/pages\/4213\/revisions\/6289"}],"wp:attachment":[{"href":"https:\/\/kivennapaseura.fi\/index.php?rest_route=%2Fwp%2Fv2%2Fmedia&parent=4213"}],"curies":[{"name":"wp","href":"https:\/\/api.w.org\/{rel}","templated":true}]}}