{"id":4739,"date":"2022-05-11T13:50:18","date_gmt":"2022-05-11T10:50:18","guid":{"rendered":"https:\/\/kivennapaseura.fi\/?page_id=4739"},"modified":"2022-05-12T10:08:33","modified_gmt":"2022-05-12T07:08:33","slug":"kivennavan-symbolit","status":"publish","type":"page","link":"https:\/\/kivennapaseura.fi\/?page_id=4739","title":{"rendered":"Kivennavan symbolit"},"content":{"rendered":"\n<div class=\"wp-container-1 wp-block-group\">\n<h2>Vaakuna<\/h2>\n\n\n\n<figure class=\"wp-block-image size-full\"><a href=\"http:\/\/kivennapaseura.fi\/wp-content\/uploads\/2014\/03\/kivennapa_vaakuna_pieni.jpg\"><img loading=\"lazy\" width=\"482\" height=\"592\" src=\"http:\/\/kivennapaseura.fi\/wp-content\/uploads\/2014\/03\/kivennapa_vaakuna_pieni.jpg\" alt=\"\" class=\"wp-image-301\" srcset=\"https:\/\/kivennapaseura.fi\/wp-content\/uploads\/2014\/03\/kivennapa_vaakuna_pieni.jpg 482w, https:\/\/kivennapaseura.fi\/wp-content\/uploads\/2014\/03\/kivennapa_vaakuna_pieni-244x300.jpg 244w\" sizes=\"(max-width: 482px) 100vw, 482px\" \/><\/a><figcaption>Kivennavan vaakuna<\/figcaption><\/figure>\n\n\n\n<p>Kivennavan vaakunan hankkiminen sai alkunsa Kivennavan pit\u00e4j\u00e4seuran taholta v. 1961. Vaakunan suunnittelijaksi saatiin kivennapalainen Martti Paavolainen. Vaakunan symbolismi kertoo Kivennavan avainasemasta Kannaksella.<\/p>\n\n\n\n<p>Vaakunaselitys: Punaisessa valkoisin muurisaumoin palkkisesti muuratussa pinnassa hopeinen palkki, jossa punainen kaksihaittainen avain. Karjalan kannas oli Suomen lukko. Kivennapa oli avain t\u00e4h\u00e4n lukkoon. Kuka hallitsi Kivennapaa, hallitsi koko Karjalan kannasta. Ja kuka hallitsi Karjalan kannasta, hallitsi koko Suomea. Kivennapa oli avain koko Suomeen. Hopeinen palkki vaakunassa on Novgorodin (Ven\u00e4j\u00e4n) ja Sigtunan (Ruotsin) v\u00e4linen ikivanha kauppa- ja sotatie, jossa Kivennapa oli avainasemassa.<\/p>\n\n\n\n<p>L\u00e4hde: Kivennapa-S\u00e4\u00e4ti\u00f6 50 vuotta Juhlakirja<\/p>\n<\/div>\n\n\n\n<div class=\"wp-container-2 wp-block-group\">\n<h2>Viiri<\/h2>\n\n\n\n<figure class=\"wp-block-image size-large\"><a href=\"http:\/\/kivennapaseura.fi\/wp-content\/uploads\/2015\/07\/IMG_9304_sp-e1652262571561.jpg\"><img loading=\"lazy\" width=\"672\" height=\"1024\" src=\"http:\/\/kivennapaseura.fi\/wp-content\/uploads\/2015\/07\/IMG_9304_sp-672x1024.jpg\" alt=\"\" class=\"wp-image-1319\"\/><\/a><\/figure>\n\n\n\n<p>Vaakunasta pyydettiin Karjalan Liiton lausunto, joka puolsi heraldisesti oikeaoppista ja hienoa ty\u00f6t\u00e4. Viiri valmistui vuonna 1964, ja sen pohjalta tehtiin p\u00f6yt\u00e4standaari sopivaksi lahjaesineeksi ja seuran myyntituotteeksi. Aiheesta on valmistettu my\u00f6s kahdeksanmetriseen lipputankoon sopiva is\u00e4nn\u00e4nviiri.<\/p>\n\n\n\n<p>L\u00e4hde: Kivennapa-S\u00e4\u00e4ti\u00f6 50 vuotta Juhlakirja<\/p>\n<\/div>\n\n\n\n<div class=\"wp-container-3 wp-block-group\">\n<h2>Lippu<\/h2>\n\n\n\n<figure class=\"wp-block-image size-large\"><a href=\"https:\/\/kivennapaseura.fi\/wp-content\/uploads\/2022\/05\/juhlaesitelma-\u2013-kopio-2-1.jpg\"><img loading=\"lazy\" width=\"510\" height=\"383\" src=\"https:\/\/kivennapaseura.fi\/wp-content\/uploads\/2022\/05\/juhlaesitelma-\u2013-kopio-2-1-510x383.jpg\" alt=\"\" class=\"wp-image-4772\" srcset=\"https:\/\/kivennapaseura.fi\/wp-content\/uploads\/2022\/05\/juhlaesitelma-\u2013-kopio-2-1-510x383.jpg 510w, https:\/\/kivennapaseura.fi\/wp-content\/uploads\/2022\/05\/juhlaesitelma-\u2013-kopio-2-1-300x225.jpg 300w, https:\/\/kivennapaseura.fi\/wp-content\/uploads\/2022\/05\/juhlaesitelma-\u2013-kopio-2-1-768x576.jpg 768w, https:\/\/kivennapaseura.fi\/wp-content\/uploads\/2022\/05\/juhlaesitelma-\u2013-kopio-2-1-1536x1152.jpg 1536w, https:\/\/kivennapaseura.fi\/wp-content\/uploads\/2022\/05\/juhlaesitelma-\u2013-kopio-2-1-2048x1536.jpg 2048w, https:\/\/kivennapaseura.fi\/wp-content\/uploads\/2022\/05\/juhlaesitelma-\u2013-kopio-2-1-120x90.jpg 120w\" sizes=\"(max-width: 510px) 100vw, 510px\" \/><\/a><figcaption>Kivennavan, Suomen ja Karjalan Liiton liput Kivennapaseuran 70v juhlassa <\/figcaption><\/figure>\n\n\n\n<p>Kymmenkunta vuotta my\u00f6hemmin seuralle haluttiin my\u00f6s oma lippu. KIvennavan Pit\u00e4j\u00e4seura ja Kivennapas\u00e4\u00e4ti\u00f6 toimivat yhteisty\u00f6ss\u00e4 hankkeen toteuttamiseksi.  Martti Paavolainen toteutti j\u00e4lleen k\u00e4yt\u00e4nn\u00f6n toimet. Kivennavan lipun juhlallinen naulaustilaisuus oli H\u00e4meenlinnassa 31.7.1976. Lippuja on kaksi kappaletta, toinen Kangasalla \u00c4ij\u00e4l\u00e4talossa ja toinen Entiset Kivennapalaiset ry:n kaapissa Karjalatalossa Helsingiss\u00e4. Lippua k\u00e4ytet\u00e4\u00e4n karjalaisissa suurjuhlissa, Kivennavan kihuissa sek\u00e4 sankarihaudoille ja Karjalaan j\u00e4\u00e4neiden vainajien muistomerkeille tehdyill\u00e4 kunniak\u00e4ynneill\u00e4.. My\u00f6s kivennapalaisten yhdistysten johtohenkil\u00f6iden siunaustilaisuuksissa on lippu ollut mukana.<\/p>\n\n\n\n<p>L\u00e4hde: Kivennapa-S\u00e4\u00e4ti\u00f6 50 vuotta Juhlakirja<\/p>\n<\/div>\n\n\n\n<div class=\"wp-container-4 wp-block-group\">\n<h2>Kansallispuku<\/h2>\n\n\n\n<figure class=\"wp-block-image size-large\"><a href=\"http:\/\/kivennapaseura.fi\/wp-content\/uploads\/2022\/05\/kuva4-2-scaled.jpg\"><img loading=\"lazy\" width=\"510\" height=\"663\" src=\"http:\/\/kivennapaseura.fi\/wp-content\/uploads\/2022\/05\/kuva4-2-510x663.jpg\" alt=\"\" class=\"wp-image-5019\" srcset=\"https:\/\/kivennapaseura.fi\/wp-content\/uploads\/2022\/05\/kuva4-2-510x663.jpg 510w, https:\/\/kivennapaseura.fi\/wp-content\/uploads\/2022\/05\/kuva4-2-231x300.jpg 231w, https:\/\/kivennapaseura.fi\/wp-content\/uploads\/2022\/05\/kuva4-2-768x998.jpg 768w, https:\/\/kivennapaseura.fi\/wp-content\/uploads\/2022\/05\/kuva4-2-1182x1536.jpg 1182w, https:\/\/kivennapaseura.fi\/wp-content\/uploads\/2022\/05\/kuva4-2-1576x2048.jpg 1576w, https:\/\/kivennapaseura.fi\/wp-content\/uploads\/2022\/05\/kuva4-2-scaled.jpg 1971w\" sizes=\"(max-width: 510px) 100vw, 510px\" \/><\/a><figcaption> Vasemmalla \u00c4yr\u00e4m\u00f6ispuvun talviversio ja p\u00e4\u00e4hineen\u00e4 nuoren naisen s\u00e4pp\u00e4li, oikealla \u00c4yr\u00e4m\u00f6ispuvun kes\u00e4versio ja p\u00e4\u00e4hineen\u00e4 aikuisen naisen huntu.  (Kuva: Susanna Mattheiszen \/ Soja Murto)<\/figcaption><\/figure>\n\n\n\n<p>Kangasalla asustava, kivennapalaisjuurinen Sirpa Lehtonen n\u00e4ki 1990-luvulla \u00c4ij\u00e4l\u00e4-talon vitriiniss\u00e4 punahelmaisen kansallispuvun, jota sanottiin Kivennavan kansallispuvuksi. Se poikkesi kovasti h\u00e4nen aiemmin n\u00e4kem\u00e4st\u00e4\u00e4n siniviiruisesta versiosta. Se oli \u00c4yr\u00e4m\u00f6ispuku, jonka opettaja Liina Pulliainen oli  60-luvulla valmistanut sisarelleen Hilma Sepp\u00e4selle. Liina Pulliainen oli tehnyt puvun muistinvaraisesti, koska mit\u00e4\u00e4n virallisia kaavoja ja ohjeita ei ollut olemassa. P\u00e4lk\u00e4neen Kihuissa 1990 Helli Taponen kertoi puvusta my\u00f6s sen, ett\u00e4 Ilta Pimi\u00e4-Sysi\u00f6ll\u00e4 oli osia alkuper\u00e4isest\u00e4 \u00e4yr\u00e4m\u00f6ispuvusta, &#8221;Hanki pukuun kaavat ja ohjeet, ja tee siit\u00e4 itsellesi puku&#8221; yllytti Helli Sirpaa, ja saikin h\u00e4net innostumaan.<\/p>\n\n\n\n<p>Sirpa otti yhteytt\u00e4 Suomen kansallispukuneuvostoon, sai projektin k\u00e4ynnist\u00e4miseksi ohjeet ja perinnety\u00f6kerhon ohjaajan Eija Viistan innostumaan mukaan projektiin. Yksityinen henkil\u00f6 ei voi kansallispukuhankkeeseen ryhty\u00e4, vaan tarvitaan joku yhteis\u00f6 taustalle. Niin h\u00e4n otti yhteytt\u00e4 Kivennavan Pit\u00e4j\u00e4seuraan, sek\u00e4 Kivennapa-S\u00e4\u00e4ti\u00f6\u00f6n. Molemmat tahot kehoittivat esitt\u00e4m\u00e4\u00e4n heille pukusuunnitelman, ja jonkinlaisen talousarvion. S\u00e4\u00e4ti\u00f6lt\u00e4 saikin heti starttirahaa hankkeen alkuun saattamiseksi.<\/p>\n\n\n\n<p>N\u00e4in k\u00e4ynnistyi paperisota, ja  seitsem\u00e4n vuoden hanke alkoi. Kansallispukuneuvosto luetteli ehdot ja s\u00e4\u00e4nn\u00f6t. Laati suunnitelmat ja m\u00e4\u00e4r\u00e4si ty\u00f6ryhm\u00e4n, materiaalien tekij\u00e4t, koruompelijat ja ty\u00f6nvalvojat. Ammattity\u00f6ntekij\u00e4t koev\u00e4rj\u00e4siv\u00e4t lankoja verraten niit\u00e4 aina vanhaan aineistoon, kudottiin ja vanutettiin, ommeltiin ja neulottiin. Sirpan teht\u00e4v\u00e4ksi j\u00e4i kirjanpito, laskujen maksaminen, rahan pyyt\u00e4minen ja raporttien antaminen rahoittajille.<\/p>\n\n\n\n<p>Vuonna 1993 Kihuissa Kivennavan kirkonm\u00e4ell\u00e4 oli ensimm\u00e4iset puvun osat valmiina. Rekkopaita, punainen hame ja nyytinkiesiliina. 1994 Padasjoen Kihuihin valmistui kes\u00e4kostuli, musta hame ja sarkaviitta. v.1995 Lahdessa pidettiin Kivennavan kihut, ja Kivennavan seurakunnan 550-vuotisjuhlat. Silloin Sirpa Lehtonen kantoi t\u00e4ydellist\u00e4 \u00e4yr\u00e4m\u00f6ispukua Kivennavan lipun airueena. <\/p>\n\n\n\n<p>Ensimm\u00e4inen sopimus puvun jatkotuotannosta tehtiin Hauholaisen Raija Kirjavaisen kanssa v.1997, Puvun ykk\u00f6skappale on Jyv\u00e4skyl\u00e4ss\u00e4 Suomen k\u00e4sity\u00f6museossa. Ns. kakkospuku luovutettiin Kivennapaseuralle 25.7.1998 pidett\u00e4v\u00e4ksi esill\u00e4 \u00c4ij\u00e4l\u00e4talon vitriiniss\u00e4.<\/p>\n\n\n\n<p>Pukuun kuuluu 16 eri osaa, kun eriv\u00e4riset sukatkin lasketaan mukaan. Yksi ihminen tarvitsee 8 osaa ollakseen puettu asianmukaisesti. Osat voi valita oman mieltymyksen mukaan.<\/p>\n\n\n\n<p><strong>Puvun osat<\/strong>:<\/p>\n\n\n\n<p>Hame: Punainen tai musta punaisella verkahelmuksella.<\/p>\n\n\n\n<p>Paita: Alasellinen paita kirjotulla rekolla.<\/p>\n\n\n\n<p>Esiliina: Nyytinkipitsein koristeltu kes\u00e4esiliina, Talviesiliina punaista villaripsi\u00e4 jossa ohuita raitoja, punaisella veralla, kirjotuilla kaitaleilla, brogadinauhalla, hapsuilla ja silkkitilkuilla koristeltu.<\/p>\n\n\n\n<p>Takit: Puolipellavainen kes\u00e4kostuli jonka etureuna ja kaulus tihe\u00e4sti kirjailtu. Talviviitta huovutettua sarkaa. Kirjottu villalangoin ja koristeltu s\u00e4\u00e4misk\u00e4paloilla.<\/p>\n\n\n\n<p>P\u00e4\u00e4laitteet: Aikuisen naisen p\u00e4\u00e4hine pienikokoinen huntu, joka kiinnitet\u00e4\u00e4n p\u00e4\u00e4laelle hiussyker\u00f6n p\u00e4\u00e4lle. S\u00e4pp\u00e4li on tytt\u00f6jen p\u00e4\u00e4hine. Punainen verkanauha, jossa koristeena tinanastat.  <\/p>\n\n\n\n<p>Sukat: Sukkia on viitt\u00e4 eri v\u00e4ri\u00e4, valkoiset, punaiset, vihre\u00e4t, siniset ja mustat. Ne ovat ohutta villalankaa, ja ylettyv\u00e4t yli polven.<\/p>\n\n\n\n<p>S\u00e4\u00e4risiteet: punavalkoiset pirtanauhat, jotka solmitaan polven alapuolelle.<\/p>\n\n\n\n<p>Koru: Hopeinen paljinsolki, jolla paidan etuhalkio rekon sivussa suljetaan.<\/p>\n\n\n\n<p>L\u00e4hde: Kivennapa-S\u00e4\u00e4ti\u00f6 50 vuotta Juhlakirja<\/p>\n\n\n\n<p>Nyt voimassa oleva sopimus puvun osien ja tarvikkeiden myynnist\u00e4 on Imatralaisella yrityksell\u00e4 T:mi Soja Murto <a href=\"https:\/\/www.kansallispuku.com\/\">https:\/\/www.kansallispuku.com\/<\/a><\/p>\n<\/div>\n\n\n\n<div class=\"wp-container-5 wp-block-group\">\n<p><\/p>\n<\/div>\n","protected":false},"excerpt":{"rendered":"<p>Vaakuna Kivennavan vaakunan hankkiminen sai alkunsa Kivennavan pit\u00e4j\u00e4seuran taholta v. 1961. Vaakunan suunnittelijaksi saatiin kivennapalainen Martti Paavolainen. Vaakunan symbolismi kertoo Kivennavan avainasemasta Kannaksella. Vaakunaselitys: Punaisessa valkoisin muurisaumoin palkkisesti muuratussa pinnassa hopeinen palkki, jossa punainen kaksihaittainen avain. Karjalan kannas oli Suomen lukko. Kivennapa oli avain t\u00e4h\u00e4n lukkoon. Kuka hallitsi Kivennapaa, hallitsi koko Karjalan kannasta. Ja kuka &hellip;<\/p>\n<p class=\"read-more\"> <a class=\"\" href=\"https:\/\/kivennapaseura.fi\/?page_id=4739\"> <span class=\"screen-reader-text\">Kivennavan symbolit<\/span> Lue lis\u00e4\u00e4 &raquo;<\/a><\/p>\n","protected":false},"author":4,"featured_media":0,"parent":0,"menu_order":0,"comment_status":"closed","ping_status":"closed","template":"","meta":{"site-sidebar-layout":"default","site-content-layout":"default","ast-global-header-display":"","ast-main-header-display":"","ast-hfb-above-header-display":"","ast-hfb-below-header-display":"","ast-hfb-mobile-header-display":"","site-post-title":"","ast-breadcrumbs-content":"","ast-featured-img":"","footer-sml-layout":"","theme-transparent-header-meta":"","adv-header-id-meta":"","stick-header-meta":"","header-above-stick-meta":"","header-main-stick-meta":"","header-below-stick-meta":""},"yoast_head":"<!-- This site is optimized with the Yoast SEO plugin v18.8 - https:\/\/yoast.com\/wordpress\/plugins\/seo\/ -->\n<title>Kivennavan symbolit - Kivennapaseura<\/title>\n<meta name=\"robots\" content=\"index, follow, max-snippet:-1, max-image-preview:large, max-video-preview:-1\" \/>\n<link rel=\"canonical\" href=\"https:\/\/kivennapaseura.fi\/?page_id=4739\" \/>\n<meta property=\"og:locale\" content=\"fi_FI\" \/>\n<meta property=\"og:type\" content=\"article\" \/>\n<meta property=\"og:title\" content=\"Kivennavan symbolit - Kivennapaseura\" \/>\n<meta property=\"og:description\" content=\"Vaakuna Kivennavan vaakunan hankkiminen sai alkunsa Kivennavan pit\u00e4j\u00e4seuran taholta v. 1961. Vaakunan suunnittelijaksi saatiin kivennapalainen Martti Paavolainen. Vaakunan symbolismi kertoo Kivennavan avainasemasta Kannaksella. Vaakunaselitys: Punaisessa valkoisin muurisaumoin palkkisesti muuratussa pinnassa hopeinen palkki, jossa punainen kaksihaittainen avain. Karjalan kannas oli Suomen lukko. Kivennapa oli avain t\u00e4h\u00e4n lukkoon. Kuka hallitsi Kivennapaa, hallitsi koko Karjalan kannasta. Ja kuka &hellip; Kivennavan symbolit Lue lis\u00e4\u00e4 &raquo;\" \/>\n<meta property=\"og:url\" content=\"https:\/\/kivennapaseura.fi\/?page_id=4739\" \/>\n<meta property=\"og:site_name\" content=\"Kivennapaseura\" \/>\n<meta property=\"article:modified_time\" content=\"2022-05-12T07:08:33+00:00\" \/>\n<meta property=\"og:image\" content=\"http:\/\/kivennapaseura.fi\/wp-content\/uploads\/2014\/03\/kivennapa_vaakuna_pieni.jpg\" \/>\n<meta name=\"twitter:card\" content=\"summary_large_image\" \/>\n<meta name=\"twitter:label1\" content=\"Arvioitu lukuaika\" \/>\n\t<meta name=\"twitter:data1\" content=\"5 minuuttia\" \/>\n<script type=\"application\/ld+json\" class=\"yoast-schema-graph\">{\"@context\":\"https:\/\/schema.org\",\"@graph\":[{\"@type\":\"WebSite\",\"@id\":\"https:\/\/kivennapaseura.fi\/#website\",\"url\":\"https:\/\/kivennapaseura.fi\/\",\"name\":\"Kivennapaseura\",\"description\":\"Kivennapaseuran kotisivut\",\"potentialAction\":[{\"@type\":\"SearchAction\",\"target\":{\"@type\":\"EntryPoint\",\"urlTemplate\":\"https:\/\/kivennapaseura.fi\/?s={search_term_string}\"},\"query-input\":\"required name=search_term_string\"}],\"inLanguage\":\"fi\"},{\"@type\":\"ImageObject\",\"inLanguage\":\"fi\",\"@id\":\"https:\/\/kivennapaseura.fi\/?page_id=4739#primaryimage\",\"url\":\"https:\/\/kivennapaseura.fi\/wp-content\/uploads\/2014\/03\/kivennapa_vaakuna_pieni.jpg\",\"contentUrl\":\"https:\/\/kivennapaseura.fi\/wp-content\/uploads\/2014\/03\/kivennapa_vaakuna_pieni.jpg\",\"width\":482,\"height\":592,\"caption\":\"Kivennavan vaakuna\"},{\"@type\":\"WebPage\",\"@id\":\"https:\/\/kivennapaseura.fi\/?page_id=4739#webpage\",\"url\":\"https:\/\/kivennapaseura.fi\/?page_id=4739\",\"name\":\"Kivennavan symbolit - Kivennapaseura\",\"isPartOf\":{\"@id\":\"https:\/\/kivennapaseura.fi\/#website\"},\"primaryImageOfPage\":{\"@id\":\"https:\/\/kivennapaseura.fi\/?page_id=4739#primaryimage\"},\"datePublished\":\"2022-05-11T10:50:18+00:00\",\"dateModified\":\"2022-05-12T07:08:33+00:00\",\"breadcrumb\":{\"@id\":\"https:\/\/kivennapaseura.fi\/?page_id=4739#breadcrumb\"},\"inLanguage\":\"fi\",\"potentialAction\":[{\"@type\":\"ReadAction\",\"target\":[\"https:\/\/kivennapaseura.fi\/?page_id=4739\"]}]},{\"@type\":\"BreadcrumbList\",\"@id\":\"https:\/\/kivennapaseura.fi\/?page_id=4739#breadcrumb\",\"itemListElement\":[{\"@type\":\"ListItem\",\"position\":1,\"name\":\"Etusivu\",\"item\":\"https:\/\/kivennapaseura.fi\/\"},{\"@type\":\"ListItem\",\"position\":2,\"name\":\"Kivennavan symbolit\"}]}]}<\/script>\n<!-- \/ Yoast SEO plugin. -->","yoast_head_json":{"title":"Kivennavan symbolit - Kivennapaseura","robots":{"index":"index","follow":"follow","max-snippet":"max-snippet:-1","max-image-preview":"max-image-preview:large","max-video-preview":"max-video-preview:-1"},"canonical":"https:\/\/kivennapaseura.fi\/?page_id=4739","og_locale":"fi_FI","og_type":"article","og_title":"Kivennavan symbolit - Kivennapaseura","og_description":"Vaakuna Kivennavan vaakunan hankkiminen sai alkunsa Kivennavan pit\u00e4j\u00e4seuran taholta v. 1961. Vaakunan suunnittelijaksi saatiin kivennapalainen Martti Paavolainen. Vaakunan symbolismi kertoo Kivennavan avainasemasta Kannaksella. Vaakunaselitys: Punaisessa valkoisin muurisaumoin palkkisesti muuratussa pinnassa hopeinen palkki, jossa punainen kaksihaittainen avain. Karjalan kannas oli Suomen lukko. Kivennapa oli avain t\u00e4h\u00e4n lukkoon. Kuka hallitsi Kivennapaa, hallitsi koko Karjalan kannasta. Ja kuka &hellip; Kivennavan symbolit Lue lis\u00e4\u00e4 &raquo;","og_url":"https:\/\/kivennapaseura.fi\/?page_id=4739","og_site_name":"Kivennapaseura","article_modified_time":"2022-05-12T07:08:33+00:00","og_image":[{"url":"http:\/\/kivennapaseura.fi\/wp-content\/uploads\/2014\/03\/kivennapa_vaakuna_pieni.jpg"}],"twitter_card":"summary_large_image","twitter_misc":{"Arvioitu lukuaika":"5 minuuttia"},"schema":{"@context":"https:\/\/schema.org","@graph":[{"@type":"WebSite","@id":"https:\/\/kivennapaseura.fi\/#website","url":"https:\/\/kivennapaseura.fi\/","name":"Kivennapaseura","description":"Kivennapaseuran kotisivut","potentialAction":[{"@type":"SearchAction","target":{"@type":"EntryPoint","urlTemplate":"https:\/\/kivennapaseura.fi\/?s={search_term_string}"},"query-input":"required name=search_term_string"}],"inLanguage":"fi"},{"@type":"ImageObject","inLanguage":"fi","@id":"https:\/\/kivennapaseura.fi\/?page_id=4739#primaryimage","url":"https:\/\/kivennapaseura.fi\/wp-content\/uploads\/2014\/03\/kivennapa_vaakuna_pieni.jpg","contentUrl":"https:\/\/kivennapaseura.fi\/wp-content\/uploads\/2014\/03\/kivennapa_vaakuna_pieni.jpg","width":482,"height":592,"caption":"Kivennavan vaakuna"},{"@type":"WebPage","@id":"https:\/\/kivennapaseura.fi\/?page_id=4739#webpage","url":"https:\/\/kivennapaseura.fi\/?page_id=4739","name":"Kivennavan symbolit - Kivennapaseura","isPartOf":{"@id":"https:\/\/kivennapaseura.fi\/#website"},"primaryImageOfPage":{"@id":"https:\/\/kivennapaseura.fi\/?page_id=4739#primaryimage"},"datePublished":"2022-05-11T10:50:18+00:00","dateModified":"2022-05-12T07:08:33+00:00","breadcrumb":{"@id":"https:\/\/kivennapaseura.fi\/?page_id=4739#breadcrumb"},"inLanguage":"fi","potentialAction":[{"@type":"ReadAction","target":["https:\/\/kivennapaseura.fi\/?page_id=4739"]}]},{"@type":"BreadcrumbList","@id":"https:\/\/kivennapaseura.fi\/?page_id=4739#breadcrumb","itemListElement":[{"@type":"ListItem","position":1,"name":"Etusivu","item":"https:\/\/kivennapaseura.fi\/"},{"@type":"ListItem","position":2,"name":"Kivennavan symbolit"}]}]}},"_links":{"self":[{"href":"https:\/\/kivennapaseura.fi\/index.php?rest_route=\/wp\/v2\/pages\/4739"}],"collection":[{"href":"https:\/\/kivennapaseura.fi\/index.php?rest_route=\/wp\/v2\/pages"}],"about":[{"href":"https:\/\/kivennapaseura.fi\/index.php?rest_route=\/wp\/v2\/types\/page"}],"author":[{"embeddable":true,"href":"https:\/\/kivennapaseura.fi\/index.php?rest_route=\/wp\/v2\/users\/4"}],"replies":[{"embeddable":true,"href":"https:\/\/kivennapaseura.fi\/index.php?rest_route=%2Fwp%2Fv2%2Fcomments&post=4739"}],"version-history":[{"count":20,"href":"https:\/\/kivennapaseura.fi\/index.php?rest_route=\/wp\/v2\/pages\/4739\/revisions"}],"predecessor-version":[{"id":5122,"href":"https:\/\/kivennapaseura.fi\/index.php?rest_route=\/wp\/v2\/pages\/4739\/revisions\/5122"}],"wp:attachment":[{"href":"https:\/\/kivennapaseura.fi\/index.php?rest_route=%2Fwp%2Fv2%2Fmedia&parent=4739"}],"curies":[{"name":"wp","href":"https:\/\/api.w.org\/{rel}","templated":true}]}}