{"id":4906,"date":"2022-05-10T12:16:53","date_gmt":"2022-05-10T09:16:53","guid":{"rendered":"https:\/\/kivennapaseura.fi\/?page_id=4906"},"modified":"2023-03-11T13:19:00","modified_gmt":"2023-03-11T11:19:00","slug":"galleria-2","status":"publish","type":"page","link":"https:\/\/kivennapaseura.fi\/?page_id=4906","title":{"rendered":"Kivennavan kuvagalleria"},"content":{"rendered":"\n<p>Kuvagalleriaa rakennetaan parhaillaan. Tavoitteena on julkaista sek\u00e4 vanhoja ett\u00e4 uusia kuvia Kivennavalta, kotiseutumatkoilta ja Kivennapaseuran tapahtumista.<br><br>L\u00f6yd\u00e4t kuvia Kivennavalta my\u00f6s:<br>\u2013 <a href=\"https:\/\/finna.fi\/Search\/Results?dfApplied=1&amp;lookfor=Kivennapa&amp;type=AllFields&amp;filter%5B%5D=%7Eformat_ext_str_mv%3A%220%2FImage%2F%22\" target=\"_blank\" rel=\"noreferrer noopener\">Finna.fi-hakupalvelusta<\/a><br>\u2013 <a href=\"https:\/\/www.luovutettukarjala.fi\/pitajat\/kivennapa\/kivennapakuvina.htm\">Kivennapa kuvina &#8211; Luovutettu Karjala<\/a><br><\/p>\n\n\n\n<figure class=\"wp-block-image size-full\"><a href=\"http:\/\/kivennapaseura.fi\/wp-content\/uploads\/2014\/03\/Kivennapa-keskusta-maisema-2-480x290.jpg\"><img loading=\"lazy\" width=\"480\" height=\"290\" src=\"http:\/\/kivennapaseura.fi\/wp-content\/uploads\/2014\/03\/Kivennapa-keskusta-maisema-2-480x290.jpg\" alt=\"\" class=\"wp-image-303\" srcset=\"https:\/\/kivennapaseura.fi\/wp-content\/uploads\/2014\/03\/Kivennapa-keskusta-maisema-2-480x290.jpg 480w, https:\/\/kivennapaseura.fi\/wp-content\/uploads\/2014\/03\/Kivennapa-keskusta-maisema-2-480x290-300x181.jpg 300w\" sizes=\"(max-width: 480px) 100vw, 480px\" \/><\/a><figcaption><em>Vanha maisema Kivennavan keskustasta. <\/em><\/figcaption><\/figure>\n\n\n\n<p><\/p>\n","protected":false},"excerpt":{"rendered":"<p>Kuvagalleriaa rakennetaan parhaillaan. Tavoitteena on julkaista sek\u00e4 vanhoja ett\u00e4 uusia kuvia Kivennavalta, kotiseutumatkoilta ja Kivennapaseuran tapahtumista. L\u00f6yd\u00e4t kuvia Kivennavalta my\u00f6s:\u2013 Finna.fi-hakupalvelusta\u2013 Kivennapa kuvina &#8211; Luovutettu Karjala<\/p>\n","protected":false},"author":6,"featured_media":0,"parent":0,"menu_order":0,"comment_status":"closed","ping_status":"closed","template":"","meta":{"site-sidebar-layout":"default","site-content-layout":"default","ast-global-header-display":"","ast-main-header-display":"","ast-hfb-above-header-display":"","ast-hfb-below-header-display":"","ast-hfb-mobile-header-display":"","site-post-title":"","ast-breadcrumbs-content":"","ast-featured-img":"","footer-sml-layout":"","theme-transparent-header-meta":"","adv-header-id-meta":"","stick-header-meta":"","header-above-stick-meta":"","header-main-stick-meta":"","header-below-stick-meta":""},"yoast_head":"<!-- This site is optimized with the Yoast SEO plugin v18.8 - https:\/\/yoast.com\/wordpress\/plugins\/seo\/ -->\n<title>Kivennavan kuvagalleria - Kivennapaseura<\/title>\n<meta name=\"description\" content=\"Kivennavan kuvagalleriaan on tulossa sek\u00e4 vanhoja ett\u00e4 uusia kuvia Kivennavalta, kotiseutumatkoilta ja Kivennapaseuran tapahtumista.\" \/>\n<meta name=\"robots\" content=\"index, follow, max-snippet:-1, max-image-preview:large, max-video-preview:-1\" \/>\n<link rel=\"canonical\" href=\"https:\/\/kivennapaseura.fi\/?page_id=4906\" \/>\n<meta property=\"og:locale\" content=\"fi_FI\" \/>\n<meta property=\"og:type\" content=\"article\" \/>\n<meta property=\"og:title\" content=\"Kivennavan kuvagalleria - Kivennapaseura\" \/>\n<meta property=\"og:description\" content=\"Kivennavan kuvagalleriaan on tulossa sek\u00e4 vanhoja ett\u00e4 uusia kuvia Kivennavalta, kotiseutumatkoilta ja Kivennapaseuran tapahtumista.\" \/>\n<meta property=\"og:url\" content=\"https:\/\/kivennapaseura.fi\/?page_id=4906\" \/>\n<meta property=\"og:site_name\" content=\"Kivennapaseura\" \/>\n<meta property=\"article:modified_time\" content=\"2023-03-11T11:19:00+00:00\" \/>\n<meta property=\"og:image\" content=\"http:\/\/kivennapaseura.fi\/wp-content\/uploads\/2014\/03\/Kivennapa-keskusta-maisema-2-480x290.jpg\" \/>\n\t<meta property=\"og:image:width\" content=\"480\" \/>\n\t<meta property=\"og:image:height\" content=\"290\" \/>\n\t<meta property=\"og:image:type\" content=\"image\/jpeg\" \/>\n<meta name=\"twitter:card\" content=\"summary_large_image\" \/>\n<meta name=\"twitter:image\" content=\"https:\/\/kivennapaseura.fi\/wp-content\/uploads\/2014\/03\/Kivennapa-keskusta-maisema-2-480x290.jpg\" \/>\n<meta name=\"twitter:label1\" content=\"Arvioitu lukuaika\" \/>\n\t<meta name=\"twitter:data1\" content=\"1 minuutti\" \/>\n<script type=\"application\/ld+json\" class=\"yoast-schema-graph\">{\"@context\":\"https:\/\/schema.org\",\"@graph\":[{\"@type\":\"WebSite\",\"@id\":\"https:\/\/kivennapaseura.fi\/#website\",\"url\":\"https:\/\/kivennapaseura.fi\/\",\"name\":\"Kivennapaseura\",\"description\":\"Kivennapaseuran kotisivut\",\"potentialAction\":[{\"@type\":\"SearchAction\",\"target\":{\"@type\":\"EntryPoint\",\"urlTemplate\":\"https:\/\/kivennapaseura.fi\/?s={search_term_string}\"},\"query-input\":\"required name=search_term_string\"}],\"inLanguage\":\"fi\"},{\"@type\":\"ImageObject\",\"inLanguage\":\"fi\",\"@id\":\"https:\/\/kivennapaseura.fi\/?page_id=4906#primaryimage\",\"url\":\"https:\/\/kivennapaseura.fi\/wp-content\/uploads\/2014\/03\/Kivennapa-keskusta-maisema-2-480x290.jpg\",\"contentUrl\":\"https:\/\/kivennapaseura.fi\/wp-content\/uploads\/2014\/03\/Kivennapa-keskusta-maisema-2-480x290.jpg\",\"width\":480,\"height\":290},{\"@type\":\"WebPage\",\"@id\":\"https:\/\/kivennapaseura.fi\/?page_id=4906#webpage\",\"url\":\"https:\/\/kivennapaseura.fi\/?page_id=4906\",\"name\":\"Kivennavan kuvagalleria - Kivennapaseura\",\"isPartOf\":{\"@id\":\"https:\/\/kivennapaseura.fi\/#website\"},\"primaryImageOfPage\":{\"@id\":\"https:\/\/kivennapaseura.fi\/?page_id=4906#primaryimage\"},\"datePublished\":\"2022-05-10T09:16:53+00:00\",\"dateModified\":\"2023-03-11T11:19:00+00:00\",\"description\":\"Kivennavan kuvagalleriaan on tulossa sek\u00e4 vanhoja ett\u00e4 uusia kuvia Kivennavalta, kotiseutumatkoilta ja Kivennapaseuran tapahtumista.\",\"breadcrumb\":{\"@id\":\"https:\/\/kivennapaseura.fi\/?page_id=4906#breadcrumb\"},\"inLanguage\":\"fi\",\"potentialAction\":[{\"@type\":\"ReadAction\",\"target\":[\"https:\/\/kivennapaseura.fi\/?page_id=4906\"]}]},{\"@type\":\"BreadcrumbList\",\"@id\":\"https:\/\/kivennapaseura.fi\/?page_id=4906#breadcrumb\",\"itemListElement\":[{\"@type\":\"ListItem\",\"position\":1,\"name\":\"Etusivu\",\"item\":\"https:\/\/kivennapaseura.fi\/\"},{\"@type\":\"ListItem\",\"position\":2,\"name\":\"Kivennavan kuvagalleria\"}]}]}<\/script>\n<!-- \/ Yoast SEO plugin. -->","yoast_head_json":{"title":"Kivennavan kuvagalleria - Kivennapaseura","description":"Kivennavan kuvagalleriaan on tulossa sek\u00e4 vanhoja ett\u00e4 uusia kuvia Kivennavalta, kotiseutumatkoilta ja Kivennapaseuran tapahtumista.","robots":{"index":"index","follow":"follow","max-snippet":"max-snippet:-1","max-image-preview":"max-image-preview:large","max-video-preview":"max-video-preview:-1"},"canonical":"https:\/\/kivennapaseura.fi\/?page_id=4906","og_locale":"fi_FI","og_type":"article","og_title":"Kivennavan kuvagalleria - Kivennapaseura","og_description":"Kivennavan kuvagalleriaan on tulossa sek\u00e4 vanhoja ett\u00e4 uusia kuvia Kivennavalta, kotiseutumatkoilta ja Kivennapaseuran tapahtumista.","og_url":"https:\/\/kivennapaseura.fi\/?page_id=4906","og_site_name":"Kivennapaseura","article_modified_time":"2023-03-11T11:19:00+00:00","og_image":[{"width":480,"height":290,"url":"http:\/\/kivennapaseura.fi\/wp-content\/uploads\/2014\/03\/Kivennapa-keskusta-maisema-2-480x290.jpg","type":"image\/jpeg"}],"twitter_card":"summary_large_image","twitter_image":"https:\/\/kivennapaseura.fi\/wp-content\/uploads\/2014\/03\/Kivennapa-keskusta-maisema-2-480x290.jpg","twitter_misc":{"Arvioitu lukuaika":"1 minuutti"},"schema":{"@context":"https:\/\/schema.org","@graph":[{"@type":"WebSite","@id":"https:\/\/kivennapaseura.fi\/#website","url":"https:\/\/kivennapaseura.fi\/","name":"Kivennapaseura","description":"Kivennapaseuran kotisivut","potentialAction":[{"@type":"SearchAction","target":{"@type":"EntryPoint","urlTemplate":"https:\/\/kivennapaseura.fi\/?s={search_term_string}"},"query-input":"required name=search_term_string"}],"inLanguage":"fi"},{"@type":"ImageObject","inLanguage":"fi","@id":"https:\/\/kivennapaseura.fi\/?page_id=4906#primaryimage","url":"https:\/\/kivennapaseura.fi\/wp-content\/uploads\/2014\/03\/Kivennapa-keskusta-maisema-2-480x290.jpg","contentUrl":"https:\/\/kivennapaseura.fi\/wp-content\/uploads\/2014\/03\/Kivennapa-keskusta-maisema-2-480x290.jpg","width":480,"height":290},{"@type":"WebPage","@id":"https:\/\/kivennapaseura.fi\/?page_id=4906#webpage","url":"https:\/\/kivennapaseura.fi\/?page_id=4906","name":"Kivennavan kuvagalleria - Kivennapaseura","isPartOf":{"@id":"https:\/\/kivennapaseura.fi\/#website"},"primaryImageOfPage":{"@id":"https:\/\/kivennapaseura.fi\/?page_id=4906#primaryimage"},"datePublished":"2022-05-10T09:16:53+00:00","dateModified":"2023-03-11T11:19:00+00:00","description":"Kivennavan kuvagalleriaan on tulossa sek\u00e4 vanhoja ett\u00e4 uusia kuvia Kivennavalta, kotiseutumatkoilta ja Kivennapaseuran tapahtumista.","breadcrumb":{"@id":"https:\/\/kivennapaseura.fi\/?page_id=4906#breadcrumb"},"inLanguage":"fi","potentialAction":[{"@type":"ReadAction","target":["https:\/\/kivennapaseura.fi\/?page_id=4906"]}]},{"@type":"BreadcrumbList","@id":"https:\/\/kivennapaseura.fi\/?page_id=4906#breadcrumb","itemListElement":[{"@type":"ListItem","position":1,"name":"Etusivu","item":"https:\/\/kivennapaseura.fi\/"},{"@type":"ListItem","position":2,"name":"Kivennavan kuvagalleria"}]}]}},"_links":{"self":[{"href":"https:\/\/kivennapaseura.fi\/index.php?rest_route=\/wp\/v2\/pages\/4906"}],"collection":[{"href":"https:\/\/kivennapaseura.fi\/index.php?rest_route=\/wp\/v2\/pages"}],"about":[{"href":"https:\/\/kivennapaseura.fi\/index.php?rest_route=\/wp\/v2\/types\/page"}],"author":[{"embeddable":true,"href":"https:\/\/kivennapaseura.fi\/index.php?rest_route=\/wp\/v2\/users\/6"}],"replies":[{"embeddable":true,"href":"https:\/\/kivennapaseura.fi\/index.php?rest_route=%2Fwp%2Fv2%2Fcomments&post=4906"}],"version-history":[{"count":4,"href":"https:\/\/kivennapaseura.fi\/index.php?rest_route=\/wp\/v2\/pages\/4906\/revisions"}],"predecessor-version":[{"id":5618,"href":"https:\/\/kivennapaseura.fi\/index.php?rest_route=\/wp\/v2\/pages\/4906\/revisions\/5618"}],"wp:attachment":[{"href":"https:\/\/kivennapaseura.fi\/index.php?rest_route=%2Fwp%2Fv2%2Fmedia&parent=4906"}],"curies":[{"name":"wp","href":"https:\/\/api.w.org\/{rel}","templated":true}]}}