{"id":4938,"date":"2022-05-10T14:05:48","date_gmt":"2022-05-10T11:05:48","guid":{"rendered":"https:\/\/kivennapaseura.fi\/?page_id=4938"},"modified":"2025-08-11T17:10:24","modified_gmt":"2025-08-11T14:10:24","slug":"kihupaikkakunnat","status":"publish","type":"page","link":"https:\/\/kivennapaseura.fi\/?page_id=4938","title":{"rendered":"Kihupaikkakunnat"},"content":{"rendered":"\n<p>Hattula 1965<\/p>\n\n\n\n<p>Hauho 1948, 1958, 1984, 1992, 2001, 2008, 2014<\/p>\n\n\n\n<p>Helsinki 1982<\/p>\n\n\n\n<p>Hollola 1988, 2000, 2013<\/p>\n\n\n\n<p>H\u00e4meenlinna 1954, 1963, 1976, 2023<\/p>\n\n\n\n<p>J\u00e4ms\u00e4 1953<\/p>\n\n\n\n<p>J\u00e4rvenp\u00e4\u00e4 2015<\/p>\n\n\n\n<p>Kangasala 1947, 1955, 1964, 1966, 1969, 1974, 1978, 1983, 1989, 1998, 2006, 2011, 2019, 2025<\/p>\n\n\n\n<p>Kivennapa 1993, 2005, 2012, 2018<\/p>\n\n\n\n<p>Lahti 1952, 1959, 1968, 1995, 1999<\/p>\n\n\n\n<p>Lammi 1951, 1962, 1970, 1975, 1985, 1991, 2004, 2009, 2024<\/p>\n\n\n\n<p>Lappeenranta 2016<\/p>\n\n\n\n<p>Luopioinen 1956, 1972, 1979, 1997<\/p>\n\n\n\n<p>Padasjoki 1950, 1960, 1967, 1973, 1980, 1987, 1994, 2003, 2010<\/p>\n\n\n\n<p>P\u00e4lk\u00e4ne 1949, 1961, 1971, 1977, 1981, 1986, 1990, 1996, 2002, 2007, 2022<\/p>\n\n\n\n<p>Sahalahti 1957<\/p>\n\n\n\n<p>Tampere 2017<\/p>\n\n\n\n<h3 class=\"alignwide\">Kivennavan kirkkopyh\u00e4t<\/h3>\n\n\n\n<p>Hollola 2020<\/p>\n\n\n\n<p><p>Hauho 2021<\/p><br>  <br><\/p>\n","protected":false},"excerpt":{"rendered":"<p>Hattula 1965 Hauho 1948, 1958, 1984, 1992, 2001, 2008, 2014 Helsinki 1982 Hollola 1988, 2000, 2013 H\u00e4meenlinna 1954, 1963, 1976, 2023 J\u00e4ms\u00e4 1953 J\u00e4rvenp\u00e4\u00e4 2015 Kangasala 1947, 1955, 1964, 1966, 1969, 1974, 1978, 1983, 1989, 1998, 2006, 2011, 2019, 2025 Kivennapa 1993, 2005, 2012, 2018 Lahti 1952, 1959, 1968, 1995, 1999 Lammi 1951, 1962, 1970, &hellip;<\/p>\n<p class=\"read-more\"> <a class=\"\" href=\"https:\/\/kivennapaseura.fi\/?page_id=4938\"> <span class=\"screen-reader-text\">Kihupaikkakunnat<\/span> Lue lis\u00e4\u00e4 &raquo;<\/a><\/p>\n","protected":false},"author":4,"featured_media":0,"parent":165,"menu_order":0,"comment_status":"closed","ping_status":"closed","template":"","meta":{"site-sidebar-layout":"default","site-content-layout":"default","ast-global-header-display":"","ast-main-header-display":"","ast-hfb-above-header-display":"","ast-hfb-below-header-display":"","ast-hfb-mobile-header-display":"","site-post-title":"","ast-breadcrumbs-content":"","ast-featured-img":"","footer-sml-layout":"","theme-transparent-header-meta":"","adv-header-id-meta":"","stick-header-meta":"","header-above-stick-meta":"","header-main-stick-meta":"","header-below-stick-meta":""},"yoast_head":"<!-- This site is optimized with the Yoast SEO plugin v18.8 - https:\/\/yoast.com\/wordpress\/plugins\/seo\/ -->\n<title>Kihupaikkakunnat - Kivennapaseura<\/title>\n<meta name=\"robots\" content=\"index, follow, max-snippet:-1, max-image-preview:large, max-video-preview:-1\" \/>\n<link rel=\"canonical\" href=\"https:\/\/kivennapaseura.fi\/?page_id=4938\" \/>\n<meta property=\"og:locale\" content=\"fi_FI\" \/>\n<meta property=\"og:type\" content=\"article\" \/>\n<meta property=\"og:title\" content=\"Kihupaikkakunnat - Kivennapaseura\" \/>\n<meta property=\"og:description\" content=\"Hattula 1965 Hauho 1948, 1958, 1984, 1992, 2001, 2008, 2014 Helsinki 1982 Hollola 1988, 2000, 2013 H\u00e4meenlinna 1954, 1963, 1976, 2023 J\u00e4ms\u00e4 1953 J\u00e4rvenp\u00e4\u00e4 2015 Kangasala 1947, 1955, 1964, 1966, 1969, 1974, 1978, 1983, 1989, 1998, 2006, 2011, 2019, 2025 Kivennapa 1993, 2005, 2012, 2018 Lahti 1952, 1959, 1968, 1995, 1999 Lammi 1951, 1962, 1970, &hellip; Kihupaikkakunnat Lue lis\u00e4\u00e4 &raquo;\" \/>\n<meta property=\"og:url\" content=\"https:\/\/kivennapaseura.fi\/?page_id=4938\" \/>\n<meta property=\"og:site_name\" content=\"Kivennapaseura\" \/>\n<meta property=\"article:modified_time\" content=\"2025-08-11T14:10:24+00:00\" \/>\n<meta name=\"twitter:card\" content=\"summary_large_image\" \/>\n<meta name=\"twitter:label1\" content=\"Arvioitu lukuaika\" \/>\n\t<meta name=\"twitter:data1\" content=\"1 minuutti\" \/>\n<script type=\"application\/ld+json\" class=\"yoast-schema-graph\">{\"@context\":\"https:\/\/schema.org\",\"@graph\":[{\"@type\":\"WebSite\",\"@id\":\"https:\/\/kivennapaseura.fi\/#website\",\"url\":\"https:\/\/kivennapaseura.fi\/\",\"name\":\"Kivennapaseura\",\"description\":\"Kivennapaseuran kotisivut\",\"potentialAction\":[{\"@type\":\"SearchAction\",\"target\":{\"@type\":\"EntryPoint\",\"urlTemplate\":\"https:\/\/kivennapaseura.fi\/?s={search_term_string}\"},\"query-input\":\"required name=search_term_string\"}],\"inLanguage\":\"fi\"},{\"@type\":\"WebPage\",\"@id\":\"https:\/\/kivennapaseura.fi\/?page_id=4938#webpage\",\"url\":\"https:\/\/kivennapaseura.fi\/?page_id=4938\",\"name\":\"Kihupaikkakunnat - Kivennapaseura\",\"isPartOf\":{\"@id\":\"https:\/\/kivennapaseura.fi\/#website\"},\"datePublished\":\"2022-05-10T11:05:48+00:00\",\"dateModified\":\"2025-08-11T14:10:24+00:00\",\"breadcrumb\":{\"@id\":\"https:\/\/kivennapaseura.fi\/?page_id=4938#breadcrumb\"},\"inLanguage\":\"fi\",\"potentialAction\":[{\"@type\":\"ReadAction\",\"target\":[\"https:\/\/kivennapaseura.fi\/?page_id=4938\"]}]},{\"@type\":\"BreadcrumbList\",\"@id\":\"https:\/\/kivennapaseura.fi\/?page_id=4938#breadcrumb\",\"itemListElement\":[{\"@type\":\"ListItem\",\"position\":1,\"name\":\"Etusivu\",\"item\":\"https:\/\/kivennapaseura.fi\/\"},{\"@type\":\"ListItem\",\"position\":2,\"name\":\"Kuuluisat Kivennavan kihut\",\"item\":\"https:\/\/kivennapaseura.fi\/?page_id=165\"},{\"@type\":\"ListItem\",\"position\":3,\"name\":\"Kihupaikkakunnat\"}]}]}<\/script>\n<!-- \/ Yoast SEO plugin. -->","yoast_head_json":{"title":"Kihupaikkakunnat - Kivennapaseura","robots":{"index":"index","follow":"follow","max-snippet":"max-snippet:-1","max-image-preview":"max-image-preview:large","max-video-preview":"max-video-preview:-1"},"canonical":"https:\/\/kivennapaseura.fi\/?page_id=4938","og_locale":"fi_FI","og_type":"article","og_title":"Kihupaikkakunnat - Kivennapaseura","og_description":"Hattula 1965 Hauho 1948, 1958, 1984, 1992, 2001, 2008, 2014 Helsinki 1982 Hollola 1988, 2000, 2013 H\u00e4meenlinna 1954, 1963, 1976, 2023 J\u00e4ms\u00e4 1953 J\u00e4rvenp\u00e4\u00e4 2015 Kangasala 1947, 1955, 1964, 1966, 1969, 1974, 1978, 1983, 1989, 1998, 2006, 2011, 2019, 2025 Kivennapa 1993, 2005, 2012, 2018 Lahti 1952, 1959, 1968, 1995, 1999 Lammi 1951, 1962, 1970, &hellip; Kihupaikkakunnat Lue lis\u00e4\u00e4 &raquo;","og_url":"https:\/\/kivennapaseura.fi\/?page_id=4938","og_site_name":"Kivennapaseura","article_modified_time":"2025-08-11T14:10:24+00:00","twitter_card":"summary_large_image","twitter_misc":{"Arvioitu lukuaika":"1 minuutti"},"schema":{"@context":"https:\/\/schema.org","@graph":[{"@type":"WebSite","@id":"https:\/\/kivennapaseura.fi\/#website","url":"https:\/\/kivennapaseura.fi\/","name":"Kivennapaseura","description":"Kivennapaseuran kotisivut","potentialAction":[{"@type":"SearchAction","target":{"@type":"EntryPoint","urlTemplate":"https:\/\/kivennapaseura.fi\/?s={search_term_string}"},"query-input":"required name=search_term_string"}],"inLanguage":"fi"},{"@type":"WebPage","@id":"https:\/\/kivennapaseura.fi\/?page_id=4938#webpage","url":"https:\/\/kivennapaseura.fi\/?page_id=4938","name":"Kihupaikkakunnat - Kivennapaseura","isPartOf":{"@id":"https:\/\/kivennapaseura.fi\/#website"},"datePublished":"2022-05-10T11:05:48+00:00","dateModified":"2025-08-11T14:10:24+00:00","breadcrumb":{"@id":"https:\/\/kivennapaseura.fi\/?page_id=4938#breadcrumb"},"inLanguage":"fi","potentialAction":[{"@type":"ReadAction","target":["https:\/\/kivennapaseura.fi\/?page_id=4938"]}]},{"@type":"BreadcrumbList","@id":"https:\/\/kivennapaseura.fi\/?page_id=4938#breadcrumb","itemListElement":[{"@type":"ListItem","position":1,"name":"Etusivu","item":"https:\/\/kivennapaseura.fi\/"},{"@type":"ListItem","position":2,"name":"Kuuluisat Kivennavan kihut","item":"https:\/\/kivennapaseura.fi\/?page_id=165"},{"@type":"ListItem","position":3,"name":"Kihupaikkakunnat"}]}]}},"_links":{"self":[{"href":"https:\/\/kivennapaseura.fi\/index.php?rest_route=\/wp\/v2\/pages\/4938"}],"collection":[{"href":"https:\/\/kivennapaseura.fi\/index.php?rest_route=\/wp\/v2\/pages"}],"about":[{"href":"https:\/\/kivennapaseura.fi\/index.php?rest_route=\/wp\/v2\/types\/page"}],"author":[{"embeddable":true,"href":"https:\/\/kivennapaseura.fi\/index.php?rest_route=\/wp\/v2\/users\/4"}],"replies":[{"embeddable":true,"href":"https:\/\/kivennapaseura.fi\/index.php?rest_route=%2Fwp%2Fv2%2Fcomments&post=4938"}],"version-history":[{"count":10,"href":"https:\/\/kivennapaseura.fi\/index.php?rest_route=\/wp\/v2\/pages\/4938\/revisions"}],"predecessor-version":[{"id":6240,"href":"https:\/\/kivennapaseura.fi\/index.php?rest_route=\/wp\/v2\/pages\/4938\/revisions\/6240"}],"up":[{"embeddable":true,"href":"https:\/\/kivennapaseura.fi\/index.php?rest_route=\/wp\/v2\/pages\/165"}],"wp:attachment":[{"href":"https:\/\/kivennapaseura.fi\/index.php?rest_route=%2Fwp%2Fv2%2Fmedia&parent=4938"}],"curies":[{"name":"wp","href":"https:\/\/api.w.org\/{rel}","templated":true}]}}