{"id":5110,"date":"2022-05-12T09:45:24","date_gmt":"2022-05-12T06:45:24","guid":{"rendered":"https:\/\/kivennapaseura.fi\/?page_id=5110"},"modified":"2024-12-14T20:33:45","modified_gmt":"2024-12-14T18:33:45","slug":"tietoa-kivennapaseuran-kotisivuista","status":"publish","type":"page","link":"https:\/\/kivennapaseura.fi\/?page_id=5110","title":{"rendered":"Tietoa Kivennapaseuran kotisivuista"},"content":{"rendered":"\n<p><strong>Kivennapaseuran kotisivuille on koottu tietoa Kivennapaseurasta ja Kivennavasta. Sivuilla julkaistaan my\u00f6s Uutisia ja tiedotteita, haastatteluja ja bloggauksia.<\/strong><br><\/p>\n\n\n\n<figure class=\"wp-block-image size-large\"><a href=\"http:\/\/kivennapaseura.fi\/wp-content\/uploads\/2022\/05\/Tervetuloa_Kivennapaseuran_sivuille.jpg\"><img loading=\"lazy\" width=\"510\" height=\"383\" src=\"http:\/\/kivennapaseura.fi\/wp-content\/uploads\/2022\/05\/Tervetuloa_Kivennapaseuran_sivuille-510x383.jpg\" alt=\"Puun palasia, joista yksi on syd\u00e4menmuotoinen.\" class=\"wp-image-5119\" srcset=\"https:\/\/kivennapaseura.fi\/wp-content\/uploads\/2022\/05\/Tervetuloa_Kivennapaseuran_sivuille-510x383.jpg 510w, https:\/\/kivennapaseura.fi\/wp-content\/uploads\/2022\/05\/Tervetuloa_Kivennapaseuran_sivuille-300x225.jpg 300w, https:\/\/kivennapaseura.fi\/wp-content\/uploads\/2022\/05\/Tervetuloa_Kivennapaseuran_sivuille-768x576.jpg 768w, https:\/\/kivennapaseura.fi\/wp-content\/uploads\/2022\/05\/Tervetuloa_Kivennapaseuran_sivuille-1536x1152.jpg 1536w, https:\/\/kivennapaseura.fi\/wp-content\/uploads\/2022\/05\/Tervetuloa_Kivennapaseuran_sivuille.jpg 2016w\" sizes=\"(max-width: 510px) 100vw, 510px\" \/><\/a><figcaption><em>Tervetuloa Kivennapaseuran kotisivuille! Kuva: Mari Meril\u00e4inen.<\/em><br><\/figcaption><\/figure>\n\n\n\n<p>Kivennapaseuran nykyiset sivut julkaistiin 12.5.2022. Sivut on tehty aiempien sivujen tapaan WordPressilla.  Kotisivujen teknisen ja visuaalisen uudistuksen on tehnyt Virve Huikuri oppilasty\u00f6n\u00e4 osana opintojaan Saimaan ammattiopisto Sampossa. Virven tukena uudistuksessa toimi uudistusty\u00f6ryhm\u00e4, jossa olivat mukana Raija Levo, Riitta Taarasti ja Helena Tapper.<br> <\/p>\n\n\n\n<p>Kotisivujen tietosis\u00e4ll\u00f6ist\u00e4 huolehtivat yhdess\u00e4 Kivennapaseuran hallituksen ja viestint\u00e4toimikunnan j\u00e4senet ja mukana on my\u00f6s lukuisa joukko Kivennavan harrastajia ja tiet\u00e4ji\u00e4. Artikkelisarjoja toimittaa Riitta Taarasti. Tervetuloa lukemaan, verkostoitumaan ja pit\u00e4m\u00e4\u00e4n yll\u00e4 yhdess\u00e4 muistoa ja kulttuuria my\u00f6s Kivennapaseuran kotisivulla ja somessa:<br>\u2013\u00a0<a href=\"https:\/\/kivennapaseura.fi\/\">Kivennapaseuran kotisivut<\/a> (yll\u00e4pit\u00e4j\u00e4n\u00e4 Riitta Taarasti)<br>\u2013\u00a0<a href=\"https:\/\/www.facebook.com\/Kivennapaseura\">Kivennapaseura Facebookissa<\/a> (yll\u00e4pit\u00e4jin\u00e4 Raija Levo, Helena Tapper ja Riitta Taarasti)<br>&#8211; <a href=\"https:\/\/www.karjalanliitto.fi\/karjalan-liitto\/jasenyhteisot\/pitajaseurat\/kivennapaseura.html\">Kivennapaseura Karjalan Liiton sivuilla<\/a> (yll\u00e4pit\u00e4j\u00e4n\u00e4 Riitta Taarasti) <\/p>\n\n\n\n<p><br><\/p>\n\n\n\n<p>Jos haluat julkaista bloggauksen, tulla mukaan haastattelusarjaan tai sinulla on artikkeli-, tietosis\u00e4lt\u00f6- tai sivuston kehitt\u00e4misideoita, niin ole rohkeasti yhteyksiss\u00e4!<br>&#8211; <a href=\"https:\/\/kivennapaseura.fi\/?page_id=4070\">Yhteystiedot<\/a><br>&#8211; <a href=\"https:\/\/kivennapaseura.fi\/?p=4789\">Kotisivujen julkaisutiedote<\/a><br>&#8211; <a href=\"https:\/\/kivennapaseura.fi\/?cat=130\">Uutiset ja tiedotteet -artikkelipaikalla<\/a> <br>&#8211; <a href=\"https:\/\/kivennapaseura.fi\/?cat=128\">Kivennapaseuran haastattelussa -sarja<\/a> <br>&#8211; <a href=\"https:\/\/kivennapaseura.fi\/?cat=129\">Kivennapaseuran blogi<\/a> <\/p>\n\n\n\n<p><\/p>\n","protected":false},"excerpt":{"rendered":"<p>Kivennapaseuran kotisivuille on koottu tietoa Kivennapaseurasta ja Kivennavasta. Sivuilla julkaistaan my\u00f6s Uutisia ja tiedotteita, haastatteluja ja bloggauksia. Kivennapaseuran nykyiset sivut julkaistiin 12.5.2022. Sivut on tehty aiempien sivujen tapaan WordPressilla. Kotisivujen teknisen ja visuaalisen uudistuksen on tehnyt Virve Huikuri oppilasty\u00f6n\u00e4 osana opintojaan Saimaan ammattiopisto Sampossa. Virven tukena uudistuksessa toimi uudistusty\u00f6ryhm\u00e4, jossa olivat mukana Raija Levo, Riitta &hellip;<\/p>\n<p class=\"read-more\"> <a class=\"\" href=\"https:\/\/kivennapaseura.fi\/?page_id=5110\"> <span class=\"screen-reader-text\">Tietoa Kivennapaseuran kotisivuista<\/span> Lue lis\u00e4\u00e4 &raquo;<\/a><\/p>\n","protected":false},"author":7,"featured_media":0,"parent":0,"menu_order":0,"comment_status":"closed","ping_status":"closed","template":"","meta":{"site-sidebar-layout":"default","site-content-layout":"default","ast-global-header-display":"","ast-main-header-display":"","ast-hfb-above-header-display":"","ast-hfb-below-header-display":"","ast-hfb-mobile-header-display":"","site-post-title":"","ast-breadcrumbs-content":"","ast-featured-img":"","footer-sml-layout":"","theme-transparent-header-meta":"","adv-header-id-meta":"","stick-header-meta":"","header-above-stick-meta":"","header-main-stick-meta":"","header-below-stick-meta":""},"yoast_head":"<!-- This site is optimized with the Yoast SEO plugin v18.8 - https:\/\/yoast.com\/wordpress\/plugins\/seo\/ -->\n<title>Tietoa Kivennapaseuran kotisivuista - Kivennapaseura<\/title>\n<meta name=\"description\" content=\"Tietoa Kivennapaseuran kotisivuista. Kivennapaseuran sivut julkaistiin 12.5.2022. Sivut on tehty aiempien sivujen tapaan WordPressilla.\" \/>\n<meta name=\"robots\" content=\"index, follow, max-snippet:-1, max-image-preview:large, max-video-preview:-1\" \/>\n<link rel=\"canonical\" href=\"https:\/\/kivennapaseura.fi\/?page_id=5110\" \/>\n<meta property=\"og:locale\" content=\"fi_FI\" \/>\n<meta property=\"og:type\" content=\"article\" \/>\n<meta property=\"og:title\" content=\"Tietoa Kivennapaseuran kotisivuista - Kivennapaseura\" \/>\n<meta property=\"og:description\" content=\"Tietoa Kivennapaseuran kotisivuista. Kivennapaseuran sivut julkaistiin 12.5.2022. Sivut on tehty aiempien sivujen tapaan WordPressilla.\" \/>\n<meta property=\"og:url\" content=\"https:\/\/kivennapaseura.fi\/?page_id=5110\" \/>\n<meta property=\"og:site_name\" content=\"Kivennapaseura\" \/>\n<meta property=\"article:modified_time\" content=\"2024-12-14T18:33:45+00:00\" \/>\n<meta property=\"og:image\" content=\"http:\/\/kivennapaseura.fi\/wp-content\/uploads\/2022\/05\/Tervetuloa_Kivennapaseuran_sivuille.jpg\" \/>\n\t<meta property=\"og:image:width\" content=\"2016\" \/>\n\t<meta property=\"og:image:height\" content=\"1512\" \/>\n\t<meta property=\"og:image:type\" content=\"image\/jpeg\" \/>\n<meta name=\"twitter:card\" content=\"summary_large_image\" \/>\n<meta name=\"twitter:image\" content=\"https:\/\/kivennapaseura.fi\/wp-content\/uploads\/2022\/05\/Tervetuloa_Kivennapaseuran_sivuille.jpg\" \/>\n<meta name=\"twitter:label1\" content=\"Arvioitu lukuaika\" \/>\n\t<meta name=\"twitter:data1\" content=\"2 minuuttia\" \/>\n<script type=\"application\/ld+json\" class=\"yoast-schema-graph\">{\"@context\":\"https:\/\/schema.org\",\"@graph\":[{\"@type\":\"WebSite\",\"@id\":\"https:\/\/kivennapaseura.fi\/#website\",\"url\":\"https:\/\/kivennapaseura.fi\/\",\"name\":\"Kivennapaseura\",\"description\":\"Kivennapaseuran kotisivut\",\"potentialAction\":[{\"@type\":\"SearchAction\",\"target\":{\"@type\":\"EntryPoint\",\"urlTemplate\":\"https:\/\/kivennapaseura.fi\/?s={search_term_string}\"},\"query-input\":\"required name=search_term_string\"}],\"inLanguage\":\"fi\"},{\"@type\":\"ImageObject\",\"inLanguage\":\"fi\",\"@id\":\"https:\/\/kivennapaseura.fi\/?page_id=5110#primaryimage\",\"url\":\"https:\/\/kivennapaseura.fi\/wp-content\/uploads\/2022\/05\/Tervetuloa_Kivennapaseuran_sivuille.jpg\",\"contentUrl\":\"https:\/\/kivennapaseura.fi\/wp-content\/uploads\/2022\/05\/Tervetuloa_Kivennapaseuran_sivuille.jpg\",\"width\":2016,\"height\":1512,\"caption\":\"Puun palasia, joista yksi on syd\u00e4menmuotoinen.\"},{\"@type\":\"WebPage\",\"@id\":\"https:\/\/kivennapaseura.fi\/?page_id=5110#webpage\",\"url\":\"https:\/\/kivennapaseura.fi\/?page_id=5110\",\"name\":\"Tietoa Kivennapaseuran kotisivuista - Kivennapaseura\",\"isPartOf\":{\"@id\":\"https:\/\/kivennapaseura.fi\/#website\"},\"primaryImageOfPage\":{\"@id\":\"https:\/\/kivennapaseura.fi\/?page_id=5110#primaryimage\"},\"datePublished\":\"2022-05-12T06:45:24+00:00\",\"dateModified\":\"2024-12-14T18:33:45+00:00\",\"description\":\"Tietoa Kivennapaseuran kotisivuista. Kivennapaseuran sivut julkaistiin 12.5.2022. Sivut on tehty aiempien sivujen tapaan WordPressilla.\",\"breadcrumb\":{\"@id\":\"https:\/\/kivennapaseura.fi\/?page_id=5110#breadcrumb\"},\"inLanguage\":\"fi\",\"potentialAction\":[{\"@type\":\"ReadAction\",\"target\":[\"https:\/\/kivennapaseura.fi\/?page_id=5110\"]}]},{\"@type\":\"BreadcrumbList\",\"@id\":\"https:\/\/kivennapaseura.fi\/?page_id=5110#breadcrumb\",\"itemListElement\":[{\"@type\":\"ListItem\",\"position\":1,\"name\":\"Etusivu\",\"item\":\"https:\/\/kivennapaseura.fi\/\"},{\"@type\":\"ListItem\",\"position\":2,\"name\":\"Tietoa Kivennapaseuran kotisivuista\"}]}]}<\/script>\n<!-- \/ Yoast SEO plugin. -->","yoast_head_json":{"title":"Tietoa Kivennapaseuran kotisivuista - Kivennapaseura","description":"Tietoa Kivennapaseuran kotisivuista. Kivennapaseuran sivut julkaistiin 12.5.2022. Sivut on tehty aiempien sivujen tapaan WordPressilla.","robots":{"index":"index","follow":"follow","max-snippet":"max-snippet:-1","max-image-preview":"max-image-preview:large","max-video-preview":"max-video-preview:-1"},"canonical":"https:\/\/kivennapaseura.fi\/?page_id=5110","og_locale":"fi_FI","og_type":"article","og_title":"Tietoa Kivennapaseuran kotisivuista - Kivennapaseura","og_description":"Tietoa Kivennapaseuran kotisivuista. Kivennapaseuran sivut julkaistiin 12.5.2022. Sivut on tehty aiempien sivujen tapaan WordPressilla.","og_url":"https:\/\/kivennapaseura.fi\/?page_id=5110","og_site_name":"Kivennapaseura","article_modified_time":"2024-12-14T18:33:45+00:00","og_image":[{"width":2016,"height":1512,"url":"http:\/\/kivennapaseura.fi\/wp-content\/uploads\/2022\/05\/Tervetuloa_Kivennapaseuran_sivuille.jpg","type":"image\/jpeg"}],"twitter_card":"summary_large_image","twitter_image":"https:\/\/kivennapaseura.fi\/wp-content\/uploads\/2022\/05\/Tervetuloa_Kivennapaseuran_sivuille.jpg","twitter_misc":{"Arvioitu lukuaika":"2 minuuttia"},"schema":{"@context":"https:\/\/schema.org","@graph":[{"@type":"WebSite","@id":"https:\/\/kivennapaseura.fi\/#website","url":"https:\/\/kivennapaseura.fi\/","name":"Kivennapaseura","description":"Kivennapaseuran kotisivut","potentialAction":[{"@type":"SearchAction","target":{"@type":"EntryPoint","urlTemplate":"https:\/\/kivennapaseura.fi\/?s={search_term_string}"},"query-input":"required name=search_term_string"}],"inLanguage":"fi"},{"@type":"ImageObject","inLanguage":"fi","@id":"https:\/\/kivennapaseura.fi\/?page_id=5110#primaryimage","url":"https:\/\/kivennapaseura.fi\/wp-content\/uploads\/2022\/05\/Tervetuloa_Kivennapaseuran_sivuille.jpg","contentUrl":"https:\/\/kivennapaseura.fi\/wp-content\/uploads\/2022\/05\/Tervetuloa_Kivennapaseuran_sivuille.jpg","width":2016,"height":1512,"caption":"Puun palasia, joista yksi on syd\u00e4menmuotoinen."},{"@type":"WebPage","@id":"https:\/\/kivennapaseura.fi\/?page_id=5110#webpage","url":"https:\/\/kivennapaseura.fi\/?page_id=5110","name":"Tietoa Kivennapaseuran kotisivuista - Kivennapaseura","isPartOf":{"@id":"https:\/\/kivennapaseura.fi\/#website"},"primaryImageOfPage":{"@id":"https:\/\/kivennapaseura.fi\/?page_id=5110#primaryimage"},"datePublished":"2022-05-12T06:45:24+00:00","dateModified":"2024-12-14T18:33:45+00:00","description":"Tietoa Kivennapaseuran kotisivuista. Kivennapaseuran sivut julkaistiin 12.5.2022. Sivut on tehty aiempien sivujen tapaan WordPressilla.","breadcrumb":{"@id":"https:\/\/kivennapaseura.fi\/?page_id=5110#breadcrumb"},"inLanguage":"fi","potentialAction":[{"@type":"ReadAction","target":["https:\/\/kivennapaseura.fi\/?page_id=5110"]}]},{"@type":"BreadcrumbList","@id":"https:\/\/kivennapaseura.fi\/?page_id=5110#breadcrumb","itemListElement":[{"@type":"ListItem","position":1,"name":"Etusivu","item":"https:\/\/kivennapaseura.fi\/"},{"@type":"ListItem","position":2,"name":"Tietoa Kivennapaseuran kotisivuista"}]}]}},"_links":{"self":[{"href":"https:\/\/kivennapaseura.fi\/index.php?rest_route=\/wp\/v2\/pages\/5110"}],"collection":[{"href":"https:\/\/kivennapaseura.fi\/index.php?rest_route=\/wp\/v2\/pages"}],"about":[{"href":"https:\/\/kivennapaseura.fi\/index.php?rest_route=\/wp\/v2\/types\/page"}],"author":[{"embeddable":true,"href":"https:\/\/kivennapaseura.fi\/index.php?rest_route=\/wp\/v2\/users\/7"}],"replies":[{"embeddable":true,"href":"https:\/\/kivennapaseura.fi\/index.php?rest_route=%2Fwp%2Fv2%2Fcomments&post=5110"}],"version-history":[{"count":10,"href":"https:\/\/kivennapaseura.fi\/index.php?rest_route=\/wp\/v2\/pages\/5110\/revisions"}],"predecessor-version":[{"id":6173,"href":"https:\/\/kivennapaseura.fi\/index.php?rest_route=\/wp\/v2\/pages\/5110\/revisions\/6173"}],"wp:attachment":[{"href":"https:\/\/kivennapaseura.fi\/index.php?rest_route=%2Fwp%2Fv2%2Fmedia&parent=5110"}],"curies":[{"name":"wp","href":"https:\/\/api.w.org\/{rel}","templated":true}]}}